{"id":4999,"date":"2022-12-01T09:27:56","date_gmt":"2022-12-01T08:27:56","guid":{"rendered":"https:\/\/blafor.com\/markt\/?post_type=product&#038;p=4999"},"modified":"2022-12-01T09:33:35","modified_gmt":"2022-12-01T08:33:35","slug":"ladies-3-4-contrast-raglan-tee","status":"publish","type":"product","link":"https:\/\/blafor.com\/markt\/produkt\/ladies-3-4-contrast-raglan-tee\/","title":{"rendered":"Ladies 3\/4 Contrast Raglan Tee"},"content":{"rendered":"<h2>Ladies 3\/4 Contrast Raglan Tee<\/h2>\n<p>Das Ladies 3\/4 Contrast Raglan Tee ist ein leichtes, Kontrast-farbiges T-Shirt mit 3\/4 Raglan-\u00c4rmel, Ripp-B\u00fcndchen am Halsausschnitt und abgerundeten Saum.<\/p>\n<ul>\n<li>Grammatur: 140 g\/m\u00b2 (Jersey)<\/li>\n<li>Material: 100% Baumwolle (Heather Grey: 90% Baumwolle \/ 10% Viskose), (Charcoal: 60% Baumwolle \/ 40% Polyester)<\/li>\n<li>Passform: Feminin (lang geschnitten)<\/li>\n<li>Verarbeitung: Weiter Rundhals-Ausschnitt, 3\/4 Raglan-\u00c4rmel, Abgerundeter Saum, Ohne Marken-Label im Nacken\/Bund<\/li>\n<li>Verf\u00fcgbare Gr\u00f6\u00dfen: XS, S, M, L, XL, XXL, 3XL, 4XL, 5XL<\/li>\n<li>Verf\u00fcgbare Farben: 4, Charcoal (Heather)\/Black, White\/Black, White\/Heather Grey, White\/Red<\/li>\n<li>Pflegehinweise: waschbar bis max. 30\u00b0C, nicht Trockner geeignet, b\u00fcgeln max. 110 \u00b0C<\/li>\n<li>Zertifizierung: Fair Wear, OEKO-TEX\u00ae, Reach Konform<\/li>\n<\/ul>\n<p>*Bitte beachte, die dargestellten Farben in der Veranschaulichung am Bildschirm k\u00f6nnen von den Originalfarben abweichen.<\/p>\n<p>Artikel-Nr.: BY022<br \/>\nStyle: TB733, Build Your Brand, Leicht, Lang, Long T-Shirt<\/p>\n","protected":false},"excerpt":{"rendered":"<ul>\n<li>Leichtes T-Shirt mit weitem Rundhals-Ausschnitt<\/li>\n<li>Erh\u00e4ltlich bis Gr\u00f6\u00dfe 5XL<\/li>\n<li>Angebot nur so lange Vorrat reicht<\/li>\n<li>Deine Farbe oder Gr\u00f6\u00dfe gerade nicht bestellbar?<br \/>\nKontaktiere Verk\u00e4ufer.<\/li>\n<\/ul>\n","protected":false},"featured_media":5000,"template":"","meta":{"_kad_blocks_custom_css":"","_kad_blocks_head_custom_js":"","_kad_blocks_body_custom_js":"","_kad_blocks_footer_custom_js":"","_kadence_starter_templates_imported_post":false,"_kad_post_transparent":"default","_kad_post_title":"","_kad_post_layout":"default","_kad_post_sidebar_id":"","_kad_post_content_style":"default","_kad_post_vertical_padding":"default","_kad_post_feature":"","_kad_post_feature_position":"","_kad_post_header":false,"_kad_post_footer":false,"_kad_post_classname":""},"product_brand":[],"product_cat":[227,202],"product_tag":[371,352,230,521],"product_brands":[],"class_list":{"0":"post-4999","1":"product","2":"type-product","3":"status-publish","4":"has-post-thumbnail","6":"product_cat-sale","7":"product_cat-t-shirts-damen","8":"product_tag-bicolor","9":"product_tag-elegant","10":"product_tag-sommer","11":"product_tag-street-style","12":"pa_farbe-white-heather-grey","13":"pa_int-groesse-l","14":"pa_int-groesse-m","15":"pa_marke-build-your-brand","16":"pa_material-100-baumwolle","17":"pa_material-60-baumwolle-40-polyester","18":"pa_material-90-baumwolle-10-viskose","19":"pa_standort-106","21":"first","22":"instock","23":"sale","24":"taxable","25":"shipping-taxable","26":"purchasable","27":"product-type-variable","28":"entry","29":"content-bg","30":"loop-entry"},"yoast_head":"<!-- This site is optimized with the Yoast SEO plugin v27.5 - https:\/\/yoast.com\/product\/yoast-seo-wordpress\/ -->\n<title>Ladies 3\/4 Contrast Raglan Tee : BlaFor.com Markt<\/title>\n<meta name=\"robots\" content=\"index, follow, max-snippet:-1, max-image-preview:large, max-video-preview:-1\" \/>\n<link rel=\"canonical\" href=\"https:\/\/blafor.com\/markt\/produkt\/ladies-3-4-contrast-raglan-tee\/\" \/>\n<meta property=\"og:locale\" content=\"de_DE\" \/>\n<meta property=\"og:type\" content=\"article\" \/>\n<meta property=\"og:title\" content=\"Ladies 3\/4 Contrast Raglan Tee : BlaFor.com Markt\" \/>\n<meta property=\"og:description\" content=\"Leichtes T-Shirt mit weitem Rundhals-Ausschnitt  Erh\u00e4ltlich bis Gr\u00f6\u00dfe 5XL  Angebot nur so lange Vorrat reicht  Deine Farbe oder Gr\u00f6\u00dfe gerade nicht bestellbar? Kontaktiere Verk\u00e4ufer.\" \/>\n<meta property=\"og:url\" content=\"https:\/\/blafor.com\/markt\/produkt\/ladies-3-4-contrast-raglan-tee\/\" \/>\n<meta property=\"og:site_name\" content=\"BlaFor.com Markt\" \/>\n<meta property=\"article:publisher\" content=\"https:\/\/www.facebook.com\/BlaForCom\/\" \/>\n<meta property=\"article:modified_time\" content=\"2022-12-01T08:33:35+00:00\" \/>\n<meta property=\"og:image\" content=\"https:\/\/blafor.com\/markt\/wp-content\/uploads\/sites\/6\/2022\/12\/BY022.jpg\" \/>\n\t<meta property=\"og:image:width\" content=\"800\" \/>\n\t<meta property=\"og:image:height\" content=\"800\" \/>\n\t<meta property=\"og:image:type\" content=\"image\/jpeg\" \/>\n<meta name=\"twitter:card\" content=\"summary_large_image\" \/>\n<meta name=\"twitter:label1\" content=\"Gesch\u00e4tzte Lesezeit\" \/>\n\t<meta name=\"twitter:data1\" content=\"1\u00a0Minute\" \/>\n<script type=\"application\/ld+json\" class=\"yoast-schema-graph\">{\"@context\":\"https:\\\/\\\/schema.org\",\"@graph\":[{\"@type\":\"WebPage\",\"@id\":\"https:\\\/\\\/blafor.com\\\/markt\\\/produkt\\\/ladies-3-4-contrast-raglan-tee\\\/\",\"url\":\"https:\\\/\\\/blafor.com\\\/markt\\\/produkt\\\/ladies-3-4-contrast-raglan-tee\\\/\",\"name\":\"Ladies 3\\\/4 Contrast Raglan Tee : BlaFor.com Markt\",\"isPartOf\":{\"@id\":\"https:\\\/\\\/blafor.com\\\/markt\\\/#website\"},\"primaryImageOfPage\":{\"@id\":\"https:\\\/\\\/blafor.com\\\/markt\\\/produkt\\\/ladies-3-4-contrast-raglan-tee\\\/#primaryimage\"},\"image\":{\"@id\":\"https:\\\/\\\/blafor.com\\\/markt\\\/produkt\\\/ladies-3-4-contrast-raglan-tee\\\/#primaryimage\"},\"thumbnailUrl\":\"https:\\\/\\\/blafor.com\\\/markt\\\/wp-content\\\/uploads\\\/sites\\\/6\\\/2022\\\/12\\\/BY022.jpg\",\"datePublished\":\"2022-12-01T08:27:56+00:00\",\"dateModified\":\"2022-12-01T08:33:35+00:00\",\"breadcrumb\":{\"@id\":\"https:\\\/\\\/blafor.com\\\/markt\\\/produkt\\\/ladies-3-4-contrast-raglan-tee\\\/#breadcrumb\"},\"inLanguage\":\"de\",\"potentialAction\":[{\"@type\":\"ReadAction\",\"target\":[\"https:\\\/\\\/blafor.com\\\/markt\\\/produkt\\\/ladies-3-4-contrast-raglan-tee\\\/\"]}]},{\"@type\":\"ImageObject\",\"inLanguage\":\"de\",\"@id\":\"https:\\\/\\\/blafor.com\\\/markt\\\/produkt\\\/ladies-3-4-contrast-raglan-tee\\\/#primaryimage\",\"url\":\"https:\\\/\\\/blafor.com\\\/markt\\\/wp-content\\\/uploads\\\/sites\\\/6\\\/2022\\\/12\\\/BY022.jpg\",\"contentUrl\":\"https:\\\/\\\/blafor.com\\\/markt\\\/wp-content\\\/uploads\\\/sites\\\/6\\\/2022\\\/12\\\/BY022.jpg\",\"width\":800,\"height\":800},{\"@type\":\"BreadcrumbList\",\"@id\":\"https:\\\/\\\/blafor.com\\\/markt\\\/produkt\\\/ladies-3-4-contrast-raglan-tee\\\/#breadcrumb\",\"itemListElement\":[{\"@type\":\"ListItem\",\"position\":1,\"name\":\"Startseite\",\"item\":\"https:\\\/\\\/blafor.com\\\/markt\\\/\"},{\"@type\":\"ListItem\",\"position\":2,\"name\":\"Katalog\",\"item\":\"https:\\\/\\\/blafor.com\\\/markt\\\/katalog\\\/\"},{\"@type\":\"ListItem\",\"position\":3,\"name\":\"Ladies 3\\\/4 Contrast Raglan Tee\"}]},{\"@type\":\"WebSite\",\"@id\":\"https:\\\/\\\/blafor.com\\\/markt\\\/#website\",\"url\":\"https:\\\/\\\/blafor.com\\\/markt\\\/\",\"name\":\"BlaFor.com Markt\",\"description\":\"Der Online-Marktplatz aus dem Schwarzwald\",\"publisher\":{\"@id\":\"https:\\\/\\\/blafor.com\\\/markt\\\/#organization\"},\"alternateName\":\"BlaFor Markt\",\"potentialAction\":[{\"@type\":\"SearchAction\",\"target\":{\"@type\":\"EntryPoint\",\"urlTemplate\":\"https:\\\/\\\/blafor.com\\\/markt\\\/?s={search_term_string}\"},\"query-input\":{\"@type\":\"PropertyValueSpecification\",\"valueRequired\":true,\"valueName\":\"search_term_string\"}}],\"inLanguage\":\"de\"},{\"@type\":\"Organization\",\"@id\":\"https:\\\/\\\/blafor.com\\\/markt\\\/#organization\",\"name\":\"BlaFor.com\",\"alternateName\":\"ALIZEL\",\"url\":\"https:\\\/\\\/blafor.com\\\/markt\\\/\",\"logo\":{\"@type\":\"ImageObject\",\"inLanguage\":\"de\",\"@id\":\"https:\\\/\\\/blafor.com\\\/markt\\\/#\\\/schema\\\/logo\\\/image\\\/\",\"url\":\"https:\\\/\\\/blafor.com\\\/markt\\\/wp-content\\\/uploads\\\/sites\\\/6\\\/2022\\\/07\\\/bfc-shop64.png\",\"contentUrl\":\"https:\\\/\\\/blafor.com\\\/markt\\\/wp-content\\\/uploads\\\/sites\\\/6\\\/2022\\\/07\\\/bfc-shop64.png\",\"width\":400,\"height\":160,\"caption\":\"BlaFor.com\"},\"image\":{\"@id\":\"https:\\\/\\\/blafor.com\\\/markt\\\/#\\\/schema\\\/logo\\\/image\\\/\"},\"sameAs\":[\"https:\\\/\\\/www.facebook.com\\\/BlaForCom\\\/\",\"https:\\\/\\\/www.linkedin.com\\\/showcase\\\/blaforcom\\\/\"]}]}<\/script>\n<!-- \/ Yoast SEO plugin. -->","yoast_head_json":{"title":"Ladies 3\/4 Contrast Raglan Tee : BlaFor.com Markt","robots":{"index":"index","follow":"follow","max-snippet":"max-snippet:-1","max-image-preview":"max-image-preview:large","max-video-preview":"max-video-preview:-1"},"canonical":"https:\/\/blafor.com\/markt\/produkt\/ladies-3-4-contrast-raglan-tee\/","og_locale":"de_DE","og_type":"article","og_title":"Ladies 3\/4 Contrast Raglan Tee : BlaFor.com Markt","og_description":"Leichtes T-Shirt mit weitem Rundhals-Ausschnitt  Erh\u00e4ltlich bis Gr\u00f6\u00dfe 5XL  Angebot nur so lange Vorrat reicht  Deine Farbe oder Gr\u00f6\u00dfe gerade nicht bestellbar? Kontaktiere Verk\u00e4ufer.","og_url":"https:\/\/blafor.com\/markt\/produkt\/ladies-3-4-contrast-raglan-tee\/","og_site_name":"BlaFor.com Markt","article_publisher":"https:\/\/www.facebook.com\/BlaForCom\/","article_modified_time":"2022-12-01T08:33:35+00:00","og_image":[{"width":800,"height":800,"url":"https:\/\/blafor.com\/markt\/wp-content\/uploads\/sites\/6\/2022\/12\/BY022.jpg","type":"image\/jpeg"}],"twitter_card":"summary_large_image","twitter_misc":{"Gesch\u00e4tzte Lesezeit":"1\u00a0Minute"},"schema":{"@context":"https:\/\/schema.org","@graph":[{"@type":"WebPage","@id":"https:\/\/blafor.com\/markt\/produkt\/ladies-3-4-contrast-raglan-tee\/","url":"https:\/\/blafor.com\/markt\/produkt\/ladies-3-4-contrast-raglan-tee\/","name":"Ladies 3\/4 Contrast Raglan Tee : BlaFor.com Markt","isPartOf":{"@id":"https:\/\/blafor.com\/markt\/#website"},"primaryImageOfPage":{"@id":"https:\/\/blafor.com\/markt\/produkt\/ladies-3-4-contrast-raglan-tee\/#primaryimage"},"image":{"@id":"https:\/\/blafor.com\/markt\/produkt\/ladies-3-4-contrast-raglan-tee\/#primaryimage"},"thumbnailUrl":"https:\/\/blafor.com\/markt\/wp-content\/uploads\/sites\/6\/2022\/12\/BY022.jpg","datePublished":"2022-12-01T08:27:56+00:00","dateModified":"2022-12-01T08:33:35+00:00","breadcrumb":{"@id":"https:\/\/blafor.com\/markt\/produkt\/ladies-3-4-contrast-raglan-tee\/#breadcrumb"},"inLanguage":"de","potentialAction":[{"@type":"ReadAction","target":["https:\/\/blafor.com\/markt\/produkt\/ladies-3-4-contrast-raglan-tee\/"]}]},{"@type":"ImageObject","inLanguage":"de","@id":"https:\/\/blafor.com\/markt\/produkt\/ladies-3-4-contrast-raglan-tee\/#primaryimage","url":"https:\/\/blafor.com\/markt\/wp-content\/uploads\/sites\/6\/2022\/12\/BY022.jpg","contentUrl":"https:\/\/blafor.com\/markt\/wp-content\/uploads\/sites\/6\/2022\/12\/BY022.jpg","width":800,"height":800},{"@type":"BreadcrumbList","@id":"https:\/\/blafor.com\/markt\/produkt\/ladies-3-4-contrast-raglan-tee\/#breadcrumb","itemListElement":[{"@type":"ListItem","position":1,"name":"Startseite","item":"https:\/\/blafor.com\/markt\/"},{"@type":"ListItem","position":2,"name":"Katalog","item":"https:\/\/blafor.com\/markt\/katalog\/"},{"@type":"ListItem","position":3,"name":"Ladies 3\/4 Contrast Raglan Tee"}]},{"@type":"WebSite","@id":"https:\/\/blafor.com\/markt\/#website","url":"https:\/\/blafor.com\/markt\/","name":"BlaFor.com Markt","description":"Der Online-Marktplatz aus dem Schwarzwald","publisher":{"@id":"https:\/\/blafor.com\/markt\/#organization"},"alternateName":"BlaFor Markt","potentialAction":[{"@type":"SearchAction","target":{"@type":"EntryPoint","urlTemplate":"https:\/\/blafor.com\/markt\/?s={search_term_string}"},"query-input":{"@type":"PropertyValueSpecification","valueRequired":true,"valueName":"search_term_string"}}],"inLanguage":"de"},{"@type":"Organization","@id":"https:\/\/blafor.com\/markt\/#organization","name":"BlaFor.com","alternateName":"ALIZEL","url":"https:\/\/blafor.com\/markt\/","logo":{"@type":"ImageObject","inLanguage":"de","@id":"https:\/\/blafor.com\/markt\/#\/schema\/logo\/image\/","url":"https:\/\/blafor.com\/markt\/wp-content\/uploads\/sites\/6\/2022\/07\/bfc-shop64.png","contentUrl":"https:\/\/blafor.com\/markt\/wp-content\/uploads\/sites\/6\/2022\/07\/bfc-shop64.png","width":400,"height":160,"caption":"BlaFor.com"},"image":{"@id":"https:\/\/blafor.com\/markt\/#\/schema\/logo\/image\/"},"sameAs":["https:\/\/www.facebook.com\/BlaForCom\/","https:\/\/www.linkedin.com\/showcase\/blaforcom\/"]}]}},"taxonomy_info":{"product_cat":[{"value":227,"label":"Sale %"},{"value":202,"label":"T-Shirts Damen"}],"product_tag":[{"value":371,"label":"Bicolor"},{"value":352,"label":"Elegant"},{"value":230,"label":"Sommer"},{"value":521,"label":"Street-Style"}],"pa_farbe":[{"value":716,"label":"White \/ Heather Grey"}],"pa_int-groesse":[{"value":238,"label":"L"},{"value":237,"label":"M"}],"pa_marke":[{"value":533,"label":"Build Your Brand"}],"pa_material":[{"value":247,"label":"100% Baumwolle"},{"value":255,"label":"60% Baumwolle \/ 40% Polyester"},{"value":634,"label":"90% Baumwolle \/ 10% Viskose"}],"pa_standort":[{"value":106,"label":"79843"}]},"featured_image_src_large":["https:\/\/blafor.com\/markt\/wp-content\/uploads\/sites\/6\/2022\/12\/BY022.jpg",800,800,false],"author_info":[],"comment_info":"","_links":{"self":[{"href":"https:\/\/blafor.com\/markt\/wp-json\/wp\/v2\/product\/4999","targetHints":{"allow":["GET"]}}],"collection":[{"href":"https:\/\/blafor.com\/markt\/wp-json\/wp\/v2\/product"}],"about":[{"href":"https:\/\/blafor.com\/markt\/wp-json\/wp\/v2\/types\/product"}],"wp:featuredmedia":[{"embeddable":true,"href":"https:\/\/blafor.com\/markt\/wp-json\/wp\/v2\/media\/5000"}],"wp:attachment":[{"href":"https:\/\/blafor.com\/markt\/wp-json\/wp\/v2\/media?parent=4999"}],"wp:term":[{"taxonomy":"product_brand","embeddable":true,"href":"https:\/\/blafor.com\/markt\/wp-json\/wp\/v2\/product_brand?post=4999"},{"taxonomy":"product_cat","embeddable":true,"href":"https:\/\/blafor.com\/markt\/wp-json\/wp\/v2\/product_cat?post=4999"},{"taxonomy":"product_tag","embeddable":true,"href":"https:\/\/blafor.com\/markt\/wp-json\/wp\/v2\/product_tag?post=4999"},{"taxonomy":"product_brands","embeddable":true,"href":"https:\/\/blafor.com\/markt\/wp-json\/wp\/v2\/product_brands?post=4999"}],"curies":[{"name":"wp","href":"https:\/\/api.w.org\/{rel}","templated":true}]}}