{"id":4940,"date":"2022-11-27T13:23:30","date_gmt":"2022-11-27T12:23:30","guid":{"rendered":"https:\/\/blafor.com\/markt\/?post_type=product&#038;p=4940"},"modified":"2022-11-27T13:23:31","modified_gmt":"2022-11-27T12:23:31","slug":"junior-organic-polo-hanes","status":"publish","type":"product","link":"https:\/\/blafor.com\/markt\/produkt\/junior-organic-polo-hanes\/","title":{"rendered":"Junior Organic Polo Hanes"},"content":{"rendered":"<h2>Junior Organic Polo Hanes<\/h2>\n<p>Junior Organic Polo Hanes aus Bio-Baumwolle. Kinder-Poloshirt mit Seitenn\u00e4hten und Seitenschlitzen, 2er-Knopfleiste mit Ton-in-Ton Kn\u00f6pfen, Rippstrickkragen mit Nackenband in Kontrastfarbe, \u00c4rmel mit Rippstrickb\u00fcndchen und einer Doppelnaht am Bund.<\/p>\n<ul>\n<li>Grammatur: 180 g\/m\u00b2<\/li>\n<li>Material: 100% Bio-Baumwolle<\/li>\n<li>Verf\u00fcgbare Gr\u00f6\u00dfen: nur noch in M \/ Gr. 140 (10 Jahre)<\/li>\n<li>Verf\u00fcgbare Farben: Black, Red, White<\/li>\n<li>Pflegehinweise: Waschbar bei 40\u00b0C<\/li>\n<li>Zertifikation: Fair Wear, Oeko-Tex\u00ae Standard 100<\/li>\n<\/ul>\n<p>Artikel-Nr.: H7220<br \/>\nStyle: Hanes, 7220, Kinderpolo, Poloshirt, Polo-Shirt<\/p>\n","protected":false},"excerpt":{"rendered":"<ul>\n<li>Kinder-Poloshirt in Bio-Baumwolle<\/li>\n<li>Nur noch Gr. 140 \/ 10 Jahre<\/li>\n<li>Nur so lange Vorrat reicht<\/li>\n<\/ul>\n","protected":false},"featured_media":4941,"template":"","meta":{"_kad_blocks_custom_css":"","_kad_blocks_head_custom_js":"","_kad_blocks_body_custom_js":"","_kad_blocks_footer_custom_js":"","_kadence_starter_templates_imported_post":false,"_kad_post_transparent":"default","_kad_post_title":"","_kad_post_layout":"default","_kad_post_sidebar_id":"","_kad_post_content_style":"default","_kad_post_vertical_padding":"default","_kad_post_feature":"","_kad_post_feature_position":"","_kad_post_header":false,"_kad_post_footer":false,"_kad_post_classname":""},"product_brand":[],"product_cat":[714,227],"product_tag":[352,231,521],"product_brands":[],"class_list":{"0":"post-4940","1":"product","2":"type-product","3":"status-publish","4":"has-post-thumbnail","6":"product_cat-poloshirt-kinder","7":"product_cat-sale","8":"product_tag-elegant","9":"product_tag-restposten","10":"product_tag-street-style","11":"pa_farbe-black","12":"pa_farbe-red","13":"pa_farbe-white","14":"pa_kindergroesse-gr-140-10-jahre-135-140-cm","15":"pa_marke-hanes","16":"pa_material-100-bio-baumwolle","17":"pa_standort-106","19":"first","20":"instock","21":"sale","22":"taxable","23":"shipping-taxable","24":"purchasable","25":"product-type-variable","26":"entry","27":"content-bg","28":"loop-entry"},"yoast_head":"<!-- This site is optimized with the Yoast SEO plugin v27.4 - https:\/\/yoast.com\/product\/yoast-seo-wordpress\/ -->\n<title>Junior Organic Polo Hanes : BlaFor.com Markt<\/title>\n<meta name=\"robots\" content=\"index, follow, max-snippet:-1, max-image-preview:large, max-video-preview:-1\" \/>\n<link rel=\"canonical\" href=\"https:\/\/blafor.com\/markt\/produkt\/junior-organic-polo-hanes\/\" \/>\n<meta property=\"og:locale\" content=\"de_DE\" \/>\n<meta property=\"og:type\" content=\"article\" \/>\n<meta property=\"og:title\" content=\"Junior Organic Polo Hanes : BlaFor.com Markt\" \/>\n<meta property=\"og:description\" content=\"Kinder-Poloshirt in Bio-Baumwolle  Nur noch Gr. 140 \/ 10 Jahre  Nur so lange Vorrat reicht\" \/>\n<meta property=\"og:url\" content=\"https:\/\/blafor.com\/markt\/produkt\/junior-organic-polo-hanes\/\" \/>\n<meta property=\"og:site_name\" content=\"BlaFor.com Markt\" \/>\n<meta property=\"article:publisher\" content=\"https:\/\/www.facebook.com\/BlaForCom\/\" \/>\n<meta property=\"article:modified_time\" content=\"2022-11-27T12:23:31+00:00\" \/>\n<meta property=\"og:image\" content=\"https:\/\/blafor.com\/markt\/wp-content\/uploads\/sites\/6\/2022\/11\/H7220a.jpg\" \/>\n\t<meta property=\"og:image:width\" content=\"800\" \/>\n\t<meta property=\"og:image:height\" content=\"800\" \/>\n\t<meta property=\"og:image:type\" content=\"image\/jpeg\" \/>\n<meta name=\"twitter:card\" content=\"summary_large_image\" \/>\n<meta name=\"twitter:label1\" content=\"Gesch\u00e4tzte Lesezeit\" \/>\n\t<meta name=\"twitter:data1\" content=\"1\u00a0Minute\" \/>\n<script type=\"application\/ld+json\" class=\"yoast-schema-graph\">{\"@context\":\"https:\\\/\\\/schema.org\",\"@graph\":[{\"@type\":\"WebPage\",\"@id\":\"https:\\\/\\\/blafor.com\\\/markt\\\/produkt\\\/junior-organic-polo-hanes\\\/\",\"url\":\"https:\\\/\\\/blafor.com\\\/markt\\\/produkt\\\/junior-organic-polo-hanes\\\/\",\"name\":\"Junior Organic Polo Hanes : BlaFor.com Markt\",\"isPartOf\":{\"@id\":\"https:\\\/\\\/blafor.com\\\/markt\\\/#website\"},\"primaryImageOfPage\":{\"@id\":\"https:\\\/\\\/blafor.com\\\/markt\\\/produkt\\\/junior-organic-polo-hanes\\\/#primaryimage\"},\"image\":{\"@id\":\"https:\\\/\\\/blafor.com\\\/markt\\\/produkt\\\/junior-organic-polo-hanes\\\/#primaryimage\"},\"thumbnailUrl\":\"https:\\\/\\\/blafor.com\\\/markt\\\/wp-content\\\/uploads\\\/sites\\\/6\\\/2022\\\/11\\\/H7220a.jpg\",\"datePublished\":\"2022-11-27T12:23:30+00:00\",\"dateModified\":\"2022-11-27T12:23:31+00:00\",\"breadcrumb\":{\"@id\":\"https:\\\/\\\/blafor.com\\\/markt\\\/produkt\\\/junior-organic-polo-hanes\\\/#breadcrumb\"},\"inLanguage\":\"de\",\"potentialAction\":[{\"@type\":\"ReadAction\",\"target\":[\"https:\\\/\\\/blafor.com\\\/markt\\\/produkt\\\/junior-organic-polo-hanes\\\/\"]}]},{\"@type\":\"ImageObject\",\"inLanguage\":\"de\",\"@id\":\"https:\\\/\\\/blafor.com\\\/markt\\\/produkt\\\/junior-organic-polo-hanes\\\/#primaryimage\",\"url\":\"https:\\\/\\\/blafor.com\\\/markt\\\/wp-content\\\/uploads\\\/sites\\\/6\\\/2022\\\/11\\\/H7220a.jpg\",\"contentUrl\":\"https:\\\/\\\/blafor.com\\\/markt\\\/wp-content\\\/uploads\\\/sites\\\/6\\\/2022\\\/11\\\/H7220a.jpg\",\"width\":800,\"height\":800},{\"@type\":\"BreadcrumbList\",\"@id\":\"https:\\\/\\\/blafor.com\\\/markt\\\/produkt\\\/junior-organic-polo-hanes\\\/#breadcrumb\",\"itemListElement\":[{\"@type\":\"ListItem\",\"position\":1,\"name\":\"Startseite\",\"item\":\"https:\\\/\\\/blafor.com\\\/markt\\\/\"},{\"@type\":\"ListItem\",\"position\":2,\"name\":\"Katalog\",\"item\":\"https:\\\/\\\/blafor.com\\\/markt\\\/katalog\\\/\"},{\"@type\":\"ListItem\",\"position\":3,\"name\":\"Junior Organic Polo Hanes\"}]},{\"@type\":\"WebSite\",\"@id\":\"https:\\\/\\\/blafor.com\\\/markt\\\/#website\",\"url\":\"https:\\\/\\\/blafor.com\\\/markt\\\/\",\"name\":\"BlaFor.com Markt\",\"description\":\"Der Online-Marktplatz aus dem Schwarzwald\",\"publisher\":{\"@id\":\"https:\\\/\\\/blafor.com\\\/markt\\\/#organization\"},\"alternateName\":\"BlaFor Markt\",\"potentialAction\":[{\"@type\":\"SearchAction\",\"target\":{\"@type\":\"EntryPoint\",\"urlTemplate\":\"https:\\\/\\\/blafor.com\\\/markt\\\/?s={search_term_string}\"},\"query-input\":{\"@type\":\"PropertyValueSpecification\",\"valueRequired\":true,\"valueName\":\"search_term_string\"}}],\"inLanguage\":\"de\"},{\"@type\":\"Organization\",\"@id\":\"https:\\\/\\\/blafor.com\\\/markt\\\/#organization\",\"name\":\"BlaFor.com\",\"alternateName\":\"ALIZEL\",\"url\":\"https:\\\/\\\/blafor.com\\\/markt\\\/\",\"logo\":{\"@type\":\"ImageObject\",\"inLanguage\":\"de\",\"@id\":\"https:\\\/\\\/blafor.com\\\/markt\\\/#\\\/schema\\\/logo\\\/image\\\/\",\"url\":\"https:\\\/\\\/blafor.com\\\/markt\\\/wp-content\\\/uploads\\\/sites\\\/6\\\/2022\\\/07\\\/bfc-shop64.png\",\"contentUrl\":\"https:\\\/\\\/blafor.com\\\/markt\\\/wp-content\\\/uploads\\\/sites\\\/6\\\/2022\\\/07\\\/bfc-shop64.png\",\"width\":400,\"height\":160,\"caption\":\"BlaFor.com\"},\"image\":{\"@id\":\"https:\\\/\\\/blafor.com\\\/markt\\\/#\\\/schema\\\/logo\\\/image\\\/\"},\"sameAs\":[\"https:\\\/\\\/www.facebook.com\\\/BlaForCom\\\/\",\"https:\\\/\\\/www.linkedin.com\\\/showcase\\\/blaforcom\\\/\"]}]}<\/script>\n<!-- \/ Yoast SEO plugin. -->","yoast_head_json":{"title":"Junior Organic Polo Hanes : BlaFor.com Markt","robots":{"index":"index","follow":"follow","max-snippet":"max-snippet:-1","max-image-preview":"max-image-preview:large","max-video-preview":"max-video-preview:-1"},"canonical":"https:\/\/blafor.com\/markt\/produkt\/junior-organic-polo-hanes\/","og_locale":"de_DE","og_type":"article","og_title":"Junior Organic Polo Hanes : BlaFor.com Markt","og_description":"Kinder-Poloshirt in Bio-Baumwolle  Nur noch Gr. 140 \/ 10 Jahre  Nur so lange Vorrat reicht","og_url":"https:\/\/blafor.com\/markt\/produkt\/junior-organic-polo-hanes\/","og_site_name":"BlaFor.com Markt","article_publisher":"https:\/\/www.facebook.com\/BlaForCom\/","article_modified_time":"2022-11-27T12:23:31+00:00","og_image":[{"width":800,"height":800,"url":"https:\/\/blafor.com\/markt\/wp-content\/uploads\/sites\/6\/2022\/11\/H7220a.jpg","type":"image\/jpeg"}],"twitter_card":"summary_large_image","twitter_misc":{"Gesch\u00e4tzte Lesezeit":"1\u00a0Minute"},"schema":{"@context":"https:\/\/schema.org","@graph":[{"@type":"WebPage","@id":"https:\/\/blafor.com\/markt\/produkt\/junior-organic-polo-hanes\/","url":"https:\/\/blafor.com\/markt\/produkt\/junior-organic-polo-hanes\/","name":"Junior Organic Polo Hanes : BlaFor.com Markt","isPartOf":{"@id":"https:\/\/blafor.com\/markt\/#website"},"primaryImageOfPage":{"@id":"https:\/\/blafor.com\/markt\/produkt\/junior-organic-polo-hanes\/#primaryimage"},"image":{"@id":"https:\/\/blafor.com\/markt\/produkt\/junior-organic-polo-hanes\/#primaryimage"},"thumbnailUrl":"https:\/\/blafor.com\/markt\/wp-content\/uploads\/sites\/6\/2022\/11\/H7220a.jpg","datePublished":"2022-11-27T12:23:30+00:00","dateModified":"2022-11-27T12:23:31+00:00","breadcrumb":{"@id":"https:\/\/blafor.com\/markt\/produkt\/junior-organic-polo-hanes\/#breadcrumb"},"inLanguage":"de","potentialAction":[{"@type":"ReadAction","target":["https:\/\/blafor.com\/markt\/produkt\/junior-organic-polo-hanes\/"]}]},{"@type":"ImageObject","inLanguage":"de","@id":"https:\/\/blafor.com\/markt\/produkt\/junior-organic-polo-hanes\/#primaryimage","url":"https:\/\/blafor.com\/markt\/wp-content\/uploads\/sites\/6\/2022\/11\/H7220a.jpg","contentUrl":"https:\/\/blafor.com\/markt\/wp-content\/uploads\/sites\/6\/2022\/11\/H7220a.jpg","width":800,"height":800},{"@type":"BreadcrumbList","@id":"https:\/\/blafor.com\/markt\/produkt\/junior-organic-polo-hanes\/#breadcrumb","itemListElement":[{"@type":"ListItem","position":1,"name":"Startseite","item":"https:\/\/blafor.com\/markt\/"},{"@type":"ListItem","position":2,"name":"Katalog","item":"https:\/\/blafor.com\/markt\/katalog\/"},{"@type":"ListItem","position":3,"name":"Junior Organic Polo Hanes"}]},{"@type":"WebSite","@id":"https:\/\/blafor.com\/markt\/#website","url":"https:\/\/blafor.com\/markt\/","name":"BlaFor.com Markt","description":"Der Online-Marktplatz aus dem Schwarzwald","publisher":{"@id":"https:\/\/blafor.com\/markt\/#organization"},"alternateName":"BlaFor Markt","potentialAction":[{"@type":"SearchAction","target":{"@type":"EntryPoint","urlTemplate":"https:\/\/blafor.com\/markt\/?s={search_term_string}"},"query-input":{"@type":"PropertyValueSpecification","valueRequired":true,"valueName":"search_term_string"}}],"inLanguage":"de"},{"@type":"Organization","@id":"https:\/\/blafor.com\/markt\/#organization","name":"BlaFor.com","alternateName":"ALIZEL","url":"https:\/\/blafor.com\/markt\/","logo":{"@type":"ImageObject","inLanguage":"de","@id":"https:\/\/blafor.com\/markt\/#\/schema\/logo\/image\/","url":"https:\/\/blafor.com\/markt\/wp-content\/uploads\/sites\/6\/2022\/07\/bfc-shop64.png","contentUrl":"https:\/\/blafor.com\/markt\/wp-content\/uploads\/sites\/6\/2022\/07\/bfc-shop64.png","width":400,"height":160,"caption":"BlaFor.com"},"image":{"@id":"https:\/\/blafor.com\/markt\/#\/schema\/logo\/image\/"},"sameAs":["https:\/\/www.facebook.com\/BlaForCom\/","https:\/\/www.linkedin.com\/showcase\/blaforcom\/"]}]}},"taxonomy_info":{"product_cat":[{"value":714,"label":"Poloshirt Kinder"},{"value":227,"label":"Sale %"}],"product_tag":[{"value":352,"label":"Elegant"},{"value":231,"label":"Restposten"},{"value":521,"label":"Street-Style"}],"pa_farbe":[{"value":115,"label":"Black"},{"value":41,"label":"Red"},{"value":368,"label":"White"}],"pa_kindergroesse":[{"value":500,"label":"Gr. 140 \/ 10 Jahre \/ 135-140 cm"}],"pa_marke":[{"value":715,"label":"Hanes"}],"pa_material":[{"value":248,"label":"100% Bio-Baumwolle"}],"pa_standort":[{"value":106,"label":"79843"}]},"featured_image_src_large":["https:\/\/blafor.com\/markt\/wp-content\/uploads\/sites\/6\/2022\/11\/H7220a.jpg",800,800,false],"author_info":[],"comment_info":"","_links":{"self":[{"href":"https:\/\/blafor.com\/markt\/wp-json\/wp\/v2\/product\/4940","targetHints":{"allow":["GET"]}}],"collection":[{"href":"https:\/\/blafor.com\/markt\/wp-json\/wp\/v2\/product"}],"about":[{"href":"https:\/\/blafor.com\/markt\/wp-json\/wp\/v2\/types\/product"}],"wp:featuredmedia":[{"embeddable":true,"href":"https:\/\/blafor.com\/markt\/wp-json\/wp\/v2\/media\/4941"}],"wp:attachment":[{"href":"https:\/\/blafor.com\/markt\/wp-json\/wp\/v2\/media?parent=4940"}],"wp:term":[{"taxonomy":"product_brand","embeddable":true,"href":"https:\/\/blafor.com\/markt\/wp-json\/wp\/v2\/product_brand?post=4940"},{"taxonomy":"product_cat","embeddable":true,"href":"https:\/\/blafor.com\/markt\/wp-json\/wp\/v2\/product_cat?post=4940"},{"taxonomy":"product_tag","embeddable":true,"href":"https:\/\/blafor.com\/markt\/wp-json\/wp\/v2\/product_tag?post=4940"},{"taxonomy":"product_brands","embeddable":true,"href":"https:\/\/blafor.com\/markt\/wp-json\/wp\/v2\/product_brands?post=4940"}],"curies":[{"name":"wp","href":"https:\/\/api.w.org\/{rel}","templated":true}]}}