{"id":4824,"date":"2022-11-23T11:46:00","date_gmt":"2022-11-23T10:46:00","guid":{"rendered":"https:\/\/blafor.com\/markt\/?post_type=product&#038;p=4824"},"modified":"2022-11-23T11:46:03","modified_gmt":"2022-11-23T10:46:03","slug":"regent-herren-t-shirt-sols","status":"publish","type":"product","link":"https:\/\/blafor.com\/markt\/produkt\/regent-herren-t-shirt-sols\/","title":{"rendered":"Regent Herren T-Shirt SOL\u00b4S"},"content":{"rendered":"<h2>Regent Herren T-Shirt SOL\u00b4S<\/h2>\n<p>Das Regent Herren T-Shirt von SOL\u00b4S ist der leichte Rundhals-Klassiker f\u00fcr den Sommer. Optimal geeignet f\u00fcr Veredelung und\/oder Textildruck.<\/p>\n<ul>\n<li>Grammatur: 150 g\/m\u00b2 (Jersey)<\/li>\n<li>Material: 100% Baumwolle (Grey Melange: 85% Baumwolle \/ 15% Viskose, Ash: 98% Baumwolle \/ 2% Viskose)<\/li>\n<li>Passform: Regular (normal geschnitten)<\/li>\n<li>Verarbeitung: Rundhals, Kurzarm, Set-In \u00c4rmel<\/li>\n<li>Verf\u00fcgbare Gr\u00f6\u00dfen: XXS bis 4XL (abh\u00e4ngig von Farbe)<\/li>\n<li>Verf\u00fcgbare Farben: 43, 1-farbig, meliert, pastell<\/li>\n<li>Pflegehinweise: waschbar bis max. 40\u00b0C, nicht Trockner geeignet, b\u00fcgeln max. 150 \u00b0C<\/li>\n<li>Zertifizierung: Fair Wear, OEKO-TEX\u00ae<\/li>\n<\/ul>\n<p>*Bitte beachte, die dargestellten Farben in der Veranschaulichung am Bildschirm k\u00f6nnen von den Originalfarben abweichen.<\/p>\n<p>Artikel-Nr.: L150<br \/>\nStyle: 11380, SOL\u2019S, sols, T-Shirt<\/p>\n","protected":false},"excerpt":{"rendered":"<ul>\n<li>Erh\u00e4ltlich in bis zu 43 Farben<\/li>\n<li>Erh\u00e4ltlich in Gr\u00f6\u00dfen XXS bis 4XL<\/li>\n<li>Angebot nur so lange Vorrat reicht<\/li>\n<li>Deine Farbe oder Gr\u00f6\u00dfe gerade nicht bestellbar?<br \/>\nKontaktiere Verk\u00e4ufer.<\/li>\n<\/ul>\n","protected":false},"featured_media":4825,"template":"","meta":{"_kad_blocks_custom_css":"","_kad_blocks_head_custom_js":"","_kad_blocks_body_custom_js":"","_kad_blocks_footer_custom_js":"","_kadence_starter_templates_imported_post":false,"_kad_post_transparent":"default","_kad_post_title":"","_kad_post_layout":"default","_kad_post_sidebar_id":"","_kad_post_content_style":"default","_kad_post_vertical_padding":"default","_kad_post_feature":"","_kad_post_feature_position":"","_kad_post_header":false,"_kad_post_footer":false,"_kad_post_classname":""},"product_brand":[],"product_cat":[227,203],"product_tag":[458,230,400,401],"product_brands":[],"class_list":{"0":"post-4824","1":"product","2":"type-product","3":"status-publish","4":"has-post-thumbnail","6":"product_cat-sale","7":"product_cat-t-shirts-herren","8":"product_tag-colors","9":"product_tag-sommer","10":"product_tag-textildruck","11":"product_tag-veredelung","12":"pa_farbe-apple-green","13":"pa_farbe-black","14":"pa_farbe-bordeaux","15":"pa_farbe-chocolate","16":"pa_farbe-denim-blue","17":"pa_farbe-fuchsia","18":"pa_farbe-naturell","19":"pa_farbe-orange","20":"pa_farbe-red","21":"pa_farbe-sage-green","22":"pa_farbe-white","23":"pa_farbe-yellow","24":"pa_int-groesse-l","25":"pa_int-groesse-m","26":"pa_marke-sols","27":"pa_material-100-baumwolle","28":"pa_standort-106","30":"first","31":"instock","32":"sale","33":"taxable","34":"shipping-taxable","35":"purchasable","36":"product-type-variable","37":"entry","38":"content-bg","39":"loop-entry"},"yoast_head":"<!-- This site is optimized with the Yoast SEO plugin v27.5 - https:\/\/yoast.com\/product\/yoast-seo-wordpress\/ -->\n<title>Regent Herren T-Shirt SOL\u00b4S : BlaFor.com Markt<\/title>\n<meta name=\"robots\" content=\"index, follow, max-snippet:-1, max-image-preview:large, max-video-preview:-1\" \/>\n<link rel=\"canonical\" href=\"https:\/\/blafor.com\/markt\/produkt\/regent-herren-t-shirt-sols\/\" \/>\n<meta property=\"og:locale\" content=\"de_DE\" \/>\n<meta property=\"og:type\" content=\"article\" \/>\n<meta property=\"og:title\" content=\"Regent Herren T-Shirt SOL\u00b4S : BlaFor.com Markt\" \/>\n<meta property=\"og:description\" content=\"Erh\u00e4ltlich in bis zu 43 Farben  Erh\u00e4ltlich in Gr\u00f6\u00dfen XXS bis 4XL  Angebot nur so lange Vorrat reicht  Deine Farbe oder Gr\u00f6\u00dfe gerade nicht bestellbar? Kontaktiere Verk\u00e4ufer.\" \/>\n<meta property=\"og:url\" content=\"https:\/\/blafor.com\/markt\/produkt\/regent-herren-t-shirt-sols\/\" \/>\n<meta property=\"og:site_name\" content=\"BlaFor.com Markt\" \/>\n<meta property=\"article:publisher\" content=\"https:\/\/www.facebook.com\/BlaForCom\/\" \/>\n<meta property=\"article:modified_time\" content=\"2022-11-23T10:46:03+00:00\" \/>\n<meta property=\"og:image\" content=\"https:\/\/blafor.com\/markt\/wp-content\/uploads\/sites\/6\/2022\/11\/L150.jpg\" \/>\n\t<meta property=\"og:image:width\" content=\"800\" \/>\n\t<meta property=\"og:image:height\" content=\"800\" \/>\n\t<meta property=\"og:image:type\" content=\"image\/jpeg\" \/>\n<meta name=\"twitter:card\" content=\"summary_large_image\" \/>\n<meta name=\"twitter:label1\" content=\"Gesch\u00e4tzte Lesezeit\" \/>\n\t<meta name=\"twitter:data1\" content=\"1\u00a0Minute\" \/>\n<script type=\"application\/ld+json\" class=\"yoast-schema-graph\">{\"@context\":\"https:\\\/\\\/schema.org\",\"@graph\":[{\"@type\":\"WebPage\",\"@id\":\"https:\\\/\\\/blafor.com\\\/markt\\\/produkt\\\/regent-herren-t-shirt-sols\\\/\",\"url\":\"https:\\\/\\\/blafor.com\\\/markt\\\/produkt\\\/regent-herren-t-shirt-sols\\\/\",\"name\":\"Regent Herren T-Shirt SOL\u00b4S : BlaFor.com Markt\",\"isPartOf\":{\"@id\":\"https:\\\/\\\/blafor.com\\\/markt\\\/#website\"},\"primaryImageOfPage\":{\"@id\":\"https:\\\/\\\/blafor.com\\\/markt\\\/produkt\\\/regent-herren-t-shirt-sols\\\/#primaryimage\"},\"image\":{\"@id\":\"https:\\\/\\\/blafor.com\\\/markt\\\/produkt\\\/regent-herren-t-shirt-sols\\\/#primaryimage\"},\"thumbnailUrl\":\"https:\\\/\\\/blafor.com\\\/markt\\\/wp-content\\\/uploads\\\/sites\\\/6\\\/2022\\\/11\\\/L150.jpg\",\"datePublished\":\"2022-11-23T10:46:00+00:00\",\"dateModified\":\"2022-11-23T10:46:03+00:00\",\"breadcrumb\":{\"@id\":\"https:\\\/\\\/blafor.com\\\/markt\\\/produkt\\\/regent-herren-t-shirt-sols\\\/#breadcrumb\"},\"inLanguage\":\"de\",\"potentialAction\":[{\"@type\":\"ReadAction\",\"target\":[\"https:\\\/\\\/blafor.com\\\/markt\\\/produkt\\\/regent-herren-t-shirt-sols\\\/\"]}]},{\"@type\":\"ImageObject\",\"inLanguage\":\"de\",\"@id\":\"https:\\\/\\\/blafor.com\\\/markt\\\/produkt\\\/regent-herren-t-shirt-sols\\\/#primaryimage\",\"url\":\"https:\\\/\\\/blafor.com\\\/markt\\\/wp-content\\\/uploads\\\/sites\\\/6\\\/2022\\\/11\\\/L150.jpg\",\"contentUrl\":\"https:\\\/\\\/blafor.com\\\/markt\\\/wp-content\\\/uploads\\\/sites\\\/6\\\/2022\\\/11\\\/L150.jpg\",\"width\":800,\"height\":800},{\"@type\":\"BreadcrumbList\",\"@id\":\"https:\\\/\\\/blafor.com\\\/markt\\\/produkt\\\/regent-herren-t-shirt-sols\\\/#breadcrumb\",\"itemListElement\":[{\"@type\":\"ListItem\",\"position\":1,\"name\":\"Startseite\",\"item\":\"https:\\\/\\\/blafor.com\\\/markt\\\/\"},{\"@type\":\"ListItem\",\"position\":2,\"name\":\"Katalog\",\"item\":\"https:\\\/\\\/blafor.com\\\/markt\\\/katalog\\\/\"},{\"@type\":\"ListItem\",\"position\":3,\"name\":\"Regent Herren T-Shirt SOL\u00b4S\"}]},{\"@type\":\"WebSite\",\"@id\":\"https:\\\/\\\/blafor.com\\\/markt\\\/#website\",\"url\":\"https:\\\/\\\/blafor.com\\\/markt\\\/\",\"name\":\"BlaFor.com Markt\",\"description\":\"Der Online-Marktplatz aus dem Schwarzwald\",\"publisher\":{\"@id\":\"https:\\\/\\\/blafor.com\\\/markt\\\/#organization\"},\"alternateName\":\"BlaFor Markt\",\"potentialAction\":[{\"@type\":\"SearchAction\",\"target\":{\"@type\":\"EntryPoint\",\"urlTemplate\":\"https:\\\/\\\/blafor.com\\\/markt\\\/?s={search_term_string}\"},\"query-input\":{\"@type\":\"PropertyValueSpecification\",\"valueRequired\":true,\"valueName\":\"search_term_string\"}}],\"inLanguage\":\"de\"},{\"@type\":\"Organization\",\"@id\":\"https:\\\/\\\/blafor.com\\\/markt\\\/#organization\",\"name\":\"BlaFor.com\",\"alternateName\":\"ALIZEL\",\"url\":\"https:\\\/\\\/blafor.com\\\/markt\\\/\",\"logo\":{\"@type\":\"ImageObject\",\"inLanguage\":\"de\",\"@id\":\"https:\\\/\\\/blafor.com\\\/markt\\\/#\\\/schema\\\/logo\\\/image\\\/\",\"url\":\"https:\\\/\\\/blafor.com\\\/markt\\\/wp-content\\\/uploads\\\/sites\\\/6\\\/2022\\\/07\\\/bfc-shop64.png\",\"contentUrl\":\"https:\\\/\\\/blafor.com\\\/markt\\\/wp-content\\\/uploads\\\/sites\\\/6\\\/2022\\\/07\\\/bfc-shop64.png\",\"width\":400,\"height\":160,\"caption\":\"BlaFor.com\"},\"image\":{\"@id\":\"https:\\\/\\\/blafor.com\\\/markt\\\/#\\\/schema\\\/logo\\\/image\\\/\"},\"sameAs\":[\"https:\\\/\\\/www.facebook.com\\\/BlaForCom\\\/\",\"https:\\\/\\\/www.linkedin.com\\\/showcase\\\/blaforcom\\\/\"]}]}<\/script>\n<!-- \/ Yoast SEO plugin. -->","yoast_head_json":{"title":"Regent Herren T-Shirt SOL\u00b4S : BlaFor.com Markt","robots":{"index":"index","follow":"follow","max-snippet":"max-snippet:-1","max-image-preview":"max-image-preview:large","max-video-preview":"max-video-preview:-1"},"canonical":"https:\/\/blafor.com\/markt\/produkt\/regent-herren-t-shirt-sols\/","og_locale":"de_DE","og_type":"article","og_title":"Regent Herren T-Shirt SOL\u00b4S : BlaFor.com Markt","og_description":"Erh\u00e4ltlich in bis zu 43 Farben  Erh\u00e4ltlich in Gr\u00f6\u00dfen XXS bis 4XL  Angebot nur so lange Vorrat reicht  Deine Farbe oder Gr\u00f6\u00dfe gerade nicht bestellbar? Kontaktiere Verk\u00e4ufer.","og_url":"https:\/\/blafor.com\/markt\/produkt\/regent-herren-t-shirt-sols\/","og_site_name":"BlaFor.com Markt","article_publisher":"https:\/\/www.facebook.com\/BlaForCom\/","article_modified_time":"2022-11-23T10:46:03+00:00","og_image":[{"width":800,"height":800,"url":"https:\/\/blafor.com\/markt\/wp-content\/uploads\/sites\/6\/2022\/11\/L150.jpg","type":"image\/jpeg"}],"twitter_card":"summary_large_image","twitter_misc":{"Gesch\u00e4tzte Lesezeit":"1\u00a0Minute"},"schema":{"@context":"https:\/\/schema.org","@graph":[{"@type":"WebPage","@id":"https:\/\/blafor.com\/markt\/produkt\/regent-herren-t-shirt-sols\/","url":"https:\/\/blafor.com\/markt\/produkt\/regent-herren-t-shirt-sols\/","name":"Regent Herren T-Shirt SOL\u00b4S : BlaFor.com Markt","isPartOf":{"@id":"https:\/\/blafor.com\/markt\/#website"},"primaryImageOfPage":{"@id":"https:\/\/blafor.com\/markt\/produkt\/regent-herren-t-shirt-sols\/#primaryimage"},"image":{"@id":"https:\/\/blafor.com\/markt\/produkt\/regent-herren-t-shirt-sols\/#primaryimage"},"thumbnailUrl":"https:\/\/blafor.com\/markt\/wp-content\/uploads\/sites\/6\/2022\/11\/L150.jpg","datePublished":"2022-11-23T10:46:00+00:00","dateModified":"2022-11-23T10:46:03+00:00","breadcrumb":{"@id":"https:\/\/blafor.com\/markt\/produkt\/regent-herren-t-shirt-sols\/#breadcrumb"},"inLanguage":"de","potentialAction":[{"@type":"ReadAction","target":["https:\/\/blafor.com\/markt\/produkt\/regent-herren-t-shirt-sols\/"]}]},{"@type":"ImageObject","inLanguage":"de","@id":"https:\/\/blafor.com\/markt\/produkt\/regent-herren-t-shirt-sols\/#primaryimage","url":"https:\/\/blafor.com\/markt\/wp-content\/uploads\/sites\/6\/2022\/11\/L150.jpg","contentUrl":"https:\/\/blafor.com\/markt\/wp-content\/uploads\/sites\/6\/2022\/11\/L150.jpg","width":800,"height":800},{"@type":"BreadcrumbList","@id":"https:\/\/blafor.com\/markt\/produkt\/regent-herren-t-shirt-sols\/#breadcrumb","itemListElement":[{"@type":"ListItem","position":1,"name":"Startseite","item":"https:\/\/blafor.com\/markt\/"},{"@type":"ListItem","position":2,"name":"Katalog","item":"https:\/\/blafor.com\/markt\/katalog\/"},{"@type":"ListItem","position":3,"name":"Regent Herren T-Shirt SOL\u00b4S"}]},{"@type":"WebSite","@id":"https:\/\/blafor.com\/markt\/#website","url":"https:\/\/blafor.com\/markt\/","name":"BlaFor.com Markt","description":"Der Online-Marktplatz aus dem Schwarzwald","publisher":{"@id":"https:\/\/blafor.com\/markt\/#organization"},"alternateName":"BlaFor Markt","potentialAction":[{"@type":"SearchAction","target":{"@type":"EntryPoint","urlTemplate":"https:\/\/blafor.com\/markt\/?s={search_term_string}"},"query-input":{"@type":"PropertyValueSpecification","valueRequired":true,"valueName":"search_term_string"}}],"inLanguage":"de"},{"@type":"Organization","@id":"https:\/\/blafor.com\/markt\/#organization","name":"BlaFor.com","alternateName":"ALIZEL","url":"https:\/\/blafor.com\/markt\/","logo":{"@type":"ImageObject","inLanguage":"de","@id":"https:\/\/blafor.com\/markt\/#\/schema\/logo\/image\/","url":"https:\/\/blafor.com\/markt\/wp-content\/uploads\/sites\/6\/2022\/07\/bfc-shop64.png","contentUrl":"https:\/\/blafor.com\/markt\/wp-content\/uploads\/sites\/6\/2022\/07\/bfc-shop64.png","width":400,"height":160,"caption":"BlaFor.com"},"image":{"@id":"https:\/\/blafor.com\/markt\/#\/schema\/logo\/image\/"},"sameAs":["https:\/\/www.facebook.com\/BlaForCom\/","https:\/\/www.linkedin.com\/showcase\/blaforcom\/"]}]}},"taxonomy_info":{"product_cat":[{"value":227,"label":"Sale %"},{"value":203,"label":"T-Shirts Herren"}],"product_tag":[{"value":458,"label":"Colors"},{"value":230,"label":"Sommer"},{"value":400,"label":"Textildruck"},{"value":401,"label":"Veredelung"}],"pa_farbe":[{"value":608,"label":"Apple Green"},{"value":115,"label":"Black"},{"value":118,"label":"Bordeaux"},{"value":122,"label":"Chocolate"},{"value":356,"label":"Denim Blue"},{"value":124,"label":"Fuchsia"},{"value":224,"label":"Naturell"},{"value":117,"label":"Orange"},{"value":41,"label":"Red"},{"value":700,"label":"Sage Green"},{"value":368,"label":"White"},{"value":116,"label":"Yellow"}],"pa_int-groesse":[{"value":238,"label":"L"},{"value":237,"label":"M"}],"pa_marke":[{"value":156,"label":"SOL\u00b4S"}],"pa_material":[{"value":247,"label":"100% Baumwolle"}],"pa_standort":[{"value":106,"label":"79843"}]},"featured_image_src_large":["https:\/\/blafor.com\/markt\/wp-content\/uploads\/sites\/6\/2022\/11\/L150.jpg",800,800,false],"author_info":[],"comment_info":"","_links":{"self":[{"href":"https:\/\/blafor.com\/markt\/wp-json\/wp\/v2\/product\/4824","targetHints":{"allow":["GET"]}}],"collection":[{"href":"https:\/\/blafor.com\/markt\/wp-json\/wp\/v2\/product"}],"about":[{"href":"https:\/\/blafor.com\/markt\/wp-json\/wp\/v2\/types\/product"}],"wp:featuredmedia":[{"embeddable":true,"href":"https:\/\/blafor.com\/markt\/wp-json\/wp\/v2\/media\/4825"}],"wp:attachment":[{"href":"https:\/\/blafor.com\/markt\/wp-json\/wp\/v2\/media?parent=4824"}],"wp:term":[{"taxonomy":"product_brand","embeddable":true,"href":"https:\/\/blafor.com\/markt\/wp-json\/wp\/v2\/product_brand?post=4824"},{"taxonomy":"product_cat","embeddable":true,"href":"https:\/\/blafor.com\/markt\/wp-json\/wp\/v2\/product_cat?post=4824"},{"taxonomy":"product_tag","embeddable":true,"href":"https:\/\/blafor.com\/markt\/wp-json\/wp\/v2\/product_tag?post=4824"},{"taxonomy":"product_brands","embeddable":true,"href":"https:\/\/blafor.com\/markt\/wp-json\/wp\/v2\/product_brands?post=4824"}],"curies":[{"name":"wp","href":"https:\/\/api.w.org\/{rel}","templated":true}]}}