{"id":4808,"date":"2022-11-23T10:04:18","date_gmt":"2022-11-23T09:04:18","guid":{"rendered":"https:\/\/blafor.com\/markt\/?post_type=product&#038;p=4808"},"modified":"2022-11-23T11:00:14","modified_gmt":"2022-11-23T10:00:14","slug":"women-t-shirt-miss-sols","status":"publish","type":"product","link":"https:\/\/blafor.com\/markt\/produkt\/women-t-shirt-miss-sols\/","title":{"rendered":"Women T-Shirt Miss SOL\u00b4S"},"content":{"rendered":"<h2>Women T-Shirt Miss SOL\u00b4S<\/h2>\n<p>Das Women T-Shirt Miss von SOL\u00b4S ist ein feminin geschnittenes und gut verarbeitetes Damen-Shirt.<\/p>\n<ul>\n<li>Grammatur: 150 g\/m\u00b2<\/li>\n<li>Material: 100% Baumwolle (Grey Melange: 85% Baumwolle \/ 15% Viskose)<\/li>\n<li>Verarbeitung: Slim (enger geschnitten), Set-in \u00c4rmel,<\/li>\n<li>Verf\u00fcgbare Gr\u00f6\u00dfen: S bis XXL<\/li>\n<li>Verf\u00fcgbare Farben: 22,<\/li>\n<li>Pflegehinweise: Waschbar bei 40\u00b0C, b\u00fcgeln erlaubt<\/li>\n<li>Zertifikation: Fair Wear, Oeko-Tex\u00ae Standard 100<\/li>\n<\/ul>\n<p>Artikel-Nr.: L225<br \/>\nStyle: 11386, SOL\u00b4S, Fashion T-Shirts<\/p>\n","protected":false},"excerpt":{"rendered":"<ul>\n<li>Leichtes T-Shirt mit Rundhals-Ausschnitt<\/li>\n<li>Angebot nur so lange Lager-Vorrat reicht<\/li>\n<li>Deine Farbe oder Gr\u00f6\u00dfe gerade nicht bestellbar?<br \/>\nKontaktiere Verk\u00e4ufer.<\/li>\n<\/ul>\n","protected":false},"featured_media":4809,"template":"","meta":{"_kad_blocks_custom_css":"","_kad_blocks_head_custom_js":"","_kad_blocks_body_custom_js":"","_kad_blocks_footer_custom_js":"","_kadence_starter_templates_imported_post":false,"_kad_post_transparent":"default","_kad_post_title":"","_kad_post_layout":"default","_kad_post_sidebar_id":"","_kad_post_content_style":"default","_kad_post_vertical_padding":"default","_kad_post_feature":"","_kad_post_feature_position":"","_kad_post_header":false,"_kad_post_footer":false,"_kad_post_classname":""},"product_brand":[],"product_cat":[227,202],"product_tag":[458,231,230,521,392],"product_brands":[],"class_list":{"0":"post-4808","1":"product","2":"type-product","3":"status-publish","4":"has-post-thumbnail","6":"product_cat-sale","7":"product_cat-t-shirts-damen","8":"product_tag-colors","9":"product_tag-restposten","10":"product_tag-sommer","11":"product_tag-street-style","12":"product_tag-zeitlos","13":"pa_farbe-apple-green","14":"pa_farbe-black","15":"pa_farbe-fuchsia","16":"pa_farbe-grey-melange","17":"pa_farbe-navy-blue","18":"pa_farbe-orange","19":"pa_farbe-pink","20":"pa_farbe-purple","21":"pa_farbe-red","22":"pa_farbe-royal-blue","23":"pa_farbe-white","24":"pa_int-groesse-l","25":"pa_int-groesse-m","26":"pa_int-groesse-s","27":"pa_int-groesse-xl","28":"pa_int-groesse-xxl","29":"pa_marke-sols","30":"pa_material-100-baumwolle","31":"pa_standort-106","33":"first","34":"instock","35":"sale","36":"taxable","37":"shipping-taxable","38":"purchasable","39":"product-type-variable","40":"entry","41":"content-bg","42":"loop-entry"},"yoast_head":"<!-- This site is optimized with the Yoast SEO plugin v27.4 - https:\/\/yoast.com\/product\/yoast-seo-wordpress\/ -->\n<title>Women T-Shirt Miss SOL\u00b4S : BlaFor.com Markt<\/title>\n<meta name=\"robots\" content=\"index, follow, max-snippet:-1, max-image-preview:large, max-video-preview:-1\" \/>\n<link rel=\"canonical\" href=\"https:\/\/blafor.com\/markt\/produkt\/women-t-shirt-miss-sols\/\" \/>\n<meta property=\"og:locale\" content=\"de_DE\" \/>\n<meta property=\"og:type\" content=\"article\" \/>\n<meta property=\"og:title\" content=\"Women T-Shirt Miss SOL\u00b4S : BlaFor.com Markt\" \/>\n<meta property=\"og:description\" content=\"Leichtes T-Shirt mit Rundhals-Ausschnitt  Angebot nur so lange Lager-Vorrat reicht  Deine Farbe oder Gr\u00f6\u00dfe gerade nicht bestellbar? Kontaktiere Verk\u00e4ufer.\" \/>\n<meta property=\"og:url\" content=\"https:\/\/blafor.com\/markt\/produkt\/women-t-shirt-miss-sols\/\" \/>\n<meta property=\"og:site_name\" content=\"BlaFor.com Markt\" \/>\n<meta property=\"article:publisher\" content=\"https:\/\/www.facebook.com\/BlaForCom\/\" \/>\n<meta property=\"article:modified_time\" content=\"2022-11-23T10:00:14+00:00\" \/>\n<meta property=\"og:image\" content=\"https:\/\/blafor.com\/markt\/wp-content\/uploads\/sites\/6\/2022\/11\/L225.jpg\" \/>\n\t<meta property=\"og:image:width\" content=\"800\" \/>\n\t<meta property=\"og:image:height\" content=\"800\" \/>\n\t<meta property=\"og:image:type\" content=\"image\/jpeg\" \/>\n<meta name=\"twitter:card\" content=\"summary_large_image\" \/>\n<meta name=\"twitter:label1\" content=\"Gesch\u00e4tzte Lesezeit\" \/>\n\t<meta name=\"twitter:data1\" content=\"1\u00a0Minute\" \/>\n<script type=\"application\/ld+json\" class=\"yoast-schema-graph\">{\"@context\":\"https:\\\/\\\/schema.org\",\"@graph\":[{\"@type\":\"WebPage\",\"@id\":\"https:\\\/\\\/blafor.com\\\/markt\\\/produkt\\\/women-t-shirt-miss-sols\\\/\",\"url\":\"https:\\\/\\\/blafor.com\\\/markt\\\/produkt\\\/women-t-shirt-miss-sols\\\/\",\"name\":\"Women T-Shirt Miss SOL\u00b4S : BlaFor.com Markt\",\"isPartOf\":{\"@id\":\"https:\\\/\\\/blafor.com\\\/markt\\\/#website\"},\"primaryImageOfPage\":{\"@id\":\"https:\\\/\\\/blafor.com\\\/markt\\\/produkt\\\/women-t-shirt-miss-sols\\\/#primaryimage\"},\"image\":{\"@id\":\"https:\\\/\\\/blafor.com\\\/markt\\\/produkt\\\/women-t-shirt-miss-sols\\\/#primaryimage\"},\"thumbnailUrl\":\"https:\\\/\\\/blafor.com\\\/markt\\\/wp-content\\\/uploads\\\/sites\\\/6\\\/2022\\\/11\\\/L225.jpg\",\"datePublished\":\"2022-11-23T09:04:18+00:00\",\"dateModified\":\"2022-11-23T10:00:14+00:00\",\"breadcrumb\":{\"@id\":\"https:\\\/\\\/blafor.com\\\/markt\\\/produkt\\\/women-t-shirt-miss-sols\\\/#breadcrumb\"},\"inLanguage\":\"de\",\"potentialAction\":[{\"@type\":\"ReadAction\",\"target\":[\"https:\\\/\\\/blafor.com\\\/markt\\\/produkt\\\/women-t-shirt-miss-sols\\\/\"]}]},{\"@type\":\"ImageObject\",\"inLanguage\":\"de\",\"@id\":\"https:\\\/\\\/blafor.com\\\/markt\\\/produkt\\\/women-t-shirt-miss-sols\\\/#primaryimage\",\"url\":\"https:\\\/\\\/blafor.com\\\/markt\\\/wp-content\\\/uploads\\\/sites\\\/6\\\/2022\\\/11\\\/L225.jpg\",\"contentUrl\":\"https:\\\/\\\/blafor.com\\\/markt\\\/wp-content\\\/uploads\\\/sites\\\/6\\\/2022\\\/11\\\/L225.jpg\",\"width\":800,\"height\":800},{\"@type\":\"BreadcrumbList\",\"@id\":\"https:\\\/\\\/blafor.com\\\/markt\\\/produkt\\\/women-t-shirt-miss-sols\\\/#breadcrumb\",\"itemListElement\":[{\"@type\":\"ListItem\",\"position\":1,\"name\":\"Startseite\",\"item\":\"https:\\\/\\\/blafor.com\\\/markt\\\/\"},{\"@type\":\"ListItem\",\"position\":2,\"name\":\"Katalog\",\"item\":\"https:\\\/\\\/blafor.com\\\/markt\\\/katalog\\\/\"},{\"@type\":\"ListItem\",\"position\":3,\"name\":\"Women T-Shirt Miss SOL\u00b4S\"}]},{\"@type\":\"WebSite\",\"@id\":\"https:\\\/\\\/blafor.com\\\/markt\\\/#website\",\"url\":\"https:\\\/\\\/blafor.com\\\/markt\\\/\",\"name\":\"BlaFor.com Markt\",\"description\":\"Der Online-Marktplatz aus dem Schwarzwald\",\"publisher\":{\"@id\":\"https:\\\/\\\/blafor.com\\\/markt\\\/#organization\"},\"alternateName\":\"BlaFor Markt\",\"potentialAction\":[{\"@type\":\"SearchAction\",\"target\":{\"@type\":\"EntryPoint\",\"urlTemplate\":\"https:\\\/\\\/blafor.com\\\/markt\\\/?s={search_term_string}\"},\"query-input\":{\"@type\":\"PropertyValueSpecification\",\"valueRequired\":true,\"valueName\":\"search_term_string\"}}],\"inLanguage\":\"de\"},{\"@type\":\"Organization\",\"@id\":\"https:\\\/\\\/blafor.com\\\/markt\\\/#organization\",\"name\":\"BlaFor.com\",\"alternateName\":\"ALIZEL\",\"url\":\"https:\\\/\\\/blafor.com\\\/markt\\\/\",\"logo\":{\"@type\":\"ImageObject\",\"inLanguage\":\"de\",\"@id\":\"https:\\\/\\\/blafor.com\\\/markt\\\/#\\\/schema\\\/logo\\\/image\\\/\",\"url\":\"https:\\\/\\\/blafor.com\\\/markt\\\/wp-content\\\/uploads\\\/sites\\\/6\\\/2022\\\/07\\\/bfc-shop64.png\",\"contentUrl\":\"https:\\\/\\\/blafor.com\\\/markt\\\/wp-content\\\/uploads\\\/sites\\\/6\\\/2022\\\/07\\\/bfc-shop64.png\",\"width\":400,\"height\":160,\"caption\":\"BlaFor.com\"},\"image\":{\"@id\":\"https:\\\/\\\/blafor.com\\\/markt\\\/#\\\/schema\\\/logo\\\/image\\\/\"},\"sameAs\":[\"https:\\\/\\\/www.facebook.com\\\/BlaForCom\\\/\",\"https:\\\/\\\/www.linkedin.com\\\/showcase\\\/blaforcom\\\/\"]}]}<\/script>\n<!-- \/ Yoast SEO plugin. -->","yoast_head_json":{"title":"Women T-Shirt Miss SOL\u00b4S : BlaFor.com Markt","robots":{"index":"index","follow":"follow","max-snippet":"max-snippet:-1","max-image-preview":"max-image-preview:large","max-video-preview":"max-video-preview:-1"},"canonical":"https:\/\/blafor.com\/markt\/produkt\/women-t-shirt-miss-sols\/","og_locale":"de_DE","og_type":"article","og_title":"Women T-Shirt Miss SOL\u00b4S : BlaFor.com Markt","og_description":"Leichtes T-Shirt mit Rundhals-Ausschnitt  Angebot nur so lange Lager-Vorrat reicht  Deine Farbe oder Gr\u00f6\u00dfe gerade nicht bestellbar? Kontaktiere Verk\u00e4ufer.","og_url":"https:\/\/blafor.com\/markt\/produkt\/women-t-shirt-miss-sols\/","og_site_name":"BlaFor.com Markt","article_publisher":"https:\/\/www.facebook.com\/BlaForCom\/","article_modified_time":"2022-11-23T10:00:14+00:00","og_image":[{"width":800,"height":800,"url":"https:\/\/blafor.com\/markt\/wp-content\/uploads\/sites\/6\/2022\/11\/L225.jpg","type":"image\/jpeg"}],"twitter_card":"summary_large_image","twitter_misc":{"Gesch\u00e4tzte Lesezeit":"1\u00a0Minute"},"schema":{"@context":"https:\/\/schema.org","@graph":[{"@type":"WebPage","@id":"https:\/\/blafor.com\/markt\/produkt\/women-t-shirt-miss-sols\/","url":"https:\/\/blafor.com\/markt\/produkt\/women-t-shirt-miss-sols\/","name":"Women T-Shirt Miss SOL\u00b4S : BlaFor.com Markt","isPartOf":{"@id":"https:\/\/blafor.com\/markt\/#website"},"primaryImageOfPage":{"@id":"https:\/\/blafor.com\/markt\/produkt\/women-t-shirt-miss-sols\/#primaryimage"},"image":{"@id":"https:\/\/blafor.com\/markt\/produkt\/women-t-shirt-miss-sols\/#primaryimage"},"thumbnailUrl":"https:\/\/blafor.com\/markt\/wp-content\/uploads\/sites\/6\/2022\/11\/L225.jpg","datePublished":"2022-11-23T09:04:18+00:00","dateModified":"2022-11-23T10:00:14+00:00","breadcrumb":{"@id":"https:\/\/blafor.com\/markt\/produkt\/women-t-shirt-miss-sols\/#breadcrumb"},"inLanguage":"de","potentialAction":[{"@type":"ReadAction","target":["https:\/\/blafor.com\/markt\/produkt\/women-t-shirt-miss-sols\/"]}]},{"@type":"ImageObject","inLanguage":"de","@id":"https:\/\/blafor.com\/markt\/produkt\/women-t-shirt-miss-sols\/#primaryimage","url":"https:\/\/blafor.com\/markt\/wp-content\/uploads\/sites\/6\/2022\/11\/L225.jpg","contentUrl":"https:\/\/blafor.com\/markt\/wp-content\/uploads\/sites\/6\/2022\/11\/L225.jpg","width":800,"height":800},{"@type":"BreadcrumbList","@id":"https:\/\/blafor.com\/markt\/produkt\/women-t-shirt-miss-sols\/#breadcrumb","itemListElement":[{"@type":"ListItem","position":1,"name":"Startseite","item":"https:\/\/blafor.com\/markt\/"},{"@type":"ListItem","position":2,"name":"Katalog","item":"https:\/\/blafor.com\/markt\/katalog\/"},{"@type":"ListItem","position":3,"name":"Women T-Shirt Miss SOL\u00b4S"}]},{"@type":"WebSite","@id":"https:\/\/blafor.com\/markt\/#website","url":"https:\/\/blafor.com\/markt\/","name":"BlaFor.com Markt","description":"Der Online-Marktplatz aus dem Schwarzwald","publisher":{"@id":"https:\/\/blafor.com\/markt\/#organization"},"alternateName":"BlaFor Markt","potentialAction":[{"@type":"SearchAction","target":{"@type":"EntryPoint","urlTemplate":"https:\/\/blafor.com\/markt\/?s={search_term_string}"},"query-input":{"@type":"PropertyValueSpecification","valueRequired":true,"valueName":"search_term_string"}}],"inLanguage":"de"},{"@type":"Organization","@id":"https:\/\/blafor.com\/markt\/#organization","name":"BlaFor.com","alternateName":"ALIZEL","url":"https:\/\/blafor.com\/markt\/","logo":{"@type":"ImageObject","inLanguage":"de","@id":"https:\/\/blafor.com\/markt\/#\/schema\/logo\/image\/","url":"https:\/\/blafor.com\/markt\/wp-content\/uploads\/sites\/6\/2022\/07\/bfc-shop64.png","contentUrl":"https:\/\/blafor.com\/markt\/wp-content\/uploads\/sites\/6\/2022\/07\/bfc-shop64.png","width":400,"height":160,"caption":"BlaFor.com"},"image":{"@id":"https:\/\/blafor.com\/markt\/#\/schema\/logo\/image\/"},"sameAs":["https:\/\/www.facebook.com\/BlaForCom\/","https:\/\/www.linkedin.com\/showcase\/blaforcom\/"]}]}},"taxonomy_info":{"product_cat":[{"value":227,"label":"Sale %"},{"value":202,"label":"T-Shirts Damen"}],"product_tag":[{"value":458,"label":"Colors"},{"value":231,"label":"Restposten"},{"value":230,"label":"Sommer"},{"value":521,"label":"Street-Style"},{"value":392,"label":"Zeitlos"}],"pa_farbe":[{"value":608,"label":"Apple Green"},{"value":115,"label":"Black"},{"value":124,"label":"Fuchsia"},{"value":344,"label":"Grey Melange"},{"value":342,"label":"Navy Blue"},{"value":117,"label":"Orange"},{"value":445,"label":"Pink"},{"value":490,"label":"Purple"},{"value":41,"label":"Red"},{"value":444,"label":"Royal Blue"},{"value":368,"label":"White"}],"pa_int-groesse":[{"value":238,"label":"L"},{"value":237,"label":"M"},{"value":236,"label":"S"},{"value":239,"label":"XL"},{"value":240,"label":"XXL"}],"pa_marke":[{"value":156,"label":"SOL\u00b4S"}],"pa_material":[{"value":247,"label":"100% Baumwolle"}],"pa_standort":[{"value":106,"label":"79843"}]},"featured_image_src_large":["https:\/\/blafor.com\/markt\/wp-content\/uploads\/sites\/6\/2022\/11\/L225.jpg",800,800,false],"author_info":[],"comment_info":"","_links":{"self":[{"href":"https:\/\/blafor.com\/markt\/wp-json\/wp\/v2\/product\/4808","targetHints":{"allow":["GET"]}}],"collection":[{"href":"https:\/\/blafor.com\/markt\/wp-json\/wp\/v2\/product"}],"about":[{"href":"https:\/\/blafor.com\/markt\/wp-json\/wp\/v2\/types\/product"}],"wp:featuredmedia":[{"embeddable":true,"href":"https:\/\/blafor.com\/markt\/wp-json\/wp\/v2\/media\/4809"}],"wp:attachment":[{"href":"https:\/\/blafor.com\/markt\/wp-json\/wp\/v2\/media?parent=4808"}],"wp:term":[{"taxonomy":"product_brand","embeddable":true,"href":"https:\/\/blafor.com\/markt\/wp-json\/wp\/v2\/product_brand?post=4808"},{"taxonomy":"product_cat","embeddable":true,"href":"https:\/\/blafor.com\/markt\/wp-json\/wp\/v2\/product_cat?post=4808"},{"taxonomy":"product_tag","embeddable":true,"href":"https:\/\/blafor.com\/markt\/wp-json\/wp\/v2\/product_tag?post=4808"},{"taxonomy":"product_brands","embeddable":true,"href":"https:\/\/blafor.com\/markt\/wp-json\/wp\/v2\/product_brands?post=4808"}],"curies":[{"name":"wp","href":"https:\/\/api.w.org\/{rel}","templated":true}]}}