{"id":4720,"date":"2022-11-22T07:38:28","date_gmt":"2022-11-22T06:38:28","guid":{"rendered":"https:\/\/blafor.com\/markt\/?post_type=product&#038;p=4720"},"modified":"2022-11-22T12:02:06","modified_gmt":"2022-11-22T11:02:06","slug":"imperial-herren-t-shirt-sols","status":"publish","type":"product","link":"https:\/\/blafor.com\/markt\/produkt\/imperial-herren-t-shirt-sols\/","title":{"rendered":"Imperial Herren T-Shirt SOL\u2019S"},"content":{"rendered":"<h2>Imperial Herren T-Shirt SOL\u2019S<\/h2>\n<p>Das Imperial Herren T-Shirt von SOL\u2019S ist ein Shirt mit ausgezeichnetem Preis-Leistungs-Verh\u00e4ltnis. Der beliebte T-Shirt Klassiker, optimal geeignet f\u00fcr Veredelung und\/oder Textildruck.<\/p>\n<ul>\n<li>Grammatur: 190 g\/m\u00b2 (Jersey)<\/li>\n<li>Material: 100% Baumwolle (Grey Melange: 85% Baumwolle \/ 15% Viskose, Ash: 98% Baumwolle \/ 2% Viskose)<\/li>\n<li>Passform: Regular (normal geschnitten)<\/li>\n<li>Verarbeitung: Rundhals, Kurzarm, Set-In \u00c4rmel,\u00a0Seitenn\u00e4hte<\/li>\n<li>Verf\u00fcgbare Gr\u00f6\u00dfen: XS bis 5XL (abh\u00e4ngig von Farbe)<\/li>\n<li>Verf\u00fcgbare Farben: 46, 1-farbig, meliert<\/li>\n<li>Farbe &#8222;White&#8220; k\u00f6nnte leichte Lagerungsspuren an den Faltstellen haben, muss gewaschen werden<\/li>\n<li>Pflegehinweise: waschbar bis max. 40\u00b0C, nicht Trockner geeignet, b\u00fcgeln max. 150 \u00b0C<\/li>\n<li>Zertifizierung: Fair Wear, OEKO-TEX\u00ae<\/li>\n<\/ul>\n<p>*Bitte beachte, die dargestellten Farben in der Veranschaulichung am Bildschirm k\u00f6nnen von den Originalfarben abweichen.<\/p>\n<p>Artikel-Nr.: L190<br \/>\nStyle: 11500, SOL\u2019S, sols, T-Shirt<\/p>\n","protected":false},"excerpt":{"rendered":"<ul>\n<li>Erh\u00e4ltlich in bis zu 46 Farben<\/li>\n<li>Erh\u00e4ltlich in Gr\u00f6\u00dfen XS bis 5XL<\/li>\n<li>Angebot nur so lange Vorrat reicht<\/li>\n<li>Deine Farbe oder Gr\u00f6\u00dfe gerade nicht bestellbar?<br \/>\nKontaktiere Verk\u00e4ufer.<\/li>\n<\/ul>\n","protected":false},"featured_media":4721,"template":"","meta":{"_kad_blocks_custom_css":"","_kad_blocks_head_custom_js":"","_kad_blocks_body_custom_js":"","_kad_blocks_footer_custom_js":"","_kadence_starter_templates_imported_post":false,"_kad_post_transparent":"default","_kad_post_title":"","_kad_post_layout":"default","_kad_post_sidebar_id":"","_kad_post_content_style":"default","_kad_post_vertical_padding":"default","_kad_post_feature":"","_kad_post_feature_position":"","_kad_post_header":false,"_kad_post_footer":false,"_kad_post_classname":""},"product_brand":[],"product_cat":[227,203],"product_tag":[458,234,230,400,401],"product_brands":[],"class_list":{"0":"post-4720","1":"product","2":"type-product","3":"status-publish","4":"has-post-thumbnail","6":"product_cat-sale","7":"product_cat-t-shirts-herren","8":"product_tag-colors","9":"product_tag-partnerlook","10":"product_tag-sommer","11":"product_tag-textildruck","12":"product_tag-veredelung","13":"pa_farbe-atoll-blue","14":"pa_farbe-black","15":"pa_farbe-white","16":"pa_int-groesse-3xl","17":"pa_int-groesse-4xl","18":"pa_int-groesse-5xl","19":"pa_int-groesse-l","20":"pa_int-groesse-m","21":"pa_int-groesse-s","22":"pa_int-groesse-xl","23":"pa_int-groesse-xs","24":"pa_int-groesse-xxl","25":"pa_marke-sols","26":"pa_material-100-baumwolle","27":"pa_material-85-baumwolle-15-viskose","28":"pa_material-98-baumwolle-2-viskose","29":"pa_standort-106","31":"first","32":"instock","33":"sale","34":"taxable","35":"shipping-taxable","36":"purchasable","37":"product-type-variable","38":"entry","39":"content-bg","40":"loop-entry"},"yoast_head":"<!-- This site is optimized with the Yoast SEO plugin v27.4 - https:\/\/yoast.com\/product\/yoast-seo-wordpress\/ -->\n<title>Imperial Herren T-Shirt SOL\u2019S : BlaFor.com Markt<\/title>\n<meta name=\"description\" content=\"Jetzt stark Reduziert - Der beliebte T-Shirt Klassiker mit ausgezeichnetem Preis-Leistungs-Verh\u00e4ltnis. Imperial Herren T-Shirt jetzt hier kaufen\" \/>\n<meta name=\"robots\" content=\"index, follow, max-snippet:-1, max-image-preview:large, max-video-preview:-1\" \/>\n<link rel=\"canonical\" href=\"https:\/\/blafor.com\/markt\/produkt\/imperial-herren-t-shirt-sols\/\" \/>\n<meta property=\"og:locale\" content=\"de_DE\" \/>\n<meta property=\"og:type\" content=\"article\" \/>\n<meta property=\"og:title\" content=\"Imperial Herren T-Shirt SOL\u2019S : BlaFor.com Markt\" \/>\n<meta property=\"og:description\" content=\"Jetzt stark Reduziert - Der beliebte T-Shirt Klassiker mit ausgezeichnetem Preis-Leistungs-Verh\u00e4ltnis. Imperial Herren T-Shirt jetzt hier kaufen\" \/>\n<meta property=\"og:url\" content=\"https:\/\/blafor.com\/markt\/produkt\/imperial-herren-t-shirt-sols\/\" \/>\n<meta property=\"og:site_name\" content=\"BlaFor.com Markt\" \/>\n<meta property=\"article:publisher\" content=\"https:\/\/www.facebook.com\/BlaForCom\/\" \/>\n<meta property=\"article:modified_time\" content=\"2022-11-22T11:02:06+00:00\" \/>\n<meta property=\"og:image\" content=\"https:\/\/blafor.com\/markt\/wp-content\/uploads\/sites\/6\/2022\/11\/L190a.jpg\" \/>\n\t<meta property=\"og:image:width\" content=\"800\" \/>\n\t<meta property=\"og:image:height\" content=\"800\" \/>\n\t<meta property=\"og:image:type\" content=\"image\/jpeg\" \/>\n<meta name=\"twitter:card\" content=\"summary_large_image\" \/>\n<meta name=\"twitter:label1\" content=\"Gesch\u00e4tzte Lesezeit\" \/>\n\t<meta name=\"twitter:data1\" content=\"1\u00a0Minute\" \/>\n<script type=\"application\/ld+json\" class=\"yoast-schema-graph\">{\"@context\":\"https:\\\/\\\/schema.org\",\"@graph\":[{\"@type\":\"WebPage\",\"@id\":\"https:\\\/\\\/blafor.com\\\/markt\\\/produkt\\\/imperial-herren-t-shirt-sols\\\/\",\"url\":\"https:\\\/\\\/blafor.com\\\/markt\\\/produkt\\\/imperial-herren-t-shirt-sols\\\/\",\"name\":\"Imperial Herren T-Shirt SOL\u2019S : BlaFor.com Markt\",\"isPartOf\":{\"@id\":\"https:\\\/\\\/blafor.com\\\/markt\\\/#website\"},\"primaryImageOfPage\":{\"@id\":\"https:\\\/\\\/blafor.com\\\/markt\\\/produkt\\\/imperial-herren-t-shirt-sols\\\/#primaryimage\"},\"image\":{\"@id\":\"https:\\\/\\\/blafor.com\\\/markt\\\/produkt\\\/imperial-herren-t-shirt-sols\\\/#primaryimage\"},\"thumbnailUrl\":\"https:\\\/\\\/blafor.com\\\/markt\\\/wp-content\\\/uploads\\\/sites\\\/6\\\/2022\\\/11\\\/L190a.jpg\",\"datePublished\":\"2022-11-22T06:38:28+00:00\",\"dateModified\":\"2022-11-22T11:02:06+00:00\",\"description\":\"Jetzt stark Reduziert - Der beliebte T-Shirt Klassiker mit ausgezeichnetem Preis-Leistungs-Verh\u00e4ltnis. Imperial Herren T-Shirt jetzt hier kaufen\",\"breadcrumb\":{\"@id\":\"https:\\\/\\\/blafor.com\\\/markt\\\/produkt\\\/imperial-herren-t-shirt-sols\\\/#breadcrumb\"},\"inLanguage\":\"de\",\"potentialAction\":[{\"@type\":\"ReadAction\",\"target\":[\"https:\\\/\\\/blafor.com\\\/markt\\\/produkt\\\/imperial-herren-t-shirt-sols\\\/\"]}]},{\"@type\":\"ImageObject\",\"inLanguage\":\"de\",\"@id\":\"https:\\\/\\\/blafor.com\\\/markt\\\/produkt\\\/imperial-herren-t-shirt-sols\\\/#primaryimage\",\"url\":\"https:\\\/\\\/blafor.com\\\/markt\\\/wp-content\\\/uploads\\\/sites\\\/6\\\/2022\\\/11\\\/L190a.jpg\",\"contentUrl\":\"https:\\\/\\\/blafor.com\\\/markt\\\/wp-content\\\/uploads\\\/sites\\\/6\\\/2022\\\/11\\\/L190a.jpg\",\"width\":800,\"height\":800,\"caption\":\"Imperial T-Shirt\"},{\"@type\":\"BreadcrumbList\",\"@id\":\"https:\\\/\\\/blafor.com\\\/markt\\\/produkt\\\/imperial-herren-t-shirt-sols\\\/#breadcrumb\",\"itemListElement\":[{\"@type\":\"ListItem\",\"position\":1,\"name\":\"Startseite\",\"item\":\"https:\\\/\\\/blafor.com\\\/markt\\\/\"},{\"@type\":\"ListItem\",\"position\":2,\"name\":\"Katalog\",\"item\":\"https:\\\/\\\/blafor.com\\\/markt\\\/katalog\\\/\"},{\"@type\":\"ListItem\",\"position\":3,\"name\":\"Imperial Herren T-Shirt SOL\u2019S\"}]},{\"@type\":\"WebSite\",\"@id\":\"https:\\\/\\\/blafor.com\\\/markt\\\/#website\",\"url\":\"https:\\\/\\\/blafor.com\\\/markt\\\/\",\"name\":\"BlaFor.com Markt\",\"description\":\"Der Online-Marktplatz aus dem Schwarzwald\",\"publisher\":{\"@id\":\"https:\\\/\\\/blafor.com\\\/markt\\\/#organization\"},\"alternateName\":\"BlaFor Markt\",\"potentialAction\":[{\"@type\":\"SearchAction\",\"target\":{\"@type\":\"EntryPoint\",\"urlTemplate\":\"https:\\\/\\\/blafor.com\\\/markt\\\/?s={search_term_string}\"},\"query-input\":{\"@type\":\"PropertyValueSpecification\",\"valueRequired\":true,\"valueName\":\"search_term_string\"}}],\"inLanguage\":\"de\"},{\"@type\":\"Organization\",\"@id\":\"https:\\\/\\\/blafor.com\\\/markt\\\/#organization\",\"name\":\"BlaFor.com\",\"alternateName\":\"ALIZEL\",\"url\":\"https:\\\/\\\/blafor.com\\\/markt\\\/\",\"logo\":{\"@type\":\"ImageObject\",\"inLanguage\":\"de\",\"@id\":\"https:\\\/\\\/blafor.com\\\/markt\\\/#\\\/schema\\\/logo\\\/image\\\/\",\"url\":\"https:\\\/\\\/blafor.com\\\/markt\\\/wp-content\\\/uploads\\\/sites\\\/6\\\/2022\\\/07\\\/bfc-shop64.png\",\"contentUrl\":\"https:\\\/\\\/blafor.com\\\/markt\\\/wp-content\\\/uploads\\\/sites\\\/6\\\/2022\\\/07\\\/bfc-shop64.png\",\"width\":400,\"height\":160,\"caption\":\"BlaFor.com\"},\"image\":{\"@id\":\"https:\\\/\\\/blafor.com\\\/markt\\\/#\\\/schema\\\/logo\\\/image\\\/\"},\"sameAs\":[\"https:\\\/\\\/www.facebook.com\\\/BlaForCom\\\/\",\"https:\\\/\\\/www.linkedin.com\\\/showcase\\\/blaforcom\\\/\"]}]}<\/script>\n<!-- \/ Yoast SEO plugin. -->","yoast_head_json":{"title":"Imperial Herren T-Shirt SOL\u2019S : BlaFor.com Markt","description":"Jetzt stark Reduziert - Der beliebte T-Shirt Klassiker mit ausgezeichnetem Preis-Leistungs-Verh\u00e4ltnis. Imperial Herren T-Shirt jetzt hier kaufen","robots":{"index":"index","follow":"follow","max-snippet":"max-snippet:-1","max-image-preview":"max-image-preview:large","max-video-preview":"max-video-preview:-1"},"canonical":"https:\/\/blafor.com\/markt\/produkt\/imperial-herren-t-shirt-sols\/","og_locale":"de_DE","og_type":"article","og_title":"Imperial Herren T-Shirt SOL\u2019S : BlaFor.com Markt","og_description":"Jetzt stark Reduziert - Der beliebte T-Shirt Klassiker mit ausgezeichnetem Preis-Leistungs-Verh\u00e4ltnis. Imperial Herren T-Shirt jetzt hier kaufen","og_url":"https:\/\/blafor.com\/markt\/produkt\/imperial-herren-t-shirt-sols\/","og_site_name":"BlaFor.com Markt","article_publisher":"https:\/\/www.facebook.com\/BlaForCom\/","article_modified_time":"2022-11-22T11:02:06+00:00","og_image":[{"width":800,"height":800,"url":"https:\/\/blafor.com\/markt\/wp-content\/uploads\/sites\/6\/2022\/11\/L190a.jpg","type":"image\/jpeg"}],"twitter_card":"summary_large_image","twitter_misc":{"Gesch\u00e4tzte Lesezeit":"1\u00a0Minute"},"schema":{"@context":"https:\/\/schema.org","@graph":[{"@type":"WebPage","@id":"https:\/\/blafor.com\/markt\/produkt\/imperial-herren-t-shirt-sols\/","url":"https:\/\/blafor.com\/markt\/produkt\/imperial-herren-t-shirt-sols\/","name":"Imperial Herren T-Shirt SOL\u2019S : BlaFor.com Markt","isPartOf":{"@id":"https:\/\/blafor.com\/markt\/#website"},"primaryImageOfPage":{"@id":"https:\/\/blafor.com\/markt\/produkt\/imperial-herren-t-shirt-sols\/#primaryimage"},"image":{"@id":"https:\/\/blafor.com\/markt\/produkt\/imperial-herren-t-shirt-sols\/#primaryimage"},"thumbnailUrl":"https:\/\/blafor.com\/markt\/wp-content\/uploads\/sites\/6\/2022\/11\/L190a.jpg","datePublished":"2022-11-22T06:38:28+00:00","dateModified":"2022-11-22T11:02:06+00:00","description":"Jetzt stark Reduziert - Der beliebte T-Shirt Klassiker mit ausgezeichnetem Preis-Leistungs-Verh\u00e4ltnis. Imperial Herren T-Shirt jetzt hier kaufen","breadcrumb":{"@id":"https:\/\/blafor.com\/markt\/produkt\/imperial-herren-t-shirt-sols\/#breadcrumb"},"inLanguage":"de","potentialAction":[{"@type":"ReadAction","target":["https:\/\/blafor.com\/markt\/produkt\/imperial-herren-t-shirt-sols\/"]}]},{"@type":"ImageObject","inLanguage":"de","@id":"https:\/\/blafor.com\/markt\/produkt\/imperial-herren-t-shirt-sols\/#primaryimage","url":"https:\/\/blafor.com\/markt\/wp-content\/uploads\/sites\/6\/2022\/11\/L190a.jpg","contentUrl":"https:\/\/blafor.com\/markt\/wp-content\/uploads\/sites\/6\/2022\/11\/L190a.jpg","width":800,"height":800,"caption":"Imperial T-Shirt"},{"@type":"BreadcrumbList","@id":"https:\/\/blafor.com\/markt\/produkt\/imperial-herren-t-shirt-sols\/#breadcrumb","itemListElement":[{"@type":"ListItem","position":1,"name":"Startseite","item":"https:\/\/blafor.com\/markt\/"},{"@type":"ListItem","position":2,"name":"Katalog","item":"https:\/\/blafor.com\/markt\/katalog\/"},{"@type":"ListItem","position":3,"name":"Imperial Herren T-Shirt SOL\u2019S"}]},{"@type":"WebSite","@id":"https:\/\/blafor.com\/markt\/#website","url":"https:\/\/blafor.com\/markt\/","name":"BlaFor.com Markt","description":"Der Online-Marktplatz aus dem Schwarzwald","publisher":{"@id":"https:\/\/blafor.com\/markt\/#organization"},"alternateName":"BlaFor Markt","potentialAction":[{"@type":"SearchAction","target":{"@type":"EntryPoint","urlTemplate":"https:\/\/blafor.com\/markt\/?s={search_term_string}"},"query-input":{"@type":"PropertyValueSpecification","valueRequired":true,"valueName":"search_term_string"}}],"inLanguage":"de"},{"@type":"Organization","@id":"https:\/\/blafor.com\/markt\/#organization","name":"BlaFor.com","alternateName":"ALIZEL","url":"https:\/\/blafor.com\/markt\/","logo":{"@type":"ImageObject","inLanguage":"de","@id":"https:\/\/blafor.com\/markt\/#\/schema\/logo\/image\/","url":"https:\/\/blafor.com\/markt\/wp-content\/uploads\/sites\/6\/2022\/07\/bfc-shop64.png","contentUrl":"https:\/\/blafor.com\/markt\/wp-content\/uploads\/sites\/6\/2022\/07\/bfc-shop64.png","width":400,"height":160,"caption":"BlaFor.com"},"image":{"@id":"https:\/\/blafor.com\/markt\/#\/schema\/logo\/image\/"},"sameAs":["https:\/\/www.facebook.com\/BlaForCom\/","https:\/\/www.linkedin.com\/showcase\/blaforcom\/"]}]}},"taxonomy_info":{"product_cat":[{"value":227,"label":"Sale %"},{"value":203,"label":"T-Shirts Herren"}],"product_tag":[{"value":458,"label":"Colors"},{"value":234,"label":"Partnerlook"},{"value":230,"label":"Sommer"},{"value":400,"label":"Textildruck"},{"value":401,"label":"Veredelung"}],"pa_farbe":[{"value":610,"label":"Atoll Blue"},{"value":115,"label":"Black"},{"value":368,"label":"White"}],"pa_int-groesse":[{"value":241,"label":"3XL"},{"value":242,"label":"4XL"},{"value":243,"label":"5XL"},{"value":238,"label":"L"},{"value":237,"label":"M"},{"value":236,"label":"S"},{"value":239,"label":"XL"},{"value":235,"label":"XS"},{"value":240,"label":"XXL"}],"pa_marke":[{"value":156,"label":"SOL\u00b4S"}],"pa_material":[{"value":247,"label":"100% Baumwolle"},{"value":606,"label":"85% Baumwolle \/ 15% Viskose"},{"value":607,"label":"98% Baumwolle \/ 2% Viskose"}],"pa_standort":[{"value":106,"label":"79843"}]},"featured_image_src_large":["https:\/\/blafor.com\/markt\/wp-content\/uploads\/sites\/6\/2022\/11\/L190a.jpg",800,800,false],"author_info":[],"comment_info":"","_links":{"self":[{"href":"https:\/\/blafor.com\/markt\/wp-json\/wp\/v2\/product\/4720","targetHints":{"allow":["GET"]}}],"collection":[{"href":"https:\/\/blafor.com\/markt\/wp-json\/wp\/v2\/product"}],"about":[{"href":"https:\/\/blafor.com\/markt\/wp-json\/wp\/v2\/types\/product"}],"wp:featuredmedia":[{"embeddable":true,"href":"https:\/\/blafor.com\/markt\/wp-json\/wp\/v2\/media\/4721"}],"wp:attachment":[{"href":"https:\/\/blafor.com\/markt\/wp-json\/wp\/v2\/media?parent=4720"}],"wp:term":[{"taxonomy":"product_brand","embeddable":true,"href":"https:\/\/blafor.com\/markt\/wp-json\/wp\/v2\/product_brand?post=4720"},{"taxonomy":"product_cat","embeddable":true,"href":"https:\/\/blafor.com\/markt\/wp-json\/wp\/v2\/product_cat?post=4720"},{"taxonomy":"product_tag","embeddable":true,"href":"https:\/\/blafor.com\/markt\/wp-json\/wp\/v2\/product_tag?post=4720"},{"taxonomy":"product_brands","embeddable":true,"href":"https:\/\/blafor.com\/markt\/wp-json\/wp\/v2\/product_brands?post=4720"}],"curies":[{"name":"wp","href":"https:\/\/api.w.org\/{rel}","templated":true}]}}