{"id":4347,"date":"2022-10-24T09:12:24","date_gmt":"2022-10-24T07:12:24","guid":{"rendered":"https:\/\/blafor.com\/markt\/?post_type=product&#038;p=4347"},"modified":"2022-10-24T09:42:54","modified_gmt":"2022-10-24T07:42:54","slug":"james-nicholson-damen-sprayshirt","status":"publish","type":"product","link":"https:\/\/blafor.com\/markt\/produkt\/james-nicholson-damen-sprayshirt\/","title":{"rendered":"James &#038; Nicholson Damen Sprayshirt"},"content":{"rendered":"<h2>James &amp; Nicholson Damen Sprayshirt<\/h2>\n<p>Damen Sprayshirt von James &amp; Nicholson mit weitem V-Ausschnitt in Spray-Optik, denn die Farbe wurde aufgespr\u00fcht. Die hell durchschimmernden Kanten und N\u00e4hte machen dieses T-Shirt so cool. Die Farbe w\u00e4scht sich im Laufe der Zeit etwas aus, was den Look noch weiter verst\u00e4rkt. Der tiefe V-Ausschnitt sowie die filigranen B\u00fcndchen an Hals und \u00c4rmeln zaubern eine feminine Optik.<\/p>\n<ul>\n<li>Grammatur: 140 g\/m\u00b2<\/li>\n<li>Material: 100% Baumwolle, Single Jersey<\/li>\n<li>Verf\u00fcgbare Gr\u00f6\u00dfen: M (figurbetont)<\/li>\n<li>Verf\u00fcgbare Farben*: Fern Green<\/li>\n<li>Pflegehinweise: Waschbar bei 30\u00b0C, nicht Trockner geeignet, B\u00fcgeln max. 110\u00b0C<\/li>\n<li>Zertifikation: Oeko-Tex 100<\/li>\n<\/ul>\n<p>*Die dargestellten Farben in der Veranschaulichung am Bildschirm k\u00f6nnen von den Originalfarben abweichen.<br \/>\nArtikel-Nr.: JN975<br \/>\nStyle: Damen-Shirt, V-Neck, Trendshirt<\/p>\n","protected":false},"excerpt":{"rendered":"<ul>\n<li>Tailliertes T-Shirt in Spraytechnik<\/li>\n<li>Nur solange der Vorrat reicht<\/li>\n<\/ul>\n","protected":false},"featured_media":4348,"template":"","meta":{"_kad_blocks_custom_css":"","_kad_blocks_head_custom_js":"","_kad_blocks_body_custom_js":"","_kad_blocks_footer_custom_js":"","_kadence_starter_templates_imported_post":false,"_kad_post_transparent":"default","_kad_post_title":"","_kad_post_layout":"default","_kad_post_sidebar_id":"","_kad_post_content_style":"default","_kad_post_vertical_padding":"default","_kad_post_feature":"","_kad_post_feature_position":"","_kad_post_header":false,"_kad_post_footer":false,"_kad_post_classname":""},"product_brand":[],"product_cat":[227,202],"product_tag":[357,234,231,521],"product_brands":[],"class_list":{"0":"post-4347","1":"product","2":"type-product","3":"status-publish","4":"has-post-thumbnail","6":"product_cat-sale","7":"product_cat-t-shirts-damen","8":"product_tag-lifestyle","9":"product_tag-partnerlook","10":"product_tag-restposten","11":"product_tag-street-style","12":"pa_farbe-fern-green","13":"pa_int-groesse-m","14":"pa_marke-james-nicholson","15":"pa_material-100-baumwolle","16":"pa_standort-106","18":"first","19":"instock","20":"sale","21":"taxable","22":"shipping-taxable","23":"purchasable","24":"product-type-variable","25":"entry","26":"content-bg","27":"loop-entry"},"yoast_head":"<!-- This site is optimized with the Yoast SEO plugin v27.4 - https:\/\/yoast.com\/product\/yoast-seo-wordpress\/ -->\n<title>James &amp; Nicholson Damen Sprayshirt : BlaFor.com Markt<\/title>\n<meta name=\"description\" content=\"James &amp; Nicholson Damen Sprayshirt\" \/>\n<meta name=\"robots\" content=\"index, follow, max-snippet:-1, max-image-preview:large, max-video-preview:-1\" \/>\n<link rel=\"canonical\" href=\"https:\/\/blafor.com\/markt\/produkt\/james-nicholson-damen-sprayshirt\/\" \/>\n<meta property=\"og:locale\" content=\"de_DE\" \/>\n<meta property=\"og:type\" content=\"article\" \/>\n<meta property=\"og:title\" content=\"James &amp; Nicholson Damen Sprayshirt : BlaFor.com Markt\" \/>\n<meta property=\"og:description\" content=\"James &amp; Nicholson Damen Sprayshirt\" \/>\n<meta property=\"og:url\" content=\"https:\/\/blafor.com\/markt\/produkt\/james-nicholson-damen-sprayshirt\/\" \/>\n<meta property=\"og:site_name\" content=\"BlaFor.com Markt\" \/>\n<meta property=\"article:publisher\" content=\"https:\/\/www.facebook.com\/BlaForCom\/\" \/>\n<meta property=\"article:modified_time\" content=\"2022-10-24T07:42:54+00:00\" \/>\n<meta property=\"og:image\" content=\"https:\/\/blafor.com\/markt\/wp-content\/uploads\/sites\/6\/2022\/10\/JN975.jpg\" \/>\n\t<meta property=\"og:image:width\" content=\"800\" \/>\n\t<meta property=\"og:image:height\" content=\"800\" \/>\n\t<meta property=\"og:image:type\" content=\"image\/jpeg\" \/>\n<meta name=\"twitter:card\" content=\"summary_large_image\" \/>\n<meta name=\"twitter:label1\" content=\"Gesch\u00e4tzte Lesezeit\" \/>\n\t<meta name=\"twitter:data1\" content=\"1\u00a0Minute\" \/>\n<script type=\"application\/ld+json\" class=\"yoast-schema-graph\">{\"@context\":\"https:\\\/\\\/schema.org\",\"@graph\":[{\"@type\":\"WebPage\",\"@id\":\"https:\\\/\\\/blafor.com\\\/markt\\\/produkt\\\/james-nicholson-damen-sprayshirt\\\/\",\"url\":\"https:\\\/\\\/blafor.com\\\/markt\\\/produkt\\\/james-nicholson-damen-sprayshirt\\\/\",\"name\":\"James & Nicholson Damen Sprayshirt : BlaFor.com Markt\",\"isPartOf\":{\"@id\":\"https:\\\/\\\/blafor.com\\\/markt\\\/#website\"},\"primaryImageOfPage\":{\"@id\":\"https:\\\/\\\/blafor.com\\\/markt\\\/produkt\\\/james-nicholson-damen-sprayshirt\\\/#primaryimage\"},\"image\":{\"@id\":\"https:\\\/\\\/blafor.com\\\/markt\\\/produkt\\\/james-nicholson-damen-sprayshirt\\\/#primaryimage\"},\"thumbnailUrl\":\"https:\\\/\\\/blafor.com\\\/markt\\\/wp-content\\\/uploads\\\/sites\\\/6\\\/2022\\\/10\\\/JN975.jpg\",\"datePublished\":\"2022-10-24T07:12:24+00:00\",\"dateModified\":\"2022-10-24T07:42:54+00:00\",\"description\":\"James & Nicholson Damen Sprayshirt\",\"breadcrumb\":{\"@id\":\"https:\\\/\\\/blafor.com\\\/markt\\\/produkt\\\/james-nicholson-damen-sprayshirt\\\/#breadcrumb\"},\"inLanguage\":\"de\",\"potentialAction\":[{\"@type\":\"ReadAction\",\"target\":[\"https:\\\/\\\/blafor.com\\\/markt\\\/produkt\\\/james-nicholson-damen-sprayshirt\\\/\"]}]},{\"@type\":\"ImageObject\",\"inLanguage\":\"de\",\"@id\":\"https:\\\/\\\/blafor.com\\\/markt\\\/produkt\\\/james-nicholson-damen-sprayshirt\\\/#primaryimage\",\"url\":\"https:\\\/\\\/blafor.com\\\/markt\\\/wp-content\\\/uploads\\\/sites\\\/6\\\/2022\\\/10\\\/JN975.jpg\",\"contentUrl\":\"https:\\\/\\\/blafor.com\\\/markt\\\/wp-content\\\/uploads\\\/sites\\\/6\\\/2022\\\/10\\\/JN975.jpg\",\"width\":800,\"height\":800,\"caption\":\"Damen Sprayshirt\"},{\"@type\":\"BreadcrumbList\",\"@id\":\"https:\\\/\\\/blafor.com\\\/markt\\\/produkt\\\/james-nicholson-damen-sprayshirt\\\/#breadcrumb\",\"itemListElement\":[{\"@type\":\"ListItem\",\"position\":1,\"name\":\"Startseite\",\"item\":\"https:\\\/\\\/blafor.com\\\/markt\\\/\"},{\"@type\":\"ListItem\",\"position\":2,\"name\":\"Katalog\",\"item\":\"https:\\\/\\\/blafor.com\\\/markt\\\/katalog\\\/\"},{\"@type\":\"ListItem\",\"position\":3,\"name\":\"James &#038; Nicholson Damen Sprayshirt\"}]},{\"@type\":\"WebSite\",\"@id\":\"https:\\\/\\\/blafor.com\\\/markt\\\/#website\",\"url\":\"https:\\\/\\\/blafor.com\\\/markt\\\/\",\"name\":\"BlaFor.com Markt\",\"description\":\"Der Online-Marktplatz aus dem Schwarzwald\",\"publisher\":{\"@id\":\"https:\\\/\\\/blafor.com\\\/markt\\\/#organization\"},\"alternateName\":\"BlaFor Markt\",\"potentialAction\":[{\"@type\":\"SearchAction\",\"target\":{\"@type\":\"EntryPoint\",\"urlTemplate\":\"https:\\\/\\\/blafor.com\\\/markt\\\/?s={search_term_string}\"},\"query-input\":{\"@type\":\"PropertyValueSpecification\",\"valueRequired\":true,\"valueName\":\"search_term_string\"}}],\"inLanguage\":\"de\"},{\"@type\":\"Organization\",\"@id\":\"https:\\\/\\\/blafor.com\\\/markt\\\/#organization\",\"name\":\"BlaFor.com\",\"alternateName\":\"ALIZEL\",\"url\":\"https:\\\/\\\/blafor.com\\\/markt\\\/\",\"logo\":{\"@type\":\"ImageObject\",\"inLanguage\":\"de\",\"@id\":\"https:\\\/\\\/blafor.com\\\/markt\\\/#\\\/schema\\\/logo\\\/image\\\/\",\"url\":\"https:\\\/\\\/blafor.com\\\/markt\\\/wp-content\\\/uploads\\\/sites\\\/6\\\/2022\\\/07\\\/bfc-shop64.png\",\"contentUrl\":\"https:\\\/\\\/blafor.com\\\/markt\\\/wp-content\\\/uploads\\\/sites\\\/6\\\/2022\\\/07\\\/bfc-shop64.png\",\"width\":400,\"height\":160,\"caption\":\"BlaFor.com\"},\"image\":{\"@id\":\"https:\\\/\\\/blafor.com\\\/markt\\\/#\\\/schema\\\/logo\\\/image\\\/\"},\"sameAs\":[\"https:\\\/\\\/www.facebook.com\\\/BlaForCom\\\/\",\"https:\\\/\\\/www.linkedin.com\\\/showcase\\\/blaforcom\\\/\"]}]}<\/script>\n<!-- \/ Yoast SEO plugin. -->","yoast_head_json":{"title":"James & Nicholson Damen Sprayshirt : BlaFor.com Markt","description":"James & Nicholson Damen Sprayshirt","robots":{"index":"index","follow":"follow","max-snippet":"max-snippet:-1","max-image-preview":"max-image-preview:large","max-video-preview":"max-video-preview:-1"},"canonical":"https:\/\/blafor.com\/markt\/produkt\/james-nicholson-damen-sprayshirt\/","og_locale":"de_DE","og_type":"article","og_title":"James & Nicholson Damen Sprayshirt : BlaFor.com Markt","og_description":"James & Nicholson Damen Sprayshirt","og_url":"https:\/\/blafor.com\/markt\/produkt\/james-nicholson-damen-sprayshirt\/","og_site_name":"BlaFor.com Markt","article_publisher":"https:\/\/www.facebook.com\/BlaForCom\/","article_modified_time":"2022-10-24T07:42:54+00:00","og_image":[{"width":800,"height":800,"url":"https:\/\/blafor.com\/markt\/wp-content\/uploads\/sites\/6\/2022\/10\/JN975.jpg","type":"image\/jpeg"}],"twitter_card":"summary_large_image","twitter_misc":{"Gesch\u00e4tzte Lesezeit":"1\u00a0Minute"},"schema":{"@context":"https:\/\/schema.org","@graph":[{"@type":"WebPage","@id":"https:\/\/blafor.com\/markt\/produkt\/james-nicholson-damen-sprayshirt\/","url":"https:\/\/blafor.com\/markt\/produkt\/james-nicholson-damen-sprayshirt\/","name":"James & Nicholson Damen Sprayshirt : BlaFor.com Markt","isPartOf":{"@id":"https:\/\/blafor.com\/markt\/#website"},"primaryImageOfPage":{"@id":"https:\/\/blafor.com\/markt\/produkt\/james-nicholson-damen-sprayshirt\/#primaryimage"},"image":{"@id":"https:\/\/blafor.com\/markt\/produkt\/james-nicholson-damen-sprayshirt\/#primaryimage"},"thumbnailUrl":"https:\/\/blafor.com\/markt\/wp-content\/uploads\/sites\/6\/2022\/10\/JN975.jpg","datePublished":"2022-10-24T07:12:24+00:00","dateModified":"2022-10-24T07:42:54+00:00","description":"James & Nicholson Damen Sprayshirt","breadcrumb":{"@id":"https:\/\/blafor.com\/markt\/produkt\/james-nicholson-damen-sprayshirt\/#breadcrumb"},"inLanguage":"de","potentialAction":[{"@type":"ReadAction","target":["https:\/\/blafor.com\/markt\/produkt\/james-nicholson-damen-sprayshirt\/"]}]},{"@type":"ImageObject","inLanguage":"de","@id":"https:\/\/blafor.com\/markt\/produkt\/james-nicholson-damen-sprayshirt\/#primaryimage","url":"https:\/\/blafor.com\/markt\/wp-content\/uploads\/sites\/6\/2022\/10\/JN975.jpg","contentUrl":"https:\/\/blafor.com\/markt\/wp-content\/uploads\/sites\/6\/2022\/10\/JN975.jpg","width":800,"height":800,"caption":"Damen Sprayshirt"},{"@type":"BreadcrumbList","@id":"https:\/\/blafor.com\/markt\/produkt\/james-nicholson-damen-sprayshirt\/#breadcrumb","itemListElement":[{"@type":"ListItem","position":1,"name":"Startseite","item":"https:\/\/blafor.com\/markt\/"},{"@type":"ListItem","position":2,"name":"Katalog","item":"https:\/\/blafor.com\/markt\/katalog\/"},{"@type":"ListItem","position":3,"name":"James &#038; Nicholson Damen Sprayshirt"}]},{"@type":"WebSite","@id":"https:\/\/blafor.com\/markt\/#website","url":"https:\/\/blafor.com\/markt\/","name":"BlaFor.com Markt","description":"Der Online-Marktplatz aus dem Schwarzwald","publisher":{"@id":"https:\/\/blafor.com\/markt\/#organization"},"alternateName":"BlaFor Markt","potentialAction":[{"@type":"SearchAction","target":{"@type":"EntryPoint","urlTemplate":"https:\/\/blafor.com\/markt\/?s={search_term_string}"},"query-input":{"@type":"PropertyValueSpecification","valueRequired":true,"valueName":"search_term_string"}}],"inLanguage":"de"},{"@type":"Organization","@id":"https:\/\/blafor.com\/markt\/#organization","name":"BlaFor.com","alternateName":"ALIZEL","url":"https:\/\/blafor.com\/markt\/","logo":{"@type":"ImageObject","inLanguage":"de","@id":"https:\/\/blafor.com\/markt\/#\/schema\/logo\/image\/","url":"https:\/\/blafor.com\/markt\/wp-content\/uploads\/sites\/6\/2022\/07\/bfc-shop64.png","contentUrl":"https:\/\/blafor.com\/markt\/wp-content\/uploads\/sites\/6\/2022\/07\/bfc-shop64.png","width":400,"height":160,"caption":"BlaFor.com"},"image":{"@id":"https:\/\/blafor.com\/markt\/#\/schema\/logo\/image\/"},"sameAs":["https:\/\/www.facebook.com\/BlaForCom\/","https:\/\/www.linkedin.com\/showcase\/blaforcom\/"]}]}},"taxonomy_info":{"product_cat":[{"value":227,"label":"Sale %"},{"value":202,"label":"T-Shirts Damen"}],"product_tag":[{"value":357,"label":"Lifestyle"},{"value":234,"label":"Partnerlook"},{"value":231,"label":"Restposten"},{"value":521,"label":"Street-Style"}],"pa_farbe":[{"value":690,"label":"Fern Green"}],"pa_int-groesse":[{"value":237,"label":"M"}],"pa_marke":[{"value":147,"label":"James &amp; Nicholson"}],"pa_material":[{"value":247,"label":"100% Baumwolle"}],"pa_standort":[{"value":106,"label":"79843"}]},"featured_image_src_large":["https:\/\/blafor.com\/markt\/wp-content\/uploads\/sites\/6\/2022\/10\/JN975.jpg",800,800,false],"author_info":[],"comment_info":"","_links":{"self":[{"href":"https:\/\/blafor.com\/markt\/wp-json\/wp\/v2\/product\/4347","targetHints":{"allow":["GET"]}}],"collection":[{"href":"https:\/\/blafor.com\/markt\/wp-json\/wp\/v2\/product"}],"about":[{"href":"https:\/\/blafor.com\/markt\/wp-json\/wp\/v2\/types\/product"}],"wp:featuredmedia":[{"embeddable":true,"href":"https:\/\/blafor.com\/markt\/wp-json\/wp\/v2\/media\/4348"}],"wp:attachment":[{"href":"https:\/\/blafor.com\/markt\/wp-json\/wp\/v2\/media?parent=4347"}],"wp:term":[{"taxonomy":"product_brand","embeddable":true,"href":"https:\/\/blafor.com\/markt\/wp-json\/wp\/v2\/product_brand?post=4347"},{"taxonomy":"product_cat","embeddable":true,"href":"https:\/\/blafor.com\/markt\/wp-json\/wp\/v2\/product_cat?post=4347"},{"taxonomy":"product_tag","embeddable":true,"href":"https:\/\/blafor.com\/markt\/wp-json\/wp\/v2\/product_tag?post=4347"},{"taxonomy":"product_brands","embeddable":true,"href":"https:\/\/blafor.com\/markt\/wp-json\/wp\/v2\/product_brands?post=4347"}],"curies":[{"name":"wp","href":"https:\/\/api.w.org\/{rel}","templated":true}]}}