{"id":4330,"date":"2022-10-21T07:17:44","date_gmt":"2022-10-21T05:17:44","guid":{"rendered":"https:\/\/blafor.com\/markt\/?post_type=product&#038;p=4330"},"modified":"2022-10-21T08:19:46","modified_gmt":"2022-10-21T06:19:46","slug":"james-nicholson-spraypolo","status":"publish","type":"product","link":"https:\/\/blafor.com\/markt\/produkt\/james-nicholson-spraypolo\/","title":{"rendered":"James &#038; Nicholson Spraypolo"},"content":{"rendered":"<h2>James &amp; Nicholson Spraypolo<\/h2>\n<p>James &amp; Nicholson Spraypolo ist ein figurbetontes Poloshirt in Spray Technik. Die hell durchschimmernden Kanten und N\u00e4hte machen dieses Poloshirt so cool. Die Farbe w\u00e4scht sich im Laufe der Zeit etwas aus, was den Look noch weiter verst\u00e4rkt. Der Kragen, die Knopfleiste und die Brusttasche geben dem Polo einen filigranen und gleichzeitig edlen Touch.<\/p>\n<ul>\n<li>Grammatur: 140 g\/m\u00b2<\/li>\n<li>Material: 100% Baumwolle, Single Jersey<\/li>\n<li>Verf\u00fcgbare Gr\u00f6\u00dfen: L, XL (figurbetont)<\/li>\n<li>Verf\u00fcgbare Farben*: Fern Green, Terra<\/li>\n<li>Pflegehinweise: Waschbar bei 30\u00b0C, nicht Trockner geeignet, B\u00fcgeln max. 110\u00b0C<\/li>\n<li>Zertifikation: Oeko-Tex 100<\/li>\n<\/ul>\n<p>*Die dargestellten Farben in der Veranschaulichung am Bildschirm k\u00f6nnen von den Originalfarben abweichen.<br \/>\nArtikel-Nr.: JN988<br \/>\nStyle: M\u00e4nner-Polo, Herren-Polo, Polohemd, Trendpolo<\/p>\n","protected":false},"excerpt":{"rendered":"<ul>\n<li>Poloshirt in Spray Technik<\/li>\n<li>Nur solange der Vorrat reicht<\/li>\n<\/ul>\n","protected":false},"featured_media":4331,"template":"","meta":{"_kad_blocks_custom_css":"","_kad_blocks_head_custom_js":"","_kad_blocks_body_custom_js":"","_kad_blocks_footer_custom_js":"","_kadence_starter_templates_imported_post":false,"_kad_post_transparent":"default","_kad_post_title":"","_kad_post_layout":"default","_kad_post_sidebar_id":"","_kad_post_content_style":"default","_kad_post_vertical_padding":"default","_kad_post_feature":"","_kad_post_feature_position":"","_kad_post_header":false,"_kad_post_footer":false,"_kad_post_classname":""},"product_brand":[],"product_cat":[228,227],"product_tag":[358,357,231,521],"product_brands":[],"class_list":{"0":"post-4330","1":"product","2":"type-product","3":"status-publish","4":"has-post-thumbnail","6":"product_cat-poloshirts-herren","7":"product_cat-sale","8":"product_tag-cool","9":"product_tag-lifestyle","10":"product_tag-restposten","11":"product_tag-street-style","12":"pa_farbe-fern-green","13":"pa_farbe-terra","14":"pa_int-groesse-l","15":"pa_int-groesse-xl","16":"pa_marke-james-nicholson","17":"pa_material-100-baumwolle","18":"pa_standort-106","20":"first","21":"instock","22":"sale","23":"taxable","24":"shipping-taxable","25":"purchasable","26":"product-type-variable","27":"entry","28":"content-bg","29":"loop-entry"},"yoast_head":"<!-- This site is optimized with the Yoast SEO plugin v27.5 - https:\/\/yoast.com\/product\/yoast-seo-wordpress\/ -->\n<title>James &amp; Nicholson Spraypolo : BlaFor.com Markt<\/title>\n<meta name=\"description\" content=\"Poloshirt in Spray Technik. James &amp; Nicholson Spraypolo\" \/>\n<meta name=\"robots\" content=\"index, follow, max-snippet:-1, max-image-preview:large, max-video-preview:-1\" \/>\n<link rel=\"canonical\" href=\"https:\/\/blafor.com\/markt\/produkt\/james-nicholson-spraypolo\/\" \/>\n<meta property=\"og:locale\" content=\"de_DE\" \/>\n<meta property=\"og:type\" content=\"article\" \/>\n<meta property=\"og:title\" content=\"James &amp; Nicholson Spraypolo : BlaFor.com Markt\" \/>\n<meta property=\"og:description\" content=\"Poloshirt in Spray Technik. James &amp; Nicholson Spraypolo\" \/>\n<meta property=\"og:url\" content=\"https:\/\/blafor.com\/markt\/produkt\/james-nicholson-spraypolo\/\" \/>\n<meta property=\"og:site_name\" content=\"BlaFor.com Markt\" \/>\n<meta property=\"article:publisher\" content=\"https:\/\/www.facebook.com\/BlaForCom\/\" \/>\n<meta property=\"article:modified_time\" content=\"2022-10-21T06:19:46+00:00\" \/>\n<meta property=\"og:image\" content=\"https:\/\/blafor.com\/markt\/wp-content\/uploads\/sites\/6\/2022\/10\/JN988.jpg\" \/>\n\t<meta property=\"og:image:width\" content=\"800\" \/>\n\t<meta property=\"og:image:height\" content=\"800\" \/>\n\t<meta property=\"og:image:type\" content=\"image\/jpeg\" \/>\n<meta name=\"twitter:card\" content=\"summary_large_image\" \/>\n<meta name=\"twitter:label1\" content=\"Gesch\u00e4tzte Lesezeit\" \/>\n\t<meta name=\"twitter:data1\" content=\"1\u00a0Minute\" \/>\n<script type=\"application\/ld+json\" class=\"yoast-schema-graph\">{\"@context\":\"https:\\\/\\\/schema.org\",\"@graph\":[{\"@type\":\"WebPage\",\"@id\":\"https:\\\/\\\/blafor.com\\\/markt\\\/produkt\\\/james-nicholson-spraypolo\\\/\",\"url\":\"https:\\\/\\\/blafor.com\\\/markt\\\/produkt\\\/james-nicholson-spraypolo\\\/\",\"name\":\"James & Nicholson Spraypolo : BlaFor.com Markt\",\"isPartOf\":{\"@id\":\"https:\\\/\\\/blafor.com\\\/markt\\\/#website\"},\"primaryImageOfPage\":{\"@id\":\"https:\\\/\\\/blafor.com\\\/markt\\\/produkt\\\/james-nicholson-spraypolo\\\/#primaryimage\"},\"image\":{\"@id\":\"https:\\\/\\\/blafor.com\\\/markt\\\/produkt\\\/james-nicholson-spraypolo\\\/#primaryimage\"},\"thumbnailUrl\":\"https:\\\/\\\/blafor.com\\\/markt\\\/wp-content\\\/uploads\\\/sites\\\/6\\\/2022\\\/10\\\/JN988.jpg\",\"datePublished\":\"2022-10-21T05:17:44+00:00\",\"dateModified\":\"2022-10-21T06:19:46+00:00\",\"description\":\"Poloshirt in Spray Technik. James & Nicholson Spraypolo\",\"breadcrumb\":{\"@id\":\"https:\\\/\\\/blafor.com\\\/markt\\\/produkt\\\/james-nicholson-spraypolo\\\/#breadcrumb\"},\"inLanguage\":\"de\",\"potentialAction\":[{\"@type\":\"ReadAction\",\"target\":[\"https:\\\/\\\/blafor.com\\\/markt\\\/produkt\\\/james-nicholson-spraypolo\\\/\"]}]},{\"@type\":\"ImageObject\",\"inLanguage\":\"de\",\"@id\":\"https:\\\/\\\/blafor.com\\\/markt\\\/produkt\\\/james-nicholson-spraypolo\\\/#primaryimage\",\"url\":\"https:\\\/\\\/blafor.com\\\/markt\\\/wp-content\\\/uploads\\\/sites\\\/6\\\/2022\\\/10\\\/JN988.jpg\",\"contentUrl\":\"https:\\\/\\\/blafor.com\\\/markt\\\/wp-content\\\/uploads\\\/sites\\\/6\\\/2022\\\/10\\\/JN988.jpg\",\"width\":800,\"height\":800,\"caption\":\"James & Nicholson Spraypolo\"},{\"@type\":\"BreadcrumbList\",\"@id\":\"https:\\\/\\\/blafor.com\\\/markt\\\/produkt\\\/james-nicholson-spraypolo\\\/#breadcrumb\",\"itemListElement\":[{\"@type\":\"ListItem\",\"position\":1,\"name\":\"Startseite\",\"item\":\"https:\\\/\\\/blafor.com\\\/markt\\\/\"},{\"@type\":\"ListItem\",\"position\":2,\"name\":\"Katalog\",\"item\":\"https:\\\/\\\/blafor.com\\\/markt\\\/katalog\\\/\"},{\"@type\":\"ListItem\",\"position\":3,\"name\":\"James &#038; Nicholson Spraypolo\"}]},{\"@type\":\"WebSite\",\"@id\":\"https:\\\/\\\/blafor.com\\\/markt\\\/#website\",\"url\":\"https:\\\/\\\/blafor.com\\\/markt\\\/\",\"name\":\"BlaFor.com Markt\",\"description\":\"Der Online-Marktplatz aus dem Schwarzwald\",\"publisher\":{\"@id\":\"https:\\\/\\\/blafor.com\\\/markt\\\/#organization\"},\"alternateName\":\"BlaFor Markt\",\"potentialAction\":[{\"@type\":\"SearchAction\",\"target\":{\"@type\":\"EntryPoint\",\"urlTemplate\":\"https:\\\/\\\/blafor.com\\\/markt\\\/?s={search_term_string}\"},\"query-input\":{\"@type\":\"PropertyValueSpecification\",\"valueRequired\":true,\"valueName\":\"search_term_string\"}}],\"inLanguage\":\"de\"},{\"@type\":\"Organization\",\"@id\":\"https:\\\/\\\/blafor.com\\\/markt\\\/#organization\",\"name\":\"BlaFor.com\",\"alternateName\":\"ALIZEL\",\"url\":\"https:\\\/\\\/blafor.com\\\/markt\\\/\",\"logo\":{\"@type\":\"ImageObject\",\"inLanguage\":\"de\",\"@id\":\"https:\\\/\\\/blafor.com\\\/markt\\\/#\\\/schema\\\/logo\\\/image\\\/\",\"url\":\"https:\\\/\\\/blafor.com\\\/markt\\\/wp-content\\\/uploads\\\/sites\\\/6\\\/2022\\\/07\\\/bfc-shop64.png\",\"contentUrl\":\"https:\\\/\\\/blafor.com\\\/markt\\\/wp-content\\\/uploads\\\/sites\\\/6\\\/2022\\\/07\\\/bfc-shop64.png\",\"width\":400,\"height\":160,\"caption\":\"BlaFor.com\"},\"image\":{\"@id\":\"https:\\\/\\\/blafor.com\\\/markt\\\/#\\\/schema\\\/logo\\\/image\\\/\"},\"sameAs\":[\"https:\\\/\\\/www.facebook.com\\\/BlaForCom\\\/\",\"https:\\\/\\\/www.linkedin.com\\\/showcase\\\/blaforcom\\\/\"]}]}<\/script>\n<!-- \/ Yoast SEO plugin. -->","yoast_head_json":{"title":"James & Nicholson Spraypolo : BlaFor.com Markt","description":"Poloshirt in Spray Technik. James & Nicholson Spraypolo","robots":{"index":"index","follow":"follow","max-snippet":"max-snippet:-1","max-image-preview":"max-image-preview:large","max-video-preview":"max-video-preview:-1"},"canonical":"https:\/\/blafor.com\/markt\/produkt\/james-nicholson-spraypolo\/","og_locale":"de_DE","og_type":"article","og_title":"James & Nicholson Spraypolo : BlaFor.com Markt","og_description":"Poloshirt in Spray Technik. James & Nicholson Spraypolo","og_url":"https:\/\/blafor.com\/markt\/produkt\/james-nicholson-spraypolo\/","og_site_name":"BlaFor.com Markt","article_publisher":"https:\/\/www.facebook.com\/BlaForCom\/","article_modified_time":"2022-10-21T06:19:46+00:00","og_image":[{"width":800,"height":800,"url":"https:\/\/blafor.com\/markt\/wp-content\/uploads\/sites\/6\/2022\/10\/JN988.jpg","type":"image\/jpeg"}],"twitter_card":"summary_large_image","twitter_misc":{"Gesch\u00e4tzte Lesezeit":"1\u00a0Minute"},"schema":{"@context":"https:\/\/schema.org","@graph":[{"@type":"WebPage","@id":"https:\/\/blafor.com\/markt\/produkt\/james-nicholson-spraypolo\/","url":"https:\/\/blafor.com\/markt\/produkt\/james-nicholson-spraypolo\/","name":"James & Nicholson Spraypolo : BlaFor.com Markt","isPartOf":{"@id":"https:\/\/blafor.com\/markt\/#website"},"primaryImageOfPage":{"@id":"https:\/\/blafor.com\/markt\/produkt\/james-nicholson-spraypolo\/#primaryimage"},"image":{"@id":"https:\/\/blafor.com\/markt\/produkt\/james-nicholson-spraypolo\/#primaryimage"},"thumbnailUrl":"https:\/\/blafor.com\/markt\/wp-content\/uploads\/sites\/6\/2022\/10\/JN988.jpg","datePublished":"2022-10-21T05:17:44+00:00","dateModified":"2022-10-21T06:19:46+00:00","description":"Poloshirt in Spray Technik. James & Nicholson Spraypolo","breadcrumb":{"@id":"https:\/\/blafor.com\/markt\/produkt\/james-nicholson-spraypolo\/#breadcrumb"},"inLanguage":"de","potentialAction":[{"@type":"ReadAction","target":["https:\/\/blafor.com\/markt\/produkt\/james-nicholson-spraypolo\/"]}]},{"@type":"ImageObject","inLanguage":"de","@id":"https:\/\/blafor.com\/markt\/produkt\/james-nicholson-spraypolo\/#primaryimage","url":"https:\/\/blafor.com\/markt\/wp-content\/uploads\/sites\/6\/2022\/10\/JN988.jpg","contentUrl":"https:\/\/blafor.com\/markt\/wp-content\/uploads\/sites\/6\/2022\/10\/JN988.jpg","width":800,"height":800,"caption":"James & Nicholson Spraypolo"},{"@type":"BreadcrumbList","@id":"https:\/\/blafor.com\/markt\/produkt\/james-nicholson-spraypolo\/#breadcrumb","itemListElement":[{"@type":"ListItem","position":1,"name":"Startseite","item":"https:\/\/blafor.com\/markt\/"},{"@type":"ListItem","position":2,"name":"Katalog","item":"https:\/\/blafor.com\/markt\/katalog\/"},{"@type":"ListItem","position":3,"name":"James &#038; Nicholson Spraypolo"}]},{"@type":"WebSite","@id":"https:\/\/blafor.com\/markt\/#website","url":"https:\/\/blafor.com\/markt\/","name":"BlaFor.com Markt","description":"Der Online-Marktplatz aus dem Schwarzwald","publisher":{"@id":"https:\/\/blafor.com\/markt\/#organization"},"alternateName":"BlaFor Markt","potentialAction":[{"@type":"SearchAction","target":{"@type":"EntryPoint","urlTemplate":"https:\/\/blafor.com\/markt\/?s={search_term_string}"},"query-input":{"@type":"PropertyValueSpecification","valueRequired":true,"valueName":"search_term_string"}}],"inLanguage":"de"},{"@type":"Organization","@id":"https:\/\/blafor.com\/markt\/#organization","name":"BlaFor.com","alternateName":"ALIZEL","url":"https:\/\/blafor.com\/markt\/","logo":{"@type":"ImageObject","inLanguage":"de","@id":"https:\/\/blafor.com\/markt\/#\/schema\/logo\/image\/","url":"https:\/\/blafor.com\/markt\/wp-content\/uploads\/sites\/6\/2022\/07\/bfc-shop64.png","contentUrl":"https:\/\/blafor.com\/markt\/wp-content\/uploads\/sites\/6\/2022\/07\/bfc-shop64.png","width":400,"height":160,"caption":"BlaFor.com"},"image":{"@id":"https:\/\/blafor.com\/markt\/#\/schema\/logo\/image\/"},"sameAs":["https:\/\/www.facebook.com\/BlaForCom\/","https:\/\/www.linkedin.com\/showcase\/blaforcom\/"]}]}},"taxonomy_info":{"product_cat":[{"value":228,"label":"Poloshirts Herren"},{"value":227,"label":"Sale %"}],"product_tag":[{"value":358,"label":"Cool"},{"value":357,"label":"Lifestyle"},{"value":231,"label":"Restposten"},{"value":521,"label":"Street-Style"}],"pa_farbe":[{"value":690,"label":"Fern Green"},{"value":691,"label":"Terra"}],"pa_int-groesse":[{"value":238,"label":"L"},{"value":239,"label":"XL"}],"pa_marke":[{"value":147,"label":"James &amp; Nicholson"}],"pa_material":[{"value":247,"label":"100% Baumwolle"}],"pa_standort":[{"value":106,"label":"79843"}]},"featured_image_src_large":["https:\/\/blafor.com\/markt\/wp-content\/uploads\/sites\/6\/2022\/10\/JN988.jpg",800,800,false],"author_info":[],"comment_info":"","_links":{"self":[{"href":"https:\/\/blafor.com\/markt\/wp-json\/wp\/v2\/product\/4330","targetHints":{"allow":["GET"]}}],"collection":[{"href":"https:\/\/blafor.com\/markt\/wp-json\/wp\/v2\/product"}],"about":[{"href":"https:\/\/blafor.com\/markt\/wp-json\/wp\/v2\/types\/product"}],"wp:featuredmedia":[{"embeddable":true,"href":"https:\/\/blafor.com\/markt\/wp-json\/wp\/v2\/media\/4331"}],"wp:attachment":[{"href":"https:\/\/blafor.com\/markt\/wp-json\/wp\/v2\/media?parent=4330"}],"wp:term":[{"taxonomy":"product_brand","embeddable":true,"href":"https:\/\/blafor.com\/markt\/wp-json\/wp\/v2\/product_brand?post=4330"},{"taxonomy":"product_cat","embeddable":true,"href":"https:\/\/blafor.com\/markt\/wp-json\/wp\/v2\/product_cat?post=4330"},{"taxonomy":"product_tag","embeddable":true,"href":"https:\/\/blafor.com\/markt\/wp-json\/wp\/v2\/product_tag?post=4330"},{"taxonomy":"product_brands","embeddable":true,"href":"https:\/\/blafor.com\/markt\/wp-json\/wp\/v2\/product_brands?post=4330"}],"curies":[{"name":"wp","href":"https:\/\/api.w.org\/{rel}","templated":true}]}}