{"id":3460,"date":"2021-03-16T08:24:22","date_gmt":"2021-03-16T07:24:22","guid":{"rendered":"https:\/\/blafor.com\/markt\/?post_type=product&#038;p=3460"},"modified":"2022-08-25T07:39:13","modified_gmt":"2022-08-25T05:39:13","slug":"men-rainbow-tech-tee-cona-sports","status":"publish","type":"product","link":"https:\/\/blafor.com\/markt\/produkt\/men-rainbow-tech-tee-cona-sports\/","title":{"rendered":"Men Rainbow Tech Tee CONA Sports"},"content":{"rendered":"<h2>Men Rainbow Tech Tee CONA Sports<\/h2>\n<p>Men Rainbow Tech Tee CONA Sports gibt es auch f\u00fcr Damen. Das leichte DRYPOWER Classic Mesh Mikropolyester ist atmungsaktiv und schnell trocknend. Der sportlicher Slim-Fit-Schnitt und dynamische Raglan-\u00c4rmel sorgen f\u00fcr einen angenehmen Tragekomfort.<\/p>\n<p>DRYPOWER steht f\u00fcr optimales Klimamanagement und Ventilation durch haut-sympathische Strukturmix-Technologie. DRYPOWER garantiert schnellen Feuchtigkeitstransport von innen nach au\u00dfen und sorgt f\u00fcr ein ideales K\u00f6rperklima und Wohlbefinden.<\/p>\n<ul>\n<li>Grammatur: 135 g\/m\u00b2<\/li>\n<li>Passform: Sportlicher Slim-Fit-Schnitt, Raglan-\u00c4rmel<\/li>\n<li>Material: 100% Polyester \/ DRYPOWER Mikropolyester<\/li>\n<li>Verf\u00fcgbare Gr\u00f6\u00dfen: XS bis 3XL<\/li>\n<li>Verf\u00fcgbare Farben: 25<\/li>\n<li>Pflegehinweise: waschbar bis max. 40\u00b0C, nicht im Trockner trocknen, nicht b\u00fcgeln<\/li>\n<li>Zertifizierungen: OEKO-TEX\u00ae<\/li>\n<\/ul>\n<p>*Bitte beachte, die dargestellten Farben in der Veranschaulichung am Bildschirm k\u00f6nnen von den Originalfarben abweichen.<\/p>\n<p>Artikel-Nr.: CN100<br \/>\nStyle: CS01, CONA Sports, T-Shirt, Sportshirt, Funktions-Shirt, Teamwear, Partnerlook<\/p>\n","protected":false},"excerpt":{"rendered":"<ul>\n<li>Leichtes Sport- und Funktions-Shirt, 135 g\/m\u00b2<\/li>\n<li>DRYPOWER f\u00fcr optimales Klimamanagement<\/li>\n<li>Verf\u00fcgbar in 25 Farben und in Gr\u00f6\u00dfe XS bis 3XL<\/li>\n<li>Gr\u00f6\u00dfenangabe nach Auswahl<\/li>\n<li>Deine Gr\u00f6\u00dfe oder Farbe gerade nicht dabei? <br \/>Kontaktiere Verk\u00e4ufer!<\/li>\n<\/ul>\n","protected":false},"featured_media":3461,"template":"","meta":{"_kad_blocks_custom_css":"","_kad_blocks_head_custom_js":"","_kad_blocks_body_custom_js":"","_kad_blocks_footer_custom_js":"","_kadence_starter_templates_imported_post":false,"_kad_post_transparent":"default","_kad_post_title":"","_kad_post_layout":"default","_kad_post_sidebar_id":"","_kad_post_content_style":"default","_kad_post_vertical_padding":"default","_kad_post_feature":"","_kad_post_feature_position":"","_kad_post_header":false,"_kad_post_footer":false,"_kad_post_classname":""},"product_brand":[],"product_cat":[588,203],"product_tag":[458,358,234,230,233,232,270],"product_brands":[],"class_list":{"0":"post-3460","1":"product","2":"type-product","3":"status-publish","4":"has-post-thumbnail","6":"product_cat-sportshirts","7":"product_cat-t-shirts-herren","8":"product_tag-colors","9":"product_tag-cool","10":"product_tag-partnerlook","11":"product_tag-sommer","12":"product_tag-sport","13":"product_tag-teamwear","14":"product_tag-unisex","15":"pa_farbe-anthrazit","16":"pa_farbe-apple-green","17":"pa_farbe-azure-blue","18":"pa_farbe-black","19":"pa_farbe-bordeaux","20":"pa_farbe-bottle-green","21":"pa_farbe-chocolate","22":"pa_farbe-clear-blue","23":"pa_farbe-gold","24":"pa_farbe-green","25":"pa_farbe-ice-grey","26":"pa_farbe-ink-blue","27":"pa_farbe-lime","28":"pa_farbe-magenta","29":"pa_farbe-navy-blue","30":"pa_farbe-neon-coral","31":"pa_farbe-neon-peach","32":"pa_farbe-neon-yellow","33":"pa_farbe-orange","34":"pa_farbe-red","35":"pa_farbe-royal-blue","36":"pa_farbe-teal","37":"pa_farbe-violet","38":"pa_farbe-white","39":"pa_farbe-yellow","40":"pa_int-groesse-3xl","41":"pa_int-groesse-l","42":"pa_int-groesse-m","43":"pa_int-groesse-s","44":"pa_int-groesse-xl","45":"pa_int-groesse-xs","46":"pa_int-groesse-xxl","47":"pa_marke-cona-sports","48":"pa_material-100-polyester","49":"pa_standort-106","51":"first","52":"instock","53":"taxable","54":"shipping-taxable","55":"purchasable","56":"product-type-variable","57":"entry","58":"content-bg","59":"loop-entry"},"yoast_head":"<!-- This site is optimized with the Yoast SEO plugin v27.4 - https:\/\/yoast.com\/product\/yoast-seo-wordpress\/ -->\n<title>Men Rainbow Tech Tee CONA Sports : BlaFor.com Markt<\/title>\n<meta name=\"robots\" content=\"index, follow, max-snippet:-1, max-image-preview:large, max-video-preview:-1\" \/>\n<link rel=\"canonical\" href=\"https:\/\/blafor.com\/markt\/produkt\/men-rainbow-tech-tee-cona-sports\/\" \/>\n<meta property=\"og:locale\" content=\"de_DE\" \/>\n<meta property=\"og:type\" content=\"article\" \/>\n<meta property=\"og:title\" content=\"Men Rainbow Tech Tee CONA Sports : BlaFor.com Markt\" \/>\n<meta property=\"og:description\" content=\"Leichtes Sport- und Funktions-Shirt, 135 g\/m\u00b2  DRYPOWER f\u00fcr optimales Klimamanagement  Verf\u00fcgbar in 25 Farben und in Gr\u00f6\u00dfe XS bis 3XL  Gr\u00f6\u00dfenangabe nach Auswahl  Deine Gr\u00f6\u00dfe oder Farbe gerade nicht dabei? Kontaktiere Verk\u00e4ufer!\" \/>\n<meta property=\"og:url\" content=\"https:\/\/blafor.com\/markt\/produkt\/men-rainbow-tech-tee-cona-sports\/\" \/>\n<meta property=\"og:site_name\" content=\"BlaFor.com Markt\" \/>\n<meta property=\"article:publisher\" content=\"https:\/\/www.facebook.com\/BlaForCom\/\" \/>\n<meta property=\"article:modified_time\" content=\"2022-08-25T05:39:13+00:00\" \/>\n<meta property=\"og:image\" content=\"https:\/\/blafor.com\/markt\/wp-content\/uploads\/sites\/6\/2022\/08\/cn100a.jpg\" \/>\n\t<meta property=\"og:image:width\" content=\"800\" \/>\n\t<meta property=\"og:image:height\" content=\"800\" \/>\n\t<meta property=\"og:image:type\" content=\"image\/jpeg\" \/>\n<meta name=\"twitter:card\" content=\"summary_large_image\" \/>\n<meta name=\"twitter:label1\" content=\"Gesch\u00e4tzte Lesezeit\" \/>\n\t<meta name=\"twitter:data1\" content=\"1\u00a0Minute\" \/>\n<script type=\"application\/ld+json\" class=\"yoast-schema-graph\">{\"@context\":\"https:\\\/\\\/schema.org\",\"@graph\":[{\"@type\":\"WebPage\",\"@id\":\"https:\\\/\\\/blafor.com\\\/markt\\\/produkt\\\/men-rainbow-tech-tee-cona-sports\\\/\",\"url\":\"https:\\\/\\\/blafor.com\\\/markt\\\/produkt\\\/men-rainbow-tech-tee-cona-sports\\\/\",\"name\":\"Men Rainbow Tech Tee CONA Sports : BlaFor.com Markt\",\"isPartOf\":{\"@id\":\"https:\\\/\\\/blafor.com\\\/markt\\\/#website\"},\"primaryImageOfPage\":{\"@id\":\"https:\\\/\\\/blafor.com\\\/markt\\\/produkt\\\/men-rainbow-tech-tee-cona-sports\\\/#primaryimage\"},\"image\":{\"@id\":\"https:\\\/\\\/blafor.com\\\/markt\\\/produkt\\\/men-rainbow-tech-tee-cona-sports\\\/#primaryimage\"},\"thumbnailUrl\":\"https:\\\/\\\/blafor.com\\\/markt\\\/wp-content\\\/uploads\\\/sites\\\/6\\\/2022\\\/08\\\/cn100a.jpg\",\"datePublished\":\"2021-03-16T07:24:22+00:00\",\"dateModified\":\"2022-08-25T05:39:13+00:00\",\"breadcrumb\":{\"@id\":\"https:\\\/\\\/blafor.com\\\/markt\\\/produkt\\\/men-rainbow-tech-tee-cona-sports\\\/#breadcrumb\"},\"inLanguage\":\"de\",\"potentialAction\":[{\"@type\":\"ReadAction\",\"target\":[\"https:\\\/\\\/blafor.com\\\/markt\\\/produkt\\\/men-rainbow-tech-tee-cona-sports\\\/\"]}]},{\"@type\":\"ImageObject\",\"inLanguage\":\"de\",\"@id\":\"https:\\\/\\\/blafor.com\\\/markt\\\/produkt\\\/men-rainbow-tech-tee-cona-sports\\\/#primaryimage\",\"url\":\"https:\\\/\\\/blafor.com\\\/markt\\\/wp-content\\\/uploads\\\/sites\\\/6\\\/2022\\\/08\\\/cn100a.jpg\",\"contentUrl\":\"https:\\\/\\\/blafor.com\\\/markt\\\/wp-content\\\/uploads\\\/sites\\\/6\\\/2022\\\/08\\\/cn100a.jpg\",\"width\":800,\"height\":800},{\"@type\":\"BreadcrumbList\",\"@id\":\"https:\\\/\\\/blafor.com\\\/markt\\\/produkt\\\/men-rainbow-tech-tee-cona-sports\\\/#breadcrumb\",\"itemListElement\":[{\"@type\":\"ListItem\",\"position\":1,\"name\":\"Startseite\",\"item\":\"https:\\\/\\\/blafor.com\\\/markt\\\/\"},{\"@type\":\"ListItem\",\"position\":2,\"name\":\"Katalog\",\"item\":\"https:\\\/\\\/blafor.com\\\/markt\\\/katalog\\\/\"},{\"@type\":\"ListItem\",\"position\":3,\"name\":\"Men Rainbow Tech Tee CONA Sports\"}]},{\"@type\":\"WebSite\",\"@id\":\"https:\\\/\\\/blafor.com\\\/markt\\\/#website\",\"url\":\"https:\\\/\\\/blafor.com\\\/markt\\\/\",\"name\":\"BlaFor.com Markt\",\"description\":\"Der Online-Marktplatz aus dem Schwarzwald\",\"publisher\":{\"@id\":\"https:\\\/\\\/blafor.com\\\/markt\\\/#organization\"},\"alternateName\":\"BlaFor Markt\",\"potentialAction\":[{\"@type\":\"SearchAction\",\"target\":{\"@type\":\"EntryPoint\",\"urlTemplate\":\"https:\\\/\\\/blafor.com\\\/markt\\\/?s={search_term_string}\"},\"query-input\":{\"@type\":\"PropertyValueSpecification\",\"valueRequired\":true,\"valueName\":\"search_term_string\"}}],\"inLanguage\":\"de\"},{\"@type\":\"Organization\",\"@id\":\"https:\\\/\\\/blafor.com\\\/markt\\\/#organization\",\"name\":\"BlaFor.com\",\"alternateName\":\"ALIZEL\",\"url\":\"https:\\\/\\\/blafor.com\\\/markt\\\/\",\"logo\":{\"@type\":\"ImageObject\",\"inLanguage\":\"de\",\"@id\":\"https:\\\/\\\/blafor.com\\\/markt\\\/#\\\/schema\\\/logo\\\/image\\\/\",\"url\":\"https:\\\/\\\/blafor.com\\\/markt\\\/wp-content\\\/uploads\\\/sites\\\/6\\\/2022\\\/07\\\/bfc-shop64.png\",\"contentUrl\":\"https:\\\/\\\/blafor.com\\\/markt\\\/wp-content\\\/uploads\\\/sites\\\/6\\\/2022\\\/07\\\/bfc-shop64.png\",\"width\":400,\"height\":160,\"caption\":\"BlaFor.com\"},\"image\":{\"@id\":\"https:\\\/\\\/blafor.com\\\/markt\\\/#\\\/schema\\\/logo\\\/image\\\/\"},\"sameAs\":[\"https:\\\/\\\/www.facebook.com\\\/BlaForCom\\\/\",\"https:\\\/\\\/www.linkedin.com\\\/showcase\\\/blaforcom\\\/\"]}]}<\/script>\n<!-- \/ Yoast SEO plugin. -->","yoast_head_json":{"title":"Men Rainbow Tech Tee CONA Sports : BlaFor.com Markt","robots":{"index":"index","follow":"follow","max-snippet":"max-snippet:-1","max-image-preview":"max-image-preview:large","max-video-preview":"max-video-preview:-1"},"canonical":"https:\/\/blafor.com\/markt\/produkt\/men-rainbow-tech-tee-cona-sports\/","og_locale":"de_DE","og_type":"article","og_title":"Men Rainbow Tech Tee CONA Sports : BlaFor.com Markt","og_description":"Leichtes Sport- und Funktions-Shirt, 135 g\/m\u00b2  DRYPOWER f\u00fcr optimales Klimamanagement  Verf\u00fcgbar in 25 Farben und in Gr\u00f6\u00dfe XS bis 3XL  Gr\u00f6\u00dfenangabe nach Auswahl  Deine Gr\u00f6\u00dfe oder Farbe gerade nicht dabei? Kontaktiere Verk\u00e4ufer!","og_url":"https:\/\/blafor.com\/markt\/produkt\/men-rainbow-tech-tee-cona-sports\/","og_site_name":"BlaFor.com Markt","article_publisher":"https:\/\/www.facebook.com\/BlaForCom\/","article_modified_time":"2022-08-25T05:39:13+00:00","og_image":[{"width":800,"height":800,"url":"https:\/\/blafor.com\/markt\/wp-content\/uploads\/sites\/6\/2022\/08\/cn100a.jpg","type":"image\/jpeg"}],"twitter_card":"summary_large_image","twitter_misc":{"Gesch\u00e4tzte Lesezeit":"1\u00a0Minute"},"schema":{"@context":"https:\/\/schema.org","@graph":[{"@type":"WebPage","@id":"https:\/\/blafor.com\/markt\/produkt\/men-rainbow-tech-tee-cona-sports\/","url":"https:\/\/blafor.com\/markt\/produkt\/men-rainbow-tech-tee-cona-sports\/","name":"Men Rainbow Tech Tee CONA Sports : BlaFor.com Markt","isPartOf":{"@id":"https:\/\/blafor.com\/markt\/#website"},"primaryImageOfPage":{"@id":"https:\/\/blafor.com\/markt\/produkt\/men-rainbow-tech-tee-cona-sports\/#primaryimage"},"image":{"@id":"https:\/\/blafor.com\/markt\/produkt\/men-rainbow-tech-tee-cona-sports\/#primaryimage"},"thumbnailUrl":"https:\/\/blafor.com\/markt\/wp-content\/uploads\/sites\/6\/2022\/08\/cn100a.jpg","datePublished":"2021-03-16T07:24:22+00:00","dateModified":"2022-08-25T05:39:13+00:00","breadcrumb":{"@id":"https:\/\/blafor.com\/markt\/produkt\/men-rainbow-tech-tee-cona-sports\/#breadcrumb"},"inLanguage":"de","potentialAction":[{"@type":"ReadAction","target":["https:\/\/blafor.com\/markt\/produkt\/men-rainbow-tech-tee-cona-sports\/"]}]},{"@type":"ImageObject","inLanguage":"de","@id":"https:\/\/blafor.com\/markt\/produkt\/men-rainbow-tech-tee-cona-sports\/#primaryimage","url":"https:\/\/blafor.com\/markt\/wp-content\/uploads\/sites\/6\/2022\/08\/cn100a.jpg","contentUrl":"https:\/\/blafor.com\/markt\/wp-content\/uploads\/sites\/6\/2022\/08\/cn100a.jpg","width":800,"height":800},{"@type":"BreadcrumbList","@id":"https:\/\/blafor.com\/markt\/produkt\/men-rainbow-tech-tee-cona-sports\/#breadcrumb","itemListElement":[{"@type":"ListItem","position":1,"name":"Startseite","item":"https:\/\/blafor.com\/markt\/"},{"@type":"ListItem","position":2,"name":"Katalog","item":"https:\/\/blafor.com\/markt\/katalog\/"},{"@type":"ListItem","position":3,"name":"Men Rainbow Tech Tee CONA Sports"}]},{"@type":"WebSite","@id":"https:\/\/blafor.com\/markt\/#website","url":"https:\/\/blafor.com\/markt\/","name":"BlaFor.com Markt","description":"Der Online-Marktplatz aus dem Schwarzwald","publisher":{"@id":"https:\/\/blafor.com\/markt\/#organization"},"alternateName":"BlaFor Markt","potentialAction":[{"@type":"SearchAction","target":{"@type":"EntryPoint","urlTemplate":"https:\/\/blafor.com\/markt\/?s={search_term_string}"},"query-input":{"@type":"PropertyValueSpecification","valueRequired":true,"valueName":"search_term_string"}}],"inLanguage":"de"},{"@type":"Organization","@id":"https:\/\/blafor.com\/markt\/#organization","name":"BlaFor.com","alternateName":"ALIZEL","url":"https:\/\/blafor.com\/markt\/","logo":{"@type":"ImageObject","inLanguage":"de","@id":"https:\/\/blafor.com\/markt\/#\/schema\/logo\/image\/","url":"https:\/\/blafor.com\/markt\/wp-content\/uploads\/sites\/6\/2022\/07\/bfc-shop64.png","contentUrl":"https:\/\/blafor.com\/markt\/wp-content\/uploads\/sites\/6\/2022\/07\/bfc-shop64.png","width":400,"height":160,"caption":"BlaFor.com"},"image":{"@id":"https:\/\/blafor.com\/markt\/#\/schema\/logo\/image\/"},"sameAs":["https:\/\/www.facebook.com\/BlaForCom\/","https:\/\/www.linkedin.com\/showcase\/blaforcom\/"]}]}},"taxonomy_info":{"product_cat":[{"value":588,"label":"Sportshirts"},{"value":203,"label":"T-Shirts Herren"}],"product_tag":[{"value":458,"label":"Colors"},{"value":358,"label":"Cool"},{"value":234,"label":"Partnerlook"},{"value":230,"label":"Sommer"},{"value":233,"label":"Sport"},{"value":232,"label":"Teamwear"},{"value":270,"label":"Unisex"}],"pa_farbe":[{"value":120,"label":"Anthrazit"},{"value":608,"label":"Apple Green"},{"value":566,"label":"Azure Blue"},{"value":115,"label":"Black"},{"value":118,"label":"Bordeaux"},{"value":443,"label":"Bottle Green"},{"value":122,"label":"Chocolate"},{"value":642,"label":"Clear Blue"},{"value":125,"label":"Gold"},{"value":40,"label":"Green"},{"value":637,"label":"Ice Grey"},{"value":584,"label":"Ink Blue"},{"value":446,"label":"Lime"},{"value":128,"label":"Magenta"},{"value":342,"label":"Navy Blue"},{"value":641,"label":"Neon Coral"},{"value":639,"label":"Neon Peach"},{"value":640,"label":"Neon Yellow"},{"value":117,"label":"Orange"},{"value":41,"label":"Red"},{"value":444,"label":"Royal Blue"},{"value":456,"label":"Teal"},{"value":638,"label":"Violet"},{"value":368,"label":"White"},{"value":116,"label":"Yellow"}],"pa_int-groesse":[{"value":241,"label":"3XL"},{"value":238,"label":"L"},{"value":237,"label":"M"},{"value":236,"label":"S"},{"value":239,"label":"XL"},{"value":235,"label":"XS"},{"value":240,"label":"XXL"}],"pa_marke":[{"value":636,"label":"CONA SPORTS"}],"pa_material":[{"value":251,"label":"100% Polyester"}],"pa_standort":[{"value":106,"label":"79843"}]},"featured_image_src_large":["https:\/\/blafor.com\/markt\/wp-content\/uploads\/sites\/6\/2022\/08\/cn100a.jpg",800,800,false],"author_info":[],"comment_info":"","_links":{"self":[{"href":"https:\/\/blafor.com\/markt\/wp-json\/wp\/v2\/product\/3460","targetHints":{"allow":["GET"]}}],"collection":[{"href":"https:\/\/blafor.com\/markt\/wp-json\/wp\/v2\/product"}],"about":[{"href":"https:\/\/blafor.com\/markt\/wp-json\/wp\/v2\/types\/product"}],"wp:featuredmedia":[{"embeddable":true,"href":"https:\/\/blafor.com\/markt\/wp-json\/wp\/v2\/media\/3461"}],"wp:attachment":[{"href":"https:\/\/blafor.com\/markt\/wp-json\/wp\/v2\/media?parent=3460"}],"wp:term":[{"taxonomy":"product_brand","embeddable":true,"href":"https:\/\/blafor.com\/markt\/wp-json\/wp\/v2\/product_brand?post=3460"},{"taxonomy":"product_cat","embeddable":true,"href":"https:\/\/blafor.com\/markt\/wp-json\/wp\/v2\/product_cat?post=3460"},{"taxonomy":"product_tag","embeddable":true,"href":"https:\/\/blafor.com\/markt\/wp-json\/wp\/v2\/product_tag?post=3460"},{"taxonomy":"product_brands","embeddable":true,"href":"https:\/\/blafor.com\/markt\/wp-json\/wp\/v2\/product_brands?post=3460"}],"curies":[{"name":"wp","href":"https:\/\/api.w.org\/{rel}","templated":true}]}}