{"id":3371,"date":"2021-06-15T08:40:21","date_gmt":"2021-06-15T06:40:21","guid":{"rendered":"https:\/\/blafor.com\/markt\/?post_type=product&#038;p=3371"},"modified":"2022-12-01T07:50:53","modified_gmt":"2022-12-01T06:50:53","slug":"unisex-pique-polo-bc","status":"publish","type":"product","link":"https:\/\/blafor.com\/markt\/produkt\/unisex-pique-polo-bc\/","title":{"rendered":"Unisex Piqu\u00e9 Polo B&#038;C"},"content":{"rendered":"<h2>Unisex Piqu\u00e9 Polo B&amp;C<\/h2>\n<p>Das Unisex Piqu\u00e9 Polo von B&amp;C ist das preiswerte Basic Kurzarm Poloshirt f\u00fcr Sie und Ihn. Das Shirt ist einlaufvorbehandelt und aus ring-gesponnener Baumwolle, Kragen ist in 1\u00d71-Rippstrick, hat eine mit Futterstoff verst\u00e4rkte Knopfleiste und 2 farblich abgestimmte Kn\u00f6pfe. Ein gutes Polo f\u00fcr den Textildruck \/ Veredelung.<\/p>\n<ul>\n<li>Grammatur: 180 g\/m\u00b2<\/li>\n<li>Material: 100% Baumwolle (Heather Grey: 90% Baumwolle \/ 10% Viskose)<\/li>\n<li>Passform: Regular (normal geschnitten)<\/li>\n<li>Verarbeitung: 2-er Knopfleiste, Kn\u00f6pfe Ton in Ton, Seitenn\u00e4hte<\/li>\n<li>Verf\u00fcgbare Gr\u00f6\u00dfen: XS bis 4XL<\/li>\n<li>Verf\u00fcgbare Farben: 20 Farben, 1-farbig, Meliert<\/li>\n<li>Pflegehinweise: waschbar bis max. 40\u00b0C, Trockner geeignet bis max. 60\u00b0C, b\u00fcgeln max. 150\u00b0C<\/li>\n<li>Zertifizierung: Vegan, Faire Arbeitsbedingungen, Reach Konform, OEKO-TEX\u00ae, Fair Wear Foundation<\/li>\n<\/ul>\n<p>*Bitte beachte, die dargestellten Farben in der Veranschaulichung am Bildschirm k\u00f6nnen von den Originalfarben abweichen.<\/p>\n<p>Artikel-Nr.: BCPUI10<br \/>\nStyle: PUI10, B&amp;C, Duo Concept, Unisex Polo ID.001, Kurzarm-Polo, Polo-Hemd, Berufsbekleidung, Polo-Shirt, Basic-Polo<\/p>\n","protected":false},"excerpt":{"rendered":"<ul>\n<li>Unisex Basic Kurzarm Poloshirt<\/li>\n<li>Gut geeignet f\u00fcr Veredelung und\/oder Textildruck<\/li>\n<li>Erh\u00e4ltlich in Gr\u00f6\u00dfe XS bis 4XL und in 20 Farben<\/li>\n<li>Deine Farbe oder Gr\u00f6\u00dfe gerade nicht bestellbar?<br \/>\nKontaktiere Verk\u00e4ufer<\/li>\n<\/ul>\n","protected":false},"featured_media":3372,"template":"","meta":{"_kad_blocks_custom_css":"","_kad_blocks_head_custom_js":"","_kad_blocks_body_custom_js":"","_kad_blocks_footer_custom_js":"","_kadence_starter_templates_imported_post":false,"_kad_post_transparent":"default","_kad_post_title":"","_kad_post_layout":"default","_kad_post_sidebar_id":"","_kad_post_content_style":"default","_kad_post_vertical_padding":"default","_kad_post_feature":"","_kad_post_feature_position":"","_kad_post_header":false,"_kad_post_footer":false,"_kad_post_classname":""},"product_brand":[],"product_cat":[366,228],"product_tag":[458,234,230,521,400,401],"product_brands":[],"class_list":{"0":"post-3371","1":"product","2":"type-product","3":"status-publish","4":"has-post-thumbnail","6":"product_cat-poloshirt-damen","7":"product_cat-poloshirts-herren","8":"product_tag-colors","9":"product_tag-partnerlook","10":"product_tag-sommer","11":"product_tag-street-style","12":"product_tag-textildruck","13":"product_tag-veredelung","14":"pa_farbe-anthrazit","15":"pa_farbe-atoll-blue","16":"pa_farbe-black","17":"pa_farbe-bottle-green","18":"pa_farbe-coral","19":"pa_farbe-fuchsia","20":"pa_farbe-gold","21":"pa_farbe-green","22":"pa_farbe-heather-grey","23":"pa_farbe-kelly-green","24":"pa_farbe-light-blue","25":"pa_farbe-navy-blue","26":"pa_farbe-orange","27":"pa_farbe-purple","28":"pa_farbe-red","29":"pa_farbe-royal-blue","30":"pa_farbe-sand","31":"pa_farbe-white","32":"pa_farbe-wine","33":"pa_int-groesse-3xl","34":"pa_int-groesse-4xl","35":"pa_int-groesse-l","36":"pa_int-groesse-m","37":"pa_int-groesse-s","38":"pa_int-groesse-xl","39":"pa_int-groesse-xs","40":"pa_int-groesse-xxl","41":"pa_marke-bc-collection","42":"pa_material-100-baumwolle","43":"pa_material-90-baumwolle-10-viskose","44":"pa_standort-106","46":"first","47":"instock","48":"taxable","49":"shipping-taxable","50":"purchasable","51":"product-type-variable","52":"entry","53":"content-bg","54":"loop-entry"},"yoast_head":"<!-- This site is optimized with the Yoast SEO plugin v27.3 - https:\/\/yoast.com\/product\/yoast-seo-wordpress\/ -->\n<title>Unisex Piqu\u00e9 Polo B&amp;C : BlaFor.com Markt<\/title>\n<meta name=\"description\" content=\"Das Unisex Piqu\u00e9 Polo von B&amp;C ist das preiswerte Basic Kurzarm Poloshirt f\u00fcr Sie und Ihn. Shirt ist einlaufvorbehandelt und aus ring-gesponnener Baumwolle.\" \/>\n<meta name=\"robots\" content=\"index, follow, max-snippet:-1, max-image-preview:large, max-video-preview:-1\" \/>\n<link rel=\"canonical\" href=\"https:\/\/blafor.com\/markt\/produkt\/unisex-pique-polo-bc\/\" \/>\n<meta property=\"og:locale\" content=\"de_DE\" \/>\n<meta property=\"og:type\" content=\"article\" \/>\n<meta property=\"og:title\" content=\"Unisex Piqu\u00e9 Polo B&amp;C : BlaFor.com Markt\" \/>\n<meta property=\"og:description\" content=\"Das Unisex Piqu\u00e9 Polo von B&amp;C ist das preiswerte Basic Kurzarm Poloshirt f\u00fcr Sie und Ihn. Shirt ist einlaufvorbehandelt und aus ring-gesponnener Baumwolle.\" \/>\n<meta property=\"og:url\" content=\"https:\/\/blafor.com\/markt\/produkt\/unisex-pique-polo-bc\/\" \/>\n<meta property=\"og:site_name\" content=\"BlaFor.com Markt\" \/>\n<meta property=\"article:publisher\" content=\"https:\/\/www.facebook.com\/BlaForCom\/\" \/>\n<meta property=\"article:modified_time\" content=\"2022-12-01T06:50:53+00:00\" \/>\n<meta property=\"og:image\" content=\"https:\/\/blafor.com\/markt\/wp-content\/uploads\/sites\/6\/2022\/08\/BCPUI10-BCPWI11.jpg\" \/>\n\t<meta property=\"og:image:width\" content=\"800\" \/>\n\t<meta property=\"og:image:height\" content=\"800\" \/>\n\t<meta property=\"og:image:type\" content=\"image\/jpeg\" \/>\n<meta name=\"twitter:card\" content=\"summary_large_image\" \/>\n<meta name=\"twitter:label1\" content=\"Gesch\u00e4tzte Lesezeit\" \/>\n\t<meta name=\"twitter:data1\" content=\"1\u00a0Minute\" \/>\n<script type=\"application\/ld+json\" class=\"yoast-schema-graph\">{\"@context\":\"https:\\\/\\\/schema.org\",\"@graph\":[{\"@type\":\"WebPage\",\"@id\":\"https:\\\/\\\/blafor.com\\\/markt\\\/produkt\\\/unisex-pique-polo-bc\\\/\",\"url\":\"https:\\\/\\\/blafor.com\\\/markt\\\/produkt\\\/unisex-pique-polo-bc\\\/\",\"name\":\"Unisex Piqu\u00e9 Polo B&C : BlaFor.com Markt\",\"isPartOf\":{\"@id\":\"https:\\\/\\\/blafor.com\\\/markt\\\/#website\"},\"primaryImageOfPage\":{\"@id\":\"https:\\\/\\\/blafor.com\\\/markt\\\/produkt\\\/unisex-pique-polo-bc\\\/#primaryimage\"},\"image\":{\"@id\":\"https:\\\/\\\/blafor.com\\\/markt\\\/produkt\\\/unisex-pique-polo-bc\\\/#primaryimage\"},\"thumbnailUrl\":\"https:\\\/\\\/blafor.com\\\/markt\\\/wp-content\\\/uploads\\\/sites\\\/6\\\/2022\\\/08\\\/BCPUI10-BCPWI11.jpg\",\"datePublished\":\"2021-06-15T06:40:21+00:00\",\"dateModified\":\"2022-12-01T06:50:53+00:00\",\"description\":\"Das Unisex Piqu\u00e9 Polo von B&C ist das preiswerte Basic Kurzarm Poloshirt f\u00fcr Sie und Ihn. Shirt ist einlaufvorbehandelt und aus ring-gesponnener Baumwolle.\",\"breadcrumb\":{\"@id\":\"https:\\\/\\\/blafor.com\\\/markt\\\/produkt\\\/unisex-pique-polo-bc\\\/#breadcrumb\"},\"inLanguage\":\"de\",\"potentialAction\":[{\"@type\":\"ReadAction\",\"target\":[\"https:\\\/\\\/blafor.com\\\/markt\\\/produkt\\\/unisex-pique-polo-bc\\\/\"]}]},{\"@type\":\"ImageObject\",\"inLanguage\":\"de\",\"@id\":\"https:\\\/\\\/blafor.com\\\/markt\\\/produkt\\\/unisex-pique-polo-bc\\\/#primaryimage\",\"url\":\"https:\\\/\\\/blafor.com\\\/markt\\\/wp-content\\\/uploads\\\/sites\\\/6\\\/2022\\\/08\\\/BCPUI10-BCPWI11.jpg\",\"contentUrl\":\"https:\\\/\\\/blafor.com\\\/markt\\\/wp-content\\\/uploads\\\/sites\\\/6\\\/2022\\\/08\\\/BCPUI10-BCPWI11.jpg\",\"width\":800,\"height\":800},{\"@type\":\"BreadcrumbList\",\"@id\":\"https:\\\/\\\/blafor.com\\\/markt\\\/produkt\\\/unisex-pique-polo-bc\\\/#breadcrumb\",\"itemListElement\":[{\"@type\":\"ListItem\",\"position\":1,\"name\":\"Startseite\",\"item\":\"https:\\\/\\\/blafor.com\\\/markt\\\/\"},{\"@type\":\"ListItem\",\"position\":2,\"name\":\"Katalog\",\"item\":\"https:\\\/\\\/blafor.com\\\/markt\\\/katalog\\\/\"},{\"@type\":\"ListItem\",\"position\":3,\"name\":\"Unisex Piqu\u00e9 Polo B&#038;C\"}]},{\"@type\":\"WebSite\",\"@id\":\"https:\\\/\\\/blafor.com\\\/markt\\\/#website\",\"url\":\"https:\\\/\\\/blafor.com\\\/markt\\\/\",\"name\":\"BlaFor.com Markt\",\"description\":\"Der Online-Marktplatz aus dem Schwarzwald\",\"publisher\":{\"@id\":\"https:\\\/\\\/blafor.com\\\/markt\\\/#organization\"},\"alternateName\":\"BlaFor Markt\",\"potentialAction\":[{\"@type\":\"SearchAction\",\"target\":{\"@type\":\"EntryPoint\",\"urlTemplate\":\"https:\\\/\\\/blafor.com\\\/markt\\\/?s={search_term_string}\"},\"query-input\":{\"@type\":\"PropertyValueSpecification\",\"valueRequired\":true,\"valueName\":\"search_term_string\"}}],\"inLanguage\":\"de\"},{\"@type\":\"Organization\",\"@id\":\"https:\\\/\\\/blafor.com\\\/markt\\\/#organization\",\"name\":\"BlaFor.com\",\"alternateName\":\"ALIZEL\",\"url\":\"https:\\\/\\\/blafor.com\\\/markt\\\/\",\"logo\":{\"@type\":\"ImageObject\",\"inLanguage\":\"de\",\"@id\":\"https:\\\/\\\/blafor.com\\\/markt\\\/#\\\/schema\\\/logo\\\/image\\\/\",\"url\":\"https:\\\/\\\/blafor.com\\\/markt\\\/wp-content\\\/uploads\\\/sites\\\/6\\\/2022\\\/07\\\/bfc-shop64.png\",\"contentUrl\":\"https:\\\/\\\/blafor.com\\\/markt\\\/wp-content\\\/uploads\\\/sites\\\/6\\\/2022\\\/07\\\/bfc-shop64.png\",\"width\":400,\"height\":160,\"caption\":\"BlaFor.com\"},\"image\":{\"@id\":\"https:\\\/\\\/blafor.com\\\/markt\\\/#\\\/schema\\\/logo\\\/image\\\/\"},\"sameAs\":[\"https:\\\/\\\/www.facebook.com\\\/BlaForCom\\\/\",\"https:\\\/\\\/www.linkedin.com\\\/showcase\\\/blaforcom\\\/\"]}]}<\/script>\n<!-- \/ Yoast SEO plugin. -->","yoast_head_json":{"title":"Unisex Piqu\u00e9 Polo B&C : BlaFor.com Markt","description":"Das Unisex Piqu\u00e9 Polo von B&C ist das preiswerte Basic Kurzarm Poloshirt f\u00fcr Sie und Ihn. Shirt ist einlaufvorbehandelt und aus ring-gesponnener Baumwolle.","robots":{"index":"index","follow":"follow","max-snippet":"max-snippet:-1","max-image-preview":"max-image-preview:large","max-video-preview":"max-video-preview:-1"},"canonical":"https:\/\/blafor.com\/markt\/produkt\/unisex-pique-polo-bc\/","og_locale":"de_DE","og_type":"article","og_title":"Unisex Piqu\u00e9 Polo B&C : BlaFor.com Markt","og_description":"Das Unisex Piqu\u00e9 Polo von B&C ist das preiswerte Basic Kurzarm Poloshirt f\u00fcr Sie und Ihn. Shirt ist einlaufvorbehandelt und aus ring-gesponnener Baumwolle.","og_url":"https:\/\/blafor.com\/markt\/produkt\/unisex-pique-polo-bc\/","og_site_name":"BlaFor.com Markt","article_publisher":"https:\/\/www.facebook.com\/BlaForCom\/","article_modified_time":"2022-12-01T06:50:53+00:00","og_image":[{"width":800,"height":800,"url":"https:\/\/blafor.com\/markt\/wp-content\/uploads\/sites\/6\/2022\/08\/BCPUI10-BCPWI11.jpg","type":"image\/jpeg"}],"twitter_card":"summary_large_image","twitter_misc":{"Gesch\u00e4tzte Lesezeit":"1\u00a0Minute"},"schema":{"@context":"https:\/\/schema.org","@graph":[{"@type":"WebPage","@id":"https:\/\/blafor.com\/markt\/produkt\/unisex-pique-polo-bc\/","url":"https:\/\/blafor.com\/markt\/produkt\/unisex-pique-polo-bc\/","name":"Unisex Piqu\u00e9 Polo B&C : BlaFor.com Markt","isPartOf":{"@id":"https:\/\/blafor.com\/markt\/#website"},"primaryImageOfPage":{"@id":"https:\/\/blafor.com\/markt\/produkt\/unisex-pique-polo-bc\/#primaryimage"},"image":{"@id":"https:\/\/blafor.com\/markt\/produkt\/unisex-pique-polo-bc\/#primaryimage"},"thumbnailUrl":"https:\/\/blafor.com\/markt\/wp-content\/uploads\/sites\/6\/2022\/08\/BCPUI10-BCPWI11.jpg","datePublished":"2021-06-15T06:40:21+00:00","dateModified":"2022-12-01T06:50:53+00:00","description":"Das Unisex Piqu\u00e9 Polo von B&C ist das preiswerte Basic Kurzarm Poloshirt f\u00fcr Sie und Ihn. Shirt ist einlaufvorbehandelt und aus ring-gesponnener Baumwolle.","breadcrumb":{"@id":"https:\/\/blafor.com\/markt\/produkt\/unisex-pique-polo-bc\/#breadcrumb"},"inLanguage":"de","potentialAction":[{"@type":"ReadAction","target":["https:\/\/blafor.com\/markt\/produkt\/unisex-pique-polo-bc\/"]}]},{"@type":"ImageObject","inLanguage":"de","@id":"https:\/\/blafor.com\/markt\/produkt\/unisex-pique-polo-bc\/#primaryimage","url":"https:\/\/blafor.com\/markt\/wp-content\/uploads\/sites\/6\/2022\/08\/BCPUI10-BCPWI11.jpg","contentUrl":"https:\/\/blafor.com\/markt\/wp-content\/uploads\/sites\/6\/2022\/08\/BCPUI10-BCPWI11.jpg","width":800,"height":800},{"@type":"BreadcrumbList","@id":"https:\/\/blafor.com\/markt\/produkt\/unisex-pique-polo-bc\/#breadcrumb","itemListElement":[{"@type":"ListItem","position":1,"name":"Startseite","item":"https:\/\/blafor.com\/markt\/"},{"@type":"ListItem","position":2,"name":"Katalog","item":"https:\/\/blafor.com\/markt\/katalog\/"},{"@type":"ListItem","position":3,"name":"Unisex Piqu\u00e9 Polo B&#038;C"}]},{"@type":"WebSite","@id":"https:\/\/blafor.com\/markt\/#website","url":"https:\/\/blafor.com\/markt\/","name":"BlaFor.com Markt","description":"Der Online-Marktplatz aus dem Schwarzwald","publisher":{"@id":"https:\/\/blafor.com\/markt\/#organization"},"alternateName":"BlaFor Markt","potentialAction":[{"@type":"SearchAction","target":{"@type":"EntryPoint","urlTemplate":"https:\/\/blafor.com\/markt\/?s={search_term_string}"},"query-input":{"@type":"PropertyValueSpecification","valueRequired":true,"valueName":"search_term_string"}}],"inLanguage":"de"},{"@type":"Organization","@id":"https:\/\/blafor.com\/markt\/#organization","name":"BlaFor.com","alternateName":"ALIZEL","url":"https:\/\/blafor.com\/markt\/","logo":{"@type":"ImageObject","inLanguage":"de","@id":"https:\/\/blafor.com\/markt\/#\/schema\/logo\/image\/","url":"https:\/\/blafor.com\/markt\/wp-content\/uploads\/sites\/6\/2022\/07\/bfc-shop64.png","contentUrl":"https:\/\/blafor.com\/markt\/wp-content\/uploads\/sites\/6\/2022\/07\/bfc-shop64.png","width":400,"height":160,"caption":"BlaFor.com"},"image":{"@id":"https:\/\/blafor.com\/markt\/#\/schema\/logo\/image\/"},"sameAs":["https:\/\/www.facebook.com\/BlaForCom\/","https:\/\/www.linkedin.com\/showcase\/blaforcom\/"]}]}},"taxonomy_info":{"product_cat":[{"value":366,"label":"Poloshirt Damen"},{"value":228,"label":"Poloshirts Herren"}],"product_tag":[{"value":458,"label":"Colors"},{"value":234,"label":"Partnerlook"},{"value":230,"label":"Sommer"},{"value":521,"label":"Street-Style"},{"value":400,"label":"Textildruck"},{"value":401,"label":"Veredelung"}],"pa_farbe":[{"value":120,"label":"Anthrazit"},{"value":610,"label":"Atoll Blue"},{"value":115,"label":"Black"},{"value":443,"label":"Bottle Green"},{"value":496,"label":"Coral"},{"value":124,"label":"Fuchsia"},{"value":125,"label":"Gold"},{"value":40,"label":"Green"},{"value":468,"label":"Heather Grey"},{"value":567,"label":"Kelly Green"},{"value":451,"label":"Light Blue"},{"value":342,"label":"Navy Blue"},{"value":117,"label":"Orange"},{"value":490,"label":"Purple"},{"value":41,"label":"Red"},{"value":444,"label":"Royal Blue"},{"value":447,"label":"Sand"},{"value":368,"label":"White"},{"value":633,"label":"Wine"}],"pa_int-groesse":[{"value":241,"label":"3XL"},{"value":242,"label":"4XL"},{"value":238,"label":"L"},{"value":237,"label":"M"},{"value":236,"label":"S"},{"value":239,"label":"XL"},{"value":235,"label":"XS"},{"value":240,"label":"XXL"}],"pa_marke":[{"value":136,"label":"B&amp;C Collection"}],"pa_material":[{"value":247,"label":"100% Baumwolle"},{"value":634,"label":"90% Baumwolle \/ 10% Viskose"}],"pa_standort":[{"value":106,"label":"79843"}]},"featured_image_src_large":["https:\/\/blafor.com\/markt\/wp-content\/uploads\/sites\/6\/2022\/08\/BCPUI10-BCPWI11.jpg",800,800,false],"author_info":[],"comment_info":"","_links":{"self":[{"href":"https:\/\/blafor.com\/markt\/wp-json\/wp\/v2\/product\/3371","targetHints":{"allow":["GET"]}}],"collection":[{"href":"https:\/\/blafor.com\/markt\/wp-json\/wp\/v2\/product"}],"about":[{"href":"https:\/\/blafor.com\/markt\/wp-json\/wp\/v2\/types\/product"}],"wp:featuredmedia":[{"embeddable":true,"href":"https:\/\/blafor.com\/markt\/wp-json\/wp\/v2\/media\/3372"}],"wp:attachment":[{"href":"https:\/\/blafor.com\/markt\/wp-json\/wp\/v2\/media?parent=3371"}],"wp:term":[{"taxonomy":"product_brand","embeddable":true,"href":"https:\/\/blafor.com\/markt\/wp-json\/wp\/v2\/product_brand?post=3371"},{"taxonomy":"product_cat","embeddable":true,"href":"https:\/\/blafor.com\/markt\/wp-json\/wp\/v2\/product_cat?post=3371"},{"taxonomy":"product_tag","embeddable":true,"href":"https:\/\/blafor.com\/markt\/wp-json\/wp\/v2\/product_tag?post=3371"},{"taxonomy":"product_brands","embeddable":true,"href":"https:\/\/blafor.com\/markt\/wp-json\/wp\/v2\/product_brands?post=3371"}],"curies":[{"name":"wp","href":"https:\/\/api.w.org\/{rel}","templated":true}]}}