{"id":3269,"date":"2022-08-14T08:45:53","date_gmt":"2022-08-14T06:45:53","guid":{"rendered":"https:\/\/blafor.com\/markt\/?post_type=product&#038;p=3269"},"modified":"2022-08-25T07:21:27","modified_gmt":"2022-08-25T05:21:27","slug":"women-tank-top-stretch-tissue-by-m-mala","status":"publish","type":"product","link":"https:\/\/blafor.com\/markt\/produkt\/women-tank-top-stretch-tissue-by-m-mala\/","title":{"rendered":"Women Tank Top Stretch Tissue by M-Mala"},"content":{"rendered":"<h2>Women Tank Top Stretch Tissue by M-Mala<\/h2>\n<p>Das Women Tank Top Stretch Tissue von M-Mala ist ein \u00e4rmelloses Stretch-Top mit eingewebter Netz-Partie an Schulter und R\u00fccken. Optimal z.B. f\u00fcr Yoga oder Sport.<\/p>\n<ul>\n<li>Passform: Figurbetont<\/li>\n<li>Material: 85% Polyamid \/ 15% Elastan (Stretch-Mikrofaser)<\/li>\n<li>Verf\u00fcgbare Gr\u00f6\u00dfen: M\/L und XL\/XXL (Fallen klein aus, siehe Gr\u00f6\u00dfenangaben bei Auswahl)<\/li>\n<li>Verf\u00fcgbare Farben: black, hot pink, yellow und lavendel<\/li>\n<li>Pflegehinweise: Waschbar bis 40 \u00b0C<\/li>\n<\/ul>\n<p>Artikel-Nr.: 102035<br \/>\nStyle: Tissue, M-mala, Sport Top, Yoga-Top, Fitness Top<\/p>\n","protected":false},"excerpt":{"rendered":"<ul>\n<li>\u00c4rmelloses Top mit eingewebter Netz-Partie<\/li>\n<li>F\u00e4llt klein aus, siehe Gr\u00f6\u00dfenangaben bei Auswahl<\/li>\n<li>Nur solange der Vorrat reicht<\/li>\n<\/ul>\n","protected":false},"featured_media":3271,"template":"","meta":{"_kad_blocks_custom_css":"","_kad_blocks_head_custom_js":"","_kad_blocks_body_custom_js":"","_kad_blocks_footer_custom_js":"","_kadence_starter_templates_imported_post":false,"_kad_post_transparent":"default","_kad_post_title":"","_kad_post_layout":"default","_kad_post_sidebar_id":"","_kad_post_content_style":"default","_kad_post_vertical_padding":"default","_kad_post_feature":"","_kad_post_feature_position":"","_kad_post_header":false,"_kad_post_footer":false,"_kad_post_classname":""},"product_brand":[],"product_cat":[520],"product_tag":[231,230,233,521,397],"product_brands":[],"class_list":{"0":"post-3269","1":"product","2":"type-product","3":"status-publish","4":"has-post-thumbnail","6":"product_cat-tops-damen","7":"product_tag-restposten","8":"product_tag-sommer","9":"product_tag-sport","10":"product_tag-street-style","11":"product_tag-stretch","12":"pa_farbe-black","13":"pa_farbe-hot-pink","14":"pa_farbe-lavendel","15":"pa_farbe-yellow","16":"pa_int-groesse-m-l","17":"pa_int-groesse-xl-xxl","18":"pa_marke-m-mala","19":"pa_material-85-polyamid-15-elastan","20":"pa_standort-106","22":"first","23":"instock","24":"taxable","25":"shipping-taxable","26":"purchasable","27":"product-type-variable","28":"entry","29":"content-bg","30":"loop-entry"},"yoast_head":"<!-- This site is optimized with the Yoast SEO plugin v27.3 - https:\/\/yoast.com\/product\/yoast-seo-wordpress\/ -->\n<title>Women Tank Top Stretch Tissue by M-Mala : BlaFor.com Markt<\/title>\n<meta name=\"robots\" content=\"index, follow, max-snippet:-1, max-image-preview:large, max-video-preview:-1\" \/>\n<link rel=\"canonical\" href=\"https:\/\/blafor.com\/markt\/produkt\/women-tank-top-stretch-tissue-by-m-mala\/\" \/>\n<meta property=\"og:locale\" content=\"de_DE\" \/>\n<meta property=\"og:type\" content=\"article\" \/>\n<meta property=\"og:title\" content=\"Women Tank Top Stretch Tissue by M-Mala : BlaFor.com Markt\" \/>\n<meta property=\"og:description\" content=\"\u00c4rmelloses Top mit eingewebter Netz-Partie  F\u00e4llt klein aus, siehe Gr\u00f6\u00dfenangaben bei Auswahl  Nur solange der Vorrat reicht\" \/>\n<meta property=\"og:url\" content=\"https:\/\/blafor.com\/markt\/produkt\/women-tank-top-stretch-tissue-by-m-mala\/\" \/>\n<meta property=\"og:site_name\" content=\"BlaFor.com Markt\" \/>\n<meta property=\"article:publisher\" content=\"https:\/\/www.facebook.com\/BlaForCom\/\" \/>\n<meta property=\"article:modified_time\" content=\"2022-08-25T05:21:27+00:00\" \/>\n<meta property=\"og:image\" content=\"https:\/\/blafor.com\/markt\/wp-content\/uploads\/sites\/6\/2022\/08\/102035.jpg\" \/>\n\t<meta property=\"og:image:width\" content=\"600\" \/>\n\t<meta property=\"og:image:height\" content=\"600\" \/>\n\t<meta property=\"og:image:type\" content=\"image\/jpeg\" \/>\n<meta name=\"twitter:card\" content=\"summary_large_image\" \/>\n<meta name=\"twitter:label1\" content=\"Gesch\u00e4tzte Lesezeit\" \/>\n\t<meta name=\"twitter:data1\" content=\"1\u00a0Minute\" \/>\n<script type=\"application\/ld+json\" class=\"yoast-schema-graph\">{\"@context\":\"https:\\\/\\\/schema.org\",\"@graph\":[{\"@type\":\"WebPage\",\"@id\":\"https:\\\/\\\/blafor.com\\\/markt\\\/produkt\\\/women-tank-top-stretch-tissue-by-m-mala\\\/\",\"url\":\"https:\\\/\\\/blafor.com\\\/markt\\\/produkt\\\/women-tank-top-stretch-tissue-by-m-mala\\\/\",\"name\":\"Women Tank Top Stretch Tissue by M-Mala : BlaFor.com Markt\",\"isPartOf\":{\"@id\":\"https:\\\/\\\/blafor.com\\\/markt\\\/#website\"},\"primaryImageOfPage\":{\"@id\":\"https:\\\/\\\/blafor.com\\\/markt\\\/produkt\\\/women-tank-top-stretch-tissue-by-m-mala\\\/#primaryimage\"},\"image\":{\"@id\":\"https:\\\/\\\/blafor.com\\\/markt\\\/produkt\\\/women-tank-top-stretch-tissue-by-m-mala\\\/#primaryimage\"},\"thumbnailUrl\":\"https:\\\/\\\/blafor.com\\\/markt\\\/wp-content\\\/uploads\\\/sites\\\/6\\\/2022\\\/08\\\/102035.jpg\",\"datePublished\":\"2022-08-14T06:45:53+00:00\",\"dateModified\":\"2022-08-25T05:21:27+00:00\",\"breadcrumb\":{\"@id\":\"https:\\\/\\\/blafor.com\\\/markt\\\/produkt\\\/women-tank-top-stretch-tissue-by-m-mala\\\/#breadcrumb\"},\"inLanguage\":\"de\",\"potentialAction\":[{\"@type\":\"ReadAction\",\"target\":[\"https:\\\/\\\/blafor.com\\\/markt\\\/produkt\\\/women-tank-top-stretch-tissue-by-m-mala\\\/\"]}]},{\"@type\":\"ImageObject\",\"inLanguage\":\"de\",\"@id\":\"https:\\\/\\\/blafor.com\\\/markt\\\/produkt\\\/women-tank-top-stretch-tissue-by-m-mala\\\/#primaryimage\",\"url\":\"https:\\\/\\\/blafor.com\\\/markt\\\/wp-content\\\/uploads\\\/sites\\\/6\\\/2022\\\/08\\\/102035.jpg\",\"contentUrl\":\"https:\\\/\\\/blafor.com\\\/markt\\\/wp-content\\\/uploads\\\/sites\\\/6\\\/2022\\\/08\\\/102035.jpg\",\"width\":600,\"height\":600},{\"@type\":\"BreadcrumbList\",\"@id\":\"https:\\\/\\\/blafor.com\\\/markt\\\/produkt\\\/women-tank-top-stretch-tissue-by-m-mala\\\/#breadcrumb\",\"itemListElement\":[{\"@type\":\"ListItem\",\"position\":1,\"name\":\"Startseite\",\"item\":\"https:\\\/\\\/blafor.com\\\/markt\\\/\"},{\"@type\":\"ListItem\",\"position\":2,\"name\":\"Katalog\",\"item\":\"https:\\\/\\\/blafor.com\\\/markt\\\/katalog\\\/\"},{\"@type\":\"ListItem\",\"position\":3,\"name\":\"Women Tank Top Stretch Tissue by M-Mala\"}]},{\"@type\":\"WebSite\",\"@id\":\"https:\\\/\\\/blafor.com\\\/markt\\\/#website\",\"url\":\"https:\\\/\\\/blafor.com\\\/markt\\\/\",\"name\":\"BlaFor.com Markt\",\"description\":\"Der Online-Marktplatz aus dem Schwarzwald\",\"publisher\":{\"@id\":\"https:\\\/\\\/blafor.com\\\/markt\\\/#organization\"},\"alternateName\":\"BlaFor Markt\",\"potentialAction\":[{\"@type\":\"SearchAction\",\"target\":{\"@type\":\"EntryPoint\",\"urlTemplate\":\"https:\\\/\\\/blafor.com\\\/markt\\\/?s={search_term_string}\"},\"query-input\":{\"@type\":\"PropertyValueSpecification\",\"valueRequired\":true,\"valueName\":\"search_term_string\"}}],\"inLanguage\":\"de\"},{\"@type\":\"Organization\",\"@id\":\"https:\\\/\\\/blafor.com\\\/markt\\\/#organization\",\"name\":\"BlaFor.com\",\"alternateName\":\"ALIZEL\",\"url\":\"https:\\\/\\\/blafor.com\\\/markt\\\/\",\"logo\":{\"@type\":\"ImageObject\",\"inLanguage\":\"de\",\"@id\":\"https:\\\/\\\/blafor.com\\\/markt\\\/#\\\/schema\\\/logo\\\/image\\\/\",\"url\":\"https:\\\/\\\/blafor.com\\\/markt\\\/wp-content\\\/uploads\\\/sites\\\/6\\\/2022\\\/07\\\/bfc-shop64.png\",\"contentUrl\":\"https:\\\/\\\/blafor.com\\\/markt\\\/wp-content\\\/uploads\\\/sites\\\/6\\\/2022\\\/07\\\/bfc-shop64.png\",\"width\":400,\"height\":160,\"caption\":\"BlaFor.com\"},\"image\":{\"@id\":\"https:\\\/\\\/blafor.com\\\/markt\\\/#\\\/schema\\\/logo\\\/image\\\/\"},\"sameAs\":[\"https:\\\/\\\/www.facebook.com\\\/BlaForCom\\\/\",\"https:\\\/\\\/www.linkedin.com\\\/showcase\\\/blaforcom\\\/\"]}]}<\/script>\n<!-- \/ Yoast SEO plugin. -->","yoast_head_json":{"title":"Women Tank Top Stretch Tissue by M-Mala : BlaFor.com Markt","robots":{"index":"index","follow":"follow","max-snippet":"max-snippet:-1","max-image-preview":"max-image-preview:large","max-video-preview":"max-video-preview:-1"},"canonical":"https:\/\/blafor.com\/markt\/produkt\/women-tank-top-stretch-tissue-by-m-mala\/","og_locale":"de_DE","og_type":"article","og_title":"Women Tank Top Stretch Tissue by M-Mala : BlaFor.com Markt","og_description":"\u00c4rmelloses Top mit eingewebter Netz-Partie  F\u00e4llt klein aus, siehe Gr\u00f6\u00dfenangaben bei Auswahl  Nur solange der Vorrat reicht","og_url":"https:\/\/blafor.com\/markt\/produkt\/women-tank-top-stretch-tissue-by-m-mala\/","og_site_name":"BlaFor.com Markt","article_publisher":"https:\/\/www.facebook.com\/BlaForCom\/","article_modified_time":"2022-08-25T05:21:27+00:00","og_image":[{"width":600,"height":600,"url":"https:\/\/blafor.com\/markt\/wp-content\/uploads\/sites\/6\/2022\/08\/102035.jpg","type":"image\/jpeg"}],"twitter_card":"summary_large_image","twitter_misc":{"Gesch\u00e4tzte Lesezeit":"1\u00a0Minute"},"schema":{"@context":"https:\/\/schema.org","@graph":[{"@type":"WebPage","@id":"https:\/\/blafor.com\/markt\/produkt\/women-tank-top-stretch-tissue-by-m-mala\/","url":"https:\/\/blafor.com\/markt\/produkt\/women-tank-top-stretch-tissue-by-m-mala\/","name":"Women Tank Top Stretch Tissue by M-Mala : BlaFor.com Markt","isPartOf":{"@id":"https:\/\/blafor.com\/markt\/#website"},"primaryImageOfPage":{"@id":"https:\/\/blafor.com\/markt\/produkt\/women-tank-top-stretch-tissue-by-m-mala\/#primaryimage"},"image":{"@id":"https:\/\/blafor.com\/markt\/produkt\/women-tank-top-stretch-tissue-by-m-mala\/#primaryimage"},"thumbnailUrl":"https:\/\/blafor.com\/markt\/wp-content\/uploads\/sites\/6\/2022\/08\/102035.jpg","datePublished":"2022-08-14T06:45:53+00:00","dateModified":"2022-08-25T05:21:27+00:00","breadcrumb":{"@id":"https:\/\/blafor.com\/markt\/produkt\/women-tank-top-stretch-tissue-by-m-mala\/#breadcrumb"},"inLanguage":"de","potentialAction":[{"@type":"ReadAction","target":["https:\/\/blafor.com\/markt\/produkt\/women-tank-top-stretch-tissue-by-m-mala\/"]}]},{"@type":"ImageObject","inLanguage":"de","@id":"https:\/\/blafor.com\/markt\/produkt\/women-tank-top-stretch-tissue-by-m-mala\/#primaryimage","url":"https:\/\/blafor.com\/markt\/wp-content\/uploads\/sites\/6\/2022\/08\/102035.jpg","contentUrl":"https:\/\/blafor.com\/markt\/wp-content\/uploads\/sites\/6\/2022\/08\/102035.jpg","width":600,"height":600},{"@type":"BreadcrumbList","@id":"https:\/\/blafor.com\/markt\/produkt\/women-tank-top-stretch-tissue-by-m-mala\/#breadcrumb","itemListElement":[{"@type":"ListItem","position":1,"name":"Startseite","item":"https:\/\/blafor.com\/markt\/"},{"@type":"ListItem","position":2,"name":"Katalog","item":"https:\/\/blafor.com\/markt\/katalog\/"},{"@type":"ListItem","position":3,"name":"Women Tank Top Stretch Tissue by M-Mala"}]},{"@type":"WebSite","@id":"https:\/\/blafor.com\/markt\/#website","url":"https:\/\/blafor.com\/markt\/","name":"BlaFor.com Markt","description":"Der Online-Marktplatz aus dem Schwarzwald","publisher":{"@id":"https:\/\/blafor.com\/markt\/#organization"},"alternateName":"BlaFor Markt","potentialAction":[{"@type":"SearchAction","target":{"@type":"EntryPoint","urlTemplate":"https:\/\/blafor.com\/markt\/?s={search_term_string}"},"query-input":{"@type":"PropertyValueSpecification","valueRequired":true,"valueName":"search_term_string"}}],"inLanguage":"de"},{"@type":"Organization","@id":"https:\/\/blafor.com\/markt\/#organization","name":"BlaFor.com","alternateName":"ALIZEL","url":"https:\/\/blafor.com\/markt\/","logo":{"@type":"ImageObject","inLanguage":"de","@id":"https:\/\/blafor.com\/markt\/#\/schema\/logo\/image\/","url":"https:\/\/blafor.com\/markt\/wp-content\/uploads\/sites\/6\/2022\/07\/bfc-shop64.png","contentUrl":"https:\/\/blafor.com\/markt\/wp-content\/uploads\/sites\/6\/2022\/07\/bfc-shop64.png","width":400,"height":160,"caption":"BlaFor.com"},"image":{"@id":"https:\/\/blafor.com\/markt\/#\/schema\/logo\/image\/"},"sameAs":["https:\/\/www.facebook.com\/BlaForCom\/","https:\/\/www.linkedin.com\/showcase\/blaforcom\/"]}]}},"taxonomy_info":{"product_cat":[{"value":520,"label":"Tops Damen"}],"product_tag":[{"value":231,"label":"Restposten"},{"value":230,"label":"Sommer"},{"value":233,"label":"Sport"},{"value":521,"label":"Street-Style"},{"value":397,"label":"Stretch"}],"pa_farbe":[{"value":115,"label":"Black"},{"value":620,"label":"Hot Pink"},{"value":619,"label":"Lavendel"},{"value":116,"label":"Yellow"}],"pa_int-groesse":[{"value":621,"label":"M\/L"},{"value":602,"label":"XL\/XXL"}],"pa_marke":[{"value":623,"label":"M-Mala"}],"pa_material":[{"value":622,"label":"85% Polyamid \/ 15% Elastan"}],"pa_standort":[{"value":106,"label":"79843"}]},"featured_image_src_large":["https:\/\/blafor.com\/markt\/wp-content\/uploads\/sites\/6\/2022\/08\/102035.jpg",600,600,false],"author_info":[],"comment_info":"","_links":{"self":[{"href":"https:\/\/blafor.com\/markt\/wp-json\/wp\/v2\/product\/3269","targetHints":{"allow":["GET"]}}],"collection":[{"href":"https:\/\/blafor.com\/markt\/wp-json\/wp\/v2\/product"}],"about":[{"href":"https:\/\/blafor.com\/markt\/wp-json\/wp\/v2\/types\/product"}],"wp:featuredmedia":[{"embeddable":true,"href":"https:\/\/blafor.com\/markt\/wp-json\/wp\/v2\/media\/3271"}],"wp:attachment":[{"href":"https:\/\/blafor.com\/markt\/wp-json\/wp\/v2\/media?parent=3269"}],"wp:term":[{"taxonomy":"product_brand","embeddable":true,"href":"https:\/\/blafor.com\/markt\/wp-json\/wp\/v2\/product_brand?post=3269"},{"taxonomy":"product_cat","embeddable":true,"href":"https:\/\/blafor.com\/markt\/wp-json\/wp\/v2\/product_cat?post=3269"},{"taxonomy":"product_tag","embeddable":true,"href":"https:\/\/blafor.com\/markt\/wp-json\/wp\/v2\/product_tag?post=3269"},{"taxonomy":"product_brands","embeddable":true,"href":"https:\/\/blafor.com\/markt\/wp-json\/wp\/v2\/product_brands?post=3269"}],"curies":[{"name":"wp","href":"https:\/\/api.w.org\/{rel}","templated":true}]}}