{"id":3192,"date":"2020-01-13T06:35:34","date_gmt":"2020-01-13T05:35:34","guid":{"rendered":"https:\/\/blafor.com\/markt\/?post_type=product&#038;p=3192"},"modified":"2022-08-25T07:49:05","modified_gmt":"2022-08-25T05:49:05","slug":"glimmer-stulpen-leg-warmer-kanaan","status":"publish","type":"product","link":"https:\/\/blafor.com\/markt\/produkt\/glimmer-stulpen-leg-warmer-kanaan\/","title":{"rendered":"Glimmer Stulpen, Leg Warmer Kanaan"},"content":{"rendered":"<h2>Glimmer Stulpen, Leg Warmer Kanaan<\/h2>\n<p>Glimmer Stulpen, Leg Warmer von Kanaan Mode sind das Fashion-Accessoire in kalten Tagen. Ein Must-have in der Winter-Saison. Diese Beinw\u00e4rmer kann Frau kurz oder lang tragen.<\/p>\n<p>Die Stulpen sind gerafft und lassen sich auf das doppelte ausziehen. Die Bein-Stulpen sind einseitig mit Glitzer-Streifen verziert.<\/p>\n<ul>\n<li>Material: 100% Polyacryl<\/li>\n<li>Verf\u00fcgbare Gr\u00f6\u00dfen: Einheitsgr\u00f6\u00dfe<\/li>\n<li>Verf\u00fcgbare Farben: 3 (black\/silver, brown\/silver, purple\/pink)<\/li>\n<li>Pflegehinweise: waschbar bei 40\u00b0C, nicht Trockner geeignet<\/li>\n<\/ul>\n<p>Artikel-Nr.: 3642FA<br \/>\nStyle: 3642, Kanaan, Beinstulpen, Strickstulpen, Stiefelstulpen, Glitter Stulpen, Tanzstulpen, Legwarmer, Leg Warmers, Aufw\u00e4rmkleidung<\/p>\n","protected":false},"excerpt":{"rendered":"<ul>\n<li>Ein Paar Beinstulpen<\/li>\n<li>Mit Glitzer-Streifen verziert<\/li>\n<li>In 3 Farbvarianten verf\u00fcgbar<\/li>\n<li>Nur so lange Vorrat reicht!<\/li>\n<\/ul>\n","protected":false},"featured_media":3193,"template":"","meta":{"_kad_blocks_custom_css":"","_kad_blocks_head_custom_js":"","_kad_blocks_body_custom_js":"","_kad_blocks_footer_custom_js":"","_kadence_starter_templates_imported_post":false,"_kad_post_transparent":"default","_kad_post_title":"","_kad_post_layout":"default","_kad_post_sidebar_id":"","_kad_post_content_style":"default","_kad_post_vertical_padding":"default","_kad_post_feature":"","_kad_post_feature_position":"","_kad_post_header":false,"_kad_post_footer":false,"_kad_post_classname":""},"product_brand":[],"product_cat":[604],"product_tag":[371,457,231,521,208],"product_brands":[],"class_list":{"0":"post-3192","1":"product","2":"type-product","3":"status-publish","4":"has-post-thumbnail","6":"product_cat-stulpen-damen","7":"product_tag-bicolor","8":"product_tag-herbst","9":"product_tag-restposten","10":"product_tag-street-style","11":"product_tag-winter","12":"pa_farbe-black","13":"pa_farbe-brown","14":"pa_farbe-purple","15":"pa_marke-kanaan-mode","16":"pa_material-100-polyacryl","17":"pa_standort-106","19":"first","20":"instock","21":"taxable","22":"shipping-taxable","23":"purchasable","24":"product-type-variable","25":"entry","26":"content-bg","27":"loop-entry"},"yoast_head":"<!-- This site is optimized with the Yoast SEO plugin v27.5 - https:\/\/yoast.com\/product\/yoast-seo-wordpress\/ -->\n<title>Glimmer Stulpen, Leg Warmer Kanaan : BlaFor.com Markt<\/title>\n<meta name=\"robots\" content=\"index, follow, max-snippet:-1, max-image-preview:large, max-video-preview:-1\" \/>\n<link rel=\"canonical\" href=\"https:\/\/blafor.com\/markt\/produkt\/glimmer-stulpen-leg-warmer-kanaan\/\" \/>\n<meta property=\"og:locale\" content=\"de_DE\" \/>\n<meta property=\"og:type\" content=\"article\" \/>\n<meta property=\"og:title\" content=\"Glimmer Stulpen, Leg Warmer Kanaan : BlaFor.com Markt\" \/>\n<meta property=\"og:description\" content=\"Ein Paar Beinstulpen  Mit Glitzer-Streifen verziert  In 3 Farbvarianten verf\u00fcgbar  Nur so lange Vorrat reicht!\" \/>\n<meta property=\"og:url\" content=\"https:\/\/blafor.com\/markt\/produkt\/glimmer-stulpen-leg-warmer-kanaan\/\" \/>\n<meta property=\"og:site_name\" content=\"BlaFor.com Markt\" \/>\n<meta property=\"article:publisher\" content=\"https:\/\/www.facebook.com\/BlaForCom\/\" \/>\n<meta property=\"article:modified_time\" content=\"2022-08-25T05:49:05+00:00\" \/>\n<meta property=\"og:image\" content=\"https:\/\/blafor.com\/markt\/wp-content\/uploads\/sites\/6\/2022\/08\/3642FA-sort.jpg\" \/>\n\t<meta property=\"og:image:width\" content=\"800\" \/>\n\t<meta property=\"og:image:height\" content=\"800\" \/>\n\t<meta property=\"og:image:type\" content=\"image\/jpeg\" \/>\n<meta name=\"twitter:card\" content=\"summary_large_image\" \/>\n<meta name=\"twitter:label1\" content=\"Gesch\u00e4tzte Lesezeit\" \/>\n\t<meta name=\"twitter:data1\" content=\"1\u00a0Minute\" \/>\n<script type=\"application\/ld+json\" class=\"yoast-schema-graph\">{\"@context\":\"https:\\\/\\\/schema.org\",\"@graph\":[{\"@type\":\"WebPage\",\"@id\":\"https:\\\/\\\/blafor.com\\\/markt\\\/produkt\\\/glimmer-stulpen-leg-warmer-kanaan\\\/\",\"url\":\"https:\\\/\\\/blafor.com\\\/markt\\\/produkt\\\/glimmer-stulpen-leg-warmer-kanaan\\\/\",\"name\":\"Glimmer Stulpen, Leg Warmer Kanaan : BlaFor.com Markt\",\"isPartOf\":{\"@id\":\"https:\\\/\\\/blafor.com\\\/markt\\\/#website\"},\"primaryImageOfPage\":{\"@id\":\"https:\\\/\\\/blafor.com\\\/markt\\\/produkt\\\/glimmer-stulpen-leg-warmer-kanaan\\\/#primaryimage\"},\"image\":{\"@id\":\"https:\\\/\\\/blafor.com\\\/markt\\\/produkt\\\/glimmer-stulpen-leg-warmer-kanaan\\\/#primaryimage\"},\"thumbnailUrl\":\"https:\\\/\\\/blafor.com\\\/markt\\\/wp-content\\\/uploads\\\/sites\\\/6\\\/2022\\\/08\\\/3642FA-sort.jpg\",\"datePublished\":\"2020-01-13T05:35:34+00:00\",\"dateModified\":\"2022-08-25T05:49:05+00:00\",\"breadcrumb\":{\"@id\":\"https:\\\/\\\/blafor.com\\\/markt\\\/produkt\\\/glimmer-stulpen-leg-warmer-kanaan\\\/#breadcrumb\"},\"inLanguage\":\"de\",\"potentialAction\":[{\"@type\":\"ReadAction\",\"target\":[\"https:\\\/\\\/blafor.com\\\/markt\\\/produkt\\\/glimmer-stulpen-leg-warmer-kanaan\\\/\"]}]},{\"@type\":\"ImageObject\",\"inLanguage\":\"de\",\"@id\":\"https:\\\/\\\/blafor.com\\\/markt\\\/produkt\\\/glimmer-stulpen-leg-warmer-kanaan\\\/#primaryimage\",\"url\":\"https:\\\/\\\/blafor.com\\\/markt\\\/wp-content\\\/uploads\\\/sites\\\/6\\\/2022\\\/08\\\/3642FA-sort.jpg\",\"contentUrl\":\"https:\\\/\\\/blafor.com\\\/markt\\\/wp-content\\\/uploads\\\/sites\\\/6\\\/2022\\\/08\\\/3642FA-sort.jpg\",\"width\":800,\"height\":800},{\"@type\":\"BreadcrumbList\",\"@id\":\"https:\\\/\\\/blafor.com\\\/markt\\\/produkt\\\/glimmer-stulpen-leg-warmer-kanaan\\\/#breadcrumb\",\"itemListElement\":[{\"@type\":\"ListItem\",\"position\":1,\"name\":\"Startseite\",\"item\":\"https:\\\/\\\/blafor.com\\\/markt\\\/\"},{\"@type\":\"ListItem\",\"position\":2,\"name\":\"Katalog\",\"item\":\"https:\\\/\\\/blafor.com\\\/markt\\\/katalog\\\/\"},{\"@type\":\"ListItem\",\"position\":3,\"name\":\"Glimmer Stulpen, Leg Warmer Kanaan\"}]},{\"@type\":\"WebSite\",\"@id\":\"https:\\\/\\\/blafor.com\\\/markt\\\/#website\",\"url\":\"https:\\\/\\\/blafor.com\\\/markt\\\/\",\"name\":\"BlaFor.com Markt\",\"description\":\"Der Online-Marktplatz aus dem Schwarzwald\",\"publisher\":{\"@id\":\"https:\\\/\\\/blafor.com\\\/markt\\\/#organization\"},\"alternateName\":\"BlaFor Markt\",\"potentialAction\":[{\"@type\":\"SearchAction\",\"target\":{\"@type\":\"EntryPoint\",\"urlTemplate\":\"https:\\\/\\\/blafor.com\\\/markt\\\/?s={search_term_string}\"},\"query-input\":{\"@type\":\"PropertyValueSpecification\",\"valueRequired\":true,\"valueName\":\"search_term_string\"}}],\"inLanguage\":\"de\"},{\"@type\":\"Organization\",\"@id\":\"https:\\\/\\\/blafor.com\\\/markt\\\/#organization\",\"name\":\"BlaFor.com\",\"alternateName\":\"ALIZEL\",\"url\":\"https:\\\/\\\/blafor.com\\\/markt\\\/\",\"logo\":{\"@type\":\"ImageObject\",\"inLanguage\":\"de\",\"@id\":\"https:\\\/\\\/blafor.com\\\/markt\\\/#\\\/schema\\\/logo\\\/image\\\/\",\"url\":\"https:\\\/\\\/blafor.com\\\/markt\\\/wp-content\\\/uploads\\\/sites\\\/6\\\/2022\\\/07\\\/bfc-shop64.png\",\"contentUrl\":\"https:\\\/\\\/blafor.com\\\/markt\\\/wp-content\\\/uploads\\\/sites\\\/6\\\/2022\\\/07\\\/bfc-shop64.png\",\"width\":400,\"height\":160,\"caption\":\"BlaFor.com\"},\"image\":{\"@id\":\"https:\\\/\\\/blafor.com\\\/markt\\\/#\\\/schema\\\/logo\\\/image\\\/\"},\"sameAs\":[\"https:\\\/\\\/www.facebook.com\\\/BlaForCom\\\/\",\"https:\\\/\\\/www.linkedin.com\\\/showcase\\\/blaforcom\\\/\"]}]}<\/script>\n<!-- \/ Yoast SEO plugin. -->","yoast_head_json":{"title":"Glimmer Stulpen, Leg Warmer Kanaan : BlaFor.com Markt","robots":{"index":"index","follow":"follow","max-snippet":"max-snippet:-1","max-image-preview":"max-image-preview:large","max-video-preview":"max-video-preview:-1"},"canonical":"https:\/\/blafor.com\/markt\/produkt\/glimmer-stulpen-leg-warmer-kanaan\/","og_locale":"de_DE","og_type":"article","og_title":"Glimmer Stulpen, Leg Warmer Kanaan : BlaFor.com Markt","og_description":"Ein Paar Beinstulpen  Mit Glitzer-Streifen verziert  In 3 Farbvarianten verf\u00fcgbar  Nur so lange Vorrat reicht!","og_url":"https:\/\/blafor.com\/markt\/produkt\/glimmer-stulpen-leg-warmer-kanaan\/","og_site_name":"BlaFor.com Markt","article_publisher":"https:\/\/www.facebook.com\/BlaForCom\/","article_modified_time":"2022-08-25T05:49:05+00:00","og_image":[{"width":800,"height":800,"url":"https:\/\/blafor.com\/markt\/wp-content\/uploads\/sites\/6\/2022\/08\/3642FA-sort.jpg","type":"image\/jpeg"}],"twitter_card":"summary_large_image","twitter_misc":{"Gesch\u00e4tzte Lesezeit":"1\u00a0Minute"},"schema":{"@context":"https:\/\/schema.org","@graph":[{"@type":"WebPage","@id":"https:\/\/blafor.com\/markt\/produkt\/glimmer-stulpen-leg-warmer-kanaan\/","url":"https:\/\/blafor.com\/markt\/produkt\/glimmer-stulpen-leg-warmer-kanaan\/","name":"Glimmer Stulpen, Leg Warmer Kanaan : BlaFor.com Markt","isPartOf":{"@id":"https:\/\/blafor.com\/markt\/#website"},"primaryImageOfPage":{"@id":"https:\/\/blafor.com\/markt\/produkt\/glimmer-stulpen-leg-warmer-kanaan\/#primaryimage"},"image":{"@id":"https:\/\/blafor.com\/markt\/produkt\/glimmer-stulpen-leg-warmer-kanaan\/#primaryimage"},"thumbnailUrl":"https:\/\/blafor.com\/markt\/wp-content\/uploads\/sites\/6\/2022\/08\/3642FA-sort.jpg","datePublished":"2020-01-13T05:35:34+00:00","dateModified":"2022-08-25T05:49:05+00:00","breadcrumb":{"@id":"https:\/\/blafor.com\/markt\/produkt\/glimmer-stulpen-leg-warmer-kanaan\/#breadcrumb"},"inLanguage":"de","potentialAction":[{"@type":"ReadAction","target":["https:\/\/blafor.com\/markt\/produkt\/glimmer-stulpen-leg-warmer-kanaan\/"]}]},{"@type":"ImageObject","inLanguage":"de","@id":"https:\/\/blafor.com\/markt\/produkt\/glimmer-stulpen-leg-warmer-kanaan\/#primaryimage","url":"https:\/\/blafor.com\/markt\/wp-content\/uploads\/sites\/6\/2022\/08\/3642FA-sort.jpg","contentUrl":"https:\/\/blafor.com\/markt\/wp-content\/uploads\/sites\/6\/2022\/08\/3642FA-sort.jpg","width":800,"height":800},{"@type":"BreadcrumbList","@id":"https:\/\/blafor.com\/markt\/produkt\/glimmer-stulpen-leg-warmer-kanaan\/#breadcrumb","itemListElement":[{"@type":"ListItem","position":1,"name":"Startseite","item":"https:\/\/blafor.com\/markt\/"},{"@type":"ListItem","position":2,"name":"Katalog","item":"https:\/\/blafor.com\/markt\/katalog\/"},{"@type":"ListItem","position":3,"name":"Glimmer Stulpen, Leg Warmer Kanaan"}]},{"@type":"WebSite","@id":"https:\/\/blafor.com\/markt\/#website","url":"https:\/\/blafor.com\/markt\/","name":"BlaFor.com Markt","description":"Der Online-Marktplatz aus dem Schwarzwald","publisher":{"@id":"https:\/\/blafor.com\/markt\/#organization"},"alternateName":"BlaFor Markt","potentialAction":[{"@type":"SearchAction","target":{"@type":"EntryPoint","urlTemplate":"https:\/\/blafor.com\/markt\/?s={search_term_string}"},"query-input":{"@type":"PropertyValueSpecification","valueRequired":true,"valueName":"search_term_string"}}],"inLanguage":"de"},{"@type":"Organization","@id":"https:\/\/blafor.com\/markt\/#organization","name":"BlaFor.com","alternateName":"ALIZEL","url":"https:\/\/blafor.com\/markt\/","logo":{"@type":"ImageObject","inLanguage":"de","@id":"https:\/\/blafor.com\/markt\/#\/schema\/logo\/image\/","url":"https:\/\/blafor.com\/markt\/wp-content\/uploads\/sites\/6\/2022\/07\/bfc-shop64.png","contentUrl":"https:\/\/blafor.com\/markt\/wp-content\/uploads\/sites\/6\/2022\/07\/bfc-shop64.png","width":400,"height":160,"caption":"BlaFor.com"},"image":{"@id":"https:\/\/blafor.com\/markt\/#\/schema\/logo\/image\/"},"sameAs":["https:\/\/www.facebook.com\/BlaForCom\/","https:\/\/www.linkedin.com\/showcase\/blaforcom\/"]}]}},"taxonomy_info":{"product_cat":[{"value":604,"label":"Stulpen Damen"}],"product_tag":[{"value":371,"label":"Bicolor"},{"value":457,"label":"Herbst"},{"value":231,"label":"Restposten"},{"value":521,"label":"Street-Style"},{"value":208,"label":"Winter"}],"pa_farbe":[{"value":115,"label":"Black"},{"value":119,"label":"Brown"},{"value":490,"label":"Purple"}],"pa_marke":[{"value":605,"label":"Kanaan Mode"}],"pa_material":[{"value":249,"label":"100% Polyacryl"}],"pa_standort":[{"value":106,"label":"79843"}]},"featured_image_src_large":["https:\/\/blafor.com\/markt\/wp-content\/uploads\/sites\/6\/2022\/08\/3642FA-sort.jpg",800,800,false],"author_info":[],"comment_info":"","_links":{"self":[{"href":"https:\/\/blafor.com\/markt\/wp-json\/wp\/v2\/product\/3192","targetHints":{"allow":["GET"]}}],"collection":[{"href":"https:\/\/blafor.com\/markt\/wp-json\/wp\/v2\/product"}],"about":[{"href":"https:\/\/blafor.com\/markt\/wp-json\/wp\/v2\/types\/product"}],"wp:featuredmedia":[{"embeddable":true,"href":"https:\/\/blafor.com\/markt\/wp-json\/wp\/v2\/media\/3193"}],"wp:attachment":[{"href":"https:\/\/blafor.com\/markt\/wp-json\/wp\/v2\/media?parent=3192"}],"wp:term":[{"taxonomy":"product_brand","embeddable":true,"href":"https:\/\/blafor.com\/markt\/wp-json\/wp\/v2\/product_brand?post=3192"},{"taxonomy":"product_cat","embeddable":true,"href":"https:\/\/blafor.com\/markt\/wp-json\/wp\/v2\/product_cat?post=3192"},{"taxonomy":"product_tag","embeddable":true,"href":"https:\/\/blafor.com\/markt\/wp-json\/wp\/v2\/product_tag?post=3192"},{"taxonomy":"product_brands","embeddable":true,"href":"https:\/\/blafor.com\/markt\/wp-json\/wp\/v2\/product_brands?post=3192"}],"curies":[{"name":"wp","href":"https:\/\/api.w.org\/{rel}","templated":true}]}}