{"id":3150,"date":"2022-08-12T13:00:37","date_gmt":"2022-08-12T11:00:37","guid":{"rendered":"https:\/\/blafor.com\/markt\/?post_type=product&#038;p=3150"},"modified":"2022-08-25T07:24:43","modified_gmt":"2022-08-25T05:24:43","slug":"beechfield-5-panel-grand-prix-cap","status":"publish","type":"product","link":"https:\/\/blafor.com\/markt\/produkt\/beechfield-5-panel-grand-prix-cap\/","title":{"rendered":"Beechfield\u00ae 5 Panel Grand Prix Cap"},"content":{"rendered":"<h2>Beechfield\u00ae 5 Panel Grand Prix Cap<\/h2>\n<p>Das 5 Panel Grand Prix Cap von Beechfield\u00ae ist f\u00fcr Fans oder als Teamwear im Motorsport ein absoluter Renner. Die 5 Panel Cap mit gesticktem Race Flaggendesign auf vorgekr\u00fcmmten Peak.<\/p>\n<ul>\n<li>Material: 100% Baumwolle, Twill<\/li>\n<li>Verf\u00fcgbare Gr\u00f6\u00dfen: Einheitsgr\u00f6\u00dfe<\/li>\n<li>Verf\u00fcgbare Farben: Black, White, Red, Royal Blue, Grey<\/li>\n<li>Verarbeitung: 5-Panel Cap, gekr\u00fcmmter Schirm, Halbmond-Ausschnitt hinten, Rip-Strip\u2122 Verschluss (Klett-Verschluss), gen\u00e4hte Bel\u00fcftungs\u00f6sen<\/li>\n<li>Pflegehinweise: Nur feucht abwischen, nicht b\u00fcgeln, nicht chemisch reinigen<\/li>\n<\/ul>\n<p>Artikel-Nr.: CB159<br \/>\nStyle: B159, Beechfield\u00ae, Racercap, Racer-Cap, Baseballkappe, Basecap, Baseball Kappe, Full-Caps<\/p>\n","protected":false},"excerpt":{"rendered":"<ul>\n<li>Zweifarbige Racer Cap mit gekr\u00fcmmten Schirm<\/li>\n<li>5-Panel Cap mit umstickten Luft\u00f6sen<\/li>\n<li>Einheitsgr\u00f6\u00dfe, Klettverschluss, 5 Farben<\/li>\n<li>Deine Farbe gerade nicht bestellbar? <br \/>Kontaktiere Verk\u00e4ufer<\/li>\n<\/ul>\n","protected":false},"featured_media":3151,"template":"","meta":{"_kad_blocks_custom_css":"","_kad_blocks_head_custom_js":"","_kad_blocks_body_custom_js":"","_kad_blocks_footer_custom_js":"","_kadence_starter_templates_imported_post":false,"_kad_post_transparent":"default","_kad_post_title":"","_kad_post_layout":"default","_kad_post_sidebar_id":"","_kad_post_content_style":"default","_kad_post_vertical_padding":"default","_kad_post_feature":"","_kad_post_feature_position":"","_kad_post_header":false,"_kad_post_footer":false,"_kad_post_classname":""},"product_brand":[],"product_cat":[592,593,594,192,531],"product_tag":[371,233,521,232],"product_brands":[],"class_list":{"0":"post-3150","1":"product","2":"type-product","3":"status-publish","4":"has-post-thumbnail","6":"product_cat-basecaps-damen","7":"product_cat-basecaps-herren","8":"product_cat-basecaps-kinder","9":"product_cat-fanartikel","10":"product_cat-sportswear","11":"product_tag-bicolor","12":"product_tag-sport","13":"product_tag-street-style","14":"product_tag-teamwear","15":"pa_farbe-black-red","16":"pa_farbe-black-white","17":"pa_farbe-black-yellow","18":"pa_farbe-bleck-green","19":"pa_farbe-bleck-orange","20":"pa_farbe-blue-white","21":"pa_farbe-grey-black","22":"pa_farbe-red-black","23":"pa_farbe-white-black","24":"pa_marke-beechfield","25":"pa_material-100-baumwolle","26":"pa_standort-106","28":"first","29":"instock","30":"taxable","31":"shipping-taxable","32":"purchasable","33":"product-type-variable","34":"entry","35":"content-bg","36":"loop-entry"},"yoast_head":"<!-- This site is optimized with the Yoast SEO plugin v27.5 - https:\/\/yoast.com\/product\/yoast-seo-wordpress\/ -->\n<title>Beechfield\u00ae 5 Panel Grand Prix Cap : BlaFor.com Markt<\/title>\n<meta name=\"robots\" content=\"index, follow, max-snippet:-1, max-image-preview:large, max-video-preview:-1\" \/>\n<link rel=\"canonical\" href=\"https:\/\/blafor.com\/markt\/produkt\/beechfield-5-panel-grand-prix-cap\/\" \/>\n<meta property=\"og:locale\" content=\"de_DE\" \/>\n<meta property=\"og:type\" content=\"article\" \/>\n<meta property=\"og:title\" content=\"Beechfield\u00ae 5 Panel Grand Prix Cap : BlaFor.com Markt\" \/>\n<meta property=\"og:description\" content=\"Zweifarbige Racer Cap mit gekr\u00fcmmten Schirm  5-Panel Cap mit umstickten Luft\u00f6sen  Einheitsgr\u00f6\u00dfe, Klettverschluss, 5 Farben  Deine Farbe gerade nicht bestellbar? Kontaktiere Verk\u00e4ufer\" \/>\n<meta property=\"og:url\" content=\"https:\/\/blafor.com\/markt\/produkt\/beechfield-5-panel-grand-prix-cap\/\" \/>\n<meta property=\"og:site_name\" content=\"BlaFor.com Markt\" \/>\n<meta property=\"article:publisher\" content=\"https:\/\/www.facebook.com\/BlaForCom\/\" \/>\n<meta property=\"article:modified_time\" content=\"2022-08-25T05:24:43+00:00\" \/>\n<meta property=\"og:image\" content=\"https:\/\/blafor.com\/markt\/wp-content\/uploads\/sites\/6\/2022\/08\/CB159.jpg\" \/>\n\t<meta property=\"og:image:width\" content=\"800\" \/>\n\t<meta property=\"og:image:height\" content=\"800\" \/>\n\t<meta property=\"og:image:type\" content=\"image\/jpeg\" \/>\n<meta name=\"twitter:card\" content=\"summary_large_image\" \/>\n<meta name=\"twitter:label1\" content=\"Gesch\u00e4tzte Lesezeit\" \/>\n\t<meta name=\"twitter:data1\" content=\"1\u00a0Minute\" \/>\n<script type=\"application\/ld+json\" class=\"yoast-schema-graph\">{\"@context\":\"https:\\\/\\\/schema.org\",\"@graph\":[{\"@type\":\"WebPage\",\"@id\":\"https:\\\/\\\/blafor.com\\\/markt\\\/produkt\\\/beechfield-5-panel-grand-prix-cap\\\/\",\"url\":\"https:\\\/\\\/blafor.com\\\/markt\\\/produkt\\\/beechfield-5-panel-grand-prix-cap\\\/\",\"name\":\"Beechfield\u00ae 5 Panel Grand Prix Cap : BlaFor.com Markt\",\"isPartOf\":{\"@id\":\"https:\\\/\\\/blafor.com\\\/markt\\\/#website\"},\"primaryImageOfPage\":{\"@id\":\"https:\\\/\\\/blafor.com\\\/markt\\\/produkt\\\/beechfield-5-panel-grand-prix-cap\\\/#primaryimage\"},\"image\":{\"@id\":\"https:\\\/\\\/blafor.com\\\/markt\\\/produkt\\\/beechfield-5-panel-grand-prix-cap\\\/#primaryimage\"},\"thumbnailUrl\":\"https:\\\/\\\/blafor.com\\\/markt\\\/wp-content\\\/uploads\\\/sites\\\/6\\\/2022\\\/08\\\/CB159.jpg\",\"datePublished\":\"2022-08-12T11:00:37+00:00\",\"dateModified\":\"2022-08-25T05:24:43+00:00\",\"breadcrumb\":{\"@id\":\"https:\\\/\\\/blafor.com\\\/markt\\\/produkt\\\/beechfield-5-panel-grand-prix-cap\\\/#breadcrumb\"},\"inLanguage\":\"de\",\"potentialAction\":[{\"@type\":\"ReadAction\",\"target\":[\"https:\\\/\\\/blafor.com\\\/markt\\\/produkt\\\/beechfield-5-panel-grand-prix-cap\\\/\"]}]},{\"@type\":\"ImageObject\",\"inLanguage\":\"de\",\"@id\":\"https:\\\/\\\/blafor.com\\\/markt\\\/produkt\\\/beechfield-5-panel-grand-prix-cap\\\/#primaryimage\",\"url\":\"https:\\\/\\\/blafor.com\\\/markt\\\/wp-content\\\/uploads\\\/sites\\\/6\\\/2022\\\/08\\\/CB159.jpg\",\"contentUrl\":\"https:\\\/\\\/blafor.com\\\/markt\\\/wp-content\\\/uploads\\\/sites\\\/6\\\/2022\\\/08\\\/CB159.jpg\",\"width\":800,\"height\":800},{\"@type\":\"BreadcrumbList\",\"@id\":\"https:\\\/\\\/blafor.com\\\/markt\\\/produkt\\\/beechfield-5-panel-grand-prix-cap\\\/#breadcrumb\",\"itemListElement\":[{\"@type\":\"ListItem\",\"position\":1,\"name\":\"Startseite\",\"item\":\"https:\\\/\\\/blafor.com\\\/markt\\\/\"},{\"@type\":\"ListItem\",\"position\":2,\"name\":\"Katalog\",\"item\":\"https:\\\/\\\/blafor.com\\\/markt\\\/katalog\\\/\"},{\"@type\":\"ListItem\",\"position\":3,\"name\":\"Beechfield\u00ae 5 Panel Grand Prix Cap\"}]},{\"@type\":\"WebSite\",\"@id\":\"https:\\\/\\\/blafor.com\\\/markt\\\/#website\",\"url\":\"https:\\\/\\\/blafor.com\\\/markt\\\/\",\"name\":\"BlaFor.com Markt\",\"description\":\"Der Online-Marktplatz aus dem Schwarzwald\",\"publisher\":{\"@id\":\"https:\\\/\\\/blafor.com\\\/markt\\\/#organization\"},\"alternateName\":\"BlaFor Markt\",\"potentialAction\":[{\"@type\":\"SearchAction\",\"target\":{\"@type\":\"EntryPoint\",\"urlTemplate\":\"https:\\\/\\\/blafor.com\\\/markt\\\/?s={search_term_string}\"},\"query-input\":{\"@type\":\"PropertyValueSpecification\",\"valueRequired\":true,\"valueName\":\"search_term_string\"}}],\"inLanguage\":\"de\"},{\"@type\":\"Organization\",\"@id\":\"https:\\\/\\\/blafor.com\\\/markt\\\/#organization\",\"name\":\"BlaFor.com\",\"alternateName\":\"ALIZEL\",\"url\":\"https:\\\/\\\/blafor.com\\\/markt\\\/\",\"logo\":{\"@type\":\"ImageObject\",\"inLanguage\":\"de\",\"@id\":\"https:\\\/\\\/blafor.com\\\/markt\\\/#\\\/schema\\\/logo\\\/image\\\/\",\"url\":\"https:\\\/\\\/blafor.com\\\/markt\\\/wp-content\\\/uploads\\\/sites\\\/6\\\/2022\\\/07\\\/bfc-shop64.png\",\"contentUrl\":\"https:\\\/\\\/blafor.com\\\/markt\\\/wp-content\\\/uploads\\\/sites\\\/6\\\/2022\\\/07\\\/bfc-shop64.png\",\"width\":400,\"height\":160,\"caption\":\"BlaFor.com\"},\"image\":{\"@id\":\"https:\\\/\\\/blafor.com\\\/markt\\\/#\\\/schema\\\/logo\\\/image\\\/\"},\"sameAs\":[\"https:\\\/\\\/www.facebook.com\\\/BlaForCom\\\/\",\"https:\\\/\\\/www.linkedin.com\\\/showcase\\\/blaforcom\\\/\"]}]}<\/script>\n<!-- \/ Yoast SEO plugin. -->","yoast_head_json":{"title":"Beechfield\u00ae 5 Panel Grand Prix Cap : BlaFor.com Markt","robots":{"index":"index","follow":"follow","max-snippet":"max-snippet:-1","max-image-preview":"max-image-preview:large","max-video-preview":"max-video-preview:-1"},"canonical":"https:\/\/blafor.com\/markt\/produkt\/beechfield-5-panel-grand-prix-cap\/","og_locale":"de_DE","og_type":"article","og_title":"Beechfield\u00ae 5 Panel Grand Prix Cap : BlaFor.com Markt","og_description":"Zweifarbige Racer Cap mit gekr\u00fcmmten Schirm  5-Panel Cap mit umstickten Luft\u00f6sen  Einheitsgr\u00f6\u00dfe, Klettverschluss, 5 Farben  Deine Farbe gerade nicht bestellbar? Kontaktiere Verk\u00e4ufer","og_url":"https:\/\/blafor.com\/markt\/produkt\/beechfield-5-panel-grand-prix-cap\/","og_site_name":"BlaFor.com Markt","article_publisher":"https:\/\/www.facebook.com\/BlaForCom\/","article_modified_time":"2022-08-25T05:24:43+00:00","og_image":[{"width":800,"height":800,"url":"https:\/\/blafor.com\/markt\/wp-content\/uploads\/sites\/6\/2022\/08\/CB159.jpg","type":"image\/jpeg"}],"twitter_card":"summary_large_image","twitter_misc":{"Gesch\u00e4tzte Lesezeit":"1\u00a0Minute"},"schema":{"@context":"https:\/\/schema.org","@graph":[{"@type":"WebPage","@id":"https:\/\/blafor.com\/markt\/produkt\/beechfield-5-panel-grand-prix-cap\/","url":"https:\/\/blafor.com\/markt\/produkt\/beechfield-5-panel-grand-prix-cap\/","name":"Beechfield\u00ae 5 Panel Grand Prix Cap : BlaFor.com Markt","isPartOf":{"@id":"https:\/\/blafor.com\/markt\/#website"},"primaryImageOfPage":{"@id":"https:\/\/blafor.com\/markt\/produkt\/beechfield-5-panel-grand-prix-cap\/#primaryimage"},"image":{"@id":"https:\/\/blafor.com\/markt\/produkt\/beechfield-5-panel-grand-prix-cap\/#primaryimage"},"thumbnailUrl":"https:\/\/blafor.com\/markt\/wp-content\/uploads\/sites\/6\/2022\/08\/CB159.jpg","datePublished":"2022-08-12T11:00:37+00:00","dateModified":"2022-08-25T05:24:43+00:00","breadcrumb":{"@id":"https:\/\/blafor.com\/markt\/produkt\/beechfield-5-panel-grand-prix-cap\/#breadcrumb"},"inLanguage":"de","potentialAction":[{"@type":"ReadAction","target":["https:\/\/blafor.com\/markt\/produkt\/beechfield-5-panel-grand-prix-cap\/"]}]},{"@type":"ImageObject","inLanguage":"de","@id":"https:\/\/blafor.com\/markt\/produkt\/beechfield-5-panel-grand-prix-cap\/#primaryimage","url":"https:\/\/blafor.com\/markt\/wp-content\/uploads\/sites\/6\/2022\/08\/CB159.jpg","contentUrl":"https:\/\/blafor.com\/markt\/wp-content\/uploads\/sites\/6\/2022\/08\/CB159.jpg","width":800,"height":800},{"@type":"BreadcrumbList","@id":"https:\/\/blafor.com\/markt\/produkt\/beechfield-5-panel-grand-prix-cap\/#breadcrumb","itemListElement":[{"@type":"ListItem","position":1,"name":"Startseite","item":"https:\/\/blafor.com\/markt\/"},{"@type":"ListItem","position":2,"name":"Katalog","item":"https:\/\/blafor.com\/markt\/katalog\/"},{"@type":"ListItem","position":3,"name":"Beechfield\u00ae 5 Panel Grand Prix Cap"}]},{"@type":"WebSite","@id":"https:\/\/blafor.com\/markt\/#website","url":"https:\/\/blafor.com\/markt\/","name":"BlaFor.com Markt","description":"Der Online-Marktplatz aus dem Schwarzwald","publisher":{"@id":"https:\/\/blafor.com\/markt\/#organization"},"alternateName":"BlaFor Markt","potentialAction":[{"@type":"SearchAction","target":{"@type":"EntryPoint","urlTemplate":"https:\/\/blafor.com\/markt\/?s={search_term_string}"},"query-input":{"@type":"PropertyValueSpecification","valueRequired":true,"valueName":"search_term_string"}}],"inLanguage":"de"},{"@type":"Organization","@id":"https:\/\/blafor.com\/markt\/#organization","name":"BlaFor.com","alternateName":"ALIZEL","url":"https:\/\/blafor.com\/markt\/","logo":{"@type":"ImageObject","inLanguage":"de","@id":"https:\/\/blafor.com\/markt\/#\/schema\/logo\/image\/","url":"https:\/\/blafor.com\/markt\/wp-content\/uploads\/sites\/6\/2022\/07\/bfc-shop64.png","contentUrl":"https:\/\/blafor.com\/markt\/wp-content\/uploads\/sites\/6\/2022\/07\/bfc-shop64.png","width":400,"height":160,"caption":"BlaFor.com"},"image":{"@id":"https:\/\/blafor.com\/markt\/#\/schema\/logo\/image\/"},"sameAs":["https:\/\/www.facebook.com\/BlaForCom\/","https:\/\/www.linkedin.com\/showcase\/blaforcom\/"]}]}},"taxonomy_info":{"product_cat":[{"value":592,"label":"Basecaps Damen"},{"value":593,"label":"Basecaps Herren"},{"value":594,"label":"Basecaps Kinder"},{"value":192,"label":"Fanartikel"},{"value":531,"label":"Sportswear"}],"product_tag":[{"value":371,"label":"Bicolor"},{"value":233,"label":"Sport"},{"value":521,"label":"Street-Style"},{"value":232,"label":"Teamwear"}],"pa_farbe":[{"value":598,"label":"Black \/ Red"},{"value":532,"label":"Black \/ White"},{"value":527,"label":"Black \/ Yellow"},{"value":599,"label":"Bleck \/ Green"},{"value":600,"label":"Bleck \/ Orange"},{"value":597,"label":"Blue \/ White"},{"value":596,"label":"Grey \/ Black"},{"value":229,"label":"Red \/ Black"},{"value":416,"label":"White \/ Black"}],"pa_marke":[{"value":133,"label":"Beechfield\u00ae"}],"pa_material":[{"value":247,"label":"100% Baumwolle"}],"pa_standort":[{"value":106,"label":"79843"}]},"featured_image_src_large":["https:\/\/blafor.com\/markt\/wp-content\/uploads\/sites\/6\/2022\/08\/CB159.jpg",800,800,false],"author_info":[],"comment_info":"","_links":{"self":[{"href":"https:\/\/blafor.com\/markt\/wp-json\/wp\/v2\/product\/3150","targetHints":{"allow":["GET"]}}],"collection":[{"href":"https:\/\/blafor.com\/markt\/wp-json\/wp\/v2\/product"}],"about":[{"href":"https:\/\/blafor.com\/markt\/wp-json\/wp\/v2\/types\/product"}],"wp:featuredmedia":[{"embeddable":true,"href":"https:\/\/blafor.com\/markt\/wp-json\/wp\/v2\/media\/3151"}],"wp:attachment":[{"href":"https:\/\/blafor.com\/markt\/wp-json\/wp\/v2\/media?parent=3150"}],"wp:term":[{"taxonomy":"product_brand","embeddable":true,"href":"https:\/\/blafor.com\/markt\/wp-json\/wp\/v2\/product_brand?post=3150"},{"taxonomy":"product_cat","embeddable":true,"href":"https:\/\/blafor.com\/markt\/wp-json\/wp\/v2\/product_cat?post=3150"},{"taxonomy":"product_tag","embeddable":true,"href":"https:\/\/blafor.com\/markt\/wp-json\/wp\/v2\/product_tag?post=3150"},{"taxonomy":"product_brands","embeddable":true,"href":"https:\/\/blafor.com\/markt\/wp-json\/wp\/v2\/product_brands?post=3150"}],"curies":[{"name":"wp","href":"https:\/\/api.w.org\/{rel}","templated":true}]}}