{"id":2976,"date":"2022-08-10T13:17:55","date_gmt":"2022-08-10T11:17:55","guid":{"rendered":"https:\/\/blafor.com\/markt\/?post_type=product&#038;p=2976"},"modified":"2022-08-10T13:26:51","modified_gmt":"2022-08-10T11:26:51","slug":"neutral-ladies-fit-t-shirt","status":"publish","type":"product","link":"https:\/\/blafor.com\/markt\/produkt\/neutral-ladies-fit-t-shirt\/","title":{"rendered":"Neutral\u00ae Ladies Fit T-Shirt"},"content":{"rendered":"<h2>Neutral\u00ae Ladies Fit T-Shirt<\/h2>\n<p>Das Ladies Fit T-Shirt von Neutral\u00ae ist ein Single-Jersey-T-Shirt mit taillierten kurzen \u00c4rmeln. Leicht tailliert an der Taille und an den Schultern. Rundhalsausschnitt mit doppellagigem Elasthanripp und innenliegendem Nackenband. Weiche, leichte Qualit\u00e4t aus ring-gesponnener 155 g\/m\u00b2 gek\u00e4mmter Fairtrade Bio-Baumwolle.<\/p>\n<ul>\n<li>Material: 100% Bio-Baumwolle<\/li>\n<li>Grammatur: 155 g\/m\u00b2<\/li>\n<li>\u00c4rmel: Kurzarm, Set-In<\/li>\n<li>Pflegehinweis: Waschbar bei 40\u00b0C Schonwaschgang, Trockner max. 60\u00b0C, b\u00fcgeln max. 110\u00b0C<\/li>\n<li>Passform: Fit (leicht tailliert)<\/li>\n<li>Verarbeitung: Gek\u00e4mmte Baumwolle, Seitenn\u00e4hte<\/li>\n<li>Verf\u00fcgbare Gr\u00f6\u00dfen: XS, S, M, L, XL, 2XL<\/li>\n<li>Verf\u00fcgbare Farben*: 30 Farbvarianten &#8211; 1-farbig, Gestreift, Meliert, Pastell<\/li>\n<li>Zertifizierungen: Oeko-Tex 100, EU Ecolabel, erneuerbare Energie, GOTS und Fairtrade<\/li>\n<\/ul>\n<p>*Die dargestellten Farben in der Veranschaulichung am Bildschirm k\u00f6nnen von den Originalfarben abweichen.<\/p>\n<p>Artikel-Nr.: NE81001<br \/>\nStyle: O81001, Fit, Neutral\u00ae, Woman Tee<\/p>\n","protected":false},"excerpt":{"rendered":"<ul>\n<li>Leichtes Rundhals T-Shirt aus Fairtrade Bio-Baumwolle<\/li>\n<li>Nachhaltig f\u00fcr Mensch und Umwelt<\/li>\n<li>Verf\u00fcgbar in 30 Farbvarianten<\/li>\n<li>Deine Gr\u00f6\u00dfe oder Farbe gerade nicht dabei? <br \/>Kontaktiere Verk\u00e4ufer!<\/li>\n<\/ul>\n","protected":false},"featured_media":2977,"template":"","meta":{"_kad_blocks_custom_css":"","_kad_blocks_head_custom_js":"","_kad_blocks_body_custom_js":"","_kad_blocks_footer_custom_js":"","_kadence_starter_templates_imported_post":false,"_kad_post_transparent":"default","_kad_post_title":"","_kad_post_layout":"default","_kad_post_sidebar_id":"","_kad_post_content_style":"default","_kad_post_vertical_padding":"default","_kad_post_feature":"","_kad_post_feature_position":"","_kad_post_header":false,"_kad_post_footer":false,"_kad_post_classname":""},"product_brand":[],"product_cat":[202],"product_tag":[458,370,369,230],"product_brands":[],"class_list":{"0":"post-2976","1":"product","2":"type-product","3":"status-publish","4":"has-post-thumbnail","6":"product_cat-t-shirts-damen","7":"product_tag-colors","8":"product_tag-fairtrade","9":"product_tag-nachhaltig","10":"product_tag-sommer","11":"pa_farbe-ash-grey","12":"pa_farbe-black","13":"pa_farbe-bordeaux","14":"pa_farbe-bottle-green","15":"pa_farbe-brown","16":"pa_farbe-charcoal","17":"pa_farbe-dusty-indigo","18":"pa_farbe-dusty-mint","19":"pa_farbe-dusty-yellow","20":"pa_farbe-light-blue","21":"pa_farbe-light-pink","22":"pa_farbe-lime","23":"pa_farbe-military-green","24":"pa_farbe-naturell","25":"pa_farbe-navy-blue","26":"pa_farbe-orange","27":"pa_farbe-pink","28":"pa_farbe-purple","29":"pa_farbe-red","30":"pa_farbe-royal-blue","31":"pa_farbe-sand","32":"pa_farbe-sapphire","33":"pa_farbe-teal","34":"pa_farbe-white","35":"pa_farbe-yellow","36":"pa_int-groesse-l","37":"pa_int-groesse-m","38":"pa_int-groesse-s","39":"pa_int-groesse-xl","40":"pa_int-groesse-xs","41":"pa_int-groesse-xxl","42":"pa_marke-neutral","43":"pa_material-100-bio-baumwolle","44":"pa_standort-106","46":"first","47":"instock","48":"taxable","49":"shipping-taxable","50":"purchasable","51":"product-type-variable","52":"entry","53":"content-bg","54":"loop-entry"},"yoast_head":"<!-- This site is optimized with the Yoast SEO plugin v27.3 - https:\/\/yoast.com\/product\/yoast-seo-wordpress\/ -->\n<title>Neutral\u00ae Ladies Fit T-Shirt : BlaFor.com Markt<\/title>\n<meta name=\"robots\" content=\"index, follow, max-snippet:-1, max-image-preview:large, max-video-preview:-1\" \/>\n<link rel=\"canonical\" href=\"https:\/\/blafor.com\/markt\/produkt\/neutral-ladies-fit-t-shirt\/\" \/>\n<meta property=\"og:locale\" content=\"de_DE\" \/>\n<meta property=\"og:type\" content=\"article\" \/>\n<meta property=\"og:title\" content=\"Neutral\u00ae Ladies Fit T-Shirt : BlaFor.com Markt\" \/>\n<meta property=\"og:description\" content=\"Leichtes Rundhals T-Shirt aus Fairtrade Bio-Baumwolle  Nachhaltig f\u00fcr Mensch und Umwelt  Verf\u00fcgbar in 30 Farbvarianten  Deine Gr\u00f6\u00dfe oder Farbe gerade nicht dabei? Kontaktiere Verk\u00e4ufer!\" \/>\n<meta property=\"og:url\" content=\"https:\/\/blafor.com\/markt\/produkt\/neutral-ladies-fit-t-shirt\/\" \/>\n<meta property=\"og:site_name\" content=\"BlaFor.com Markt\" \/>\n<meta property=\"article:publisher\" content=\"https:\/\/www.facebook.com\/BlaForCom\/\" \/>\n<meta property=\"article:modified_time\" content=\"2022-08-10T11:26:51+00:00\" \/>\n<meta property=\"og:image\" content=\"https:\/\/blafor.com\/markt\/wp-content\/uploads\/sites\/6\/2022\/08\/ne81001-side.jpg\" \/>\n\t<meta property=\"og:image:width\" content=\"800\" \/>\n\t<meta property=\"og:image:height\" content=\"800\" \/>\n\t<meta property=\"og:image:type\" content=\"image\/jpeg\" \/>\n<meta name=\"twitter:card\" content=\"summary_large_image\" \/>\n<meta name=\"twitter:label1\" content=\"Gesch\u00e4tzte Lesezeit\" \/>\n\t<meta name=\"twitter:data1\" content=\"1\u00a0Minute\" \/>\n<script type=\"application\/ld+json\" class=\"yoast-schema-graph\">{\"@context\":\"https:\\\/\\\/schema.org\",\"@graph\":[{\"@type\":\"WebPage\",\"@id\":\"https:\\\/\\\/blafor.com\\\/markt\\\/produkt\\\/neutral-ladies-fit-t-shirt\\\/\",\"url\":\"https:\\\/\\\/blafor.com\\\/markt\\\/produkt\\\/neutral-ladies-fit-t-shirt\\\/\",\"name\":\"Neutral\u00ae Ladies Fit T-Shirt : BlaFor.com Markt\",\"isPartOf\":{\"@id\":\"https:\\\/\\\/blafor.com\\\/markt\\\/#website\"},\"primaryImageOfPage\":{\"@id\":\"https:\\\/\\\/blafor.com\\\/markt\\\/produkt\\\/neutral-ladies-fit-t-shirt\\\/#primaryimage\"},\"image\":{\"@id\":\"https:\\\/\\\/blafor.com\\\/markt\\\/produkt\\\/neutral-ladies-fit-t-shirt\\\/#primaryimage\"},\"thumbnailUrl\":\"https:\\\/\\\/blafor.com\\\/markt\\\/wp-content\\\/uploads\\\/sites\\\/6\\\/2022\\\/08\\\/ne81001-side.jpg\",\"datePublished\":\"2022-08-10T11:17:55+00:00\",\"dateModified\":\"2022-08-10T11:26:51+00:00\",\"breadcrumb\":{\"@id\":\"https:\\\/\\\/blafor.com\\\/markt\\\/produkt\\\/neutral-ladies-fit-t-shirt\\\/#breadcrumb\"},\"inLanguage\":\"de\",\"potentialAction\":[{\"@type\":\"ReadAction\",\"target\":[\"https:\\\/\\\/blafor.com\\\/markt\\\/produkt\\\/neutral-ladies-fit-t-shirt\\\/\"]}]},{\"@type\":\"ImageObject\",\"inLanguage\":\"de\",\"@id\":\"https:\\\/\\\/blafor.com\\\/markt\\\/produkt\\\/neutral-ladies-fit-t-shirt\\\/#primaryimage\",\"url\":\"https:\\\/\\\/blafor.com\\\/markt\\\/wp-content\\\/uploads\\\/sites\\\/6\\\/2022\\\/08\\\/ne81001-side.jpg\",\"contentUrl\":\"https:\\\/\\\/blafor.com\\\/markt\\\/wp-content\\\/uploads\\\/sites\\\/6\\\/2022\\\/08\\\/ne81001-side.jpg\",\"width\":800,\"height\":800},{\"@type\":\"BreadcrumbList\",\"@id\":\"https:\\\/\\\/blafor.com\\\/markt\\\/produkt\\\/neutral-ladies-fit-t-shirt\\\/#breadcrumb\",\"itemListElement\":[{\"@type\":\"ListItem\",\"position\":1,\"name\":\"Startseite\",\"item\":\"https:\\\/\\\/blafor.com\\\/markt\\\/\"},{\"@type\":\"ListItem\",\"position\":2,\"name\":\"Katalog\",\"item\":\"https:\\\/\\\/blafor.com\\\/markt\\\/katalog\\\/\"},{\"@type\":\"ListItem\",\"position\":3,\"name\":\"Neutral\u00ae Ladies Fit T-Shirt\"}]},{\"@type\":\"WebSite\",\"@id\":\"https:\\\/\\\/blafor.com\\\/markt\\\/#website\",\"url\":\"https:\\\/\\\/blafor.com\\\/markt\\\/\",\"name\":\"BlaFor.com Markt\",\"description\":\"Der Online-Marktplatz aus dem Schwarzwald\",\"publisher\":{\"@id\":\"https:\\\/\\\/blafor.com\\\/markt\\\/#organization\"},\"alternateName\":\"BlaFor Markt\",\"potentialAction\":[{\"@type\":\"SearchAction\",\"target\":{\"@type\":\"EntryPoint\",\"urlTemplate\":\"https:\\\/\\\/blafor.com\\\/markt\\\/?s={search_term_string}\"},\"query-input\":{\"@type\":\"PropertyValueSpecification\",\"valueRequired\":true,\"valueName\":\"search_term_string\"}}],\"inLanguage\":\"de\"},{\"@type\":\"Organization\",\"@id\":\"https:\\\/\\\/blafor.com\\\/markt\\\/#organization\",\"name\":\"BlaFor.com\",\"alternateName\":\"ALIZEL\",\"url\":\"https:\\\/\\\/blafor.com\\\/markt\\\/\",\"logo\":{\"@type\":\"ImageObject\",\"inLanguage\":\"de\",\"@id\":\"https:\\\/\\\/blafor.com\\\/markt\\\/#\\\/schema\\\/logo\\\/image\\\/\",\"url\":\"https:\\\/\\\/blafor.com\\\/markt\\\/wp-content\\\/uploads\\\/sites\\\/6\\\/2022\\\/07\\\/bfc-shop64.png\",\"contentUrl\":\"https:\\\/\\\/blafor.com\\\/markt\\\/wp-content\\\/uploads\\\/sites\\\/6\\\/2022\\\/07\\\/bfc-shop64.png\",\"width\":400,\"height\":160,\"caption\":\"BlaFor.com\"},\"image\":{\"@id\":\"https:\\\/\\\/blafor.com\\\/markt\\\/#\\\/schema\\\/logo\\\/image\\\/\"},\"sameAs\":[\"https:\\\/\\\/www.facebook.com\\\/BlaForCom\\\/\",\"https:\\\/\\\/www.linkedin.com\\\/showcase\\\/blaforcom\\\/\"]}]}<\/script>\n<!-- \/ Yoast SEO plugin. -->","yoast_head_json":{"title":"Neutral\u00ae Ladies Fit T-Shirt : BlaFor.com Markt","robots":{"index":"index","follow":"follow","max-snippet":"max-snippet:-1","max-image-preview":"max-image-preview:large","max-video-preview":"max-video-preview:-1"},"canonical":"https:\/\/blafor.com\/markt\/produkt\/neutral-ladies-fit-t-shirt\/","og_locale":"de_DE","og_type":"article","og_title":"Neutral\u00ae Ladies Fit T-Shirt : BlaFor.com Markt","og_description":"Leichtes Rundhals T-Shirt aus Fairtrade Bio-Baumwolle  Nachhaltig f\u00fcr Mensch und Umwelt  Verf\u00fcgbar in 30 Farbvarianten  Deine Gr\u00f6\u00dfe oder Farbe gerade nicht dabei? Kontaktiere Verk\u00e4ufer!","og_url":"https:\/\/blafor.com\/markt\/produkt\/neutral-ladies-fit-t-shirt\/","og_site_name":"BlaFor.com Markt","article_publisher":"https:\/\/www.facebook.com\/BlaForCom\/","article_modified_time":"2022-08-10T11:26:51+00:00","og_image":[{"width":800,"height":800,"url":"https:\/\/blafor.com\/markt\/wp-content\/uploads\/sites\/6\/2022\/08\/ne81001-side.jpg","type":"image\/jpeg"}],"twitter_card":"summary_large_image","twitter_misc":{"Gesch\u00e4tzte Lesezeit":"1\u00a0Minute"},"schema":{"@context":"https:\/\/schema.org","@graph":[{"@type":"WebPage","@id":"https:\/\/blafor.com\/markt\/produkt\/neutral-ladies-fit-t-shirt\/","url":"https:\/\/blafor.com\/markt\/produkt\/neutral-ladies-fit-t-shirt\/","name":"Neutral\u00ae Ladies Fit T-Shirt : BlaFor.com Markt","isPartOf":{"@id":"https:\/\/blafor.com\/markt\/#website"},"primaryImageOfPage":{"@id":"https:\/\/blafor.com\/markt\/produkt\/neutral-ladies-fit-t-shirt\/#primaryimage"},"image":{"@id":"https:\/\/blafor.com\/markt\/produkt\/neutral-ladies-fit-t-shirt\/#primaryimage"},"thumbnailUrl":"https:\/\/blafor.com\/markt\/wp-content\/uploads\/sites\/6\/2022\/08\/ne81001-side.jpg","datePublished":"2022-08-10T11:17:55+00:00","dateModified":"2022-08-10T11:26:51+00:00","breadcrumb":{"@id":"https:\/\/blafor.com\/markt\/produkt\/neutral-ladies-fit-t-shirt\/#breadcrumb"},"inLanguage":"de","potentialAction":[{"@type":"ReadAction","target":["https:\/\/blafor.com\/markt\/produkt\/neutral-ladies-fit-t-shirt\/"]}]},{"@type":"ImageObject","inLanguage":"de","@id":"https:\/\/blafor.com\/markt\/produkt\/neutral-ladies-fit-t-shirt\/#primaryimage","url":"https:\/\/blafor.com\/markt\/wp-content\/uploads\/sites\/6\/2022\/08\/ne81001-side.jpg","contentUrl":"https:\/\/blafor.com\/markt\/wp-content\/uploads\/sites\/6\/2022\/08\/ne81001-side.jpg","width":800,"height":800},{"@type":"BreadcrumbList","@id":"https:\/\/blafor.com\/markt\/produkt\/neutral-ladies-fit-t-shirt\/#breadcrumb","itemListElement":[{"@type":"ListItem","position":1,"name":"Startseite","item":"https:\/\/blafor.com\/markt\/"},{"@type":"ListItem","position":2,"name":"Katalog","item":"https:\/\/blafor.com\/markt\/katalog\/"},{"@type":"ListItem","position":3,"name":"Neutral\u00ae Ladies Fit T-Shirt"}]},{"@type":"WebSite","@id":"https:\/\/blafor.com\/markt\/#website","url":"https:\/\/blafor.com\/markt\/","name":"BlaFor.com Markt","description":"Der Online-Marktplatz aus dem Schwarzwald","publisher":{"@id":"https:\/\/blafor.com\/markt\/#organization"},"alternateName":"BlaFor Markt","potentialAction":[{"@type":"SearchAction","target":{"@type":"EntryPoint","urlTemplate":"https:\/\/blafor.com\/markt\/?s={search_term_string}"},"query-input":{"@type":"PropertyValueSpecification","valueRequired":true,"valueName":"search_term_string"}}],"inLanguage":"de"},{"@type":"Organization","@id":"https:\/\/blafor.com\/markt\/#organization","name":"BlaFor.com","alternateName":"ALIZEL","url":"https:\/\/blafor.com\/markt\/","logo":{"@type":"ImageObject","inLanguage":"de","@id":"https:\/\/blafor.com\/markt\/#\/schema\/logo\/image\/","url":"https:\/\/blafor.com\/markt\/wp-content\/uploads\/sites\/6\/2022\/07\/bfc-shop64.png","contentUrl":"https:\/\/blafor.com\/markt\/wp-content\/uploads\/sites\/6\/2022\/07\/bfc-shop64.png","width":400,"height":160,"caption":"BlaFor.com"},"image":{"@id":"https:\/\/blafor.com\/markt\/#\/schema\/logo\/image\/"},"sameAs":["https:\/\/www.facebook.com\/BlaForCom\/","https:\/\/www.linkedin.com\/showcase\/blaforcom\/"]}]}},"taxonomy_info":{"product_cat":[{"value":202,"label":"T-Shirts Damen"}],"product_tag":[{"value":458,"label":"Colors"},{"value":370,"label":"Fairtrade"},{"value":369,"label":"Nachhaltig"},{"value":230,"label":"Sommer"}],"pa_farbe":[{"value":453,"label":"Ash Grey"},{"value":115,"label":"Black"},{"value":118,"label":"Bordeaux"},{"value":443,"label":"Bottle Green"},{"value":119,"label":"Brown"},{"value":121,"label":"Charcoal"},{"value":450,"label":"Dusty Indigo"},{"value":454,"label":"Dusty Mint"},{"value":449,"label":"Dusty Yellow"},{"value":451,"label":"Light Blue"},{"value":452,"label":"Light Pink"},{"value":446,"label":"Lime"},{"value":405,"label":"Military Green"},{"value":224,"label":"Naturell"},{"value":342,"label":"Navy Blue"},{"value":117,"label":"Orange"},{"value":445,"label":"Pink"},{"value":490,"label":"Purple"},{"value":41,"label":"Red"},{"value":444,"label":"Royal Blue"},{"value":447,"label":"Sand"},{"value":448,"label":"Sapphire"},{"value":456,"label":"Teal"},{"value":368,"label":"White"},{"value":116,"label":"Yellow"}],"pa_int-groesse":[{"value":238,"label":"L"},{"value":237,"label":"M"},{"value":236,"label":"S"},{"value":239,"label":"XL"},{"value":235,"label":"XS"},{"value":240,"label":"XXL"}],"pa_marke":[{"value":152,"label":"Neutral\u00ae"}],"pa_material":[{"value":248,"label":"100% Bio-Baumwolle"}],"pa_standort":[{"value":106,"label":"79843"}]},"featured_image_src_large":["https:\/\/blafor.com\/markt\/wp-content\/uploads\/sites\/6\/2022\/08\/ne81001-side.jpg",800,800,false],"author_info":[],"comment_info":"","_links":{"self":[{"href":"https:\/\/blafor.com\/markt\/wp-json\/wp\/v2\/product\/2976","targetHints":{"allow":["GET"]}}],"collection":[{"href":"https:\/\/blafor.com\/markt\/wp-json\/wp\/v2\/product"}],"about":[{"href":"https:\/\/blafor.com\/markt\/wp-json\/wp\/v2\/types\/product"}],"wp:featuredmedia":[{"embeddable":true,"href":"https:\/\/blafor.com\/markt\/wp-json\/wp\/v2\/media\/2977"}],"wp:attachment":[{"href":"https:\/\/blafor.com\/markt\/wp-json\/wp\/v2\/media?parent=2976"}],"wp:term":[{"taxonomy":"product_brand","embeddable":true,"href":"https:\/\/blafor.com\/markt\/wp-json\/wp\/v2\/product_brand?post=2976"},{"taxonomy":"product_cat","embeddable":true,"href":"https:\/\/blafor.com\/markt\/wp-json\/wp\/v2\/product_cat?post=2976"},{"taxonomy":"product_tag","embeddable":true,"href":"https:\/\/blafor.com\/markt\/wp-json\/wp\/v2\/product_tag?post=2976"},{"taxonomy":"product_brands","embeddable":true,"href":"https:\/\/blafor.com\/markt\/wp-json\/wp\/v2\/product_brands?post=2976"}],"curies":[{"name":"wp","href":"https:\/\/api.w.org\/{rel}","templated":true}]}}