{"id":2927,"date":"2021-07-10T09:16:13","date_gmt":"2021-07-10T07:16:13","guid":{"rendered":"https:\/\/blafor.com\/markt\/?post_type=product&#038;p=2927"},"modified":"2022-08-10T09:29:12","modified_gmt":"2022-08-10T07:29:12","slug":"james-nicholson-women-ringer-t-shirt","status":"publish","type":"product","link":"https:\/\/blafor.com\/markt\/produkt\/james-nicholson-women-ringer-t-shirt\/","title":{"rendered":"James &#038; Nicholson Women Ringer T-Shirt"},"content":{"rendered":"<h2>James &amp; Nicholson Women Ringer T-Shirt<\/h2>\n<p>Das Women Ringer T-Shirt von James &amp; Nicholson ist ein leicht tailliertes Damen T-Shirt in hochwertiger Qualit\u00e4t mit Kontrast farbigen B\u00fcndchen und sch\u00f6n akzentuiertem Rundhalsausschnitt. Hochwertige Single-Jersey-Qualit\u00e4t mit doppelter Nahtverarbeitung und Seitenn\u00e4hten.<\/p>\n<ul>\n<li>Grammatur: 160 g\/m\u00b2<\/li>\n<li>Passform: K\u00f6rperbetont<\/li>\n<li>Material: 100% Baumwolle<\/li>\n<li>Verf\u00fcgbare Gr\u00f6\u00dfen: S, M, L, XL<\/li>\n<li>Verf\u00fcgbare Farben: green, purple<\/li>\n<li>Pflegehinweise: waschbar bei 40\u00b0C<\/li>\n<\/ul>\n<p>Artikel-Nr.: JN013<br \/>\nStyle: JN013, James &amp; Nicholson, Kontrast Shirt<\/p>\n","protected":false},"excerpt":{"rendered":"<ul>\n<li>Leicht tailliertes Damen T-Shirt<\/li>\n<li>Kontrastfarben am Hals und \u00c4rmel<\/li>\n<li>Baumwolle, 160 g\/m\u00b2<\/li>\n<li>Nur solange der Vorrat reicht!<\/li>\n<\/ul>\n","protected":false},"featured_media":2928,"template":"","meta":{"_kad_blocks_custom_css":"","_kad_blocks_head_custom_js":"","_kad_blocks_body_custom_js":"","_kad_blocks_footer_custom_js":"","_kadence_starter_templates_imported_post":false,"_kad_post_transparent":"default","_kad_post_title":"","_kad_post_layout":"default","_kad_post_sidebar_id":"","_kad_post_content_style":"default","_kad_post_vertical_padding":"default","_kad_post_feature":"","_kad_post_feature_position":"","_kad_post_header":false,"_kad_post_footer":false,"_kad_post_classname":""},"product_brand":[],"product_cat":[202],"product_tag":[371,231,230],"product_brands":[],"class_list":{"0":"post-2927","1":"product","2":"type-product","3":"status-publish","4":"has-post-thumbnail","6":"product_cat-t-shirts-damen","7":"product_tag-bicolor","8":"product_tag-restposten","9":"product_tag-sommer","10":"pa_farbe-green","11":"pa_farbe-purple","12":"pa_int-groesse-l","13":"pa_int-groesse-m","14":"pa_int-groesse-s","15":"pa_int-groesse-xl","16":"pa_marke-james-nicholson","17":"pa_material-100-baumwolle","18":"pa_standort-106","20":"first","21":"instock","22":"taxable","23":"shipping-taxable","24":"purchasable","25":"product-type-variable","26":"entry","27":"content-bg","28":"loop-entry"},"yoast_head":"<!-- This site is optimized with the Yoast SEO plugin v27.5 - https:\/\/yoast.com\/product\/yoast-seo-wordpress\/ -->\n<title>James &amp; Nicholson Women Ringer T-Shirt : BlaFor.com Markt<\/title>\n<meta name=\"robots\" content=\"index, follow, max-snippet:-1, max-image-preview:large, max-video-preview:-1\" \/>\n<link rel=\"canonical\" href=\"https:\/\/blafor.com\/markt\/produkt\/james-nicholson-women-ringer-t-shirt\/\" \/>\n<meta property=\"og:locale\" content=\"de_DE\" \/>\n<meta property=\"og:type\" content=\"article\" \/>\n<meta property=\"og:title\" content=\"James &amp; Nicholson Women Ringer T-Shirt : BlaFor.com Markt\" \/>\n<meta property=\"og:description\" content=\"Leicht tailliertes Damen T-Shirt  Kontrastfarben am Hals und \u00c4rmel  Baumwolle, 160 g\/m\u00b2  Nur solange der Vorrat reicht!\" \/>\n<meta property=\"og:url\" content=\"https:\/\/blafor.com\/markt\/produkt\/james-nicholson-women-ringer-t-shirt\/\" \/>\n<meta property=\"og:site_name\" content=\"BlaFor.com Markt\" \/>\n<meta property=\"article:publisher\" content=\"https:\/\/www.facebook.com\/BlaForCom\/\" \/>\n<meta property=\"article:modified_time\" content=\"2022-08-10T07:29:12+00:00\" \/>\n<meta property=\"og:image\" content=\"https:\/\/blafor.com\/markt\/wp-content\/uploads\/sites\/6\/2022\/08\/JN013.jpg\" \/>\n\t<meta property=\"og:image:width\" content=\"600\" \/>\n\t<meta property=\"og:image:height\" content=\"600\" \/>\n\t<meta property=\"og:image:type\" content=\"image\/jpeg\" \/>\n<meta name=\"twitter:card\" content=\"summary_large_image\" \/>\n<meta name=\"twitter:label1\" content=\"Gesch\u00e4tzte Lesezeit\" \/>\n\t<meta name=\"twitter:data1\" content=\"1\u00a0Minute\" \/>\n<script type=\"application\/ld+json\" class=\"yoast-schema-graph\">{\"@context\":\"https:\\\/\\\/schema.org\",\"@graph\":[{\"@type\":\"WebPage\",\"@id\":\"https:\\\/\\\/blafor.com\\\/markt\\\/produkt\\\/james-nicholson-women-ringer-t-shirt\\\/\",\"url\":\"https:\\\/\\\/blafor.com\\\/markt\\\/produkt\\\/james-nicholson-women-ringer-t-shirt\\\/\",\"name\":\"James & Nicholson Women Ringer T-Shirt : BlaFor.com Markt\",\"isPartOf\":{\"@id\":\"https:\\\/\\\/blafor.com\\\/markt\\\/#website\"},\"primaryImageOfPage\":{\"@id\":\"https:\\\/\\\/blafor.com\\\/markt\\\/produkt\\\/james-nicholson-women-ringer-t-shirt\\\/#primaryimage\"},\"image\":{\"@id\":\"https:\\\/\\\/blafor.com\\\/markt\\\/produkt\\\/james-nicholson-women-ringer-t-shirt\\\/#primaryimage\"},\"thumbnailUrl\":\"https:\\\/\\\/blafor.com\\\/markt\\\/wp-content\\\/uploads\\\/sites\\\/6\\\/2022\\\/08\\\/JN013.jpg\",\"datePublished\":\"2021-07-10T07:16:13+00:00\",\"dateModified\":\"2022-08-10T07:29:12+00:00\",\"breadcrumb\":{\"@id\":\"https:\\\/\\\/blafor.com\\\/markt\\\/produkt\\\/james-nicholson-women-ringer-t-shirt\\\/#breadcrumb\"},\"inLanguage\":\"de\",\"potentialAction\":[{\"@type\":\"ReadAction\",\"target\":[\"https:\\\/\\\/blafor.com\\\/markt\\\/produkt\\\/james-nicholson-women-ringer-t-shirt\\\/\"]}]},{\"@type\":\"ImageObject\",\"inLanguage\":\"de\",\"@id\":\"https:\\\/\\\/blafor.com\\\/markt\\\/produkt\\\/james-nicholson-women-ringer-t-shirt\\\/#primaryimage\",\"url\":\"https:\\\/\\\/blafor.com\\\/markt\\\/wp-content\\\/uploads\\\/sites\\\/6\\\/2022\\\/08\\\/JN013.jpg\",\"contentUrl\":\"https:\\\/\\\/blafor.com\\\/markt\\\/wp-content\\\/uploads\\\/sites\\\/6\\\/2022\\\/08\\\/JN013.jpg\",\"width\":600,\"height\":600},{\"@type\":\"BreadcrumbList\",\"@id\":\"https:\\\/\\\/blafor.com\\\/markt\\\/produkt\\\/james-nicholson-women-ringer-t-shirt\\\/#breadcrumb\",\"itemListElement\":[{\"@type\":\"ListItem\",\"position\":1,\"name\":\"Startseite\",\"item\":\"https:\\\/\\\/blafor.com\\\/markt\\\/\"},{\"@type\":\"ListItem\",\"position\":2,\"name\":\"Katalog\",\"item\":\"https:\\\/\\\/blafor.com\\\/markt\\\/katalog\\\/\"},{\"@type\":\"ListItem\",\"position\":3,\"name\":\"James &#038; Nicholson Women Ringer T-Shirt\"}]},{\"@type\":\"WebSite\",\"@id\":\"https:\\\/\\\/blafor.com\\\/markt\\\/#website\",\"url\":\"https:\\\/\\\/blafor.com\\\/markt\\\/\",\"name\":\"BlaFor.com Markt\",\"description\":\"Der Online-Marktplatz aus dem Schwarzwald\",\"publisher\":{\"@id\":\"https:\\\/\\\/blafor.com\\\/markt\\\/#organization\"},\"alternateName\":\"BlaFor Markt\",\"potentialAction\":[{\"@type\":\"SearchAction\",\"target\":{\"@type\":\"EntryPoint\",\"urlTemplate\":\"https:\\\/\\\/blafor.com\\\/markt\\\/?s={search_term_string}\"},\"query-input\":{\"@type\":\"PropertyValueSpecification\",\"valueRequired\":true,\"valueName\":\"search_term_string\"}}],\"inLanguage\":\"de\"},{\"@type\":\"Organization\",\"@id\":\"https:\\\/\\\/blafor.com\\\/markt\\\/#organization\",\"name\":\"BlaFor.com\",\"alternateName\":\"ALIZEL\",\"url\":\"https:\\\/\\\/blafor.com\\\/markt\\\/\",\"logo\":{\"@type\":\"ImageObject\",\"inLanguage\":\"de\",\"@id\":\"https:\\\/\\\/blafor.com\\\/markt\\\/#\\\/schema\\\/logo\\\/image\\\/\",\"url\":\"https:\\\/\\\/blafor.com\\\/markt\\\/wp-content\\\/uploads\\\/sites\\\/6\\\/2022\\\/07\\\/bfc-shop64.png\",\"contentUrl\":\"https:\\\/\\\/blafor.com\\\/markt\\\/wp-content\\\/uploads\\\/sites\\\/6\\\/2022\\\/07\\\/bfc-shop64.png\",\"width\":400,\"height\":160,\"caption\":\"BlaFor.com\"},\"image\":{\"@id\":\"https:\\\/\\\/blafor.com\\\/markt\\\/#\\\/schema\\\/logo\\\/image\\\/\"},\"sameAs\":[\"https:\\\/\\\/www.facebook.com\\\/BlaForCom\\\/\",\"https:\\\/\\\/www.linkedin.com\\\/showcase\\\/blaforcom\\\/\"]}]}<\/script>\n<!-- \/ Yoast SEO plugin. -->","yoast_head_json":{"title":"James & Nicholson Women Ringer T-Shirt : BlaFor.com Markt","robots":{"index":"index","follow":"follow","max-snippet":"max-snippet:-1","max-image-preview":"max-image-preview:large","max-video-preview":"max-video-preview:-1"},"canonical":"https:\/\/blafor.com\/markt\/produkt\/james-nicholson-women-ringer-t-shirt\/","og_locale":"de_DE","og_type":"article","og_title":"James & Nicholson Women Ringer T-Shirt : BlaFor.com Markt","og_description":"Leicht tailliertes Damen T-Shirt  Kontrastfarben am Hals und \u00c4rmel  Baumwolle, 160 g\/m\u00b2  Nur solange der Vorrat reicht!","og_url":"https:\/\/blafor.com\/markt\/produkt\/james-nicholson-women-ringer-t-shirt\/","og_site_name":"BlaFor.com Markt","article_publisher":"https:\/\/www.facebook.com\/BlaForCom\/","article_modified_time":"2022-08-10T07:29:12+00:00","og_image":[{"width":600,"height":600,"url":"https:\/\/blafor.com\/markt\/wp-content\/uploads\/sites\/6\/2022\/08\/JN013.jpg","type":"image\/jpeg"}],"twitter_card":"summary_large_image","twitter_misc":{"Gesch\u00e4tzte Lesezeit":"1\u00a0Minute"},"schema":{"@context":"https:\/\/schema.org","@graph":[{"@type":"WebPage","@id":"https:\/\/blafor.com\/markt\/produkt\/james-nicholson-women-ringer-t-shirt\/","url":"https:\/\/blafor.com\/markt\/produkt\/james-nicholson-women-ringer-t-shirt\/","name":"James & Nicholson Women Ringer T-Shirt : BlaFor.com Markt","isPartOf":{"@id":"https:\/\/blafor.com\/markt\/#website"},"primaryImageOfPage":{"@id":"https:\/\/blafor.com\/markt\/produkt\/james-nicholson-women-ringer-t-shirt\/#primaryimage"},"image":{"@id":"https:\/\/blafor.com\/markt\/produkt\/james-nicholson-women-ringer-t-shirt\/#primaryimage"},"thumbnailUrl":"https:\/\/blafor.com\/markt\/wp-content\/uploads\/sites\/6\/2022\/08\/JN013.jpg","datePublished":"2021-07-10T07:16:13+00:00","dateModified":"2022-08-10T07:29:12+00:00","breadcrumb":{"@id":"https:\/\/blafor.com\/markt\/produkt\/james-nicholson-women-ringer-t-shirt\/#breadcrumb"},"inLanguage":"de","potentialAction":[{"@type":"ReadAction","target":["https:\/\/blafor.com\/markt\/produkt\/james-nicholson-women-ringer-t-shirt\/"]}]},{"@type":"ImageObject","inLanguage":"de","@id":"https:\/\/blafor.com\/markt\/produkt\/james-nicholson-women-ringer-t-shirt\/#primaryimage","url":"https:\/\/blafor.com\/markt\/wp-content\/uploads\/sites\/6\/2022\/08\/JN013.jpg","contentUrl":"https:\/\/blafor.com\/markt\/wp-content\/uploads\/sites\/6\/2022\/08\/JN013.jpg","width":600,"height":600},{"@type":"BreadcrumbList","@id":"https:\/\/blafor.com\/markt\/produkt\/james-nicholson-women-ringer-t-shirt\/#breadcrumb","itemListElement":[{"@type":"ListItem","position":1,"name":"Startseite","item":"https:\/\/blafor.com\/markt\/"},{"@type":"ListItem","position":2,"name":"Katalog","item":"https:\/\/blafor.com\/markt\/katalog\/"},{"@type":"ListItem","position":3,"name":"James &#038; Nicholson Women Ringer T-Shirt"}]},{"@type":"WebSite","@id":"https:\/\/blafor.com\/markt\/#website","url":"https:\/\/blafor.com\/markt\/","name":"BlaFor.com Markt","description":"Der Online-Marktplatz aus dem Schwarzwald","publisher":{"@id":"https:\/\/blafor.com\/markt\/#organization"},"alternateName":"BlaFor Markt","potentialAction":[{"@type":"SearchAction","target":{"@type":"EntryPoint","urlTemplate":"https:\/\/blafor.com\/markt\/?s={search_term_string}"},"query-input":{"@type":"PropertyValueSpecification","valueRequired":true,"valueName":"search_term_string"}}],"inLanguage":"de"},{"@type":"Organization","@id":"https:\/\/blafor.com\/markt\/#organization","name":"BlaFor.com","alternateName":"ALIZEL","url":"https:\/\/blafor.com\/markt\/","logo":{"@type":"ImageObject","inLanguage":"de","@id":"https:\/\/blafor.com\/markt\/#\/schema\/logo\/image\/","url":"https:\/\/blafor.com\/markt\/wp-content\/uploads\/sites\/6\/2022\/07\/bfc-shop64.png","contentUrl":"https:\/\/blafor.com\/markt\/wp-content\/uploads\/sites\/6\/2022\/07\/bfc-shop64.png","width":400,"height":160,"caption":"BlaFor.com"},"image":{"@id":"https:\/\/blafor.com\/markt\/#\/schema\/logo\/image\/"},"sameAs":["https:\/\/www.facebook.com\/BlaForCom\/","https:\/\/www.linkedin.com\/showcase\/blaforcom\/"]}]}},"taxonomy_info":{"product_cat":[{"value":202,"label":"T-Shirts Damen"}],"product_tag":[{"value":371,"label":"Bicolor"},{"value":231,"label":"Restposten"},{"value":230,"label":"Sommer"}],"pa_farbe":[{"value":40,"label":"Green"},{"value":490,"label":"Purple"}],"pa_int-groesse":[{"value":238,"label":"L"},{"value":237,"label":"M"},{"value":236,"label":"S"},{"value":239,"label":"XL"}],"pa_marke":[{"value":147,"label":"James &amp; Nicholson"}],"pa_material":[{"value":247,"label":"100% Baumwolle"}],"pa_standort":[{"value":106,"label":"79843"}]},"featured_image_src_large":["https:\/\/blafor.com\/markt\/wp-content\/uploads\/sites\/6\/2022\/08\/JN013.jpg",600,600,false],"author_info":[],"comment_info":"","_links":{"self":[{"href":"https:\/\/blafor.com\/markt\/wp-json\/wp\/v2\/product\/2927","targetHints":{"allow":["GET"]}}],"collection":[{"href":"https:\/\/blafor.com\/markt\/wp-json\/wp\/v2\/product"}],"about":[{"href":"https:\/\/blafor.com\/markt\/wp-json\/wp\/v2\/types\/product"}],"wp:featuredmedia":[{"embeddable":true,"href":"https:\/\/blafor.com\/markt\/wp-json\/wp\/v2\/media\/2928"}],"wp:attachment":[{"href":"https:\/\/blafor.com\/markt\/wp-json\/wp\/v2\/media?parent=2927"}],"wp:term":[{"taxonomy":"product_brand","embeddable":true,"href":"https:\/\/blafor.com\/markt\/wp-json\/wp\/v2\/product_brand?post=2927"},{"taxonomy":"product_cat","embeddable":true,"href":"https:\/\/blafor.com\/markt\/wp-json\/wp\/v2\/product_cat?post=2927"},{"taxonomy":"product_tag","embeddable":true,"href":"https:\/\/blafor.com\/markt\/wp-json\/wp\/v2\/product_tag?post=2927"},{"taxonomy":"product_brands","embeddable":true,"href":"https:\/\/blafor.com\/markt\/wp-json\/wp\/v2\/product_brands?post=2927"}],"curies":[{"name":"wp","href":"https:\/\/api.w.org\/{rel}","templated":true}]}}