{"id":2866,"date":"2020-02-09T10:28:25","date_gmt":"2020-02-09T09:28:25","guid":{"rendered":"https:\/\/blafor.com\/markt\/?post_type=product&#038;p=2866"},"modified":"2022-08-12T12:01:20","modified_gmt":"2022-08-12T10:01:20","slug":"3-tlg-set-yuto-kinder-freizeitanzug","status":"publish","type":"product","link":"https:\/\/blafor.com\/markt\/produkt\/3-tlg-set-yuto-kinder-freizeitanzug\/","title":{"rendered":"3-tlg. Set &#8211; Yuto Kinder Freizeitanzug"},"content":{"rendered":"<h2>3-tlg. Set &#8211; Yuto Kinder Freizeitanzug<\/h2>\n<p>Das 3-tlg. Set Yuto Kinder Freizeitanzug bestehend aus einer \u00e4rmellosen Kapuzen-Weste mit Rei\u00dfverschluss, lang\u00e4rmligem Pullover und einer langen Hose mit Gummizug und Kontrast-streifen an den Seiten.<\/p>\n<ul>\n<li>Material: 35% Baumwolle \/ 65% Polyester<\/li>\n<li>Verf\u00fcgbare Gr\u00f6\u00dfen: 1 (92), 4 (110) und 5 (116)<\/li>\n<li>Mehr zu den <a href=\"https:\/\/blafor.com\/markt\/die-richtige-kindergrosse-finden\/\" target=\"_blank\" rel=\"noopener noreferrer\">Kindergr\u00f6\u00dfen hier\u2026<\/a><\/li>\n<li>Verf\u00fcgbare Farben: grey-melange und purple-purpur<\/li>\n<li>Pflegehinweise: Waschbar bei max. 40 \u00b0C<\/li>\n<\/ul>\n<p>Artikel-Nr.: YJ321<br \/>\nStyle: YJ321, Yuto Kids, Kinder Freizeit-Anzug, Kinder-Anzug, Jogginganzug, Kapuzenjacke, Kapuzenweste<\/p>\n","protected":false},"excerpt":{"rendered":"<ul>\n<li>3-teiliger Freizeitanzug mit Motiv<\/li>\n<li>Bestehend aus Kapuzenweste, Pullover und Hose<\/li>\n<li>Nur solange der Vorrat reicht!<\/li>\n<\/ul>\n","protected":false},"featured_media":2867,"template":"","meta":{"_kad_blocks_custom_css":"","_kad_blocks_head_custom_js":"","_kad_blocks_body_custom_js":"","_kad_blocks_footer_custom_js":"","_kadence_starter_templates_imported_post":false,"_kad_post_transparent":"default","_kad_post_title":"","_kad_post_layout":"default","_kad_post_sidebar_id":"","_kad_post_content_style":"default","_kad_post_vertical_padding":"default","_kad_post_feature":"","_kad_post_feature_position":"","_kad_post_header":false,"_kad_post_footer":false,"_kad_post_classname":""},"product_brand":[],"product_cat":[540],"product_tag":[231],"product_brands":[],"class_list":{"0":"post-2866","1":"product","2":"type-product","3":"status-publish","4":"has-post-thumbnail","6":"product_cat-freizeitanzuege-kinder","7":"product_tag-restposten","8":"pa_farbe-grey-melange","9":"pa_farbe-purple-purpur","10":"pa_kindergroesse-gr-110-5-jahre-105-110-cm","11":"pa_kindergroesse-gr-116-6-jahre-111-116-cm","12":"pa_kindergroesse-gr-92-2-jahre-87-92-cm","13":"pa_marke-yuto-kids","14":"pa_material-65-polyester-35-baumwolle","15":"pa_standort-106","17":"first","18":"instock","19":"taxable","20":"shipping-taxable","21":"purchasable","22":"product-type-variable","23":"entry","24":"content-bg","25":"loop-entry"},"yoast_head":"<!-- This site is optimized with the Yoast SEO plugin v27.4 - https:\/\/yoast.com\/product\/yoast-seo-wordpress\/ -->\n<title>3-tlg. Set - Yuto Kinder Freizeitanzug : BlaFor.com Markt<\/title>\n<meta name=\"robots\" content=\"index, follow, max-snippet:-1, max-image-preview:large, max-video-preview:-1\" \/>\n<link rel=\"canonical\" href=\"https:\/\/blafor.com\/markt\/produkt\/3-tlg-set-yuto-kinder-freizeitanzug\/\" \/>\n<meta property=\"og:locale\" content=\"de_DE\" \/>\n<meta property=\"og:type\" content=\"article\" \/>\n<meta property=\"og:title\" content=\"3-tlg. Set - Yuto Kinder Freizeitanzug : BlaFor.com Markt\" \/>\n<meta property=\"og:description\" content=\"3-teiliger Freizeitanzug mit Motiv  Bestehend aus Kapuzenweste, Pullover und Hose  Nur solange der Vorrat reicht!\" \/>\n<meta property=\"og:url\" content=\"https:\/\/blafor.com\/markt\/produkt\/3-tlg-set-yuto-kinder-freizeitanzug\/\" \/>\n<meta property=\"og:site_name\" content=\"BlaFor.com Markt\" \/>\n<meta property=\"article:publisher\" content=\"https:\/\/www.facebook.com\/BlaForCom\/\" \/>\n<meta property=\"article:modified_time\" content=\"2022-08-12T10:01:20+00:00\" \/>\n<meta property=\"og:image\" content=\"https:\/\/blafor.com\/markt\/wp-content\/uploads\/sites\/6\/2022\/08\/YJ321a.jpg\" \/>\n\t<meta property=\"og:image:width\" content=\"800\" \/>\n\t<meta property=\"og:image:height\" content=\"800\" \/>\n\t<meta property=\"og:image:type\" content=\"image\/jpeg\" \/>\n<meta name=\"twitter:card\" content=\"summary_large_image\" \/>\n<meta name=\"twitter:label1\" content=\"Gesch\u00e4tzte Lesezeit\" \/>\n\t<meta name=\"twitter:data1\" content=\"1\u00a0Minute\" \/>\n<script type=\"application\/ld+json\" class=\"yoast-schema-graph\">{\"@context\":\"https:\\\/\\\/schema.org\",\"@graph\":[{\"@type\":\"WebPage\",\"@id\":\"https:\\\/\\\/blafor.com\\\/markt\\\/produkt\\\/3-tlg-set-yuto-kinder-freizeitanzug\\\/\",\"url\":\"https:\\\/\\\/blafor.com\\\/markt\\\/produkt\\\/3-tlg-set-yuto-kinder-freizeitanzug\\\/\",\"name\":\"3-tlg. Set - Yuto Kinder Freizeitanzug : BlaFor.com Markt\",\"isPartOf\":{\"@id\":\"https:\\\/\\\/blafor.com\\\/markt\\\/#website\"},\"primaryImageOfPage\":{\"@id\":\"https:\\\/\\\/blafor.com\\\/markt\\\/produkt\\\/3-tlg-set-yuto-kinder-freizeitanzug\\\/#primaryimage\"},\"image\":{\"@id\":\"https:\\\/\\\/blafor.com\\\/markt\\\/produkt\\\/3-tlg-set-yuto-kinder-freizeitanzug\\\/#primaryimage\"},\"thumbnailUrl\":\"https:\\\/\\\/blafor.com\\\/markt\\\/wp-content\\\/uploads\\\/sites\\\/6\\\/2022\\\/08\\\/YJ321a.jpg\",\"datePublished\":\"2020-02-09T09:28:25+00:00\",\"dateModified\":\"2022-08-12T10:01:20+00:00\",\"breadcrumb\":{\"@id\":\"https:\\\/\\\/blafor.com\\\/markt\\\/produkt\\\/3-tlg-set-yuto-kinder-freizeitanzug\\\/#breadcrumb\"},\"inLanguage\":\"de\",\"potentialAction\":[{\"@type\":\"ReadAction\",\"target\":[\"https:\\\/\\\/blafor.com\\\/markt\\\/produkt\\\/3-tlg-set-yuto-kinder-freizeitanzug\\\/\"]}]},{\"@type\":\"ImageObject\",\"inLanguage\":\"de\",\"@id\":\"https:\\\/\\\/blafor.com\\\/markt\\\/produkt\\\/3-tlg-set-yuto-kinder-freizeitanzug\\\/#primaryimage\",\"url\":\"https:\\\/\\\/blafor.com\\\/markt\\\/wp-content\\\/uploads\\\/sites\\\/6\\\/2022\\\/08\\\/YJ321a.jpg\",\"contentUrl\":\"https:\\\/\\\/blafor.com\\\/markt\\\/wp-content\\\/uploads\\\/sites\\\/6\\\/2022\\\/08\\\/YJ321a.jpg\",\"width\":800,\"height\":800},{\"@type\":\"BreadcrumbList\",\"@id\":\"https:\\\/\\\/blafor.com\\\/markt\\\/produkt\\\/3-tlg-set-yuto-kinder-freizeitanzug\\\/#breadcrumb\",\"itemListElement\":[{\"@type\":\"ListItem\",\"position\":1,\"name\":\"Startseite\",\"item\":\"https:\\\/\\\/blafor.com\\\/markt\\\/\"},{\"@type\":\"ListItem\",\"position\":2,\"name\":\"Katalog\",\"item\":\"https:\\\/\\\/blafor.com\\\/markt\\\/katalog\\\/\"},{\"@type\":\"ListItem\",\"position\":3,\"name\":\"3-tlg. Set &#8211; Yuto Kinder Freizeitanzug\"}]},{\"@type\":\"WebSite\",\"@id\":\"https:\\\/\\\/blafor.com\\\/markt\\\/#website\",\"url\":\"https:\\\/\\\/blafor.com\\\/markt\\\/\",\"name\":\"BlaFor.com Markt\",\"description\":\"Der Online-Marktplatz aus dem Schwarzwald\",\"publisher\":{\"@id\":\"https:\\\/\\\/blafor.com\\\/markt\\\/#organization\"},\"alternateName\":\"BlaFor Markt\",\"potentialAction\":[{\"@type\":\"SearchAction\",\"target\":{\"@type\":\"EntryPoint\",\"urlTemplate\":\"https:\\\/\\\/blafor.com\\\/markt\\\/?s={search_term_string}\"},\"query-input\":{\"@type\":\"PropertyValueSpecification\",\"valueRequired\":true,\"valueName\":\"search_term_string\"}}],\"inLanguage\":\"de\"},{\"@type\":\"Organization\",\"@id\":\"https:\\\/\\\/blafor.com\\\/markt\\\/#organization\",\"name\":\"BlaFor.com\",\"alternateName\":\"ALIZEL\",\"url\":\"https:\\\/\\\/blafor.com\\\/markt\\\/\",\"logo\":{\"@type\":\"ImageObject\",\"inLanguage\":\"de\",\"@id\":\"https:\\\/\\\/blafor.com\\\/markt\\\/#\\\/schema\\\/logo\\\/image\\\/\",\"url\":\"https:\\\/\\\/blafor.com\\\/markt\\\/wp-content\\\/uploads\\\/sites\\\/6\\\/2022\\\/07\\\/bfc-shop64.png\",\"contentUrl\":\"https:\\\/\\\/blafor.com\\\/markt\\\/wp-content\\\/uploads\\\/sites\\\/6\\\/2022\\\/07\\\/bfc-shop64.png\",\"width\":400,\"height\":160,\"caption\":\"BlaFor.com\"},\"image\":{\"@id\":\"https:\\\/\\\/blafor.com\\\/markt\\\/#\\\/schema\\\/logo\\\/image\\\/\"},\"sameAs\":[\"https:\\\/\\\/www.facebook.com\\\/BlaForCom\\\/\",\"https:\\\/\\\/www.linkedin.com\\\/showcase\\\/blaforcom\\\/\"]}]}<\/script>\n<!-- \/ Yoast SEO plugin. -->","yoast_head_json":{"title":"3-tlg. Set - Yuto Kinder Freizeitanzug : BlaFor.com Markt","robots":{"index":"index","follow":"follow","max-snippet":"max-snippet:-1","max-image-preview":"max-image-preview:large","max-video-preview":"max-video-preview:-1"},"canonical":"https:\/\/blafor.com\/markt\/produkt\/3-tlg-set-yuto-kinder-freizeitanzug\/","og_locale":"de_DE","og_type":"article","og_title":"3-tlg. Set - Yuto Kinder Freizeitanzug : BlaFor.com Markt","og_description":"3-teiliger Freizeitanzug mit Motiv  Bestehend aus Kapuzenweste, Pullover und Hose  Nur solange der Vorrat reicht!","og_url":"https:\/\/blafor.com\/markt\/produkt\/3-tlg-set-yuto-kinder-freizeitanzug\/","og_site_name":"BlaFor.com Markt","article_publisher":"https:\/\/www.facebook.com\/BlaForCom\/","article_modified_time":"2022-08-12T10:01:20+00:00","og_image":[{"width":800,"height":800,"url":"https:\/\/blafor.com\/markt\/wp-content\/uploads\/sites\/6\/2022\/08\/YJ321a.jpg","type":"image\/jpeg"}],"twitter_card":"summary_large_image","twitter_misc":{"Gesch\u00e4tzte Lesezeit":"1\u00a0Minute"},"schema":{"@context":"https:\/\/schema.org","@graph":[{"@type":"WebPage","@id":"https:\/\/blafor.com\/markt\/produkt\/3-tlg-set-yuto-kinder-freizeitanzug\/","url":"https:\/\/blafor.com\/markt\/produkt\/3-tlg-set-yuto-kinder-freizeitanzug\/","name":"3-tlg. Set - Yuto Kinder Freizeitanzug : BlaFor.com Markt","isPartOf":{"@id":"https:\/\/blafor.com\/markt\/#website"},"primaryImageOfPage":{"@id":"https:\/\/blafor.com\/markt\/produkt\/3-tlg-set-yuto-kinder-freizeitanzug\/#primaryimage"},"image":{"@id":"https:\/\/blafor.com\/markt\/produkt\/3-tlg-set-yuto-kinder-freizeitanzug\/#primaryimage"},"thumbnailUrl":"https:\/\/blafor.com\/markt\/wp-content\/uploads\/sites\/6\/2022\/08\/YJ321a.jpg","datePublished":"2020-02-09T09:28:25+00:00","dateModified":"2022-08-12T10:01:20+00:00","breadcrumb":{"@id":"https:\/\/blafor.com\/markt\/produkt\/3-tlg-set-yuto-kinder-freizeitanzug\/#breadcrumb"},"inLanguage":"de","potentialAction":[{"@type":"ReadAction","target":["https:\/\/blafor.com\/markt\/produkt\/3-tlg-set-yuto-kinder-freizeitanzug\/"]}]},{"@type":"ImageObject","inLanguage":"de","@id":"https:\/\/blafor.com\/markt\/produkt\/3-tlg-set-yuto-kinder-freizeitanzug\/#primaryimage","url":"https:\/\/blafor.com\/markt\/wp-content\/uploads\/sites\/6\/2022\/08\/YJ321a.jpg","contentUrl":"https:\/\/blafor.com\/markt\/wp-content\/uploads\/sites\/6\/2022\/08\/YJ321a.jpg","width":800,"height":800},{"@type":"BreadcrumbList","@id":"https:\/\/blafor.com\/markt\/produkt\/3-tlg-set-yuto-kinder-freizeitanzug\/#breadcrumb","itemListElement":[{"@type":"ListItem","position":1,"name":"Startseite","item":"https:\/\/blafor.com\/markt\/"},{"@type":"ListItem","position":2,"name":"Katalog","item":"https:\/\/blafor.com\/markt\/katalog\/"},{"@type":"ListItem","position":3,"name":"3-tlg. Set &#8211; Yuto Kinder Freizeitanzug"}]},{"@type":"WebSite","@id":"https:\/\/blafor.com\/markt\/#website","url":"https:\/\/blafor.com\/markt\/","name":"BlaFor.com Markt","description":"Der Online-Marktplatz aus dem Schwarzwald","publisher":{"@id":"https:\/\/blafor.com\/markt\/#organization"},"alternateName":"BlaFor Markt","potentialAction":[{"@type":"SearchAction","target":{"@type":"EntryPoint","urlTemplate":"https:\/\/blafor.com\/markt\/?s={search_term_string}"},"query-input":{"@type":"PropertyValueSpecification","valueRequired":true,"valueName":"search_term_string"}}],"inLanguage":"de"},{"@type":"Organization","@id":"https:\/\/blafor.com\/markt\/#organization","name":"BlaFor.com","alternateName":"ALIZEL","url":"https:\/\/blafor.com\/markt\/","logo":{"@type":"ImageObject","inLanguage":"de","@id":"https:\/\/blafor.com\/markt\/#\/schema\/logo\/image\/","url":"https:\/\/blafor.com\/markt\/wp-content\/uploads\/sites\/6\/2022\/07\/bfc-shop64.png","contentUrl":"https:\/\/blafor.com\/markt\/wp-content\/uploads\/sites\/6\/2022\/07\/bfc-shop64.png","width":400,"height":160,"caption":"BlaFor.com"},"image":{"@id":"https:\/\/blafor.com\/markt\/#\/schema\/logo\/image\/"},"sameAs":["https:\/\/www.facebook.com\/BlaForCom\/","https:\/\/www.linkedin.com\/showcase\/blaforcom\/"]}]}},"taxonomy_info":{"product_cat":[{"value":540,"label":"Freizeitanz\u00fcge Kinder"}],"product_tag":[{"value":231,"label":"Restposten"}],"pa_farbe":[{"value":344,"label":"Grey Melange"},{"value":541,"label":"Purple Purpur"}],"pa_kindergroesse":[{"value":508,"label":"Gr. 110 \/ 5 Jahre \/ 105-110 cm"},{"value":507,"label":"Gr. 116 \/ 6 Jahre \/ 111-116 cm"},{"value":474,"label":"Gr. 92 \/ 2 Jahre \/ 87-92 cm"}],"pa_marke":[{"value":542,"label":"Yuto Kids"}],"pa_material":[{"value":259,"label":"65% Polyester \/ 35% Baumwolle"}],"pa_standort":[{"value":106,"label":"79843"}]},"featured_image_src_large":["https:\/\/blafor.com\/markt\/wp-content\/uploads\/sites\/6\/2022\/08\/YJ321a.jpg",800,800,false],"author_info":[],"comment_info":"","_links":{"self":[{"href":"https:\/\/blafor.com\/markt\/wp-json\/wp\/v2\/product\/2866","targetHints":{"allow":["GET"]}}],"collection":[{"href":"https:\/\/blafor.com\/markt\/wp-json\/wp\/v2\/product"}],"about":[{"href":"https:\/\/blafor.com\/markt\/wp-json\/wp\/v2\/types\/product"}],"wp:featuredmedia":[{"embeddable":true,"href":"https:\/\/blafor.com\/markt\/wp-json\/wp\/v2\/media\/2867"}],"wp:attachment":[{"href":"https:\/\/blafor.com\/markt\/wp-json\/wp\/v2\/media?parent=2866"}],"wp:term":[{"taxonomy":"product_brand","embeddable":true,"href":"https:\/\/blafor.com\/markt\/wp-json\/wp\/v2\/product_brand?post=2866"},{"taxonomy":"product_cat","embeddable":true,"href":"https:\/\/blafor.com\/markt\/wp-json\/wp\/v2\/product_cat?post=2866"},{"taxonomy":"product_tag","embeddable":true,"href":"https:\/\/blafor.com\/markt\/wp-json\/wp\/v2\/product_tag?post=2866"},{"taxonomy":"product_brands","embeddable":true,"href":"https:\/\/blafor.com\/markt\/wp-json\/wp\/v2\/product_brands?post=2866"}],"curies":[{"name":"wp","href":"https:\/\/api.w.org\/{rel}","templated":true}]}}