{"id":2852,"date":"2020-01-09T09:47:03","date_gmt":"2020-01-09T08:47:03","guid":{"rendered":"https:\/\/blafor.com\/markt\/?post_type=product&#038;p=2852"},"modified":"2022-08-09T10:21:02","modified_gmt":"2022-08-09T08:21:02","slug":"max-bicolor-kinderhemd-langarm","status":"publish","type":"product","link":"https:\/\/blafor.com\/markt\/produkt\/max-bicolor-kinderhemd-langarm\/","title":{"rendered":"Max Bicolor Kinderhemd Langarm"},"content":{"rendered":"<h2>Max Bicolor Kinderhemd Langarm<\/h2>\n<p>Max Bicolor Kinderhemd Langarm ist ein cooles und robustes Hemd f\u00fcr die kleinen Jungs. Das ist ein Langarmhemd mit durchgehender Knopfleiste vorne und abgerundetem Saum. Das Kinderhemd hat lange \u00c4rmel mit 3 Kn\u00f6pfen die zum aufmachen, zum enger machen oder zum umkrempeln geeignet sind.<\/p>\n<p>Dieses Baumwollhemd von Max Active ist f\u00fcr kleine Kinder und zeichnet sich durch farbige Kontraste, aufwendige Verarbeitung und einen bequemen Schnitt aus. Die Kids k\u00f6nnen damit unbeschwert spielen.<\/p>\n<ul>\n<li>Material: 100% Baumwolle<\/li>\n<li>Verf\u00fcgbare Gr\u00f6\u00dfen: S\/86, M\/92, L\/98<\/li>\n<li>Gr\u00f6\u00dfenangabe S = Brustumfang: ca. 64 cm, L\u00e4nge ab Schulter: ca. 40 cm, \u00c4rmell\u00e4nge: ca. 35 cm<\/li>\n<li>Gr\u00f6\u00dfenangabe M = Brustumfang: ca. 68 cm, L\u00e4nge ab Schulter: ca. 42 cm, \u00c4rmell\u00e4nge: ca. 40 cm<\/li>\n<li>Gr\u00f6\u00dfenangabe L = Brustumfang: ca. 72 cm, L\u00e4nge ab Schulter: ca. 44 cm, \u00c4rmell\u00e4nge: ca. 44 cm<\/li>\n<li>Mehr zu: <a href=\"https:\/\/blafor.com\/markt\/die-richtige-kindergrosse-finden\/\" target=\"_blank\" rel=\"noopener noreferrer\">richtige Kindergr\u00f6\u00dfe finden hier\u2026<\/a><\/li>\n<li>Verf\u00fcgbare Farben: gelb-blau (Yellow\/Royal Blue), rot-dunkelblau (Red\/Navy Blue) und schwarz-t\u00fcrkis (Black\/T\u00fcrkis)<\/li>\n<li>Pflegehinweise: Waschbar bei max. 40 \u00b0C<\/li>\n<\/ul>\n<p>Artikel-Nr.: 36842<br \/>\nStyle: 36842, Max Active, Freizeithemd, Bicolorhemd<\/p>\n","protected":false},"excerpt":{"rendered":"<ul>\n<li>Robustes Kinderhemd aus Baumwolle<\/li>\n<li>In drei Farbvarianten verf\u00fcgbar<\/li>\n<li>Verf\u00fcgbar f\u00fcr Kinder von ca. 1 bis 3 Jahren<\/li>\n<li>Nur solange der Vorrat reicht!<\/li>\n<\/ul>\n","protected":false},"featured_media":2853,"template":"","meta":{"_kad_blocks_custom_css":"","_kad_blocks_head_custom_js":"","_kad_blocks_body_custom_js":"","_kad_blocks_footer_custom_js":"","_kadence_starter_templates_imported_post":false,"_kad_post_transparent":"default","_kad_post_title":"","_kad_post_layout":"default","_kad_post_sidebar_id":"","_kad_post_content_style":"default","_kad_post_vertical_padding":"default","_kad_post_feature":"","_kad_post_feature_position":"","_kad_post_header":false,"_kad_post_footer":false,"_kad_post_classname":""},"product_brand":[],"product_cat":[535],"product_tag":[371,358,231],"product_brands":[],"class_list":{"0":"post-2852","1":"product","2":"type-product","3":"status-publish","4":"has-post-thumbnail","6":"product_cat-hemden-kinder","7":"product_tag-bicolor","8":"product_tag-cool","9":"product_tag-restposten","10":"pa_farbe-black-tuerkis","11":"pa_farbe-red-navy-blue","12":"pa_farbe-yellow-royal-blue","13":"pa_kindergroesse-gr-86-13-18-mon-81-86-cm","14":"pa_kindergroesse-gr-92-2-jahre-87-92-cm","15":"pa_kindergroesse-gr-98-3-jahre-93-98-cm","16":"pa_marke-max","17":"pa_material-100-baumwolle","18":"pa_standort-106","20":"first","21":"instock","22":"taxable","23":"shipping-taxable","24":"purchasable","25":"product-type-variable","26":"entry","27":"content-bg","28":"loop-entry"},"yoast_head":"<!-- This site is optimized with the Yoast SEO plugin v27.5 - https:\/\/yoast.com\/product\/yoast-seo-wordpress\/ -->\n<title>Max Bicolor Kinderhemd Langarm : BlaFor.com Markt<\/title>\n<meta name=\"robots\" content=\"index, follow, max-snippet:-1, max-image-preview:large, max-video-preview:-1\" \/>\n<link rel=\"canonical\" href=\"https:\/\/blafor.com\/markt\/produkt\/max-bicolor-kinderhemd-langarm\/\" \/>\n<meta property=\"og:locale\" content=\"de_DE\" \/>\n<meta property=\"og:type\" content=\"article\" \/>\n<meta property=\"og:title\" content=\"Max Bicolor Kinderhemd Langarm : BlaFor.com Markt\" \/>\n<meta property=\"og:description\" content=\"Robustes Kinderhemd aus Baumwolle  In drei Farbvarianten verf\u00fcgbar  Verf\u00fcgbar f\u00fcr Kinder von ca. 1 bis 3 Jahren  Nur solange der Vorrat reicht!\" \/>\n<meta property=\"og:url\" content=\"https:\/\/blafor.com\/markt\/produkt\/max-bicolor-kinderhemd-langarm\/\" \/>\n<meta property=\"og:site_name\" content=\"BlaFor.com Markt\" \/>\n<meta property=\"article:publisher\" content=\"https:\/\/www.facebook.com\/BlaForCom\/\" \/>\n<meta property=\"article:modified_time\" content=\"2022-08-09T08:21:02+00:00\" \/>\n<meta property=\"og:image\" content=\"https:\/\/blafor.com\/markt\/wp-content\/uploads\/sites\/6\/2022\/08\/36842a.jpg\" \/>\n\t<meta property=\"og:image:width\" content=\"800\" \/>\n\t<meta property=\"og:image:height\" content=\"800\" \/>\n\t<meta property=\"og:image:type\" content=\"image\/jpeg\" \/>\n<meta name=\"twitter:card\" content=\"summary_large_image\" \/>\n<meta name=\"twitter:label1\" content=\"Gesch\u00e4tzte Lesezeit\" \/>\n\t<meta name=\"twitter:data1\" content=\"1\u00a0Minute\" \/>\n<script type=\"application\/ld+json\" class=\"yoast-schema-graph\">{\"@context\":\"https:\\\/\\\/schema.org\",\"@graph\":[{\"@type\":\"WebPage\",\"@id\":\"https:\\\/\\\/blafor.com\\\/markt\\\/produkt\\\/max-bicolor-kinderhemd-langarm\\\/\",\"url\":\"https:\\\/\\\/blafor.com\\\/markt\\\/produkt\\\/max-bicolor-kinderhemd-langarm\\\/\",\"name\":\"Max Bicolor Kinderhemd Langarm : BlaFor.com Markt\",\"isPartOf\":{\"@id\":\"https:\\\/\\\/blafor.com\\\/markt\\\/#website\"},\"primaryImageOfPage\":{\"@id\":\"https:\\\/\\\/blafor.com\\\/markt\\\/produkt\\\/max-bicolor-kinderhemd-langarm\\\/#primaryimage\"},\"image\":{\"@id\":\"https:\\\/\\\/blafor.com\\\/markt\\\/produkt\\\/max-bicolor-kinderhemd-langarm\\\/#primaryimage\"},\"thumbnailUrl\":\"https:\\\/\\\/blafor.com\\\/markt\\\/wp-content\\\/uploads\\\/sites\\\/6\\\/2022\\\/08\\\/36842a.jpg\",\"datePublished\":\"2020-01-09T08:47:03+00:00\",\"dateModified\":\"2022-08-09T08:21:02+00:00\",\"breadcrumb\":{\"@id\":\"https:\\\/\\\/blafor.com\\\/markt\\\/produkt\\\/max-bicolor-kinderhemd-langarm\\\/#breadcrumb\"},\"inLanguage\":\"de\",\"potentialAction\":[{\"@type\":\"ReadAction\",\"target\":[\"https:\\\/\\\/blafor.com\\\/markt\\\/produkt\\\/max-bicolor-kinderhemd-langarm\\\/\"]}]},{\"@type\":\"ImageObject\",\"inLanguage\":\"de\",\"@id\":\"https:\\\/\\\/blafor.com\\\/markt\\\/produkt\\\/max-bicolor-kinderhemd-langarm\\\/#primaryimage\",\"url\":\"https:\\\/\\\/blafor.com\\\/markt\\\/wp-content\\\/uploads\\\/sites\\\/6\\\/2022\\\/08\\\/36842a.jpg\",\"contentUrl\":\"https:\\\/\\\/blafor.com\\\/markt\\\/wp-content\\\/uploads\\\/sites\\\/6\\\/2022\\\/08\\\/36842a.jpg\",\"width\":800,\"height\":800},{\"@type\":\"BreadcrumbList\",\"@id\":\"https:\\\/\\\/blafor.com\\\/markt\\\/produkt\\\/max-bicolor-kinderhemd-langarm\\\/#breadcrumb\",\"itemListElement\":[{\"@type\":\"ListItem\",\"position\":1,\"name\":\"Startseite\",\"item\":\"https:\\\/\\\/blafor.com\\\/markt\\\/\"},{\"@type\":\"ListItem\",\"position\":2,\"name\":\"Katalog\",\"item\":\"https:\\\/\\\/blafor.com\\\/markt\\\/katalog\\\/\"},{\"@type\":\"ListItem\",\"position\":3,\"name\":\"Max Bicolor Kinderhemd Langarm\"}]},{\"@type\":\"WebSite\",\"@id\":\"https:\\\/\\\/blafor.com\\\/markt\\\/#website\",\"url\":\"https:\\\/\\\/blafor.com\\\/markt\\\/\",\"name\":\"BlaFor.com Markt\",\"description\":\"Der Online-Marktplatz aus dem Schwarzwald\",\"publisher\":{\"@id\":\"https:\\\/\\\/blafor.com\\\/markt\\\/#organization\"},\"alternateName\":\"BlaFor Markt\",\"potentialAction\":[{\"@type\":\"SearchAction\",\"target\":{\"@type\":\"EntryPoint\",\"urlTemplate\":\"https:\\\/\\\/blafor.com\\\/markt\\\/?s={search_term_string}\"},\"query-input\":{\"@type\":\"PropertyValueSpecification\",\"valueRequired\":true,\"valueName\":\"search_term_string\"}}],\"inLanguage\":\"de\"},{\"@type\":\"Organization\",\"@id\":\"https:\\\/\\\/blafor.com\\\/markt\\\/#organization\",\"name\":\"BlaFor.com\",\"alternateName\":\"ALIZEL\",\"url\":\"https:\\\/\\\/blafor.com\\\/markt\\\/\",\"logo\":{\"@type\":\"ImageObject\",\"inLanguage\":\"de\",\"@id\":\"https:\\\/\\\/blafor.com\\\/markt\\\/#\\\/schema\\\/logo\\\/image\\\/\",\"url\":\"https:\\\/\\\/blafor.com\\\/markt\\\/wp-content\\\/uploads\\\/sites\\\/6\\\/2022\\\/07\\\/bfc-shop64.png\",\"contentUrl\":\"https:\\\/\\\/blafor.com\\\/markt\\\/wp-content\\\/uploads\\\/sites\\\/6\\\/2022\\\/07\\\/bfc-shop64.png\",\"width\":400,\"height\":160,\"caption\":\"BlaFor.com\"},\"image\":{\"@id\":\"https:\\\/\\\/blafor.com\\\/markt\\\/#\\\/schema\\\/logo\\\/image\\\/\"},\"sameAs\":[\"https:\\\/\\\/www.facebook.com\\\/BlaForCom\\\/\",\"https:\\\/\\\/www.linkedin.com\\\/showcase\\\/blaforcom\\\/\"]}]}<\/script>\n<!-- \/ Yoast SEO plugin. -->","yoast_head_json":{"title":"Max Bicolor Kinderhemd Langarm : BlaFor.com Markt","robots":{"index":"index","follow":"follow","max-snippet":"max-snippet:-1","max-image-preview":"max-image-preview:large","max-video-preview":"max-video-preview:-1"},"canonical":"https:\/\/blafor.com\/markt\/produkt\/max-bicolor-kinderhemd-langarm\/","og_locale":"de_DE","og_type":"article","og_title":"Max Bicolor Kinderhemd Langarm : BlaFor.com Markt","og_description":"Robustes Kinderhemd aus Baumwolle  In drei Farbvarianten verf\u00fcgbar  Verf\u00fcgbar f\u00fcr Kinder von ca. 1 bis 3 Jahren  Nur solange der Vorrat reicht!","og_url":"https:\/\/blafor.com\/markt\/produkt\/max-bicolor-kinderhemd-langarm\/","og_site_name":"BlaFor.com Markt","article_publisher":"https:\/\/www.facebook.com\/BlaForCom\/","article_modified_time":"2022-08-09T08:21:02+00:00","og_image":[{"width":800,"height":800,"url":"https:\/\/blafor.com\/markt\/wp-content\/uploads\/sites\/6\/2022\/08\/36842a.jpg","type":"image\/jpeg"}],"twitter_card":"summary_large_image","twitter_misc":{"Gesch\u00e4tzte Lesezeit":"1\u00a0Minute"},"schema":{"@context":"https:\/\/schema.org","@graph":[{"@type":"WebPage","@id":"https:\/\/blafor.com\/markt\/produkt\/max-bicolor-kinderhemd-langarm\/","url":"https:\/\/blafor.com\/markt\/produkt\/max-bicolor-kinderhemd-langarm\/","name":"Max Bicolor Kinderhemd Langarm : BlaFor.com Markt","isPartOf":{"@id":"https:\/\/blafor.com\/markt\/#website"},"primaryImageOfPage":{"@id":"https:\/\/blafor.com\/markt\/produkt\/max-bicolor-kinderhemd-langarm\/#primaryimage"},"image":{"@id":"https:\/\/blafor.com\/markt\/produkt\/max-bicolor-kinderhemd-langarm\/#primaryimage"},"thumbnailUrl":"https:\/\/blafor.com\/markt\/wp-content\/uploads\/sites\/6\/2022\/08\/36842a.jpg","datePublished":"2020-01-09T08:47:03+00:00","dateModified":"2022-08-09T08:21:02+00:00","breadcrumb":{"@id":"https:\/\/blafor.com\/markt\/produkt\/max-bicolor-kinderhemd-langarm\/#breadcrumb"},"inLanguage":"de","potentialAction":[{"@type":"ReadAction","target":["https:\/\/blafor.com\/markt\/produkt\/max-bicolor-kinderhemd-langarm\/"]}]},{"@type":"ImageObject","inLanguage":"de","@id":"https:\/\/blafor.com\/markt\/produkt\/max-bicolor-kinderhemd-langarm\/#primaryimage","url":"https:\/\/blafor.com\/markt\/wp-content\/uploads\/sites\/6\/2022\/08\/36842a.jpg","contentUrl":"https:\/\/blafor.com\/markt\/wp-content\/uploads\/sites\/6\/2022\/08\/36842a.jpg","width":800,"height":800},{"@type":"BreadcrumbList","@id":"https:\/\/blafor.com\/markt\/produkt\/max-bicolor-kinderhemd-langarm\/#breadcrumb","itemListElement":[{"@type":"ListItem","position":1,"name":"Startseite","item":"https:\/\/blafor.com\/markt\/"},{"@type":"ListItem","position":2,"name":"Katalog","item":"https:\/\/blafor.com\/markt\/katalog\/"},{"@type":"ListItem","position":3,"name":"Max Bicolor Kinderhemd Langarm"}]},{"@type":"WebSite","@id":"https:\/\/blafor.com\/markt\/#website","url":"https:\/\/blafor.com\/markt\/","name":"BlaFor.com Markt","description":"Der Online-Marktplatz aus dem Schwarzwald","publisher":{"@id":"https:\/\/blafor.com\/markt\/#organization"},"alternateName":"BlaFor Markt","potentialAction":[{"@type":"SearchAction","target":{"@type":"EntryPoint","urlTemplate":"https:\/\/blafor.com\/markt\/?s={search_term_string}"},"query-input":{"@type":"PropertyValueSpecification","valueRequired":true,"valueName":"search_term_string"}}],"inLanguage":"de"},{"@type":"Organization","@id":"https:\/\/blafor.com\/markt\/#organization","name":"BlaFor.com","alternateName":"ALIZEL","url":"https:\/\/blafor.com\/markt\/","logo":{"@type":"ImageObject","inLanguage":"de","@id":"https:\/\/blafor.com\/markt\/#\/schema\/logo\/image\/","url":"https:\/\/blafor.com\/markt\/wp-content\/uploads\/sites\/6\/2022\/07\/bfc-shop64.png","contentUrl":"https:\/\/blafor.com\/markt\/wp-content\/uploads\/sites\/6\/2022\/07\/bfc-shop64.png","width":400,"height":160,"caption":"BlaFor.com"},"image":{"@id":"https:\/\/blafor.com\/markt\/#\/schema\/logo\/image\/"},"sameAs":["https:\/\/www.facebook.com\/BlaForCom\/","https:\/\/www.linkedin.com\/showcase\/blaforcom\/"]}]}},"taxonomy_info":{"product_cat":[{"value":535,"label":"Hemden Kinder"}],"product_tag":[{"value":371,"label":"Bicolor"},{"value":358,"label":"Cool"},{"value":231,"label":"Restposten"}],"pa_farbe":[{"value":538,"label":"Black \/ T\u00fcrkis"},{"value":537,"label":"Red \/ Navy Blue"},{"value":529,"label":"Yellow \/ Royal Blue"}],"pa_kindergroesse":[{"value":473,"label":"Gr. 86 \/ 13-18 Mon. \/ 81-86 cm"},{"value":474,"label":"Gr. 92 \/ 2 Jahre \/ 87-92 cm"},{"value":475,"label":"Gr. 98 \/ 3 Jahre \/ 93-98 cm"}],"pa_marke":[{"value":539,"label":"MAX"}],"pa_material":[{"value":247,"label":"100% Baumwolle"}],"pa_standort":[{"value":106,"label":"79843"}]},"featured_image_src_large":["https:\/\/blafor.com\/markt\/wp-content\/uploads\/sites\/6\/2022\/08\/36842a.jpg",800,800,false],"author_info":[],"comment_info":"","_links":{"self":[{"href":"https:\/\/blafor.com\/markt\/wp-json\/wp\/v2\/product\/2852","targetHints":{"allow":["GET"]}}],"collection":[{"href":"https:\/\/blafor.com\/markt\/wp-json\/wp\/v2\/product"}],"about":[{"href":"https:\/\/blafor.com\/markt\/wp-json\/wp\/v2\/types\/product"}],"wp:featuredmedia":[{"embeddable":true,"href":"https:\/\/blafor.com\/markt\/wp-json\/wp\/v2\/media\/2853"}],"wp:attachment":[{"href":"https:\/\/blafor.com\/markt\/wp-json\/wp\/v2\/media?parent=2852"}],"wp:term":[{"taxonomy":"product_brand","embeddable":true,"href":"https:\/\/blafor.com\/markt\/wp-json\/wp\/v2\/product_brand?post=2852"},{"taxonomy":"product_cat","embeddable":true,"href":"https:\/\/blafor.com\/markt\/wp-json\/wp\/v2\/product_cat?post=2852"},{"taxonomy":"product_tag","embeddable":true,"href":"https:\/\/blafor.com\/markt\/wp-json\/wp\/v2\/product_tag?post=2852"},{"taxonomy":"product_brands","embeddable":true,"href":"https:\/\/blafor.com\/markt\/wp-json\/wp\/v2\/product_brands?post=2852"}],"curies":[{"name":"wp","href":"https:\/\/api.w.org\/{rel}","templated":true}]}}