{"id":2808,"date":"2021-09-09T07:41:44","date_gmt":"2021-09-09T05:41:44","guid":{"rendered":"https:\/\/blafor.com\/markt\/?post_type=product&#038;p=2808"},"modified":"2022-08-09T08:26:12","modified_gmt":"2022-08-09T06:26:12","slug":"neutral-men-fair-fit-t-shirt","status":"publish","type":"product","link":"https:\/\/blafor.com\/markt\/produkt\/neutral-men-fair-fit-t-shirt\/","title":{"rendered":"Neutral\u00ae Men Fair Fit T-Shirt"},"content":{"rendered":"<h2>Neutral\u00ae Men Fair Fit T-Shirt<\/h2>\n<p>Das Men Fair Fit T-Shirt von Neutral\u00ae ist ein &#8222;Must-have&#8220; Rundhals T-Shirt mit kurzen Set-In \u00c4rmel. Dein Basic-Shirt ist aus Fairtrade Bio-Baumwolle und hat einen doppellagigen Elasthanripp Rundhals Ausschnitt mit innen liegendem Nackenband f\u00fcr besseren Tragekomfort.<\/p>\n<p>Weiche, leichte Qualit\u00e4t aus ring-gesponnener, gek\u00e4mmter Fairtrade Bio-Baumwolle.<\/p>\n<ul>\n<li>Verf\u00fcgbare Gr\u00f6\u00dfen: S, M, L, XL, 2XL, 3XL, 4XL und 5 XL<\/li>\n<li>Die Gr\u00f6\u00dfen: 4XL und 5 XL sind nur in den Farben: Black, Navy, Sports Grey und White erh\u00e4ltlich<\/li>\n<li>Verf\u00fcgbare Farben*: 29 einfarbig und 1 gestreift<\/li>\n<li>Material: 100% Bio-Baumwolle<\/li>\n<li>Grammatur: 155 g\/m\u00b2<\/li>\n<li>Passform: Regular Fit (normal geschnitten)<\/li>\n<li>Verarbeitung: angenehm weiche Single-Jersey-Qualit\u00e4t<\/li>\n<li>Pflegehinweise: Waschbar bei 40\u00b0C Schonwaschgang, Trockner max. 60\u00b0C, b\u00fcgeln max. 110\u00b0C<\/li>\n<li>Zertifikation: Oeko-Tex 100, EU Ecolabel, erneuerbare Energie, GOTS und Fairtrade<\/li>\n<\/ul>\n<p>*Die dargestellten Farben in der Veranschaulichung am Bildschirm k\u00f6nnen von den Originalfarben abweichen.<\/p>\n<p>Artikel-Nr.: NE61001<br \/>\nStyle: O61001, Neutral\u00ae<\/p>\n","protected":false},"excerpt":{"rendered":"<ul>\n<li>T-Shirt aus 100% Bio-Baumwolle,\u00a0155 g\/m\u00b2<\/li>\n<li>In 30 Farben und in Gr\u00f6\u00dfe S bis 5XL verf\u00fcgbar<\/li>\n<li>Nachhaltig f\u00fcr Mensch und Umwelt<\/li>\n<li>Deine Gr\u00f6\u00dfe oder Farbe gerade nicht dabei? <br \/>Kontaktiere Verk\u00e4ufer!<\/li>\n<\/ul>\n","protected":false},"featured_media":2809,"template":"","meta":{"_kad_blocks_custom_css":"","_kad_blocks_head_custom_js":"","_kad_blocks_body_custom_js":"","_kad_blocks_footer_custom_js":"","_kadence_starter_templates_imported_post":false,"_kad_post_transparent":"default","_kad_post_title":"","_kad_post_layout":"default","_kad_post_sidebar_id":"","_kad_post_content_style":"default","_kad_post_vertical_padding":"default","_kad_post_feature":"","_kad_post_feature_position":"","_kad_post_header":false,"_kad_post_footer":false,"_kad_post_classname":""},"product_brand":[],"product_cat":[203],"product_tag":[458,369,230,521,400,401,392],"product_brands":[],"class_list":{"0":"post-2808","1":"product","2":"type-product","3":"status-publish","4":"has-post-thumbnail","6":"product_cat-t-shirts-herren","7":"product_tag-colors","8":"product_tag-nachhaltig","9":"product_tag-sommer","10":"product_tag-street-style","11":"product_tag-textildruck","12":"product_tag-veredelung","13":"product_tag-zeitlos","14":"pa_farbe-bordeaux","15":"pa_farbe-bottle-green","16":"pa_farbe-light-blue","17":"pa_farbe-military-green","18":"pa_farbe-white","19":"pa_int-groesse-3xl","20":"pa_int-groesse-l","21":"pa_int-groesse-m","22":"pa_int-groesse-s","23":"pa_int-groesse-xl","24":"pa_int-groesse-xxl","25":"pa_marke-neutral","26":"pa_material-100-bio-baumwolle","27":"pa_standort-106","29":"first","30":"instock","31":"taxable","32":"shipping-taxable","33":"purchasable","34":"product-type-variable","35":"entry","36":"content-bg","37":"loop-entry"},"yoast_head":"<!-- This site is optimized with the Yoast SEO plugin v27.4 - https:\/\/yoast.com\/product\/yoast-seo-wordpress\/ -->\n<title>Neutral\u00ae Men Fair Fit T-Shirt : BlaFor.com Markt<\/title>\n<meta name=\"robots\" content=\"index, follow, max-snippet:-1, max-image-preview:large, max-video-preview:-1\" \/>\n<link rel=\"canonical\" href=\"https:\/\/blafor.com\/markt\/produkt\/neutral-men-fair-fit-t-shirt\/\" \/>\n<meta property=\"og:locale\" content=\"de_DE\" \/>\n<meta property=\"og:type\" content=\"article\" \/>\n<meta property=\"og:title\" content=\"Neutral\u00ae Men Fair Fit T-Shirt : BlaFor.com Markt\" \/>\n<meta property=\"og:description\" content=\"T-Shirt aus 100% Bio-Baumwolle,\u00a0155 g\/m\u00b2  In 30 Farben und in Gr\u00f6\u00dfe S bis 5XL verf\u00fcgbar  Nachhaltig f\u00fcr Mensch und Umwelt  Deine Gr\u00f6\u00dfe oder Farbe gerade nicht dabei? Kontaktiere Verk\u00e4ufer!\" \/>\n<meta property=\"og:url\" content=\"https:\/\/blafor.com\/markt\/produkt\/neutral-men-fair-fit-t-shirt\/\" \/>\n<meta property=\"og:site_name\" content=\"BlaFor.com Markt\" \/>\n<meta property=\"article:publisher\" content=\"https:\/\/www.facebook.com\/BlaForCom\/\" \/>\n<meta property=\"article:modified_time\" content=\"2022-08-09T06:26:12+00:00\" \/>\n<meta property=\"og:image\" content=\"https:\/\/blafor.com\/markt\/wp-content\/uploads\/sites\/6\/2022\/08\/ne61001a.jpg\" \/>\n\t<meta property=\"og:image:width\" content=\"800\" \/>\n\t<meta property=\"og:image:height\" content=\"800\" \/>\n\t<meta property=\"og:image:type\" content=\"image\/jpeg\" \/>\n<meta name=\"twitter:card\" content=\"summary_large_image\" \/>\n<meta name=\"twitter:label1\" content=\"Gesch\u00e4tzte Lesezeit\" \/>\n\t<meta name=\"twitter:data1\" content=\"1\u00a0Minute\" \/>\n<script type=\"application\/ld+json\" class=\"yoast-schema-graph\">{\"@context\":\"https:\\\/\\\/schema.org\",\"@graph\":[{\"@type\":\"WebPage\",\"@id\":\"https:\\\/\\\/blafor.com\\\/markt\\\/produkt\\\/neutral-men-fair-fit-t-shirt\\\/\",\"url\":\"https:\\\/\\\/blafor.com\\\/markt\\\/produkt\\\/neutral-men-fair-fit-t-shirt\\\/\",\"name\":\"Neutral\u00ae Men Fair Fit T-Shirt : BlaFor.com Markt\",\"isPartOf\":{\"@id\":\"https:\\\/\\\/blafor.com\\\/markt\\\/#website\"},\"primaryImageOfPage\":{\"@id\":\"https:\\\/\\\/blafor.com\\\/markt\\\/produkt\\\/neutral-men-fair-fit-t-shirt\\\/#primaryimage\"},\"image\":{\"@id\":\"https:\\\/\\\/blafor.com\\\/markt\\\/produkt\\\/neutral-men-fair-fit-t-shirt\\\/#primaryimage\"},\"thumbnailUrl\":\"https:\\\/\\\/blafor.com\\\/markt\\\/wp-content\\\/uploads\\\/sites\\\/6\\\/2022\\\/08\\\/ne61001a.jpg\",\"datePublished\":\"2021-09-09T05:41:44+00:00\",\"dateModified\":\"2022-08-09T06:26:12+00:00\",\"breadcrumb\":{\"@id\":\"https:\\\/\\\/blafor.com\\\/markt\\\/produkt\\\/neutral-men-fair-fit-t-shirt\\\/#breadcrumb\"},\"inLanguage\":\"de\",\"potentialAction\":[{\"@type\":\"ReadAction\",\"target\":[\"https:\\\/\\\/blafor.com\\\/markt\\\/produkt\\\/neutral-men-fair-fit-t-shirt\\\/\"]}]},{\"@type\":\"ImageObject\",\"inLanguage\":\"de\",\"@id\":\"https:\\\/\\\/blafor.com\\\/markt\\\/produkt\\\/neutral-men-fair-fit-t-shirt\\\/#primaryimage\",\"url\":\"https:\\\/\\\/blafor.com\\\/markt\\\/wp-content\\\/uploads\\\/sites\\\/6\\\/2022\\\/08\\\/ne61001a.jpg\",\"contentUrl\":\"https:\\\/\\\/blafor.com\\\/markt\\\/wp-content\\\/uploads\\\/sites\\\/6\\\/2022\\\/08\\\/ne61001a.jpg\",\"width\":800,\"height\":800},{\"@type\":\"BreadcrumbList\",\"@id\":\"https:\\\/\\\/blafor.com\\\/markt\\\/produkt\\\/neutral-men-fair-fit-t-shirt\\\/#breadcrumb\",\"itemListElement\":[{\"@type\":\"ListItem\",\"position\":1,\"name\":\"Startseite\",\"item\":\"https:\\\/\\\/blafor.com\\\/markt\\\/\"},{\"@type\":\"ListItem\",\"position\":2,\"name\":\"Katalog\",\"item\":\"https:\\\/\\\/blafor.com\\\/markt\\\/katalog\\\/\"},{\"@type\":\"ListItem\",\"position\":3,\"name\":\"Neutral\u00ae Men Fair Fit T-Shirt\"}]},{\"@type\":\"WebSite\",\"@id\":\"https:\\\/\\\/blafor.com\\\/markt\\\/#website\",\"url\":\"https:\\\/\\\/blafor.com\\\/markt\\\/\",\"name\":\"BlaFor.com Markt\",\"description\":\"Der Online-Marktplatz aus dem Schwarzwald\",\"publisher\":{\"@id\":\"https:\\\/\\\/blafor.com\\\/markt\\\/#organization\"},\"alternateName\":\"BlaFor Markt\",\"potentialAction\":[{\"@type\":\"SearchAction\",\"target\":{\"@type\":\"EntryPoint\",\"urlTemplate\":\"https:\\\/\\\/blafor.com\\\/markt\\\/?s={search_term_string}\"},\"query-input\":{\"@type\":\"PropertyValueSpecification\",\"valueRequired\":true,\"valueName\":\"search_term_string\"}}],\"inLanguage\":\"de\"},{\"@type\":\"Organization\",\"@id\":\"https:\\\/\\\/blafor.com\\\/markt\\\/#organization\",\"name\":\"BlaFor.com\",\"alternateName\":\"ALIZEL\",\"url\":\"https:\\\/\\\/blafor.com\\\/markt\\\/\",\"logo\":{\"@type\":\"ImageObject\",\"inLanguage\":\"de\",\"@id\":\"https:\\\/\\\/blafor.com\\\/markt\\\/#\\\/schema\\\/logo\\\/image\\\/\",\"url\":\"https:\\\/\\\/blafor.com\\\/markt\\\/wp-content\\\/uploads\\\/sites\\\/6\\\/2022\\\/07\\\/bfc-shop64.png\",\"contentUrl\":\"https:\\\/\\\/blafor.com\\\/markt\\\/wp-content\\\/uploads\\\/sites\\\/6\\\/2022\\\/07\\\/bfc-shop64.png\",\"width\":400,\"height\":160,\"caption\":\"BlaFor.com\"},\"image\":{\"@id\":\"https:\\\/\\\/blafor.com\\\/markt\\\/#\\\/schema\\\/logo\\\/image\\\/\"},\"sameAs\":[\"https:\\\/\\\/www.facebook.com\\\/BlaForCom\\\/\",\"https:\\\/\\\/www.linkedin.com\\\/showcase\\\/blaforcom\\\/\"]}]}<\/script>\n<!-- \/ Yoast SEO plugin. -->","yoast_head_json":{"title":"Neutral\u00ae Men Fair Fit T-Shirt : BlaFor.com Markt","robots":{"index":"index","follow":"follow","max-snippet":"max-snippet:-1","max-image-preview":"max-image-preview:large","max-video-preview":"max-video-preview:-1"},"canonical":"https:\/\/blafor.com\/markt\/produkt\/neutral-men-fair-fit-t-shirt\/","og_locale":"de_DE","og_type":"article","og_title":"Neutral\u00ae Men Fair Fit T-Shirt : BlaFor.com Markt","og_description":"T-Shirt aus 100% Bio-Baumwolle,\u00a0155 g\/m\u00b2  In 30 Farben und in Gr\u00f6\u00dfe S bis 5XL verf\u00fcgbar  Nachhaltig f\u00fcr Mensch und Umwelt  Deine Gr\u00f6\u00dfe oder Farbe gerade nicht dabei? Kontaktiere Verk\u00e4ufer!","og_url":"https:\/\/blafor.com\/markt\/produkt\/neutral-men-fair-fit-t-shirt\/","og_site_name":"BlaFor.com Markt","article_publisher":"https:\/\/www.facebook.com\/BlaForCom\/","article_modified_time":"2022-08-09T06:26:12+00:00","og_image":[{"width":800,"height":800,"url":"https:\/\/blafor.com\/markt\/wp-content\/uploads\/sites\/6\/2022\/08\/ne61001a.jpg","type":"image\/jpeg"}],"twitter_card":"summary_large_image","twitter_misc":{"Gesch\u00e4tzte Lesezeit":"1\u00a0Minute"},"schema":{"@context":"https:\/\/schema.org","@graph":[{"@type":"WebPage","@id":"https:\/\/blafor.com\/markt\/produkt\/neutral-men-fair-fit-t-shirt\/","url":"https:\/\/blafor.com\/markt\/produkt\/neutral-men-fair-fit-t-shirt\/","name":"Neutral\u00ae Men Fair Fit T-Shirt : BlaFor.com Markt","isPartOf":{"@id":"https:\/\/blafor.com\/markt\/#website"},"primaryImageOfPage":{"@id":"https:\/\/blafor.com\/markt\/produkt\/neutral-men-fair-fit-t-shirt\/#primaryimage"},"image":{"@id":"https:\/\/blafor.com\/markt\/produkt\/neutral-men-fair-fit-t-shirt\/#primaryimage"},"thumbnailUrl":"https:\/\/blafor.com\/markt\/wp-content\/uploads\/sites\/6\/2022\/08\/ne61001a.jpg","datePublished":"2021-09-09T05:41:44+00:00","dateModified":"2022-08-09T06:26:12+00:00","breadcrumb":{"@id":"https:\/\/blafor.com\/markt\/produkt\/neutral-men-fair-fit-t-shirt\/#breadcrumb"},"inLanguage":"de","potentialAction":[{"@type":"ReadAction","target":["https:\/\/blafor.com\/markt\/produkt\/neutral-men-fair-fit-t-shirt\/"]}]},{"@type":"ImageObject","inLanguage":"de","@id":"https:\/\/blafor.com\/markt\/produkt\/neutral-men-fair-fit-t-shirt\/#primaryimage","url":"https:\/\/blafor.com\/markt\/wp-content\/uploads\/sites\/6\/2022\/08\/ne61001a.jpg","contentUrl":"https:\/\/blafor.com\/markt\/wp-content\/uploads\/sites\/6\/2022\/08\/ne61001a.jpg","width":800,"height":800},{"@type":"BreadcrumbList","@id":"https:\/\/blafor.com\/markt\/produkt\/neutral-men-fair-fit-t-shirt\/#breadcrumb","itemListElement":[{"@type":"ListItem","position":1,"name":"Startseite","item":"https:\/\/blafor.com\/markt\/"},{"@type":"ListItem","position":2,"name":"Katalog","item":"https:\/\/blafor.com\/markt\/katalog\/"},{"@type":"ListItem","position":3,"name":"Neutral\u00ae Men Fair Fit T-Shirt"}]},{"@type":"WebSite","@id":"https:\/\/blafor.com\/markt\/#website","url":"https:\/\/blafor.com\/markt\/","name":"BlaFor.com Markt","description":"Der Online-Marktplatz aus dem Schwarzwald","publisher":{"@id":"https:\/\/blafor.com\/markt\/#organization"},"alternateName":"BlaFor Markt","potentialAction":[{"@type":"SearchAction","target":{"@type":"EntryPoint","urlTemplate":"https:\/\/blafor.com\/markt\/?s={search_term_string}"},"query-input":{"@type":"PropertyValueSpecification","valueRequired":true,"valueName":"search_term_string"}}],"inLanguage":"de"},{"@type":"Organization","@id":"https:\/\/blafor.com\/markt\/#organization","name":"BlaFor.com","alternateName":"ALIZEL","url":"https:\/\/blafor.com\/markt\/","logo":{"@type":"ImageObject","inLanguage":"de","@id":"https:\/\/blafor.com\/markt\/#\/schema\/logo\/image\/","url":"https:\/\/blafor.com\/markt\/wp-content\/uploads\/sites\/6\/2022\/07\/bfc-shop64.png","contentUrl":"https:\/\/blafor.com\/markt\/wp-content\/uploads\/sites\/6\/2022\/07\/bfc-shop64.png","width":400,"height":160,"caption":"BlaFor.com"},"image":{"@id":"https:\/\/blafor.com\/markt\/#\/schema\/logo\/image\/"},"sameAs":["https:\/\/www.facebook.com\/BlaForCom\/","https:\/\/www.linkedin.com\/showcase\/blaforcom\/"]}]}},"taxonomy_info":{"product_cat":[{"value":203,"label":"T-Shirts Herren"}],"product_tag":[{"value":458,"label":"Colors"},{"value":369,"label":"Nachhaltig"},{"value":230,"label":"Sommer"},{"value":521,"label":"Street-Style"},{"value":400,"label":"Textildruck"},{"value":401,"label":"Veredelung"},{"value":392,"label":"Zeitlos"}],"pa_farbe":[{"value":118,"label":"Bordeaux"},{"value":443,"label":"Bottle Green"},{"value":451,"label":"Light Blue"},{"value":405,"label":"Military Green"},{"value":368,"label":"White"}],"pa_int-groesse":[{"value":241,"label":"3XL"},{"value":238,"label":"L"},{"value":237,"label":"M"},{"value":236,"label":"S"},{"value":239,"label":"XL"},{"value":240,"label":"XXL"}],"pa_marke":[{"value":152,"label":"Neutral\u00ae"}],"pa_material":[{"value":248,"label":"100% Bio-Baumwolle"}],"pa_standort":[{"value":106,"label":"79843"}]},"featured_image_src_large":["https:\/\/blafor.com\/markt\/wp-content\/uploads\/sites\/6\/2022\/08\/ne61001a.jpg",800,800,false],"author_info":[],"comment_info":"","_links":{"self":[{"href":"https:\/\/blafor.com\/markt\/wp-json\/wp\/v2\/product\/2808","targetHints":{"allow":["GET"]}}],"collection":[{"href":"https:\/\/blafor.com\/markt\/wp-json\/wp\/v2\/product"}],"about":[{"href":"https:\/\/blafor.com\/markt\/wp-json\/wp\/v2\/types\/product"}],"wp:featuredmedia":[{"embeddable":true,"href":"https:\/\/blafor.com\/markt\/wp-json\/wp\/v2\/media\/2809"}],"wp:attachment":[{"href":"https:\/\/blafor.com\/markt\/wp-json\/wp\/v2\/media?parent=2808"}],"wp:term":[{"taxonomy":"product_brand","embeddable":true,"href":"https:\/\/blafor.com\/markt\/wp-json\/wp\/v2\/product_brand?post=2808"},{"taxonomy":"product_cat","embeddable":true,"href":"https:\/\/blafor.com\/markt\/wp-json\/wp\/v2\/product_cat?post=2808"},{"taxonomy":"product_tag","embeddable":true,"href":"https:\/\/blafor.com\/markt\/wp-json\/wp\/v2\/product_tag?post=2808"},{"taxonomy":"product_brands","embeddable":true,"href":"https:\/\/blafor.com\/markt\/wp-json\/wp\/v2\/product_brands?post=2808"}],"curies":[{"name":"wp","href":"https:\/\/api.w.org\/{rel}","templated":true}]}}