{"id":2682,"date":"2020-12-07T09:06:50","date_gmt":"2020-12-07T08:06:50","guid":{"rendered":"https:\/\/blafor.com\/markt\/?post_type=product&#038;p=2682"},"modified":"2022-08-08T07:09:52","modified_gmt":"2022-08-08T05:09:52","slug":"gruene-nikolaus-muetze-mit-bommel","status":"publish","type":"product","link":"https:\/\/blafor.com\/markt\/produkt\/gruene-nikolaus-muetze-mit-bommel\/","title":{"rendered":"Gr\u00fcne Nikolaus M\u00fctze mit Bommel"},"content":{"rendered":"<h2>Gr\u00fcne Nikolaus M\u00fctze mit Bommel<\/h2>\n<p>Einfache Nikolaus-M\u00fctze in gr\u00fcn mit wei\u00dfem Bommel und Saum (ca. 5 cm), aus weichem Filz-Material. Die Weihnachtsmann M\u00fctze ist auch gut als Party- oder Werbe-Artikel geeignet.<\/p>\n<ul>\n<li>Material: 100% Polyester<\/li>\n<li>Verf\u00fcgbare Gr\u00f6\u00dfen: Einheitsgr\u00f6\u00dfe (30 x 38 cm)<\/li>\n<li>Verf\u00fcgbare Farben: green \/ white (gr\u00fcn\/wei\u00df)<\/li>\n<\/ul>\n<p>Artikel-Nr.: C4001-GW<br \/>\nStyle: Printwear, Weihnachtsm\u00fctze, Weihnachtsmann-M\u00fctze, Xmas-Hat, Christmas Hat, Santa Claus mit Pl\u00fcsch, Kost\u00fcmm\u00fctze<\/p>\n","protected":false},"excerpt":{"rendered":"<ul>\n<li>Einfache Nikolaus M\u00fctze \/ Christmas Hat mit Bommel<\/li>\n<li>Verf\u00fcgbar in green \/ white (gr\u00fcn\/wei\u00df)<\/li>\n<li>Gr\u00f6\u00dfere Mengen oder andere Farben gerne auf Anfrage<\/li>\n<\/ul>\n","protected":false},"featured_media":2683,"template":"","meta":{"_kad_blocks_custom_css":"","_kad_blocks_head_custom_js":"","_kad_blocks_body_custom_js":"","_kad_blocks_footer_custom_js":"","_kadence_starter_templates_imported_post":false,"_kad_post_transparent":"default","_kad_post_title":"","_kad_post_layout":"default","_kad_post_sidebar_id":"","_kad_post_content_style":"default","_kad_post_vertical_padding":"default","_kad_post_feature":"","_kad_post_feature_position":"","_kad_post_header":false,"_kad_post_footer":false,"_kad_post_classname":""},"product_brand":[],"product_cat":[268,267,195],"product_tag":[439,494,208],"product_brands":[],"class_list":{"0":"post-2682","1":"product","2":"type-product","3":"status-publish","4":"has-post-thumbnail","6":"product_cat-caps-huete-damen","7":"product_cat-caps-huete-herren","8":"product_cat-verkleidung","9":"product_tag-karneval","10":"product_tag-weihnachten","11":"product_tag-winter","12":"pa_farbe-green-white","13":"pa_marke-printwear","14":"pa_material-100-polyester","15":"pa_standort-106","17":"first","18":"instock","19":"taxable","20":"shipping-taxable","21":"purchasable","22":"product-type-simple","23":"entry","24":"content-bg","25":"loop-entry"},"yoast_head":"<!-- This site is optimized with the Yoast SEO plugin v27.3 - https:\/\/yoast.com\/product\/yoast-seo-wordpress\/ -->\n<title>Gr\u00fcne Nikolaus M\u00fctze mit Bommel : BlaFor.com Markt<\/title>\n<meta name=\"robots\" content=\"index, follow, max-snippet:-1, max-image-preview:large, max-video-preview:-1\" \/>\n<link rel=\"canonical\" href=\"https:\/\/blafor.com\/markt\/produkt\/gruene-nikolaus-muetze-mit-bommel\/\" \/>\n<meta property=\"og:locale\" content=\"de_DE\" \/>\n<meta property=\"og:type\" content=\"article\" \/>\n<meta property=\"og:title\" content=\"Gr\u00fcne Nikolaus M\u00fctze mit Bommel : BlaFor.com Markt\" \/>\n<meta property=\"og:description\" content=\"Einfache Nikolaus M\u00fctze \/ Christmas Hat mit Bommel  Verf\u00fcgbar in green \/ white (gr\u00fcn\/wei\u00df)  Gr\u00f6\u00dfere Mengen oder andere Farben gerne auf Anfrage\" \/>\n<meta property=\"og:url\" content=\"https:\/\/blafor.com\/markt\/produkt\/gruene-nikolaus-muetze-mit-bommel\/\" \/>\n<meta property=\"og:site_name\" content=\"BlaFor.com Markt\" \/>\n<meta property=\"article:publisher\" content=\"https:\/\/www.facebook.com\/BlaForCom\/\" \/>\n<meta property=\"article:modified_time\" content=\"2022-08-08T05:09:52+00:00\" \/>\n<meta property=\"og:image\" content=\"https:\/\/blafor.com\/markt\/wp-content\/uploads\/sites\/6\/2022\/08\/407013-green.jpg\" \/>\n\t<meta property=\"og:image:width\" content=\"600\" \/>\n\t<meta property=\"og:image:height\" content=\"600\" \/>\n\t<meta property=\"og:image:type\" content=\"image\/jpeg\" \/>\n<meta name=\"twitter:card\" content=\"summary_large_image\" \/>\n<meta name=\"twitter:label1\" content=\"Gesch\u00e4tzte Lesezeit\" \/>\n\t<meta name=\"twitter:data1\" content=\"1\u00a0Minute\" \/>\n<script type=\"application\/ld+json\" class=\"yoast-schema-graph\">{\"@context\":\"https:\\\/\\\/schema.org\",\"@graph\":[{\"@type\":\"WebPage\",\"@id\":\"https:\\\/\\\/blafor.com\\\/markt\\\/produkt\\\/gruene-nikolaus-muetze-mit-bommel\\\/\",\"url\":\"https:\\\/\\\/blafor.com\\\/markt\\\/produkt\\\/gruene-nikolaus-muetze-mit-bommel\\\/\",\"name\":\"Gr\u00fcne Nikolaus M\u00fctze mit Bommel : BlaFor.com Markt\",\"isPartOf\":{\"@id\":\"https:\\\/\\\/blafor.com\\\/markt\\\/#website\"},\"primaryImageOfPage\":{\"@id\":\"https:\\\/\\\/blafor.com\\\/markt\\\/produkt\\\/gruene-nikolaus-muetze-mit-bommel\\\/#primaryimage\"},\"image\":{\"@id\":\"https:\\\/\\\/blafor.com\\\/markt\\\/produkt\\\/gruene-nikolaus-muetze-mit-bommel\\\/#primaryimage\"},\"thumbnailUrl\":\"https:\\\/\\\/blafor.com\\\/markt\\\/wp-content\\\/uploads\\\/sites\\\/6\\\/2022\\\/08\\\/407013-green.jpg\",\"datePublished\":\"2020-12-07T08:06:50+00:00\",\"dateModified\":\"2022-08-08T05:09:52+00:00\",\"breadcrumb\":{\"@id\":\"https:\\\/\\\/blafor.com\\\/markt\\\/produkt\\\/gruene-nikolaus-muetze-mit-bommel\\\/#breadcrumb\"},\"inLanguage\":\"de\",\"potentialAction\":[{\"@type\":\"ReadAction\",\"target\":[\"https:\\\/\\\/blafor.com\\\/markt\\\/produkt\\\/gruene-nikolaus-muetze-mit-bommel\\\/\"]}]},{\"@type\":\"ImageObject\",\"inLanguage\":\"de\",\"@id\":\"https:\\\/\\\/blafor.com\\\/markt\\\/produkt\\\/gruene-nikolaus-muetze-mit-bommel\\\/#primaryimage\",\"url\":\"https:\\\/\\\/blafor.com\\\/markt\\\/wp-content\\\/uploads\\\/sites\\\/6\\\/2022\\\/08\\\/407013-green.jpg\",\"contentUrl\":\"https:\\\/\\\/blafor.com\\\/markt\\\/wp-content\\\/uploads\\\/sites\\\/6\\\/2022\\\/08\\\/407013-green.jpg\",\"width\":600,\"height\":600},{\"@type\":\"BreadcrumbList\",\"@id\":\"https:\\\/\\\/blafor.com\\\/markt\\\/produkt\\\/gruene-nikolaus-muetze-mit-bommel\\\/#breadcrumb\",\"itemListElement\":[{\"@type\":\"ListItem\",\"position\":1,\"name\":\"Startseite\",\"item\":\"https:\\\/\\\/blafor.com\\\/markt\\\/\"},{\"@type\":\"ListItem\",\"position\":2,\"name\":\"Katalog\",\"item\":\"https:\\\/\\\/blafor.com\\\/markt\\\/katalog\\\/\"},{\"@type\":\"ListItem\",\"position\":3,\"name\":\"Gr\u00fcne Nikolaus M\u00fctze mit Bommel\"}]},{\"@type\":\"WebSite\",\"@id\":\"https:\\\/\\\/blafor.com\\\/markt\\\/#website\",\"url\":\"https:\\\/\\\/blafor.com\\\/markt\\\/\",\"name\":\"BlaFor.com Markt\",\"description\":\"Der Online-Marktplatz aus dem Schwarzwald\",\"publisher\":{\"@id\":\"https:\\\/\\\/blafor.com\\\/markt\\\/#organization\"},\"alternateName\":\"BlaFor Markt\",\"potentialAction\":[{\"@type\":\"SearchAction\",\"target\":{\"@type\":\"EntryPoint\",\"urlTemplate\":\"https:\\\/\\\/blafor.com\\\/markt\\\/?s={search_term_string}\"},\"query-input\":{\"@type\":\"PropertyValueSpecification\",\"valueRequired\":true,\"valueName\":\"search_term_string\"}}],\"inLanguage\":\"de\"},{\"@type\":\"Organization\",\"@id\":\"https:\\\/\\\/blafor.com\\\/markt\\\/#organization\",\"name\":\"BlaFor.com\",\"alternateName\":\"ALIZEL\",\"url\":\"https:\\\/\\\/blafor.com\\\/markt\\\/\",\"logo\":{\"@type\":\"ImageObject\",\"inLanguage\":\"de\",\"@id\":\"https:\\\/\\\/blafor.com\\\/markt\\\/#\\\/schema\\\/logo\\\/image\\\/\",\"url\":\"https:\\\/\\\/blafor.com\\\/markt\\\/wp-content\\\/uploads\\\/sites\\\/6\\\/2022\\\/07\\\/bfc-shop64.png\",\"contentUrl\":\"https:\\\/\\\/blafor.com\\\/markt\\\/wp-content\\\/uploads\\\/sites\\\/6\\\/2022\\\/07\\\/bfc-shop64.png\",\"width\":400,\"height\":160,\"caption\":\"BlaFor.com\"},\"image\":{\"@id\":\"https:\\\/\\\/blafor.com\\\/markt\\\/#\\\/schema\\\/logo\\\/image\\\/\"},\"sameAs\":[\"https:\\\/\\\/www.facebook.com\\\/BlaForCom\\\/\",\"https:\\\/\\\/www.linkedin.com\\\/showcase\\\/blaforcom\\\/\"]}]}<\/script>\n<!-- \/ Yoast SEO plugin. -->","yoast_head_json":{"title":"Gr\u00fcne Nikolaus M\u00fctze mit Bommel : BlaFor.com Markt","robots":{"index":"index","follow":"follow","max-snippet":"max-snippet:-1","max-image-preview":"max-image-preview:large","max-video-preview":"max-video-preview:-1"},"canonical":"https:\/\/blafor.com\/markt\/produkt\/gruene-nikolaus-muetze-mit-bommel\/","og_locale":"de_DE","og_type":"article","og_title":"Gr\u00fcne Nikolaus M\u00fctze mit Bommel : BlaFor.com Markt","og_description":"Einfache Nikolaus M\u00fctze \/ Christmas Hat mit Bommel  Verf\u00fcgbar in green \/ white (gr\u00fcn\/wei\u00df)  Gr\u00f6\u00dfere Mengen oder andere Farben gerne auf Anfrage","og_url":"https:\/\/blafor.com\/markt\/produkt\/gruene-nikolaus-muetze-mit-bommel\/","og_site_name":"BlaFor.com Markt","article_publisher":"https:\/\/www.facebook.com\/BlaForCom\/","article_modified_time":"2022-08-08T05:09:52+00:00","og_image":[{"width":600,"height":600,"url":"https:\/\/blafor.com\/markt\/wp-content\/uploads\/sites\/6\/2022\/08\/407013-green.jpg","type":"image\/jpeg"}],"twitter_card":"summary_large_image","twitter_misc":{"Gesch\u00e4tzte Lesezeit":"1\u00a0Minute"},"schema":{"@context":"https:\/\/schema.org","@graph":[{"@type":"WebPage","@id":"https:\/\/blafor.com\/markt\/produkt\/gruene-nikolaus-muetze-mit-bommel\/","url":"https:\/\/blafor.com\/markt\/produkt\/gruene-nikolaus-muetze-mit-bommel\/","name":"Gr\u00fcne Nikolaus M\u00fctze mit Bommel : BlaFor.com Markt","isPartOf":{"@id":"https:\/\/blafor.com\/markt\/#website"},"primaryImageOfPage":{"@id":"https:\/\/blafor.com\/markt\/produkt\/gruene-nikolaus-muetze-mit-bommel\/#primaryimage"},"image":{"@id":"https:\/\/blafor.com\/markt\/produkt\/gruene-nikolaus-muetze-mit-bommel\/#primaryimage"},"thumbnailUrl":"https:\/\/blafor.com\/markt\/wp-content\/uploads\/sites\/6\/2022\/08\/407013-green.jpg","datePublished":"2020-12-07T08:06:50+00:00","dateModified":"2022-08-08T05:09:52+00:00","breadcrumb":{"@id":"https:\/\/blafor.com\/markt\/produkt\/gruene-nikolaus-muetze-mit-bommel\/#breadcrumb"},"inLanguage":"de","potentialAction":[{"@type":"ReadAction","target":["https:\/\/blafor.com\/markt\/produkt\/gruene-nikolaus-muetze-mit-bommel\/"]}]},{"@type":"ImageObject","inLanguage":"de","@id":"https:\/\/blafor.com\/markt\/produkt\/gruene-nikolaus-muetze-mit-bommel\/#primaryimage","url":"https:\/\/blafor.com\/markt\/wp-content\/uploads\/sites\/6\/2022\/08\/407013-green.jpg","contentUrl":"https:\/\/blafor.com\/markt\/wp-content\/uploads\/sites\/6\/2022\/08\/407013-green.jpg","width":600,"height":600},{"@type":"BreadcrumbList","@id":"https:\/\/blafor.com\/markt\/produkt\/gruene-nikolaus-muetze-mit-bommel\/#breadcrumb","itemListElement":[{"@type":"ListItem","position":1,"name":"Startseite","item":"https:\/\/blafor.com\/markt\/"},{"@type":"ListItem","position":2,"name":"Katalog","item":"https:\/\/blafor.com\/markt\/katalog\/"},{"@type":"ListItem","position":3,"name":"Gr\u00fcne Nikolaus M\u00fctze mit Bommel"}]},{"@type":"WebSite","@id":"https:\/\/blafor.com\/markt\/#website","url":"https:\/\/blafor.com\/markt\/","name":"BlaFor.com Markt","description":"Der Online-Marktplatz aus dem Schwarzwald","publisher":{"@id":"https:\/\/blafor.com\/markt\/#organization"},"alternateName":"BlaFor Markt","potentialAction":[{"@type":"SearchAction","target":{"@type":"EntryPoint","urlTemplate":"https:\/\/blafor.com\/markt\/?s={search_term_string}"},"query-input":{"@type":"PropertyValueSpecification","valueRequired":true,"valueName":"search_term_string"}}],"inLanguage":"de"},{"@type":"Organization","@id":"https:\/\/blafor.com\/markt\/#organization","name":"BlaFor.com","alternateName":"ALIZEL","url":"https:\/\/blafor.com\/markt\/","logo":{"@type":"ImageObject","inLanguage":"de","@id":"https:\/\/blafor.com\/markt\/#\/schema\/logo\/image\/","url":"https:\/\/blafor.com\/markt\/wp-content\/uploads\/sites\/6\/2022\/07\/bfc-shop64.png","contentUrl":"https:\/\/blafor.com\/markt\/wp-content\/uploads\/sites\/6\/2022\/07\/bfc-shop64.png","width":400,"height":160,"caption":"BlaFor.com"},"image":{"@id":"https:\/\/blafor.com\/markt\/#\/schema\/logo\/image\/"},"sameAs":["https:\/\/www.facebook.com\/BlaForCom\/","https:\/\/www.linkedin.com\/showcase\/blaforcom\/"]}]}},"taxonomy_info":{"product_cat":[{"value":268,"label":"Caps &amp; H\u00fcte Damen"},{"value":267,"label":"Caps &amp; H\u00fcte Herren"},{"value":195,"label":"Verkleidung"}],"product_tag":[{"value":439,"label":"Karneval"},{"value":494,"label":"Weihnachten"},{"value":208,"label":"Winter"}],"pa_farbe":[{"value":495,"label":"Green \/ White"}],"pa_marke":[{"value":436,"label":"Printwear"}],"pa_material":[{"value":251,"label":"100% Polyester"}],"pa_standort":[{"value":106,"label":"79843"}]},"featured_image_src_large":["https:\/\/blafor.com\/markt\/wp-content\/uploads\/sites\/6\/2022\/08\/407013-green.jpg",600,600,false],"author_info":[],"comment_info":"","_links":{"self":[{"href":"https:\/\/blafor.com\/markt\/wp-json\/wp\/v2\/product\/2682","targetHints":{"allow":["GET"]}}],"collection":[{"href":"https:\/\/blafor.com\/markt\/wp-json\/wp\/v2\/product"}],"about":[{"href":"https:\/\/blafor.com\/markt\/wp-json\/wp\/v2\/types\/product"}],"wp:featuredmedia":[{"embeddable":true,"href":"https:\/\/blafor.com\/markt\/wp-json\/wp\/v2\/media\/2683"}],"wp:attachment":[{"href":"https:\/\/blafor.com\/markt\/wp-json\/wp\/v2\/media?parent=2682"}],"wp:term":[{"taxonomy":"product_brand","embeddable":true,"href":"https:\/\/blafor.com\/markt\/wp-json\/wp\/v2\/product_brand?post=2682"},{"taxonomy":"product_cat","embeddable":true,"href":"https:\/\/blafor.com\/markt\/wp-json\/wp\/v2\/product_cat?post=2682"},{"taxonomy":"product_tag","embeddable":true,"href":"https:\/\/blafor.com\/markt\/wp-json\/wp\/v2\/product_tag?post=2682"},{"taxonomy":"product_brands","embeddable":true,"href":"https:\/\/blafor.com\/markt\/wp-json\/wp\/v2\/product_brands?post=2682"}],"curies":[{"name":"wp","href":"https:\/\/api.w.org\/{rel}","templated":true}]}}