{"id":2678,"date":"2022-06-07T08:28:21","date_gmt":"2022-06-07T06:28:21","guid":{"rendered":"https:\/\/blafor.com\/markt\/?post_type=product&#038;p=2678"},"modified":"2022-08-07T08:41:20","modified_gmt":"2022-08-07T06:41:20","slug":"shimmer-jute-shopper","status":"publish","type":"product","link":"https:\/\/blafor.com\/markt\/produkt\/shimmer-jute-shopper\/","title":{"rendered":"Shimmer Jute Shopper"},"content":{"rendered":"<h2>Shimmer Jute Shopper<\/h2>\n<p>Der Shimmer Jute Shopper von Westford Mill, ist die exklusive Shopping- und\/oder Pr\u00e4sentation-Tasche aus der Naturfaser Jute mit gold-schimmernden Fadendetails. Die Tasche ist geeignet f\u00fcr bis zu 21 l Fassungsverm\u00f6gen. Verst\u00e4rkte Tragegriffe aus Baumwolle.<\/p>\n<ul>\n<li>Material Tasche: 98% Jute \/ 2% metallisierte Faser<\/li>\n<li>Material Griff: 100% Baumwolle<\/li>\n<li>Ma\u00dfe Tasche: 42 x 33 x 19 cm<\/li>\n<li>Fassungsverm\u00f6gen Tasche: 21 Liter<\/li>\n<li>L\u00e4nge Tragegriff: 55 cm<\/li>\n<li>Lieferung ohne Inhalt\/Deko<\/li>\n<\/ul>\n<p>Artikel-Nr.: WM437<br \/>\nStyle: WM437, Westford Mill, Sparkling, Shopper, Schopper, Einkaufstasche, Pr\u00e4senttasche<\/p>\n","protected":false},"excerpt":{"rendered":"<ul>\n<li>Exklusive Tasche aus Jute mit Tragegriff<\/li>\n<li>Mit gold-schimmernden Fadendetails<\/li>\n<li>Fassungsverm\u00f6gen ca. 21 Liter<\/li>\n<\/ul>\n","protected":false},"featured_media":2679,"template":"","meta":{"_kad_blocks_custom_css":"","_kad_blocks_head_custom_js":"","_kad_blocks_body_custom_js":"","_kad_blocks_footer_custom_js":"","_kadence_starter_templates_imported_post":false,"_kad_post_transparent":"default","_kad_post_title":"","_kad_post_layout":"default","_kad_post_sidebar_id":"","_kad_post_content_style":"default","_kad_post_vertical_padding":"default","_kad_post_feature":"","_kad_post_feature_position":"","_kad_post_header":false,"_kad_post_footer":false,"_kad_post_classname":""},"product_brand":[],"product_cat":[398,78,79],"product_tag":[352,402],"product_brands":[],"class_list":{"0":"post-2678","1":"product","2":"type-product","3":"status-publish","4":"has-post-thumbnail","6":"product_cat-einkaufstaschen","7":"product_cat-praesentation","8":"product_cat-werbegeschenke","9":"product_tag-elegant","10":"product_tag-shopping","11":"pa_farbe-gold","12":"pa_farbe-naturell","13":"pa_marke-westford-mill","14":"pa_material-100-baumwolle","15":"pa_material-98-jute-2-metallisierte-faser","16":"pa_standort-106","18":"first","19":"instock","20":"taxable","21":"shipping-taxable","22":"purchasable","23":"product-type-simple","24":"entry","25":"content-bg","26":"loop-entry"},"yoast_head":"<!-- This site is optimized with the Yoast SEO plugin v27.4 - https:\/\/yoast.com\/product\/yoast-seo-wordpress\/ -->\n<title>Shimmer Jute Shopper : BlaFor.com Markt<\/title>\n<meta name=\"robots\" content=\"index, follow, max-snippet:-1, max-image-preview:large, max-video-preview:-1\" \/>\n<link rel=\"canonical\" href=\"https:\/\/blafor.com\/markt\/produkt\/shimmer-jute-shopper\/\" \/>\n<meta property=\"og:locale\" content=\"de_DE\" \/>\n<meta property=\"og:type\" content=\"article\" \/>\n<meta property=\"og:title\" content=\"Shimmer Jute Shopper : BlaFor.com Markt\" \/>\n<meta property=\"og:description\" content=\"Exklusive Tasche aus Jute mit Tragegriff  Mit gold-schimmernden Fadendetails  Fassungsverm\u00f6gen ca. 21 Liter\" \/>\n<meta property=\"og:url\" content=\"https:\/\/blafor.com\/markt\/produkt\/shimmer-jute-shopper\/\" \/>\n<meta property=\"og:site_name\" content=\"BlaFor.com Markt\" \/>\n<meta property=\"article:publisher\" content=\"https:\/\/www.facebook.com\/BlaForCom\/\" \/>\n<meta property=\"article:modified_time\" content=\"2022-08-07T06:41:20+00:00\" \/>\n<meta property=\"og:image\" content=\"https:\/\/blafor.com\/markt\/wp-content\/uploads\/sites\/6\/2022\/08\/wm437.jpg\" \/>\n\t<meta property=\"og:image:width\" content=\"800\" \/>\n\t<meta property=\"og:image:height\" content=\"800\" \/>\n\t<meta property=\"og:image:type\" content=\"image\/jpeg\" \/>\n<meta name=\"twitter:card\" content=\"summary_large_image\" \/>\n<meta name=\"twitter:label1\" content=\"Gesch\u00e4tzte Lesezeit\" \/>\n\t<meta name=\"twitter:data1\" content=\"1\u00a0Minute\" \/>\n<script type=\"application\/ld+json\" class=\"yoast-schema-graph\">{\"@context\":\"https:\\\/\\\/schema.org\",\"@graph\":[{\"@type\":\"WebPage\",\"@id\":\"https:\\\/\\\/blafor.com\\\/markt\\\/produkt\\\/shimmer-jute-shopper\\\/\",\"url\":\"https:\\\/\\\/blafor.com\\\/markt\\\/produkt\\\/shimmer-jute-shopper\\\/\",\"name\":\"Shimmer Jute Shopper : BlaFor.com Markt\",\"isPartOf\":{\"@id\":\"https:\\\/\\\/blafor.com\\\/markt\\\/#website\"},\"primaryImageOfPage\":{\"@id\":\"https:\\\/\\\/blafor.com\\\/markt\\\/produkt\\\/shimmer-jute-shopper\\\/#primaryimage\"},\"image\":{\"@id\":\"https:\\\/\\\/blafor.com\\\/markt\\\/produkt\\\/shimmer-jute-shopper\\\/#primaryimage\"},\"thumbnailUrl\":\"https:\\\/\\\/blafor.com\\\/markt\\\/wp-content\\\/uploads\\\/sites\\\/6\\\/2022\\\/08\\\/wm437.jpg\",\"datePublished\":\"2022-06-07T06:28:21+00:00\",\"dateModified\":\"2022-08-07T06:41:20+00:00\",\"breadcrumb\":{\"@id\":\"https:\\\/\\\/blafor.com\\\/markt\\\/produkt\\\/shimmer-jute-shopper\\\/#breadcrumb\"},\"inLanguage\":\"de\",\"potentialAction\":[{\"@type\":\"ReadAction\",\"target\":[\"https:\\\/\\\/blafor.com\\\/markt\\\/produkt\\\/shimmer-jute-shopper\\\/\"]}]},{\"@type\":\"ImageObject\",\"inLanguage\":\"de\",\"@id\":\"https:\\\/\\\/blafor.com\\\/markt\\\/produkt\\\/shimmer-jute-shopper\\\/#primaryimage\",\"url\":\"https:\\\/\\\/blafor.com\\\/markt\\\/wp-content\\\/uploads\\\/sites\\\/6\\\/2022\\\/08\\\/wm437.jpg\",\"contentUrl\":\"https:\\\/\\\/blafor.com\\\/markt\\\/wp-content\\\/uploads\\\/sites\\\/6\\\/2022\\\/08\\\/wm437.jpg\",\"width\":800,\"height\":800},{\"@type\":\"BreadcrumbList\",\"@id\":\"https:\\\/\\\/blafor.com\\\/markt\\\/produkt\\\/shimmer-jute-shopper\\\/#breadcrumb\",\"itemListElement\":[{\"@type\":\"ListItem\",\"position\":1,\"name\":\"Startseite\",\"item\":\"https:\\\/\\\/blafor.com\\\/markt\\\/\"},{\"@type\":\"ListItem\",\"position\":2,\"name\":\"Katalog\",\"item\":\"https:\\\/\\\/blafor.com\\\/markt\\\/katalog\\\/\"},{\"@type\":\"ListItem\",\"position\":3,\"name\":\"Shimmer Jute Shopper\"}]},{\"@type\":\"WebSite\",\"@id\":\"https:\\\/\\\/blafor.com\\\/markt\\\/#website\",\"url\":\"https:\\\/\\\/blafor.com\\\/markt\\\/\",\"name\":\"BlaFor.com Markt\",\"description\":\"Der Online-Marktplatz aus dem Schwarzwald\",\"publisher\":{\"@id\":\"https:\\\/\\\/blafor.com\\\/markt\\\/#organization\"},\"alternateName\":\"BlaFor Markt\",\"potentialAction\":[{\"@type\":\"SearchAction\",\"target\":{\"@type\":\"EntryPoint\",\"urlTemplate\":\"https:\\\/\\\/blafor.com\\\/markt\\\/?s={search_term_string}\"},\"query-input\":{\"@type\":\"PropertyValueSpecification\",\"valueRequired\":true,\"valueName\":\"search_term_string\"}}],\"inLanguage\":\"de\"},{\"@type\":\"Organization\",\"@id\":\"https:\\\/\\\/blafor.com\\\/markt\\\/#organization\",\"name\":\"BlaFor.com\",\"alternateName\":\"ALIZEL\",\"url\":\"https:\\\/\\\/blafor.com\\\/markt\\\/\",\"logo\":{\"@type\":\"ImageObject\",\"inLanguage\":\"de\",\"@id\":\"https:\\\/\\\/blafor.com\\\/markt\\\/#\\\/schema\\\/logo\\\/image\\\/\",\"url\":\"https:\\\/\\\/blafor.com\\\/markt\\\/wp-content\\\/uploads\\\/sites\\\/6\\\/2022\\\/07\\\/bfc-shop64.png\",\"contentUrl\":\"https:\\\/\\\/blafor.com\\\/markt\\\/wp-content\\\/uploads\\\/sites\\\/6\\\/2022\\\/07\\\/bfc-shop64.png\",\"width\":400,\"height\":160,\"caption\":\"BlaFor.com\"},\"image\":{\"@id\":\"https:\\\/\\\/blafor.com\\\/markt\\\/#\\\/schema\\\/logo\\\/image\\\/\"},\"sameAs\":[\"https:\\\/\\\/www.facebook.com\\\/BlaForCom\\\/\",\"https:\\\/\\\/www.linkedin.com\\\/showcase\\\/blaforcom\\\/\"]}]}<\/script>\n<!-- \/ Yoast SEO plugin. -->","yoast_head_json":{"title":"Shimmer Jute Shopper : BlaFor.com Markt","robots":{"index":"index","follow":"follow","max-snippet":"max-snippet:-1","max-image-preview":"max-image-preview:large","max-video-preview":"max-video-preview:-1"},"canonical":"https:\/\/blafor.com\/markt\/produkt\/shimmer-jute-shopper\/","og_locale":"de_DE","og_type":"article","og_title":"Shimmer Jute Shopper : BlaFor.com Markt","og_description":"Exklusive Tasche aus Jute mit Tragegriff  Mit gold-schimmernden Fadendetails  Fassungsverm\u00f6gen ca. 21 Liter","og_url":"https:\/\/blafor.com\/markt\/produkt\/shimmer-jute-shopper\/","og_site_name":"BlaFor.com Markt","article_publisher":"https:\/\/www.facebook.com\/BlaForCom\/","article_modified_time":"2022-08-07T06:41:20+00:00","og_image":[{"width":800,"height":800,"url":"https:\/\/blafor.com\/markt\/wp-content\/uploads\/sites\/6\/2022\/08\/wm437.jpg","type":"image\/jpeg"}],"twitter_card":"summary_large_image","twitter_misc":{"Gesch\u00e4tzte Lesezeit":"1\u00a0Minute"},"schema":{"@context":"https:\/\/schema.org","@graph":[{"@type":"WebPage","@id":"https:\/\/blafor.com\/markt\/produkt\/shimmer-jute-shopper\/","url":"https:\/\/blafor.com\/markt\/produkt\/shimmer-jute-shopper\/","name":"Shimmer Jute Shopper : BlaFor.com Markt","isPartOf":{"@id":"https:\/\/blafor.com\/markt\/#website"},"primaryImageOfPage":{"@id":"https:\/\/blafor.com\/markt\/produkt\/shimmer-jute-shopper\/#primaryimage"},"image":{"@id":"https:\/\/blafor.com\/markt\/produkt\/shimmer-jute-shopper\/#primaryimage"},"thumbnailUrl":"https:\/\/blafor.com\/markt\/wp-content\/uploads\/sites\/6\/2022\/08\/wm437.jpg","datePublished":"2022-06-07T06:28:21+00:00","dateModified":"2022-08-07T06:41:20+00:00","breadcrumb":{"@id":"https:\/\/blafor.com\/markt\/produkt\/shimmer-jute-shopper\/#breadcrumb"},"inLanguage":"de","potentialAction":[{"@type":"ReadAction","target":["https:\/\/blafor.com\/markt\/produkt\/shimmer-jute-shopper\/"]}]},{"@type":"ImageObject","inLanguage":"de","@id":"https:\/\/blafor.com\/markt\/produkt\/shimmer-jute-shopper\/#primaryimage","url":"https:\/\/blafor.com\/markt\/wp-content\/uploads\/sites\/6\/2022\/08\/wm437.jpg","contentUrl":"https:\/\/blafor.com\/markt\/wp-content\/uploads\/sites\/6\/2022\/08\/wm437.jpg","width":800,"height":800},{"@type":"BreadcrumbList","@id":"https:\/\/blafor.com\/markt\/produkt\/shimmer-jute-shopper\/#breadcrumb","itemListElement":[{"@type":"ListItem","position":1,"name":"Startseite","item":"https:\/\/blafor.com\/markt\/"},{"@type":"ListItem","position":2,"name":"Katalog","item":"https:\/\/blafor.com\/markt\/katalog\/"},{"@type":"ListItem","position":3,"name":"Shimmer Jute Shopper"}]},{"@type":"WebSite","@id":"https:\/\/blafor.com\/markt\/#website","url":"https:\/\/blafor.com\/markt\/","name":"BlaFor.com Markt","description":"Der Online-Marktplatz aus dem Schwarzwald","publisher":{"@id":"https:\/\/blafor.com\/markt\/#organization"},"alternateName":"BlaFor Markt","potentialAction":[{"@type":"SearchAction","target":{"@type":"EntryPoint","urlTemplate":"https:\/\/blafor.com\/markt\/?s={search_term_string}"},"query-input":{"@type":"PropertyValueSpecification","valueRequired":true,"valueName":"search_term_string"}}],"inLanguage":"de"},{"@type":"Organization","@id":"https:\/\/blafor.com\/markt\/#organization","name":"BlaFor.com","alternateName":"ALIZEL","url":"https:\/\/blafor.com\/markt\/","logo":{"@type":"ImageObject","inLanguage":"de","@id":"https:\/\/blafor.com\/markt\/#\/schema\/logo\/image\/","url":"https:\/\/blafor.com\/markt\/wp-content\/uploads\/sites\/6\/2022\/07\/bfc-shop64.png","contentUrl":"https:\/\/blafor.com\/markt\/wp-content\/uploads\/sites\/6\/2022\/07\/bfc-shop64.png","width":400,"height":160,"caption":"BlaFor.com"},"image":{"@id":"https:\/\/blafor.com\/markt\/#\/schema\/logo\/image\/"},"sameAs":["https:\/\/www.facebook.com\/BlaForCom\/","https:\/\/www.linkedin.com\/showcase\/blaforcom\/"]}]}},"taxonomy_info":{"product_cat":[{"value":398,"label":"Einkaufstaschen"},{"value":78,"label":"Pr\u00e4sentation"},{"value":79,"label":"Werbegeschenke"}],"product_tag":[{"value":352,"label":"Elegant"},{"value":402,"label":"Shopping"}],"pa_farbe":[{"value":125,"label":"Gold"},{"value":224,"label":"Naturell"}],"pa_marke":[{"value":160,"label":"Westford Mill"}],"pa_material":[{"value":247,"label":"100% Baumwolle"},{"value":492,"label":"98% Jute \/ 2% metallisierte Faser"}],"pa_standort":[{"value":106,"label":"79843"}]},"featured_image_src_large":["https:\/\/blafor.com\/markt\/wp-content\/uploads\/sites\/6\/2022\/08\/wm437.jpg",800,800,false],"author_info":[],"comment_info":"","_links":{"self":[{"href":"https:\/\/blafor.com\/markt\/wp-json\/wp\/v2\/product\/2678","targetHints":{"allow":["GET"]}}],"collection":[{"href":"https:\/\/blafor.com\/markt\/wp-json\/wp\/v2\/product"}],"about":[{"href":"https:\/\/blafor.com\/markt\/wp-json\/wp\/v2\/types\/product"}],"wp:featuredmedia":[{"embeddable":true,"href":"https:\/\/blafor.com\/markt\/wp-json\/wp\/v2\/media\/2679"}],"wp:attachment":[{"href":"https:\/\/blafor.com\/markt\/wp-json\/wp\/v2\/media?parent=2678"}],"wp:term":[{"taxonomy":"product_brand","embeddable":true,"href":"https:\/\/blafor.com\/markt\/wp-json\/wp\/v2\/product_brand?post=2678"},{"taxonomy":"product_cat","embeddable":true,"href":"https:\/\/blafor.com\/markt\/wp-json\/wp\/v2\/product_cat?post=2678"},{"taxonomy":"product_tag","embeddable":true,"href":"https:\/\/blafor.com\/markt\/wp-json\/wp\/v2\/product_tag?post=2678"},{"taxonomy":"product_brands","embeddable":true,"href":"https:\/\/blafor.com\/markt\/wp-json\/wp\/v2\/product_brands?post=2678"}],"curies":[{"name":"wp","href":"https:\/\/api.w.org\/{rel}","templated":true}]}}