{"id":2671,"date":"2022-04-07T08:14:19","date_gmt":"2022-04-07T06:14:19","guid":{"rendered":"https:\/\/blafor.com\/markt\/?post_type=product&#038;p=2671"},"modified":"2022-11-25T08:40:09","modified_gmt":"2022-11-25T07:40:09","slug":"bags2go-shopping-bag-fifth-avenue","status":"publish","type":"product","link":"https:\/\/blafor.com\/markt\/produkt\/bags2go-shopping-bag-fifth-avenue\/","title":{"rendered":"bags2GO Shopping Bag Fifth Avenue"},"content":{"rendered":"<h2>bags2GO Shopping Bag Fifth Avenue<\/h2>\n<p>Shopping Bag Fifth Avenue von bags2GO ist eine Strand- und Shopping-Tasche mit ca. 19,5 Liter Volumen. Der ideale Begleiter beim shoppen oder am Strand.<\/p>\n<ul>\n<li>600D Polyester Tasche in Grey Melange<\/li>\n<li>Ein gro\u00dfes Hauptfach mit Rei\u00dfverschluss<\/li>\n<li>Eine kleine Rei\u00dfverschluss-Innentasche im Hauptfach<\/li>\n<li>Eine kleine Rei\u00dfverschluss-Tasche auf der Front<\/li>\n<li>Alle Rei\u00dfverschl\u00fcsse in Schwarz, Gummi-Zipp-Puller mit \u201ebags2GO\u201c-Pr\u00e4gung<\/li>\n<li>Zwei Trageriemen mit gepolstertem Klett-Handgriff<\/li>\n<li>Ma\u00dfe: 48 x 34 x 12 cm (B x H x T)<\/li>\n<li>Volumen: ca. 19,5 Liter<\/li>\n<li>Pflegehinweis: nicht waschbar, von Hand feucht abwischen<\/li>\n<li>Zertifizierung: Produziert unter fairen Arbeitsbedingungen<\/li>\n<li>Lieferung ohne Inhalt\/Deko<\/li>\n<\/ul>\n<p>Art.-Nr.: BS15381<br \/>\nStyle: bags2Go, DTG-15381, Beach Bag, Shopping Bag, Shopper, Schopper, Einkaufstasche, Strandtasche, Umh\u00e4ngetasche<\/p>\n","protected":false},"excerpt":{"rendered":"<ul>\n<li>Strand- &amp; Shopping-Tasche<\/li>\n<li>Gr\u00f6\u00dfe: 48 x 34 x 12 cm (B x H x T)<\/li>\n<li>Fassungsverm\u00f6gen ca. 19,5 Liter<\/li>\n<\/ul>\n","protected":false},"featured_media":2672,"template":"","meta":{"_kad_blocks_custom_css":"","_kad_blocks_head_custom_js":"","_kad_blocks_body_custom_js":"","_kad_blocks_footer_custom_js":"","_kadence_starter_templates_imported_post":false,"_kad_post_transparent":"default","_kad_post_title":"","_kad_post_layout":"default","_kad_post_sidebar_id":"","_kad_post_content_style":"default","_kad_post_vertical_padding":"default","_kad_post_feature":"","_kad_post_feature_position":"","_kad_post_header":false,"_kad_post_footer":false,"_kad_post_classname":""},"product_brand":[],"product_cat":[398,213,197],"product_tag":[231,402,230,491],"product_brands":[],"class_list":{"0":"post-2671","1":"product","2":"type-product","3":"status-publish","4":"has-post-thumbnail","6":"product_cat-einkaufstaschen","7":"product_cat-reisezubehoer","8":"product_cat-taschen-damen","9":"product_tag-restposten","10":"product_tag-shopping","11":"product_tag-sommer","12":"product_tag-strand","13":"pa_farbe-black-grey-melange","14":"pa_marke-bags2go","15":"pa_material-600d-polyester","16":"pa_standort-106","18":"first","19":"instock","20":"taxable","21":"shipping-taxable","22":"purchasable","23":"product-type-simple","24":"entry","25":"content-bg","26":"loop-entry"},"yoast_head":"<!-- This site is optimized with the Yoast SEO plugin v27.5 - https:\/\/yoast.com\/product\/yoast-seo-wordpress\/ -->\n<title>bags2GO Shopping Bag Fifth Avenue : BlaFor.com Markt<\/title>\n<meta name=\"robots\" content=\"index, follow, max-snippet:-1, max-image-preview:large, max-video-preview:-1\" \/>\n<link rel=\"canonical\" href=\"https:\/\/blafor.com\/markt\/produkt\/bags2go-shopping-bag-fifth-avenue\/\" \/>\n<meta property=\"og:locale\" content=\"de_DE\" \/>\n<meta property=\"og:type\" content=\"article\" \/>\n<meta property=\"og:title\" content=\"bags2GO Shopping Bag Fifth Avenue : BlaFor.com Markt\" \/>\n<meta property=\"og:description\" content=\"Strand- &amp; Shopping-Tasche  Gr\u00f6\u00dfe: 48 x 34 x 12 cm (B x H x T)  Fassungsverm\u00f6gen ca. 19,5 Liter\" \/>\n<meta property=\"og:url\" content=\"https:\/\/blafor.com\/markt\/produkt\/bags2go-shopping-bag-fifth-avenue\/\" \/>\n<meta property=\"og:site_name\" content=\"BlaFor.com Markt\" \/>\n<meta property=\"article:publisher\" content=\"https:\/\/www.facebook.com\/BlaForCom\/\" \/>\n<meta property=\"article:modified_time\" content=\"2022-11-25T07:40:09+00:00\" \/>\n<meta property=\"og:image\" content=\"https:\/\/blafor.com\/markt\/wp-content\/uploads\/sites\/6\/2022\/08\/BS15381a.jpg\" \/>\n\t<meta property=\"og:image:width\" content=\"800\" \/>\n\t<meta property=\"og:image:height\" content=\"800\" \/>\n\t<meta property=\"og:image:type\" content=\"image\/jpeg\" \/>\n<meta name=\"twitter:card\" content=\"summary_large_image\" \/>\n<meta name=\"twitter:label1\" content=\"Gesch\u00e4tzte Lesezeit\" \/>\n\t<meta name=\"twitter:data1\" content=\"1\u00a0Minute\" \/>\n<script type=\"application\/ld+json\" class=\"yoast-schema-graph\">{\"@context\":\"https:\\\/\\\/schema.org\",\"@graph\":[{\"@type\":\"WebPage\",\"@id\":\"https:\\\/\\\/blafor.com\\\/markt\\\/produkt\\\/bags2go-shopping-bag-fifth-avenue\\\/\",\"url\":\"https:\\\/\\\/blafor.com\\\/markt\\\/produkt\\\/bags2go-shopping-bag-fifth-avenue\\\/\",\"name\":\"bags2GO Shopping Bag Fifth Avenue : BlaFor.com Markt\",\"isPartOf\":{\"@id\":\"https:\\\/\\\/blafor.com\\\/markt\\\/#website\"},\"primaryImageOfPage\":{\"@id\":\"https:\\\/\\\/blafor.com\\\/markt\\\/produkt\\\/bags2go-shopping-bag-fifth-avenue\\\/#primaryimage\"},\"image\":{\"@id\":\"https:\\\/\\\/blafor.com\\\/markt\\\/produkt\\\/bags2go-shopping-bag-fifth-avenue\\\/#primaryimage\"},\"thumbnailUrl\":\"https:\\\/\\\/blafor.com\\\/markt\\\/wp-content\\\/uploads\\\/sites\\\/6\\\/2022\\\/08\\\/BS15381a.jpg\",\"datePublished\":\"2022-04-07T06:14:19+00:00\",\"dateModified\":\"2022-11-25T07:40:09+00:00\",\"breadcrumb\":{\"@id\":\"https:\\\/\\\/blafor.com\\\/markt\\\/produkt\\\/bags2go-shopping-bag-fifth-avenue\\\/#breadcrumb\"},\"inLanguage\":\"de\",\"potentialAction\":[{\"@type\":\"ReadAction\",\"target\":[\"https:\\\/\\\/blafor.com\\\/markt\\\/produkt\\\/bags2go-shopping-bag-fifth-avenue\\\/\"]}]},{\"@type\":\"ImageObject\",\"inLanguage\":\"de\",\"@id\":\"https:\\\/\\\/blafor.com\\\/markt\\\/produkt\\\/bags2go-shopping-bag-fifth-avenue\\\/#primaryimage\",\"url\":\"https:\\\/\\\/blafor.com\\\/markt\\\/wp-content\\\/uploads\\\/sites\\\/6\\\/2022\\\/08\\\/BS15381a.jpg\",\"contentUrl\":\"https:\\\/\\\/blafor.com\\\/markt\\\/wp-content\\\/uploads\\\/sites\\\/6\\\/2022\\\/08\\\/BS15381a.jpg\",\"width\":800,\"height\":800},{\"@type\":\"BreadcrumbList\",\"@id\":\"https:\\\/\\\/blafor.com\\\/markt\\\/produkt\\\/bags2go-shopping-bag-fifth-avenue\\\/#breadcrumb\",\"itemListElement\":[{\"@type\":\"ListItem\",\"position\":1,\"name\":\"Startseite\",\"item\":\"https:\\\/\\\/blafor.com\\\/markt\\\/\"},{\"@type\":\"ListItem\",\"position\":2,\"name\":\"Katalog\",\"item\":\"https:\\\/\\\/blafor.com\\\/markt\\\/katalog\\\/\"},{\"@type\":\"ListItem\",\"position\":3,\"name\":\"bags2GO Shopping Bag Fifth Avenue\"}]},{\"@type\":\"WebSite\",\"@id\":\"https:\\\/\\\/blafor.com\\\/markt\\\/#website\",\"url\":\"https:\\\/\\\/blafor.com\\\/markt\\\/\",\"name\":\"BlaFor.com Markt\",\"description\":\"Der Online-Marktplatz aus dem Schwarzwald\",\"publisher\":{\"@id\":\"https:\\\/\\\/blafor.com\\\/markt\\\/#organization\"},\"alternateName\":\"BlaFor Markt\",\"potentialAction\":[{\"@type\":\"SearchAction\",\"target\":{\"@type\":\"EntryPoint\",\"urlTemplate\":\"https:\\\/\\\/blafor.com\\\/markt\\\/?s={search_term_string}\"},\"query-input\":{\"@type\":\"PropertyValueSpecification\",\"valueRequired\":true,\"valueName\":\"search_term_string\"}}],\"inLanguage\":\"de\"},{\"@type\":\"Organization\",\"@id\":\"https:\\\/\\\/blafor.com\\\/markt\\\/#organization\",\"name\":\"BlaFor.com\",\"alternateName\":\"ALIZEL\",\"url\":\"https:\\\/\\\/blafor.com\\\/markt\\\/\",\"logo\":{\"@type\":\"ImageObject\",\"inLanguage\":\"de\",\"@id\":\"https:\\\/\\\/blafor.com\\\/markt\\\/#\\\/schema\\\/logo\\\/image\\\/\",\"url\":\"https:\\\/\\\/blafor.com\\\/markt\\\/wp-content\\\/uploads\\\/sites\\\/6\\\/2022\\\/07\\\/bfc-shop64.png\",\"contentUrl\":\"https:\\\/\\\/blafor.com\\\/markt\\\/wp-content\\\/uploads\\\/sites\\\/6\\\/2022\\\/07\\\/bfc-shop64.png\",\"width\":400,\"height\":160,\"caption\":\"BlaFor.com\"},\"image\":{\"@id\":\"https:\\\/\\\/blafor.com\\\/markt\\\/#\\\/schema\\\/logo\\\/image\\\/\"},\"sameAs\":[\"https:\\\/\\\/www.facebook.com\\\/BlaForCom\\\/\",\"https:\\\/\\\/www.linkedin.com\\\/showcase\\\/blaforcom\\\/\"]}]}<\/script>\n<!-- \/ Yoast SEO plugin. -->","yoast_head_json":{"title":"bags2GO Shopping Bag Fifth Avenue : BlaFor.com Markt","robots":{"index":"index","follow":"follow","max-snippet":"max-snippet:-1","max-image-preview":"max-image-preview:large","max-video-preview":"max-video-preview:-1"},"canonical":"https:\/\/blafor.com\/markt\/produkt\/bags2go-shopping-bag-fifth-avenue\/","og_locale":"de_DE","og_type":"article","og_title":"bags2GO Shopping Bag Fifth Avenue : BlaFor.com Markt","og_description":"Strand- &amp; Shopping-Tasche  Gr\u00f6\u00dfe: 48 x 34 x 12 cm (B x H x T)  Fassungsverm\u00f6gen ca. 19,5 Liter","og_url":"https:\/\/blafor.com\/markt\/produkt\/bags2go-shopping-bag-fifth-avenue\/","og_site_name":"BlaFor.com Markt","article_publisher":"https:\/\/www.facebook.com\/BlaForCom\/","article_modified_time":"2022-11-25T07:40:09+00:00","og_image":[{"width":800,"height":800,"url":"https:\/\/blafor.com\/markt\/wp-content\/uploads\/sites\/6\/2022\/08\/BS15381a.jpg","type":"image\/jpeg"}],"twitter_card":"summary_large_image","twitter_misc":{"Gesch\u00e4tzte Lesezeit":"1\u00a0Minute"},"schema":{"@context":"https:\/\/schema.org","@graph":[{"@type":"WebPage","@id":"https:\/\/blafor.com\/markt\/produkt\/bags2go-shopping-bag-fifth-avenue\/","url":"https:\/\/blafor.com\/markt\/produkt\/bags2go-shopping-bag-fifth-avenue\/","name":"bags2GO Shopping Bag Fifth Avenue : BlaFor.com Markt","isPartOf":{"@id":"https:\/\/blafor.com\/markt\/#website"},"primaryImageOfPage":{"@id":"https:\/\/blafor.com\/markt\/produkt\/bags2go-shopping-bag-fifth-avenue\/#primaryimage"},"image":{"@id":"https:\/\/blafor.com\/markt\/produkt\/bags2go-shopping-bag-fifth-avenue\/#primaryimage"},"thumbnailUrl":"https:\/\/blafor.com\/markt\/wp-content\/uploads\/sites\/6\/2022\/08\/BS15381a.jpg","datePublished":"2022-04-07T06:14:19+00:00","dateModified":"2022-11-25T07:40:09+00:00","breadcrumb":{"@id":"https:\/\/blafor.com\/markt\/produkt\/bags2go-shopping-bag-fifth-avenue\/#breadcrumb"},"inLanguage":"de","potentialAction":[{"@type":"ReadAction","target":["https:\/\/blafor.com\/markt\/produkt\/bags2go-shopping-bag-fifth-avenue\/"]}]},{"@type":"ImageObject","inLanguage":"de","@id":"https:\/\/blafor.com\/markt\/produkt\/bags2go-shopping-bag-fifth-avenue\/#primaryimage","url":"https:\/\/blafor.com\/markt\/wp-content\/uploads\/sites\/6\/2022\/08\/BS15381a.jpg","contentUrl":"https:\/\/blafor.com\/markt\/wp-content\/uploads\/sites\/6\/2022\/08\/BS15381a.jpg","width":800,"height":800},{"@type":"BreadcrumbList","@id":"https:\/\/blafor.com\/markt\/produkt\/bags2go-shopping-bag-fifth-avenue\/#breadcrumb","itemListElement":[{"@type":"ListItem","position":1,"name":"Startseite","item":"https:\/\/blafor.com\/markt\/"},{"@type":"ListItem","position":2,"name":"Katalog","item":"https:\/\/blafor.com\/markt\/katalog\/"},{"@type":"ListItem","position":3,"name":"bags2GO Shopping Bag Fifth Avenue"}]},{"@type":"WebSite","@id":"https:\/\/blafor.com\/markt\/#website","url":"https:\/\/blafor.com\/markt\/","name":"BlaFor.com Markt","description":"Der Online-Marktplatz aus dem Schwarzwald","publisher":{"@id":"https:\/\/blafor.com\/markt\/#organization"},"alternateName":"BlaFor Markt","potentialAction":[{"@type":"SearchAction","target":{"@type":"EntryPoint","urlTemplate":"https:\/\/blafor.com\/markt\/?s={search_term_string}"},"query-input":{"@type":"PropertyValueSpecification","valueRequired":true,"valueName":"search_term_string"}}],"inLanguage":"de"},{"@type":"Organization","@id":"https:\/\/blafor.com\/markt\/#organization","name":"BlaFor.com","alternateName":"ALIZEL","url":"https:\/\/blafor.com\/markt\/","logo":{"@type":"ImageObject","inLanguage":"de","@id":"https:\/\/blafor.com\/markt\/#\/schema\/logo\/image\/","url":"https:\/\/blafor.com\/markt\/wp-content\/uploads\/sites\/6\/2022\/07\/bfc-shop64.png","contentUrl":"https:\/\/blafor.com\/markt\/wp-content\/uploads\/sites\/6\/2022\/07\/bfc-shop64.png","width":400,"height":160,"caption":"BlaFor.com"},"image":{"@id":"https:\/\/blafor.com\/markt\/#\/schema\/logo\/image\/"},"sameAs":["https:\/\/www.facebook.com\/BlaForCom\/","https:\/\/www.linkedin.com\/showcase\/blaforcom\/"]}]}},"taxonomy_info":{"product_cat":[{"value":398,"label":"Einkaufstaschen"},{"value":213,"label":"Reisezubeh\u00f6r"},{"value":197,"label":"Taschen Damen"}],"product_tag":[{"value":231,"label":"Restposten"},{"value":402,"label":"Shopping"},{"value":230,"label":"Sommer"},{"value":491,"label":"Strand"}],"pa_farbe":[{"value":414,"label":"Black \/ Grey-Melange"}],"pa_marke":[{"value":138,"label":"bags2GO"}],"pa_material":[{"value":256,"label":"600D Polyester"}],"pa_standort":[{"value":106,"label":"79843"}]},"featured_image_src_large":["https:\/\/blafor.com\/markt\/wp-content\/uploads\/sites\/6\/2022\/08\/BS15381a.jpg",800,800,false],"author_info":[],"comment_info":"","_links":{"self":[{"href":"https:\/\/blafor.com\/markt\/wp-json\/wp\/v2\/product\/2671","targetHints":{"allow":["GET"]}}],"collection":[{"href":"https:\/\/blafor.com\/markt\/wp-json\/wp\/v2\/product"}],"about":[{"href":"https:\/\/blafor.com\/markt\/wp-json\/wp\/v2\/types\/product"}],"wp:featuredmedia":[{"embeddable":true,"href":"https:\/\/blafor.com\/markt\/wp-json\/wp\/v2\/media\/2672"}],"wp:attachment":[{"href":"https:\/\/blafor.com\/markt\/wp-json\/wp\/v2\/media?parent=2671"}],"wp:term":[{"taxonomy":"product_brand","embeddable":true,"href":"https:\/\/blafor.com\/markt\/wp-json\/wp\/v2\/product_brand?post=2671"},{"taxonomy":"product_cat","embeddable":true,"href":"https:\/\/blafor.com\/markt\/wp-json\/wp\/v2\/product_cat?post=2671"},{"taxonomy":"product_tag","embeddable":true,"href":"https:\/\/blafor.com\/markt\/wp-json\/wp\/v2\/product_tag?post=2671"},{"taxonomy":"product_brands","embeddable":true,"href":"https:\/\/blafor.com\/markt\/wp-json\/wp\/v2\/product_brands?post=2671"}],"curies":[{"name":"wp","href":"https:\/\/api.w.org\/{rel}","templated":true}]}}