{"id":2607,"date":"2020-01-06T09:35:47","date_gmt":"2020-01-06T08:35:47","guid":{"rendered":"https:\/\/blafor.com\/markt\/?post_type=product&#038;p=2607"},"modified":"2022-12-27T09:59:57","modified_gmt":"2022-12-27T08:59:57","slug":"just-hoods-unisex-college-hoodie","status":"publish","type":"product","link":"https:\/\/blafor.com\/markt\/produkt\/just-hoods-unisex-college-hoodie\/","title":{"rendered":"Just Hoods Unisex College Hoodie"},"content":{"rendered":"<h2>Just Hoods Unisex College Hoodie<\/h2>\n<p>Der Unisex College Hoodie von Just Hoods by AWDis ist der Hoodie-Klassiker und teilweise in 74 tollen Farben erh\u00e4ltlich.<\/p>\n<p>Merkmale: Zugkordeln in gleicher Farbe, Doppelt gewebte Kapuze, K\u00e4ngurutasche, geb\u00fcrstetes Innenvlies, Doppelnaht-Details, gerippte B\u00fcndchen und Saum sowie leuchtende, auff\u00e4llige Farben.<\/p>\n<ul>\n<li>Grammatur: 280 g\/m\u00b2<\/li>\n<li>Material: 80% Baumwolle \/ 20% Polyester (Smoke Farben: 70% Baumwolle \/ 30% Polyester), (Charcoal (Heather): 52% Baumwolle \/ 48% Polyester), (Heather Grey: 75% Baumwolle \/ 25% Polyester)<\/li>\n<li>Passform: Regular (normal geschnitten)<\/li>\n<li>Verarbeitung: Doppelnahtverarbeitung, Innen angeraut, Seitenn\u00e4hte<\/li>\n<li>Verf\u00fcgbare Gr\u00f6\u00dfen: XS &#8211; 3XL und in den Farben Deep Black, Jet Black, Heather Grey, Oxford Navy, und French Navy XS &#8211; 5XL<\/li>\n<li>Verf\u00fcgbare Farben*: 74<\/li>\n<li>Zertifizierung: Vegan, WRAP, Faire Arbeitsbedingungen<\/li>\n<li>Pflegehinweis: bei 30 \u00b0C waschbar, Trockner geeignet, B\u00fcgeln erlaubt<\/li>\n<\/ul>\n<p>*Bitte beachte, die dargestellten Farben in der Veranschaulichung am Bildschirm k\u00f6nnen von den Originalfarben abweichen.<\/p>\n<p>Artikel-Nr.: JH001<br \/>\nStyle: JH001, Just Hoods, Kapuzenpullover, Kapuzenpulli, Sweatshirt mit Kapuze, Hoody, leavers hoodie, hooded sweatshirt<\/p>\n","protected":false},"excerpt":{"rendered":"<ul>\n<li>Der Klassiker f\u00fcr Hoodie-Liebhaber<\/li>\n<li>Verf\u00fcgbare Farben:\u00a0 74<\/li>\n<li>Verf\u00fcgbare Gr\u00f6\u00dfen: XS bis 5XL<\/li>\n<li>Deine Farbe oder Gr\u00f6\u00dfe hier gerade nicht bestellbar?<br \/>\nKontaktiere Verk\u00e4ufer.<\/li>\n<\/ul>\n","protected":false},"featured_media":2608,"template":"","meta":{"_kad_blocks_custom_css":"","_kad_blocks_head_custom_js":"","_kad_blocks_body_custom_js":"","_kad_blocks_footer_custom_js":"","_kadence_starter_templates_imported_post":false,"_kad_post_transparent":"default","_kad_post_title":"","_kad_post_layout":"default","_kad_post_sidebar_id":"","_kad_post_content_style":"default","_kad_post_vertical_padding":"default","_kad_post_feature":"","_kad_post_feature_position":"","_kad_post_header":false,"_kad_post_footer":false,"_kad_post_classname":""},"product_brand":[],"product_cat":[403,404],"product_tag":[458,457,234,400,270,95,401,208],"product_brands":[],"class_list":{"0":"post-2607","1":"product","2":"type-product","3":"status-publish","4":"has-post-thumbnail","6":"product_cat-hoodies-damen","7":"product_cat-hoodies-herren","8":"product_tag-colors","9":"product_tag-herbst","10":"product_tag-partnerlook","11":"product_tag-textildruck","12":"product_tag-unisex","13":"product_tag-vegan","14":"product_tag-veredelung","15":"product_tag-winter","16":"pa_farbe-jet-black","17":"pa_int-groesse-3xl","18":"pa_int-groesse-4xl","19":"pa_int-groesse-5xl","20":"pa_int-groesse-l","21":"pa_int-groesse-m","22":"pa_int-groesse-s","23":"pa_int-groesse-xl","24":"pa_int-groesse-xs","25":"pa_int-groesse-xxl","26":"pa_marke-awdis","27":"pa_material-52-baumwolle-48-polyester","28":"pa_material-70-baumwolle-30-polyester","29":"pa_material-75-baumwolle-25-polyester","30":"pa_material-80-baumwolle-20-polyester","31":"pa_standort-106","33":"first","34":"instock","35":"taxable","36":"shipping-taxable","37":"purchasable","38":"product-type-variable","39":"entry","40":"content-bg","41":"loop-entry"},"yoast_head":"<!-- This site is optimized with the Yoast SEO plugin v27.5 - https:\/\/yoast.com\/product\/yoast-seo-wordpress\/ -->\n<title>Just Hoods Unisex College Hoodie : BlaFor.com Markt<\/title>\n<meta name=\"robots\" content=\"index, follow, max-snippet:-1, max-image-preview:large, max-video-preview:-1\" \/>\n<link rel=\"canonical\" href=\"https:\/\/blafor.com\/markt\/produkt\/just-hoods-unisex-college-hoodie\/\" \/>\n<meta property=\"og:locale\" content=\"de_DE\" \/>\n<meta property=\"og:type\" content=\"article\" \/>\n<meta property=\"og:title\" content=\"Just Hoods Unisex College Hoodie : BlaFor.com Markt\" \/>\n<meta property=\"og:description\" content=\"Der Klassiker f\u00fcr Hoodie-Liebhaber  Verf\u00fcgbare Farben:\u00a0 74  Verf\u00fcgbare Gr\u00f6\u00dfen: XS bis 5XL  Deine Farbe oder Gr\u00f6\u00dfe hier gerade nicht bestellbar? Kontaktiere Verk\u00e4ufer.\" \/>\n<meta property=\"og:url\" content=\"https:\/\/blafor.com\/markt\/produkt\/just-hoods-unisex-college-hoodie\/\" \/>\n<meta property=\"og:site_name\" content=\"BlaFor.com Markt\" \/>\n<meta property=\"article:publisher\" content=\"https:\/\/www.facebook.com\/BlaForCom\/\" \/>\n<meta property=\"article:modified_time\" content=\"2022-12-27T08:59:57+00:00\" \/>\n<meta property=\"og:image\" content=\"https:\/\/blafor.com\/markt\/wp-content\/uploads\/sites\/6\/2022\/08\/JH001.jpg\" \/>\n\t<meta property=\"og:image:width\" content=\"800\" \/>\n\t<meta property=\"og:image:height\" content=\"800\" \/>\n\t<meta property=\"og:image:type\" content=\"image\/jpeg\" \/>\n<meta name=\"twitter:card\" content=\"summary_large_image\" \/>\n<meta name=\"twitter:label1\" content=\"Gesch\u00e4tzte Lesezeit\" \/>\n\t<meta name=\"twitter:data1\" content=\"1\u00a0Minute\" \/>\n<script type=\"application\/ld+json\" class=\"yoast-schema-graph\">{\"@context\":\"https:\\\/\\\/schema.org\",\"@graph\":[{\"@type\":\"WebPage\",\"@id\":\"https:\\\/\\\/blafor.com\\\/markt\\\/produkt\\\/just-hoods-unisex-college-hoodie\\\/\",\"url\":\"https:\\\/\\\/blafor.com\\\/markt\\\/produkt\\\/just-hoods-unisex-college-hoodie\\\/\",\"name\":\"Just Hoods Unisex College Hoodie : BlaFor.com Markt\",\"isPartOf\":{\"@id\":\"https:\\\/\\\/blafor.com\\\/markt\\\/#website\"},\"primaryImageOfPage\":{\"@id\":\"https:\\\/\\\/blafor.com\\\/markt\\\/produkt\\\/just-hoods-unisex-college-hoodie\\\/#primaryimage\"},\"image\":{\"@id\":\"https:\\\/\\\/blafor.com\\\/markt\\\/produkt\\\/just-hoods-unisex-college-hoodie\\\/#primaryimage\"},\"thumbnailUrl\":\"https:\\\/\\\/blafor.com\\\/markt\\\/wp-content\\\/uploads\\\/sites\\\/6\\\/2022\\\/08\\\/JH001.jpg\",\"datePublished\":\"2020-01-06T08:35:47+00:00\",\"dateModified\":\"2022-12-27T08:59:57+00:00\",\"breadcrumb\":{\"@id\":\"https:\\\/\\\/blafor.com\\\/markt\\\/produkt\\\/just-hoods-unisex-college-hoodie\\\/#breadcrumb\"},\"inLanguage\":\"de\",\"potentialAction\":[{\"@type\":\"ReadAction\",\"target\":[\"https:\\\/\\\/blafor.com\\\/markt\\\/produkt\\\/just-hoods-unisex-college-hoodie\\\/\"]}]},{\"@type\":\"ImageObject\",\"inLanguage\":\"de\",\"@id\":\"https:\\\/\\\/blafor.com\\\/markt\\\/produkt\\\/just-hoods-unisex-college-hoodie\\\/#primaryimage\",\"url\":\"https:\\\/\\\/blafor.com\\\/markt\\\/wp-content\\\/uploads\\\/sites\\\/6\\\/2022\\\/08\\\/JH001.jpg\",\"contentUrl\":\"https:\\\/\\\/blafor.com\\\/markt\\\/wp-content\\\/uploads\\\/sites\\\/6\\\/2022\\\/08\\\/JH001.jpg\",\"width\":800,\"height\":800},{\"@type\":\"BreadcrumbList\",\"@id\":\"https:\\\/\\\/blafor.com\\\/markt\\\/produkt\\\/just-hoods-unisex-college-hoodie\\\/#breadcrumb\",\"itemListElement\":[{\"@type\":\"ListItem\",\"position\":1,\"name\":\"Startseite\",\"item\":\"https:\\\/\\\/blafor.com\\\/markt\\\/\"},{\"@type\":\"ListItem\",\"position\":2,\"name\":\"Katalog\",\"item\":\"https:\\\/\\\/blafor.com\\\/markt\\\/katalog\\\/\"},{\"@type\":\"ListItem\",\"position\":3,\"name\":\"Just Hoods Unisex College Hoodie\"}]},{\"@type\":\"WebSite\",\"@id\":\"https:\\\/\\\/blafor.com\\\/markt\\\/#website\",\"url\":\"https:\\\/\\\/blafor.com\\\/markt\\\/\",\"name\":\"BlaFor.com Markt\",\"description\":\"Der Online-Marktplatz aus dem Schwarzwald\",\"publisher\":{\"@id\":\"https:\\\/\\\/blafor.com\\\/markt\\\/#organization\"},\"alternateName\":\"BlaFor Markt\",\"potentialAction\":[{\"@type\":\"SearchAction\",\"target\":{\"@type\":\"EntryPoint\",\"urlTemplate\":\"https:\\\/\\\/blafor.com\\\/markt\\\/?s={search_term_string}\"},\"query-input\":{\"@type\":\"PropertyValueSpecification\",\"valueRequired\":true,\"valueName\":\"search_term_string\"}}],\"inLanguage\":\"de\"},{\"@type\":\"Organization\",\"@id\":\"https:\\\/\\\/blafor.com\\\/markt\\\/#organization\",\"name\":\"BlaFor.com\",\"alternateName\":\"ALIZEL\",\"url\":\"https:\\\/\\\/blafor.com\\\/markt\\\/\",\"logo\":{\"@type\":\"ImageObject\",\"inLanguage\":\"de\",\"@id\":\"https:\\\/\\\/blafor.com\\\/markt\\\/#\\\/schema\\\/logo\\\/image\\\/\",\"url\":\"https:\\\/\\\/blafor.com\\\/markt\\\/wp-content\\\/uploads\\\/sites\\\/6\\\/2022\\\/07\\\/bfc-shop64.png\",\"contentUrl\":\"https:\\\/\\\/blafor.com\\\/markt\\\/wp-content\\\/uploads\\\/sites\\\/6\\\/2022\\\/07\\\/bfc-shop64.png\",\"width\":400,\"height\":160,\"caption\":\"BlaFor.com\"},\"image\":{\"@id\":\"https:\\\/\\\/blafor.com\\\/markt\\\/#\\\/schema\\\/logo\\\/image\\\/\"},\"sameAs\":[\"https:\\\/\\\/www.facebook.com\\\/BlaForCom\\\/\",\"https:\\\/\\\/www.linkedin.com\\\/showcase\\\/blaforcom\\\/\"]}]}<\/script>\n<!-- \/ Yoast SEO plugin. -->","yoast_head_json":{"title":"Just Hoods Unisex College Hoodie : BlaFor.com Markt","robots":{"index":"index","follow":"follow","max-snippet":"max-snippet:-1","max-image-preview":"max-image-preview:large","max-video-preview":"max-video-preview:-1"},"canonical":"https:\/\/blafor.com\/markt\/produkt\/just-hoods-unisex-college-hoodie\/","og_locale":"de_DE","og_type":"article","og_title":"Just Hoods Unisex College Hoodie : BlaFor.com Markt","og_description":"Der Klassiker f\u00fcr Hoodie-Liebhaber  Verf\u00fcgbare Farben:\u00a0 74  Verf\u00fcgbare Gr\u00f6\u00dfen: XS bis 5XL  Deine Farbe oder Gr\u00f6\u00dfe hier gerade nicht bestellbar? Kontaktiere Verk\u00e4ufer.","og_url":"https:\/\/blafor.com\/markt\/produkt\/just-hoods-unisex-college-hoodie\/","og_site_name":"BlaFor.com Markt","article_publisher":"https:\/\/www.facebook.com\/BlaForCom\/","article_modified_time":"2022-12-27T08:59:57+00:00","og_image":[{"width":800,"height":800,"url":"https:\/\/blafor.com\/markt\/wp-content\/uploads\/sites\/6\/2022\/08\/JH001.jpg","type":"image\/jpeg"}],"twitter_card":"summary_large_image","twitter_misc":{"Gesch\u00e4tzte Lesezeit":"1\u00a0Minute"},"schema":{"@context":"https:\/\/schema.org","@graph":[{"@type":"WebPage","@id":"https:\/\/blafor.com\/markt\/produkt\/just-hoods-unisex-college-hoodie\/","url":"https:\/\/blafor.com\/markt\/produkt\/just-hoods-unisex-college-hoodie\/","name":"Just Hoods Unisex College Hoodie : BlaFor.com Markt","isPartOf":{"@id":"https:\/\/blafor.com\/markt\/#website"},"primaryImageOfPage":{"@id":"https:\/\/blafor.com\/markt\/produkt\/just-hoods-unisex-college-hoodie\/#primaryimage"},"image":{"@id":"https:\/\/blafor.com\/markt\/produkt\/just-hoods-unisex-college-hoodie\/#primaryimage"},"thumbnailUrl":"https:\/\/blafor.com\/markt\/wp-content\/uploads\/sites\/6\/2022\/08\/JH001.jpg","datePublished":"2020-01-06T08:35:47+00:00","dateModified":"2022-12-27T08:59:57+00:00","breadcrumb":{"@id":"https:\/\/blafor.com\/markt\/produkt\/just-hoods-unisex-college-hoodie\/#breadcrumb"},"inLanguage":"de","potentialAction":[{"@type":"ReadAction","target":["https:\/\/blafor.com\/markt\/produkt\/just-hoods-unisex-college-hoodie\/"]}]},{"@type":"ImageObject","inLanguage":"de","@id":"https:\/\/blafor.com\/markt\/produkt\/just-hoods-unisex-college-hoodie\/#primaryimage","url":"https:\/\/blafor.com\/markt\/wp-content\/uploads\/sites\/6\/2022\/08\/JH001.jpg","contentUrl":"https:\/\/blafor.com\/markt\/wp-content\/uploads\/sites\/6\/2022\/08\/JH001.jpg","width":800,"height":800},{"@type":"BreadcrumbList","@id":"https:\/\/blafor.com\/markt\/produkt\/just-hoods-unisex-college-hoodie\/#breadcrumb","itemListElement":[{"@type":"ListItem","position":1,"name":"Startseite","item":"https:\/\/blafor.com\/markt\/"},{"@type":"ListItem","position":2,"name":"Katalog","item":"https:\/\/blafor.com\/markt\/katalog\/"},{"@type":"ListItem","position":3,"name":"Just Hoods Unisex College Hoodie"}]},{"@type":"WebSite","@id":"https:\/\/blafor.com\/markt\/#website","url":"https:\/\/blafor.com\/markt\/","name":"BlaFor.com Markt","description":"Der Online-Marktplatz aus dem Schwarzwald","publisher":{"@id":"https:\/\/blafor.com\/markt\/#organization"},"alternateName":"BlaFor Markt","potentialAction":[{"@type":"SearchAction","target":{"@type":"EntryPoint","urlTemplate":"https:\/\/blafor.com\/markt\/?s={search_term_string}"},"query-input":{"@type":"PropertyValueSpecification","valueRequired":true,"valueName":"search_term_string"}}],"inLanguage":"de"},{"@type":"Organization","@id":"https:\/\/blafor.com\/markt\/#organization","name":"BlaFor.com","alternateName":"ALIZEL","url":"https:\/\/blafor.com\/markt\/","logo":{"@type":"ImageObject","inLanguage":"de","@id":"https:\/\/blafor.com\/markt\/#\/schema\/logo\/image\/","url":"https:\/\/blafor.com\/markt\/wp-content\/uploads\/sites\/6\/2022\/07\/bfc-shop64.png","contentUrl":"https:\/\/blafor.com\/markt\/wp-content\/uploads\/sites\/6\/2022\/07\/bfc-shop64.png","width":400,"height":160,"caption":"BlaFor.com"},"image":{"@id":"https:\/\/blafor.com\/markt\/#\/schema\/logo\/image\/"},"sameAs":["https:\/\/www.facebook.com\/BlaForCom\/","https:\/\/www.linkedin.com\/showcase\/blaforcom\/"]}]}},"taxonomy_info":{"product_cat":[{"value":403,"label":"Hoodies Damen"},{"value":404,"label":"Hoodies Herren"}],"product_tag":[{"value":458,"label":"Colors"},{"value":457,"label":"Herbst"},{"value":234,"label":"Partnerlook"},{"value":400,"label":"Textildruck"},{"value":270,"label":"Unisex"},{"value":95,"label":"Vegan"},{"value":401,"label":"Veredelung"},{"value":208,"label":"Winter"}],"pa_farbe":[{"value":465,"label":"Jet Black"}],"pa_int-groesse":[{"value":241,"label":"3XL"},{"value":242,"label":"4XL"},{"value":243,"label":"5XL"},{"value":238,"label":"L"},{"value":237,"label":"M"},{"value":236,"label":"S"},{"value":239,"label":"XL"},{"value":235,"label":"XS"},{"value":240,"label":"XXL"}],"pa_marke":[{"value":135,"label":"AWDis"}],"pa_material":[{"value":254,"label":"52% Baumwolle \/ 48% Polyester"},{"value":261,"label":"70% Baumwolle \/ 30% Polyester"},{"value":263,"label":"75% Baumwolle \/ 25% Polyester"},{"value":264,"label":"80% Baumwolle \/ 20% Polyester"}],"pa_standort":[{"value":106,"label":"79843"}]},"featured_image_src_large":["https:\/\/blafor.com\/markt\/wp-content\/uploads\/sites\/6\/2022\/08\/JH001.jpg",800,800,false],"author_info":[],"comment_info":"","_links":{"self":[{"href":"https:\/\/blafor.com\/markt\/wp-json\/wp\/v2\/product\/2607","targetHints":{"allow":["GET"]}}],"collection":[{"href":"https:\/\/blafor.com\/markt\/wp-json\/wp\/v2\/product"}],"about":[{"href":"https:\/\/blafor.com\/markt\/wp-json\/wp\/v2\/types\/product"}],"wp:featuredmedia":[{"embeddable":true,"href":"https:\/\/blafor.com\/markt\/wp-json\/wp\/v2\/media\/2608"}],"wp:attachment":[{"href":"https:\/\/blafor.com\/markt\/wp-json\/wp\/v2\/media?parent=2607"}],"wp:term":[{"taxonomy":"product_brand","embeddable":true,"href":"https:\/\/blafor.com\/markt\/wp-json\/wp\/v2\/product_brand?post=2607"},{"taxonomy":"product_cat","embeddable":true,"href":"https:\/\/blafor.com\/markt\/wp-json\/wp\/v2\/product_cat?post=2607"},{"taxonomy":"product_tag","embeddable":true,"href":"https:\/\/blafor.com\/markt\/wp-json\/wp\/v2\/product_tag?post=2607"},{"taxonomy":"product_brands","embeddable":true,"href":"https:\/\/blafor.com\/markt\/wp-json\/wp\/v2\/product_brands?post=2607"}],"curies":[{"name":"wp","href":"https:\/\/api.w.org\/{rel}","templated":true}]}}