{"id":2594,"date":"2022-03-06T09:01:03","date_gmt":"2022-03-06T08:01:03","guid":{"rendered":"https:\/\/blafor.com\/markt\/?post_type=product&#038;p=2594"},"modified":"2022-08-06T09:32:29","modified_gmt":"2022-08-06T07:32:29","slug":"just-hoods-unisex-electric-hoodie","status":"publish","type":"product","link":"https:\/\/blafor.com\/markt\/produkt\/just-hoods-unisex-electric-hoodie\/","title":{"rendered":"Just Hoods Unisex Electric Hoodie"},"content":{"rendered":"<h2>Just Hoods Unisex Electric Hoodie<\/h2>\n<p>Unisex Electric Hoodie von Just Hoods by AWDis bedeutet, dass du dich immer von der Masse abhebst. Es ist in 4 leuchtend auff\u00e4lligen Farben erh\u00e4ltlich und mit Doppelnadelstich-Details versehen.<\/p>\n<p>Merkmale: Flache Zugkordeln, K\u00e4ngurutasche, geb\u00fcrstetes Innenvlies, Doppelnaht-Details, gerippte B\u00fcndchen und Saum sowie leuchtende, auff\u00e4llige Farben.<\/p>\n<ul>\n<li>Grammatur: 280 g\/m\u00b2<\/li>\n<li>Material: 85% Polyester \/ 15% Ringgesponnene Baumwolle<\/li>\n<li>Passform: Regular (normal geschnitten)<\/li>\n<li>Verarbeitung: Doppelnahtverarbeitung, Innen angeraut, Seitenn\u00e4hte<\/li>\n<li>Verf\u00fcgbare Gr\u00f6\u00dfen: S bis 2XL<\/li>\n<li>Verf\u00fcgbare Farben*: 4 Electric Farben (Neon-farbig)<\/li>\n<li>Zertifizierung: Vegan, WRAP, Faire Arbeitsbedingungen<\/li>\n<li>Pflegehinweis: bei 30 \u00b0C waschbar, Trockner geeignet, B\u00fcgeln erlaubt<\/li>\n<\/ul>\n<p>*Bitte beachte, die dargestellten Farben in der Veranschaulichung am Bildschirm k\u00f6nnen von den Originalfarben abweichen.<\/p>\n<p>Artikel-Nr.: JH004<br \/>\nStyle: JH004, Just Hoods, Kapuzenpullover, Kapuzenpulli, Sweatshirt mit Kapuze, Hoody, hooded sweatshirt<\/p>\n","protected":false},"excerpt":{"rendered":"<ul>\n<li>Unisex Hoodie in Neon-Farben<\/li>\n<li>Gr\u00f6\u00dfenangaben nach Auswahl<\/li>\n<li>Deine Farbe oder Gr\u00f6\u00dfe hier gerade nicht bestellbar? <br \/>Kontaktiere Verk\u00e4ufer.<\/li>\n<\/ul>\n","protected":false},"featured_media":2595,"template":"","meta":{"_kad_blocks_custom_css":"","_kad_blocks_head_custom_js":"","_kad_blocks_body_custom_js":"","_kad_blocks_footer_custom_js":"","_kadence_starter_templates_imported_post":false,"_kad_post_transparent":"default","_kad_post_title":"","_kad_post_layout":"default","_kad_post_sidebar_id":"","_kad_post_content_style":"default","_kad_post_vertical_padding":"default","_kad_post_feature":"","_kad_post_feature_position":"","_kad_post_header":false,"_kad_post_footer":false,"_kad_post_classname":""},"product_brand":[],"product_cat":[403,404],"product_tag":[457,464,234,400,270,95,401,208],"product_brands":[],"class_list":{"0":"post-2594","1":"product","2":"type-product","3":"status-publish","4":"has-post-thumbnail","6":"product_cat-hoodies-damen","7":"product_cat-hoodies-herren","8":"product_tag-herbst","9":"product_tag-neon","10":"product_tag-partnerlook","11":"product_tag-textildruck","12":"product_tag-unisex","13":"product_tag-vegan","14":"product_tag-veredelung","15":"product_tag-winter","16":"pa_farbe-electric-green","17":"pa_farbe-electric-orange","18":"pa_farbe-electric-pink","19":"pa_farbe-electric-yellow","20":"pa_int-groesse-l","21":"pa_int-groesse-m","22":"pa_int-groesse-s","23":"pa_int-groesse-xl","24":"pa_int-groesse-xxl","25":"pa_marke-awdis","26":"pa_material-85-polyester-15-baumwolle","27":"pa_standort-106","29":"first","30":"instock","31":"taxable","32":"shipping-taxable","33":"purchasable","34":"product-type-variable","35":"entry","36":"content-bg","37":"loop-entry"},"yoast_head":"<!-- This site is optimized with the Yoast SEO plugin v27.5 - https:\/\/yoast.com\/product\/yoast-seo-wordpress\/ -->\n<title>Just Hoods Unisex Electric Hoodie : BlaFor.com Markt<\/title>\n<meta name=\"robots\" content=\"index, follow, max-snippet:-1, max-image-preview:large, max-video-preview:-1\" \/>\n<link rel=\"canonical\" href=\"https:\/\/blafor.com\/markt\/produkt\/just-hoods-unisex-electric-hoodie\/\" \/>\n<meta property=\"og:locale\" content=\"de_DE\" \/>\n<meta property=\"og:type\" content=\"article\" \/>\n<meta property=\"og:title\" content=\"Just Hoods Unisex Electric Hoodie : BlaFor.com Markt\" \/>\n<meta property=\"og:description\" content=\"Unisex Hoodie in Neon-Farben  Gr\u00f6\u00dfenangaben nach Auswahl  Deine Farbe oder Gr\u00f6\u00dfe hier gerade nicht bestellbar? Kontaktiere Verk\u00e4ufer.\" \/>\n<meta property=\"og:url\" content=\"https:\/\/blafor.com\/markt\/produkt\/just-hoods-unisex-electric-hoodie\/\" \/>\n<meta property=\"og:site_name\" content=\"BlaFor.com Markt\" \/>\n<meta property=\"article:publisher\" content=\"https:\/\/www.facebook.com\/BlaForCom\/\" \/>\n<meta property=\"article:modified_time\" content=\"2022-08-06T07:32:29+00:00\" \/>\n<meta property=\"og:image\" content=\"https:\/\/blafor.com\/markt\/wp-content\/uploads\/sites\/6\/2022\/08\/JH004a.jpg\" \/>\n\t<meta property=\"og:image:width\" content=\"800\" \/>\n\t<meta property=\"og:image:height\" content=\"800\" \/>\n\t<meta property=\"og:image:type\" content=\"image\/jpeg\" \/>\n<meta name=\"twitter:card\" content=\"summary_large_image\" \/>\n<meta name=\"twitter:label1\" content=\"Gesch\u00e4tzte Lesezeit\" \/>\n\t<meta name=\"twitter:data1\" content=\"1\u00a0Minute\" \/>\n<script type=\"application\/ld+json\" class=\"yoast-schema-graph\">{\"@context\":\"https:\\\/\\\/schema.org\",\"@graph\":[{\"@type\":\"WebPage\",\"@id\":\"https:\\\/\\\/blafor.com\\\/markt\\\/produkt\\\/just-hoods-unisex-electric-hoodie\\\/\",\"url\":\"https:\\\/\\\/blafor.com\\\/markt\\\/produkt\\\/just-hoods-unisex-electric-hoodie\\\/\",\"name\":\"Just Hoods Unisex Electric Hoodie : BlaFor.com Markt\",\"isPartOf\":{\"@id\":\"https:\\\/\\\/blafor.com\\\/markt\\\/#website\"},\"primaryImageOfPage\":{\"@id\":\"https:\\\/\\\/blafor.com\\\/markt\\\/produkt\\\/just-hoods-unisex-electric-hoodie\\\/#primaryimage\"},\"image\":{\"@id\":\"https:\\\/\\\/blafor.com\\\/markt\\\/produkt\\\/just-hoods-unisex-electric-hoodie\\\/#primaryimage\"},\"thumbnailUrl\":\"https:\\\/\\\/blafor.com\\\/markt\\\/wp-content\\\/uploads\\\/sites\\\/6\\\/2022\\\/08\\\/JH004a.jpg\",\"datePublished\":\"2022-03-06T08:01:03+00:00\",\"dateModified\":\"2022-08-06T07:32:29+00:00\",\"breadcrumb\":{\"@id\":\"https:\\\/\\\/blafor.com\\\/markt\\\/produkt\\\/just-hoods-unisex-electric-hoodie\\\/#breadcrumb\"},\"inLanguage\":\"de\",\"potentialAction\":[{\"@type\":\"ReadAction\",\"target\":[\"https:\\\/\\\/blafor.com\\\/markt\\\/produkt\\\/just-hoods-unisex-electric-hoodie\\\/\"]}]},{\"@type\":\"ImageObject\",\"inLanguage\":\"de\",\"@id\":\"https:\\\/\\\/blafor.com\\\/markt\\\/produkt\\\/just-hoods-unisex-electric-hoodie\\\/#primaryimage\",\"url\":\"https:\\\/\\\/blafor.com\\\/markt\\\/wp-content\\\/uploads\\\/sites\\\/6\\\/2022\\\/08\\\/JH004a.jpg\",\"contentUrl\":\"https:\\\/\\\/blafor.com\\\/markt\\\/wp-content\\\/uploads\\\/sites\\\/6\\\/2022\\\/08\\\/JH004a.jpg\",\"width\":800,\"height\":800},{\"@type\":\"BreadcrumbList\",\"@id\":\"https:\\\/\\\/blafor.com\\\/markt\\\/produkt\\\/just-hoods-unisex-electric-hoodie\\\/#breadcrumb\",\"itemListElement\":[{\"@type\":\"ListItem\",\"position\":1,\"name\":\"Startseite\",\"item\":\"https:\\\/\\\/blafor.com\\\/markt\\\/\"},{\"@type\":\"ListItem\",\"position\":2,\"name\":\"Katalog\",\"item\":\"https:\\\/\\\/blafor.com\\\/markt\\\/katalog\\\/\"},{\"@type\":\"ListItem\",\"position\":3,\"name\":\"Just Hoods Unisex Electric Hoodie\"}]},{\"@type\":\"WebSite\",\"@id\":\"https:\\\/\\\/blafor.com\\\/markt\\\/#website\",\"url\":\"https:\\\/\\\/blafor.com\\\/markt\\\/\",\"name\":\"BlaFor.com Markt\",\"description\":\"Der Online-Marktplatz aus dem Schwarzwald\",\"publisher\":{\"@id\":\"https:\\\/\\\/blafor.com\\\/markt\\\/#organization\"},\"alternateName\":\"BlaFor Markt\",\"potentialAction\":[{\"@type\":\"SearchAction\",\"target\":{\"@type\":\"EntryPoint\",\"urlTemplate\":\"https:\\\/\\\/blafor.com\\\/markt\\\/?s={search_term_string}\"},\"query-input\":{\"@type\":\"PropertyValueSpecification\",\"valueRequired\":true,\"valueName\":\"search_term_string\"}}],\"inLanguage\":\"de\"},{\"@type\":\"Organization\",\"@id\":\"https:\\\/\\\/blafor.com\\\/markt\\\/#organization\",\"name\":\"BlaFor.com\",\"alternateName\":\"ALIZEL\",\"url\":\"https:\\\/\\\/blafor.com\\\/markt\\\/\",\"logo\":{\"@type\":\"ImageObject\",\"inLanguage\":\"de\",\"@id\":\"https:\\\/\\\/blafor.com\\\/markt\\\/#\\\/schema\\\/logo\\\/image\\\/\",\"url\":\"https:\\\/\\\/blafor.com\\\/markt\\\/wp-content\\\/uploads\\\/sites\\\/6\\\/2022\\\/07\\\/bfc-shop64.png\",\"contentUrl\":\"https:\\\/\\\/blafor.com\\\/markt\\\/wp-content\\\/uploads\\\/sites\\\/6\\\/2022\\\/07\\\/bfc-shop64.png\",\"width\":400,\"height\":160,\"caption\":\"BlaFor.com\"},\"image\":{\"@id\":\"https:\\\/\\\/blafor.com\\\/markt\\\/#\\\/schema\\\/logo\\\/image\\\/\"},\"sameAs\":[\"https:\\\/\\\/www.facebook.com\\\/BlaForCom\\\/\",\"https:\\\/\\\/www.linkedin.com\\\/showcase\\\/blaforcom\\\/\"]}]}<\/script>\n<!-- \/ Yoast SEO plugin. -->","yoast_head_json":{"title":"Just Hoods Unisex Electric Hoodie : BlaFor.com Markt","robots":{"index":"index","follow":"follow","max-snippet":"max-snippet:-1","max-image-preview":"max-image-preview:large","max-video-preview":"max-video-preview:-1"},"canonical":"https:\/\/blafor.com\/markt\/produkt\/just-hoods-unisex-electric-hoodie\/","og_locale":"de_DE","og_type":"article","og_title":"Just Hoods Unisex Electric Hoodie : BlaFor.com Markt","og_description":"Unisex Hoodie in Neon-Farben  Gr\u00f6\u00dfenangaben nach Auswahl  Deine Farbe oder Gr\u00f6\u00dfe hier gerade nicht bestellbar? Kontaktiere Verk\u00e4ufer.","og_url":"https:\/\/blafor.com\/markt\/produkt\/just-hoods-unisex-electric-hoodie\/","og_site_name":"BlaFor.com Markt","article_publisher":"https:\/\/www.facebook.com\/BlaForCom\/","article_modified_time":"2022-08-06T07:32:29+00:00","og_image":[{"width":800,"height":800,"url":"https:\/\/blafor.com\/markt\/wp-content\/uploads\/sites\/6\/2022\/08\/JH004a.jpg","type":"image\/jpeg"}],"twitter_card":"summary_large_image","twitter_misc":{"Gesch\u00e4tzte Lesezeit":"1\u00a0Minute"},"schema":{"@context":"https:\/\/schema.org","@graph":[{"@type":"WebPage","@id":"https:\/\/blafor.com\/markt\/produkt\/just-hoods-unisex-electric-hoodie\/","url":"https:\/\/blafor.com\/markt\/produkt\/just-hoods-unisex-electric-hoodie\/","name":"Just Hoods Unisex Electric Hoodie : BlaFor.com Markt","isPartOf":{"@id":"https:\/\/blafor.com\/markt\/#website"},"primaryImageOfPage":{"@id":"https:\/\/blafor.com\/markt\/produkt\/just-hoods-unisex-electric-hoodie\/#primaryimage"},"image":{"@id":"https:\/\/blafor.com\/markt\/produkt\/just-hoods-unisex-electric-hoodie\/#primaryimage"},"thumbnailUrl":"https:\/\/blafor.com\/markt\/wp-content\/uploads\/sites\/6\/2022\/08\/JH004a.jpg","datePublished":"2022-03-06T08:01:03+00:00","dateModified":"2022-08-06T07:32:29+00:00","breadcrumb":{"@id":"https:\/\/blafor.com\/markt\/produkt\/just-hoods-unisex-electric-hoodie\/#breadcrumb"},"inLanguage":"de","potentialAction":[{"@type":"ReadAction","target":["https:\/\/blafor.com\/markt\/produkt\/just-hoods-unisex-electric-hoodie\/"]}]},{"@type":"ImageObject","inLanguage":"de","@id":"https:\/\/blafor.com\/markt\/produkt\/just-hoods-unisex-electric-hoodie\/#primaryimage","url":"https:\/\/blafor.com\/markt\/wp-content\/uploads\/sites\/6\/2022\/08\/JH004a.jpg","contentUrl":"https:\/\/blafor.com\/markt\/wp-content\/uploads\/sites\/6\/2022\/08\/JH004a.jpg","width":800,"height":800},{"@type":"BreadcrumbList","@id":"https:\/\/blafor.com\/markt\/produkt\/just-hoods-unisex-electric-hoodie\/#breadcrumb","itemListElement":[{"@type":"ListItem","position":1,"name":"Startseite","item":"https:\/\/blafor.com\/markt\/"},{"@type":"ListItem","position":2,"name":"Katalog","item":"https:\/\/blafor.com\/markt\/katalog\/"},{"@type":"ListItem","position":3,"name":"Just Hoods Unisex Electric Hoodie"}]},{"@type":"WebSite","@id":"https:\/\/blafor.com\/markt\/#website","url":"https:\/\/blafor.com\/markt\/","name":"BlaFor.com Markt","description":"Der Online-Marktplatz aus dem Schwarzwald","publisher":{"@id":"https:\/\/blafor.com\/markt\/#organization"},"alternateName":"BlaFor Markt","potentialAction":[{"@type":"SearchAction","target":{"@type":"EntryPoint","urlTemplate":"https:\/\/blafor.com\/markt\/?s={search_term_string}"},"query-input":{"@type":"PropertyValueSpecification","valueRequired":true,"valueName":"search_term_string"}}],"inLanguage":"de"},{"@type":"Organization","@id":"https:\/\/blafor.com\/markt\/#organization","name":"BlaFor.com","alternateName":"ALIZEL","url":"https:\/\/blafor.com\/markt\/","logo":{"@type":"ImageObject","inLanguage":"de","@id":"https:\/\/blafor.com\/markt\/#\/schema\/logo\/image\/","url":"https:\/\/blafor.com\/markt\/wp-content\/uploads\/sites\/6\/2022\/07\/bfc-shop64.png","contentUrl":"https:\/\/blafor.com\/markt\/wp-content\/uploads\/sites\/6\/2022\/07\/bfc-shop64.png","width":400,"height":160,"caption":"BlaFor.com"},"image":{"@id":"https:\/\/blafor.com\/markt\/#\/schema\/logo\/image\/"},"sameAs":["https:\/\/www.facebook.com\/BlaForCom\/","https:\/\/www.linkedin.com\/showcase\/blaforcom\/"]}]}},"taxonomy_info":{"product_cat":[{"value":403,"label":"Hoodies Damen"},{"value":404,"label":"Hoodies Herren"}],"product_tag":[{"value":457,"label":"Herbst"},{"value":464,"label":"Neon"},{"value":234,"label":"Partnerlook"},{"value":400,"label":"Textildruck"},{"value":270,"label":"Unisex"},{"value":95,"label":"Vegan"},{"value":401,"label":"Veredelung"},{"value":208,"label":"Winter"}],"pa_farbe":[{"value":459,"label":"Electric Green"},{"value":461,"label":"Electric Orange"},{"value":462,"label":"Electric Pink"},{"value":460,"label":"Electric Yellow"}],"pa_int-groesse":[{"value":238,"label":"L"},{"value":237,"label":"M"},{"value":236,"label":"S"},{"value":239,"label":"XL"},{"value":240,"label":"XXL"}],"pa_marke":[{"value":135,"label":"AWDis"}],"pa_material":[{"value":463,"label":"85% Polyester \/ 15% Baumwolle"}],"pa_standort":[{"value":106,"label":"79843"}]},"featured_image_src_large":["https:\/\/blafor.com\/markt\/wp-content\/uploads\/sites\/6\/2022\/08\/JH004a.jpg",800,800,false],"author_info":[],"comment_info":"","_links":{"self":[{"href":"https:\/\/blafor.com\/markt\/wp-json\/wp\/v2\/product\/2594","targetHints":{"allow":["GET"]}}],"collection":[{"href":"https:\/\/blafor.com\/markt\/wp-json\/wp\/v2\/product"}],"about":[{"href":"https:\/\/blafor.com\/markt\/wp-json\/wp\/v2\/types\/product"}],"wp:featuredmedia":[{"embeddable":true,"href":"https:\/\/blafor.com\/markt\/wp-json\/wp\/v2\/media\/2595"}],"wp:attachment":[{"href":"https:\/\/blafor.com\/markt\/wp-json\/wp\/v2\/media?parent=2594"}],"wp:term":[{"taxonomy":"product_brand","embeddable":true,"href":"https:\/\/blafor.com\/markt\/wp-json\/wp\/v2\/product_brand?post=2594"},{"taxonomy":"product_cat","embeddable":true,"href":"https:\/\/blafor.com\/markt\/wp-json\/wp\/v2\/product_cat?post=2594"},{"taxonomy":"product_tag","embeddable":true,"href":"https:\/\/blafor.com\/markt\/wp-json\/wp\/v2\/product_tag?post=2594"},{"taxonomy":"product_brands","embeddable":true,"href":"https:\/\/blafor.com\/markt\/wp-json\/wp\/v2\/product_brands?post=2594"}],"curies":[{"name":"wp","href":"https:\/\/api.w.org\/{rel}","templated":true}]}}