{"id":2538,"date":"2021-10-13T07:05:00","date_gmt":"2021-10-13T05:05:00","guid":{"rendered":"https:\/\/blafor.com\/markt\/?post_type=product&#038;p=2538"},"modified":"2022-08-06T08:27:23","modified_gmt":"2022-08-06T06:27:23","slug":"neutral-unisex-sweatshirt-classic","status":"publish","type":"product","link":"https:\/\/blafor.com\/markt\/produkt\/neutral-unisex-sweatshirt-classic\/","title":{"rendered":"Neutral\u00ae Unisex Sweatshirt Classic"},"content":{"rendered":"<h2>Neutral\u00ae Unisex Sweatshirt Classic<\/h2>\n<p>Unisex Sweatshirt Classic von Neutral\u00ae. Dieses schwere Sweatshirt ist sowohl f\u00fcr M\u00e4nner als auch f\u00fcr Frauen optimal geeignet und hat eine klassische lockere Passform mit Rundhalsausschnitt und Raglan\u00e4rmeln. Mit doppellagigem Rippb\u00fcndchen an Hals, B\u00fcndchen und Bund sowie eine weich angeraute Innenseite. Aus ring-gesponnener, gek\u00e4mmter 300 g\/m\u00b2 Bio-Baumwolle.<\/p>\n<ul>\n<li>Grammatur: innen geb\u00fcrstet, 300 g\/m\u00b2<\/li>\n<li>Material: 100% Bio-Fairtrade-Baumwolle<\/li>\n<li>Verf\u00fcgbare Gr\u00f6\u00dfen: XS, S, M, L, XL, XXL, 3XL und teilweise in 4XL und 5XL<\/li>\n<li>Verf\u00fcgbare Farben*: 25, siehe auch zus\u00e4tzliche Infos<\/li>\n<li>Pflegehinweise: Waschbar bei 40\u00b0C Schonwaschgang, Trockner max. 60\u00b0C, B\u00fcgeln max. 110\u00b0C<\/li>\n<li>Zertifikation: Oeko-Tex 100, EU Ecolabel, erneuerbare Energie, GOTS und Fairtrade<\/li>\n<\/ul>\n<p>*Die dargestellten Farben in der Veranschaulichung am Bildschirm k\u00f6nnen von den Originalfarben abweichen.<br \/>\nArtikel-Nr.: NE63001<br \/>\nStyle: O63001, Neutral\u00ae, Sweater, Pullover, Pulli<\/p>\n","protected":false},"excerpt":{"rendered":"<ul>\n<li>Sweatshirt aus Bio-Fairtrade-Baumwolle<\/li>\n<li>Verf\u00fcgbare Gr\u00f6\u00dfen: XS bis 5XL<\/li>\n<li>Verf\u00fcgbare Farben: 25<\/li>\n<li>Deine Gr\u00f6\u00dfe oder Farbe gerade nicht dabei?<br \/>Kontaktiere Verk\u00e4ufer!<\/li>\n<\/ul>\n","protected":false},"featured_media":2539,"template":"","meta":{"_kad_blocks_custom_css":"","_kad_blocks_head_custom_js":"","_kad_blocks_body_custom_js":"","_kad_blocks_footer_custom_js":"","_kadence_starter_templates_imported_post":false,"_kad_post_transparent":"default","_kad_post_title":"","_kad_post_layout":"default","_kad_post_sidebar_id":"","_kad_post_content_style":"default","_kad_post_vertical_padding":"default","_kad_post_feature":"","_kad_post_feature_position":"","_kad_post_header":false,"_kad_post_footer":false,"_kad_post_classname":""},"product_brand":[],"product_cat":[440,441],"product_tag":[458,370,457,369,234,400,270,401,208],"product_brands":[],"class_list":{"0":"post-2538","1":"product","2":"type-product","3":"status-publish","4":"has-post-thumbnail","6":"product_cat-sweater-damen","7":"product_cat-sweater-herren","8":"product_tag-colors","9":"product_tag-fairtrade","10":"product_tag-herbst","11":"product_tag-nachhaltig","12":"product_tag-partnerlook","13":"product_tag-textildruck","14":"product_tag-unisex","15":"product_tag-veredelung","16":"product_tag-winter","17":"pa_farbe-ash-grey","18":"pa_farbe-black","19":"pa_farbe-bordeaux","20":"pa_farbe-bottle-green","21":"pa_farbe-charcoal","22":"pa_farbe-dark-heather","23":"pa_farbe-dusty-indigo","24":"pa_farbe-dusty-mint","25":"pa_farbe-dusty-yellow","26":"pa_farbe-green","27":"pa_farbe-light-blue","28":"pa_farbe-light-pink","29":"pa_farbe-lime","30":"pa_farbe-military-green","31":"pa_farbe-navy-blue","32":"pa_farbe-orange","33":"pa_farbe-pink","34":"pa_farbe-red","35":"pa_farbe-royal-blue","36":"pa_farbe-sand","37":"pa_farbe-sapphire","38":"pa_farbe-sports-grey","39":"pa_farbe-teal","40":"pa_farbe-white","41":"pa_farbe-yellow","42":"pa_int-groesse-3xl","43":"pa_int-groesse-4xl","44":"pa_int-groesse-5xl","45":"pa_int-groesse-l","46":"pa_int-groesse-m","47":"pa_int-groesse-s","48":"pa_int-groesse-xl","49":"pa_int-groesse-xs","50":"pa_int-groesse-xxl","51":"pa_marke-neutral","52":"pa_material-100-bio-baumwolle","53":"pa_standort-106","55":"first","56":"instock","57":"taxable","58":"shipping-taxable","59":"purchasable","60":"product-type-variable","61":"entry","62":"content-bg","63":"loop-entry"},"yoast_head":"<!-- This site is optimized with the Yoast SEO plugin v27.5 - https:\/\/yoast.com\/product\/yoast-seo-wordpress\/ -->\n<title>Neutral\u00ae Unisex Sweatshirt Classic : BlaFor.com Markt<\/title>\n<meta name=\"robots\" content=\"index, follow, max-snippet:-1, max-image-preview:large, max-video-preview:-1\" \/>\n<link rel=\"canonical\" href=\"https:\/\/blafor.com\/markt\/produkt\/neutral-unisex-sweatshirt-classic\/\" \/>\n<meta property=\"og:locale\" content=\"de_DE\" \/>\n<meta property=\"og:type\" content=\"article\" \/>\n<meta property=\"og:title\" content=\"Neutral\u00ae Unisex Sweatshirt Classic : BlaFor.com Markt\" \/>\n<meta property=\"og:description\" content=\"Sweatshirt aus Bio-Fairtrade-Baumwolle  Verf\u00fcgbare Gr\u00f6\u00dfen: XS bis 5XL  Verf\u00fcgbare Farben: 25  Deine Gr\u00f6\u00dfe oder Farbe gerade nicht dabei?Kontaktiere Verk\u00e4ufer!\" \/>\n<meta property=\"og:url\" content=\"https:\/\/blafor.com\/markt\/produkt\/neutral-unisex-sweatshirt-classic\/\" \/>\n<meta property=\"og:site_name\" content=\"BlaFor.com Markt\" \/>\n<meta property=\"article:publisher\" content=\"https:\/\/www.facebook.com\/BlaForCom\/\" \/>\n<meta property=\"article:modified_time\" content=\"2022-08-06T06:27:23+00:00\" \/>\n<meta property=\"og:image\" content=\"https:\/\/blafor.com\/markt\/wp-content\/uploads\/sites\/6\/2022\/08\/NE63001a.jpg\" \/>\n\t<meta property=\"og:image:width\" content=\"800\" \/>\n\t<meta property=\"og:image:height\" content=\"800\" \/>\n\t<meta property=\"og:image:type\" content=\"image\/jpeg\" \/>\n<meta name=\"twitter:card\" content=\"summary_large_image\" \/>\n<meta name=\"twitter:label1\" content=\"Gesch\u00e4tzte Lesezeit\" \/>\n\t<meta name=\"twitter:data1\" content=\"1\u00a0Minute\" \/>\n<script type=\"application\/ld+json\" class=\"yoast-schema-graph\">{\"@context\":\"https:\\\/\\\/schema.org\",\"@graph\":[{\"@type\":\"WebPage\",\"@id\":\"https:\\\/\\\/blafor.com\\\/markt\\\/produkt\\\/neutral-unisex-sweatshirt-classic\\\/\",\"url\":\"https:\\\/\\\/blafor.com\\\/markt\\\/produkt\\\/neutral-unisex-sweatshirt-classic\\\/\",\"name\":\"Neutral\u00ae Unisex Sweatshirt Classic : BlaFor.com Markt\",\"isPartOf\":{\"@id\":\"https:\\\/\\\/blafor.com\\\/markt\\\/#website\"},\"primaryImageOfPage\":{\"@id\":\"https:\\\/\\\/blafor.com\\\/markt\\\/produkt\\\/neutral-unisex-sweatshirt-classic\\\/#primaryimage\"},\"image\":{\"@id\":\"https:\\\/\\\/blafor.com\\\/markt\\\/produkt\\\/neutral-unisex-sweatshirt-classic\\\/#primaryimage\"},\"thumbnailUrl\":\"https:\\\/\\\/blafor.com\\\/markt\\\/wp-content\\\/uploads\\\/sites\\\/6\\\/2022\\\/08\\\/NE63001a.jpg\",\"datePublished\":\"2021-10-13T05:05:00+00:00\",\"dateModified\":\"2022-08-06T06:27:23+00:00\",\"breadcrumb\":{\"@id\":\"https:\\\/\\\/blafor.com\\\/markt\\\/produkt\\\/neutral-unisex-sweatshirt-classic\\\/#breadcrumb\"},\"inLanguage\":\"de\",\"potentialAction\":[{\"@type\":\"ReadAction\",\"target\":[\"https:\\\/\\\/blafor.com\\\/markt\\\/produkt\\\/neutral-unisex-sweatshirt-classic\\\/\"]}]},{\"@type\":\"ImageObject\",\"inLanguage\":\"de\",\"@id\":\"https:\\\/\\\/blafor.com\\\/markt\\\/produkt\\\/neutral-unisex-sweatshirt-classic\\\/#primaryimage\",\"url\":\"https:\\\/\\\/blafor.com\\\/markt\\\/wp-content\\\/uploads\\\/sites\\\/6\\\/2022\\\/08\\\/NE63001a.jpg\",\"contentUrl\":\"https:\\\/\\\/blafor.com\\\/markt\\\/wp-content\\\/uploads\\\/sites\\\/6\\\/2022\\\/08\\\/NE63001a.jpg\",\"width\":800,\"height\":800},{\"@type\":\"BreadcrumbList\",\"@id\":\"https:\\\/\\\/blafor.com\\\/markt\\\/produkt\\\/neutral-unisex-sweatshirt-classic\\\/#breadcrumb\",\"itemListElement\":[{\"@type\":\"ListItem\",\"position\":1,\"name\":\"Startseite\",\"item\":\"https:\\\/\\\/blafor.com\\\/markt\\\/\"},{\"@type\":\"ListItem\",\"position\":2,\"name\":\"Katalog\",\"item\":\"https:\\\/\\\/blafor.com\\\/markt\\\/katalog\\\/\"},{\"@type\":\"ListItem\",\"position\":3,\"name\":\"Neutral\u00ae Unisex Sweatshirt Classic\"}]},{\"@type\":\"WebSite\",\"@id\":\"https:\\\/\\\/blafor.com\\\/markt\\\/#website\",\"url\":\"https:\\\/\\\/blafor.com\\\/markt\\\/\",\"name\":\"BlaFor.com Markt\",\"description\":\"Der Online-Marktplatz aus dem Schwarzwald\",\"publisher\":{\"@id\":\"https:\\\/\\\/blafor.com\\\/markt\\\/#organization\"},\"alternateName\":\"BlaFor Markt\",\"potentialAction\":[{\"@type\":\"SearchAction\",\"target\":{\"@type\":\"EntryPoint\",\"urlTemplate\":\"https:\\\/\\\/blafor.com\\\/markt\\\/?s={search_term_string}\"},\"query-input\":{\"@type\":\"PropertyValueSpecification\",\"valueRequired\":true,\"valueName\":\"search_term_string\"}}],\"inLanguage\":\"de\"},{\"@type\":\"Organization\",\"@id\":\"https:\\\/\\\/blafor.com\\\/markt\\\/#organization\",\"name\":\"BlaFor.com\",\"alternateName\":\"ALIZEL\",\"url\":\"https:\\\/\\\/blafor.com\\\/markt\\\/\",\"logo\":{\"@type\":\"ImageObject\",\"inLanguage\":\"de\",\"@id\":\"https:\\\/\\\/blafor.com\\\/markt\\\/#\\\/schema\\\/logo\\\/image\\\/\",\"url\":\"https:\\\/\\\/blafor.com\\\/markt\\\/wp-content\\\/uploads\\\/sites\\\/6\\\/2022\\\/07\\\/bfc-shop64.png\",\"contentUrl\":\"https:\\\/\\\/blafor.com\\\/markt\\\/wp-content\\\/uploads\\\/sites\\\/6\\\/2022\\\/07\\\/bfc-shop64.png\",\"width\":400,\"height\":160,\"caption\":\"BlaFor.com\"},\"image\":{\"@id\":\"https:\\\/\\\/blafor.com\\\/markt\\\/#\\\/schema\\\/logo\\\/image\\\/\"},\"sameAs\":[\"https:\\\/\\\/www.facebook.com\\\/BlaForCom\\\/\",\"https:\\\/\\\/www.linkedin.com\\\/showcase\\\/blaforcom\\\/\"]}]}<\/script>\n<!-- \/ Yoast SEO plugin. -->","yoast_head_json":{"title":"Neutral\u00ae Unisex Sweatshirt Classic : BlaFor.com Markt","robots":{"index":"index","follow":"follow","max-snippet":"max-snippet:-1","max-image-preview":"max-image-preview:large","max-video-preview":"max-video-preview:-1"},"canonical":"https:\/\/blafor.com\/markt\/produkt\/neutral-unisex-sweatshirt-classic\/","og_locale":"de_DE","og_type":"article","og_title":"Neutral\u00ae Unisex Sweatshirt Classic : BlaFor.com Markt","og_description":"Sweatshirt aus Bio-Fairtrade-Baumwolle  Verf\u00fcgbare Gr\u00f6\u00dfen: XS bis 5XL  Verf\u00fcgbare Farben: 25  Deine Gr\u00f6\u00dfe oder Farbe gerade nicht dabei?Kontaktiere Verk\u00e4ufer!","og_url":"https:\/\/blafor.com\/markt\/produkt\/neutral-unisex-sweatshirt-classic\/","og_site_name":"BlaFor.com Markt","article_publisher":"https:\/\/www.facebook.com\/BlaForCom\/","article_modified_time":"2022-08-06T06:27:23+00:00","og_image":[{"width":800,"height":800,"url":"https:\/\/blafor.com\/markt\/wp-content\/uploads\/sites\/6\/2022\/08\/NE63001a.jpg","type":"image\/jpeg"}],"twitter_card":"summary_large_image","twitter_misc":{"Gesch\u00e4tzte Lesezeit":"1\u00a0Minute"},"schema":{"@context":"https:\/\/schema.org","@graph":[{"@type":"WebPage","@id":"https:\/\/blafor.com\/markt\/produkt\/neutral-unisex-sweatshirt-classic\/","url":"https:\/\/blafor.com\/markt\/produkt\/neutral-unisex-sweatshirt-classic\/","name":"Neutral\u00ae Unisex Sweatshirt Classic : BlaFor.com Markt","isPartOf":{"@id":"https:\/\/blafor.com\/markt\/#website"},"primaryImageOfPage":{"@id":"https:\/\/blafor.com\/markt\/produkt\/neutral-unisex-sweatshirt-classic\/#primaryimage"},"image":{"@id":"https:\/\/blafor.com\/markt\/produkt\/neutral-unisex-sweatshirt-classic\/#primaryimage"},"thumbnailUrl":"https:\/\/blafor.com\/markt\/wp-content\/uploads\/sites\/6\/2022\/08\/NE63001a.jpg","datePublished":"2021-10-13T05:05:00+00:00","dateModified":"2022-08-06T06:27:23+00:00","breadcrumb":{"@id":"https:\/\/blafor.com\/markt\/produkt\/neutral-unisex-sweatshirt-classic\/#breadcrumb"},"inLanguage":"de","potentialAction":[{"@type":"ReadAction","target":["https:\/\/blafor.com\/markt\/produkt\/neutral-unisex-sweatshirt-classic\/"]}]},{"@type":"ImageObject","inLanguage":"de","@id":"https:\/\/blafor.com\/markt\/produkt\/neutral-unisex-sweatshirt-classic\/#primaryimage","url":"https:\/\/blafor.com\/markt\/wp-content\/uploads\/sites\/6\/2022\/08\/NE63001a.jpg","contentUrl":"https:\/\/blafor.com\/markt\/wp-content\/uploads\/sites\/6\/2022\/08\/NE63001a.jpg","width":800,"height":800},{"@type":"BreadcrumbList","@id":"https:\/\/blafor.com\/markt\/produkt\/neutral-unisex-sweatshirt-classic\/#breadcrumb","itemListElement":[{"@type":"ListItem","position":1,"name":"Startseite","item":"https:\/\/blafor.com\/markt\/"},{"@type":"ListItem","position":2,"name":"Katalog","item":"https:\/\/blafor.com\/markt\/katalog\/"},{"@type":"ListItem","position":3,"name":"Neutral\u00ae Unisex Sweatshirt Classic"}]},{"@type":"WebSite","@id":"https:\/\/blafor.com\/markt\/#website","url":"https:\/\/blafor.com\/markt\/","name":"BlaFor.com Markt","description":"Der Online-Marktplatz aus dem Schwarzwald","publisher":{"@id":"https:\/\/blafor.com\/markt\/#organization"},"alternateName":"BlaFor Markt","potentialAction":[{"@type":"SearchAction","target":{"@type":"EntryPoint","urlTemplate":"https:\/\/blafor.com\/markt\/?s={search_term_string}"},"query-input":{"@type":"PropertyValueSpecification","valueRequired":true,"valueName":"search_term_string"}}],"inLanguage":"de"},{"@type":"Organization","@id":"https:\/\/blafor.com\/markt\/#organization","name":"BlaFor.com","alternateName":"ALIZEL","url":"https:\/\/blafor.com\/markt\/","logo":{"@type":"ImageObject","inLanguage":"de","@id":"https:\/\/blafor.com\/markt\/#\/schema\/logo\/image\/","url":"https:\/\/blafor.com\/markt\/wp-content\/uploads\/sites\/6\/2022\/07\/bfc-shop64.png","contentUrl":"https:\/\/blafor.com\/markt\/wp-content\/uploads\/sites\/6\/2022\/07\/bfc-shop64.png","width":400,"height":160,"caption":"BlaFor.com"},"image":{"@id":"https:\/\/blafor.com\/markt\/#\/schema\/logo\/image\/"},"sameAs":["https:\/\/www.facebook.com\/BlaForCom\/","https:\/\/www.linkedin.com\/showcase\/blaforcom\/"]}]}},"taxonomy_info":{"product_cat":[{"value":440,"label":"Sweater Damen"},{"value":441,"label":"Sweater Herren"}],"product_tag":[{"value":458,"label":"Colors"},{"value":370,"label":"Fairtrade"},{"value":457,"label":"Herbst"},{"value":369,"label":"Nachhaltig"},{"value":234,"label":"Partnerlook"},{"value":400,"label":"Textildruck"},{"value":270,"label":"Unisex"},{"value":401,"label":"Veredelung"},{"value":208,"label":"Winter"}],"pa_farbe":[{"value":453,"label":"Ash Grey"},{"value":115,"label":"Black"},{"value":118,"label":"Bordeaux"},{"value":443,"label":"Bottle Green"},{"value":121,"label":"Charcoal"},{"value":455,"label":"Dark Heather"},{"value":450,"label":"Dusty Indigo"},{"value":454,"label":"Dusty Mint"},{"value":449,"label":"Dusty Yellow"},{"value":40,"label":"Green"},{"value":451,"label":"Light Blue"},{"value":452,"label":"Light Pink"},{"value":446,"label":"Lime"},{"value":405,"label":"Military Green"},{"value":342,"label":"Navy Blue"},{"value":117,"label":"Orange"},{"value":445,"label":"Pink"},{"value":41,"label":"Red"},{"value":444,"label":"Royal Blue"},{"value":447,"label":"Sand"},{"value":448,"label":"Sapphire"},{"value":406,"label":"Sports Grey"},{"value":456,"label":"Teal"},{"value":368,"label":"White"},{"value":116,"label":"Yellow"}],"pa_int-groesse":[{"value":241,"label":"3XL"},{"value":242,"label":"4XL"},{"value":243,"label":"5XL"},{"value":238,"label":"L"},{"value":237,"label":"M"},{"value":236,"label":"S"},{"value":239,"label":"XL"},{"value":235,"label":"XS"},{"value":240,"label":"XXL"}],"pa_marke":[{"value":152,"label":"Neutral\u00ae"}],"pa_material":[{"value":248,"label":"100% Bio-Baumwolle"}],"pa_standort":[{"value":106,"label":"79843"}]},"featured_image_src_large":["https:\/\/blafor.com\/markt\/wp-content\/uploads\/sites\/6\/2022\/08\/NE63001a.jpg",800,800,false],"author_info":[],"comment_info":"","_links":{"self":[{"href":"https:\/\/blafor.com\/markt\/wp-json\/wp\/v2\/product\/2538","targetHints":{"allow":["GET"]}}],"collection":[{"href":"https:\/\/blafor.com\/markt\/wp-json\/wp\/v2\/product"}],"about":[{"href":"https:\/\/blafor.com\/markt\/wp-json\/wp\/v2\/types\/product"}],"wp:featuredmedia":[{"embeddable":true,"href":"https:\/\/blafor.com\/markt\/wp-json\/wp\/v2\/media\/2539"}],"wp:attachment":[{"href":"https:\/\/blafor.com\/markt\/wp-json\/wp\/v2\/media?parent=2538"}],"wp:term":[{"taxonomy":"product_brand","embeddable":true,"href":"https:\/\/blafor.com\/markt\/wp-json\/wp\/v2\/product_brand?post=2538"},{"taxonomy":"product_cat","embeddable":true,"href":"https:\/\/blafor.com\/markt\/wp-json\/wp\/v2\/product_cat?post=2538"},{"taxonomy":"product_tag","embeddable":true,"href":"https:\/\/blafor.com\/markt\/wp-json\/wp\/v2\/product_tag?post=2538"},{"taxonomy":"product_brands","embeddable":true,"href":"https:\/\/blafor.com\/markt\/wp-json\/wp\/v2\/product_brands?post=2538"}],"curies":[{"name":"wp","href":"https:\/\/api.w.org\/{rel}","templated":true}]}}