{"id":2503,"date":"2021-08-04T12:08:57","date_gmt":"2021-08-04T10:08:57","guid":{"rendered":"https:\/\/blafor.com\/markt\/?post_type=product&#038;p=2503"},"modified":"2024-12-31T11:35:13","modified_gmt":"2024-12-31T10:35:13","slug":"ekurs-sei-das-was-du-bist","status":"publish","type":"product","link":"https:\/\/blafor.com\/markt\/produkt\/ekurs-sei-das-was-du-bist\/","title":{"rendered":"E-Kurs: Sei das was Du bist"},"content":{"rendered":"\n<p>Der E-Kurs &#8222;Sei das was du bist&#8220; ist eine Schritt f\u00fcr Schritt Anleitung zur Transformation, um deine Lebensqualit\u00e4t selbst positiv zu ver\u00e4ndern. Dieser Online-Kurs ist f\u00fcr Menschen gemacht, die selbst, mit einfachen und leicht erlernbaren Techniken, ihrem Leben eine neue Richtung geben wollen.<\/p>\n\n\n\n<h4 class=\"wp-block-heading\">Mit speziell entwickelten Anwendungstechniken<\/h4>\n\n\n\n<p>Sei das was du bist zeigt dir Anwendungstechniken, die dir helfen k\u00f6nnen, mit nur wenigen Minuten pro Tag, bereits in 21 bis 30 Tagen die mentale St\u00e4rke und Energie zu bekommen, dein Leben so zu leben und zu gestalten wie du es gerne leben m\u00f6chtest.<\/p>\n\n\n\n<h4 class=\"wp-block-heading\">Dein Leben selbst in die Hand nehmen<\/h4>\n\n\n\n<p>Denn nichts wird sich \u00e4ndern, wenn du es nicht \u00e4nderst! Hier <a href=\"https:\/\/viacordis-akademie.de\/elernen\/courses\/sei-das-was-du-bist\/\" target=\"_blank\" rel=\"noopener\">E-Kurs besuchen&#8230;<\/a><\/p>\n\n\n\n<p>Artikel-Nr.: 209005<br>Tags: ViaCordis Akademie, VCA, Alice Hastenteufel, eKurs, eLernen, Innergetic, Eigentherapie<\/p>\n","protected":false},"excerpt":{"rendered":"<ul>\n<li>Schritt f\u00fcr Schritt Anleitung zur Transformation<\/li>\n<li>E-Kurs von Alice Hastenteufel (Innergie Expertin)<\/li>\n<li>Nichts wird sich \u00e4ndern, wenn du es nicht \u00e4nderst!<\/li>\n<li>Angebot auf <a href=\"https:\/\/viacordis-akademie.de\/elernen\/courses\/sei-das-was-du-bist\/\" target=\"_blank\" rel=\"noopener\">ViaCordis Akademie E-Lernen<\/a><\/li>\n<\/ul>\n","protected":false},"featured_media":7617,"template":"","meta":{"_kad_blocks_custom_css":"","_kad_blocks_head_custom_js":"","_kad_blocks_body_custom_js":"","_kad_blocks_footer_custom_js":"","_kadence_starter_templates_imported_post":false,"_kad_post_transparent":"default","_kad_post_title":"","_kad_post_layout":"default","_kad_post_sidebar_id":"","_kad_post_content_style":"default","_kad_post_vertical_padding":"default","_kad_post_feature":"","_kad_post_feature_position":"","_kad_post_header":false,"_kad_post_footer":false,"_kad_post_classname":""},"product_brand":[],"product_cat":[44,435],"product_tag":[55,740,56],"product_brands":[739],"class_list":{"0":"post-2503","1":"product","2":"type-product","3":"status-publish","4":"has-post-thumbnail","6":"product_cat-gesund-fit","7":"product_cat-online-kurse","8":"product_tag-lebensqualitaet","9":"product_tag-transformation","10":"product_tag-wohlbefinden","11":"pa_marke-innerplus","12":"product_brands-innerplus","14":"first","15":"instock","16":"taxable","17":"shipping-taxable","18":"product-type-external","19":"entry","20":"content-bg","21":"loop-entry"},"yoast_head":"<!-- This site is optimized with the Yoast SEO plugin v27.5 - https:\/\/yoast.com\/product\/yoast-seo-wordpress\/ -->\n<title>E-Kurs: Sei das was Du bist : BlaFor.com Markt<\/title>\n<meta name=\"robots\" content=\"index, follow, max-snippet:-1, max-image-preview:large, max-video-preview:-1\" \/>\n<link rel=\"canonical\" href=\"https:\/\/blafor.com\/markt\/produkt\/ekurs-sei-das-was-du-bist\/\" \/>\n<meta property=\"og:locale\" content=\"de_DE\" \/>\n<meta property=\"og:type\" content=\"article\" \/>\n<meta property=\"og:title\" content=\"E-Kurs: Sei das was Du bist : BlaFor.com Markt\" \/>\n<meta property=\"og:description\" content=\"Schritt f\u00fcr Schritt Anleitung zur Transformation E-Kurs von Alice Hastenteufel (Innergie Expertin) Nichts wird sich \u00e4ndern, wenn du es nicht \u00e4nderst! Angebot auf ViaCordis Akademie E-Lernen\" \/>\n<meta property=\"og:url\" content=\"https:\/\/blafor.com\/markt\/produkt\/ekurs-sei-das-was-du-bist\/\" \/>\n<meta property=\"og:site_name\" content=\"BlaFor.com Markt\" \/>\n<meta property=\"article:publisher\" content=\"https:\/\/www.facebook.com\/BlaForCom\/\" \/>\n<meta property=\"article:modified_time\" content=\"2024-12-31T10:35:13+00:00\" \/>\n<meta property=\"og:image\" content=\"https:\/\/blafor.com\/markt\/wp-content\/uploads\/sites\/6\/2021\/08\/seidaswasdubist811.jpg\" \/>\n\t<meta property=\"og:image:width\" content=\"800\" \/>\n\t<meta property=\"og:image:height\" content=\"800\" \/>\n\t<meta property=\"og:image:type\" content=\"image\/jpeg\" \/>\n<meta name=\"twitter:card\" content=\"summary_large_image\" \/>\n<meta name=\"twitter:label1\" content=\"Gesch\u00e4tzte Lesezeit\" \/>\n\t<meta name=\"twitter:data1\" content=\"1\u00a0Minute\" \/>\n<script type=\"application\/ld+json\" class=\"yoast-schema-graph\">{\"@context\":\"https:\\\/\\\/schema.org\",\"@graph\":[{\"@type\":\"WebPage\",\"@id\":\"https:\\\/\\\/blafor.com\\\/markt\\\/produkt\\\/ekurs-sei-das-was-du-bist\\\/\",\"url\":\"https:\\\/\\\/blafor.com\\\/markt\\\/produkt\\\/ekurs-sei-das-was-du-bist\\\/\",\"name\":\"E-Kurs: Sei das was Du bist : BlaFor.com Markt\",\"isPartOf\":{\"@id\":\"https:\\\/\\\/blafor.com\\\/markt\\\/#website\"},\"primaryImageOfPage\":{\"@id\":\"https:\\\/\\\/blafor.com\\\/markt\\\/produkt\\\/ekurs-sei-das-was-du-bist\\\/#primaryimage\"},\"image\":{\"@id\":\"https:\\\/\\\/blafor.com\\\/markt\\\/produkt\\\/ekurs-sei-das-was-du-bist\\\/#primaryimage\"},\"thumbnailUrl\":\"https:\\\/\\\/blafor.com\\\/markt\\\/wp-content\\\/uploads\\\/sites\\\/6\\\/2021\\\/08\\\/seidaswasdubist811.jpg\",\"datePublished\":\"2021-08-04T10:08:57+00:00\",\"dateModified\":\"2024-12-31T10:35:13+00:00\",\"breadcrumb\":{\"@id\":\"https:\\\/\\\/blafor.com\\\/markt\\\/produkt\\\/ekurs-sei-das-was-du-bist\\\/#breadcrumb\"},\"inLanguage\":\"de\",\"potentialAction\":[{\"@type\":\"ReadAction\",\"target\":[\"https:\\\/\\\/blafor.com\\\/markt\\\/produkt\\\/ekurs-sei-das-was-du-bist\\\/\"]}]},{\"@type\":\"ImageObject\",\"inLanguage\":\"de\",\"@id\":\"https:\\\/\\\/blafor.com\\\/markt\\\/produkt\\\/ekurs-sei-das-was-du-bist\\\/#primaryimage\",\"url\":\"https:\\\/\\\/blafor.com\\\/markt\\\/wp-content\\\/uploads\\\/sites\\\/6\\\/2021\\\/08\\\/seidaswasdubist811.jpg\",\"contentUrl\":\"https:\\\/\\\/blafor.com\\\/markt\\\/wp-content\\\/uploads\\\/sites\\\/6\\\/2021\\\/08\\\/seidaswasdubist811.jpg\",\"width\":800,\"height\":800,\"caption\":\"E-Kurs: Sei das was du bist\"},{\"@type\":\"BreadcrumbList\",\"@id\":\"https:\\\/\\\/blafor.com\\\/markt\\\/produkt\\\/ekurs-sei-das-was-du-bist\\\/#breadcrumb\",\"itemListElement\":[{\"@type\":\"ListItem\",\"position\":1,\"name\":\"Startseite\",\"item\":\"https:\\\/\\\/blafor.com\\\/markt\\\/\"},{\"@type\":\"ListItem\",\"position\":2,\"name\":\"Katalog\",\"item\":\"https:\\\/\\\/blafor.com\\\/markt\\\/katalog\\\/\"},{\"@type\":\"ListItem\",\"position\":3,\"name\":\"E-Kurs: Sei das was Du bist\"}]},{\"@type\":\"WebSite\",\"@id\":\"https:\\\/\\\/blafor.com\\\/markt\\\/#website\",\"url\":\"https:\\\/\\\/blafor.com\\\/markt\\\/\",\"name\":\"BlaFor.com Markt\",\"description\":\"Der Online-Marktplatz aus dem Schwarzwald\",\"publisher\":{\"@id\":\"https:\\\/\\\/blafor.com\\\/markt\\\/#organization\"},\"alternateName\":\"BlaFor Markt\",\"potentialAction\":[{\"@type\":\"SearchAction\",\"target\":{\"@type\":\"EntryPoint\",\"urlTemplate\":\"https:\\\/\\\/blafor.com\\\/markt\\\/?s={search_term_string}\"},\"query-input\":{\"@type\":\"PropertyValueSpecification\",\"valueRequired\":true,\"valueName\":\"search_term_string\"}}],\"inLanguage\":\"de\"},{\"@type\":\"Organization\",\"@id\":\"https:\\\/\\\/blafor.com\\\/markt\\\/#organization\",\"name\":\"BlaFor.com\",\"alternateName\":\"ALIZEL\",\"url\":\"https:\\\/\\\/blafor.com\\\/markt\\\/\",\"logo\":{\"@type\":\"ImageObject\",\"inLanguage\":\"de\",\"@id\":\"https:\\\/\\\/blafor.com\\\/markt\\\/#\\\/schema\\\/logo\\\/image\\\/\",\"url\":\"https:\\\/\\\/blafor.com\\\/markt\\\/wp-content\\\/uploads\\\/sites\\\/6\\\/2022\\\/07\\\/bfc-shop64.png\",\"contentUrl\":\"https:\\\/\\\/blafor.com\\\/markt\\\/wp-content\\\/uploads\\\/sites\\\/6\\\/2022\\\/07\\\/bfc-shop64.png\",\"width\":400,\"height\":160,\"caption\":\"BlaFor.com\"},\"image\":{\"@id\":\"https:\\\/\\\/blafor.com\\\/markt\\\/#\\\/schema\\\/logo\\\/image\\\/\"},\"sameAs\":[\"https:\\\/\\\/www.facebook.com\\\/BlaForCom\\\/\",\"https:\\\/\\\/www.linkedin.com\\\/showcase\\\/blaforcom\\\/\"]}]}<\/script>\n<!-- \/ Yoast SEO plugin. -->","yoast_head_json":{"title":"E-Kurs: Sei das was Du bist : BlaFor.com Markt","robots":{"index":"index","follow":"follow","max-snippet":"max-snippet:-1","max-image-preview":"max-image-preview:large","max-video-preview":"max-video-preview:-1"},"canonical":"https:\/\/blafor.com\/markt\/produkt\/ekurs-sei-das-was-du-bist\/","og_locale":"de_DE","og_type":"article","og_title":"E-Kurs: Sei das was Du bist : BlaFor.com Markt","og_description":"Schritt f\u00fcr Schritt Anleitung zur Transformation E-Kurs von Alice Hastenteufel (Innergie Expertin) Nichts wird sich \u00e4ndern, wenn du es nicht \u00e4nderst! Angebot auf ViaCordis Akademie E-Lernen","og_url":"https:\/\/blafor.com\/markt\/produkt\/ekurs-sei-das-was-du-bist\/","og_site_name":"BlaFor.com Markt","article_publisher":"https:\/\/www.facebook.com\/BlaForCom\/","article_modified_time":"2024-12-31T10:35:13+00:00","og_image":[{"width":800,"height":800,"url":"https:\/\/blafor.com\/markt\/wp-content\/uploads\/sites\/6\/2021\/08\/seidaswasdubist811.jpg","type":"image\/jpeg"}],"twitter_card":"summary_large_image","twitter_misc":{"Gesch\u00e4tzte Lesezeit":"1\u00a0Minute"},"schema":{"@context":"https:\/\/schema.org","@graph":[{"@type":"WebPage","@id":"https:\/\/blafor.com\/markt\/produkt\/ekurs-sei-das-was-du-bist\/","url":"https:\/\/blafor.com\/markt\/produkt\/ekurs-sei-das-was-du-bist\/","name":"E-Kurs: Sei das was Du bist : BlaFor.com Markt","isPartOf":{"@id":"https:\/\/blafor.com\/markt\/#website"},"primaryImageOfPage":{"@id":"https:\/\/blafor.com\/markt\/produkt\/ekurs-sei-das-was-du-bist\/#primaryimage"},"image":{"@id":"https:\/\/blafor.com\/markt\/produkt\/ekurs-sei-das-was-du-bist\/#primaryimage"},"thumbnailUrl":"https:\/\/blafor.com\/markt\/wp-content\/uploads\/sites\/6\/2021\/08\/seidaswasdubist811.jpg","datePublished":"2021-08-04T10:08:57+00:00","dateModified":"2024-12-31T10:35:13+00:00","breadcrumb":{"@id":"https:\/\/blafor.com\/markt\/produkt\/ekurs-sei-das-was-du-bist\/#breadcrumb"},"inLanguage":"de","potentialAction":[{"@type":"ReadAction","target":["https:\/\/blafor.com\/markt\/produkt\/ekurs-sei-das-was-du-bist\/"]}]},{"@type":"ImageObject","inLanguage":"de","@id":"https:\/\/blafor.com\/markt\/produkt\/ekurs-sei-das-was-du-bist\/#primaryimage","url":"https:\/\/blafor.com\/markt\/wp-content\/uploads\/sites\/6\/2021\/08\/seidaswasdubist811.jpg","contentUrl":"https:\/\/blafor.com\/markt\/wp-content\/uploads\/sites\/6\/2021\/08\/seidaswasdubist811.jpg","width":800,"height":800,"caption":"E-Kurs: Sei das was du bist"},{"@type":"BreadcrumbList","@id":"https:\/\/blafor.com\/markt\/produkt\/ekurs-sei-das-was-du-bist\/#breadcrumb","itemListElement":[{"@type":"ListItem","position":1,"name":"Startseite","item":"https:\/\/blafor.com\/markt\/"},{"@type":"ListItem","position":2,"name":"Katalog","item":"https:\/\/blafor.com\/markt\/katalog\/"},{"@type":"ListItem","position":3,"name":"E-Kurs: Sei das was Du bist"}]},{"@type":"WebSite","@id":"https:\/\/blafor.com\/markt\/#website","url":"https:\/\/blafor.com\/markt\/","name":"BlaFor.com Markt","description":"Der Online-Marktplatz aus dem Schwarzwald","publisher":{"@id":"https:\/\/blafor.com\/markt\/#organization"},"alternateName":"BlaFor Markt","potentialAction":[{"@type":"SearchAction","target":{"@type":"EntryPoint","urlTemplate":"https:\/\/blafor.com\/markt\/?s={search_term_string}"},"query-input":{"@type":"PropertyValueSpecification","valueRequired":true,"valueName":"search_term_string"}}],"inLanguage":"de"},{"@type":"Organization","@id":"https:\/\/blafor.com\/markt\/#organization","name":"BlaFor.com","alternateName":"ALIZEL","url":"https:\/\/blafor.com\/markt\/","logo":{"@type":"ImageObject","inLanguage":"de","@id":"https:\/\/blafor.com\/markt\/#\/schema\/logo\/image\/","url":"https:\/\/blafor.com\/markt\/wp-content\/uploads\/sites\/6\/2022\/07\/bfc-shop64.png","contentUrl":"https:\/\/blafor.com\/markt\/wp-content\/uploads\/sites\/6\/2022\/07\/bfc-shop64.png","width":400,"height":160,"caption":"BlaFor.com"},"image":{"@id":"https:\/\/blafor.com\/markt\/#\/schema\/logo\/image\/"},"sameAs":["https:\/\/www.facebook.com\/BlaForCom\/","https:\/\/www.linkedin.com\/showcase\/blaforcom\/"]}]}},"taxonomy_info":{"product_cat":[{"value":44,"label":"Gesund &amp; Fit"},{"value":435,"label":"Online-Kurse"}],"product_tag":[{"value":55,"label":"Lebensqualit\u00e4t"},{"value":740,"label":"Transformation"},{"value":56,"label":"Wohlbefinden"}],"pa_marke":[{"value":144,"label":"InnerPlus"}],"product_brands":[{"value":739,"label":"InnerPlus"}]},"featured_image_src_large":["https:\/\/blafor.com\/markt\/wp-content\/uploads\/sites\/6\/2021\/08\/seidaswasdubist811.jpg",800,800,false],"author_info":[],"comment_info":"","_links":{"self":[{"href":"https:\/\/blafor.com\/markt\/wp-json\/wp\/v2\/product\/2503","targetHints":{"allow":["GET"]}}],"collection":[{"href":"https:\/\/blafor.com\/markt\/wp-json\/wp\/v2\/product"}],"about":[{"href":"https:\/\/blafor.com\/markt\/wp-json\/wp\/v2\/types\/product"}],"wp:featuredmedia":[{"embeddable":true,"href":"https:\/\/blafor.com\/markt\/wp-json\/wp\/v2\/media\/7617"}],"wp:attachment":[{"href":"https:\/\/blafor.com\/markt\/wp-json\/wp\/v2\/media?parent=2503"}],"wp:term":[{"taxonomy":"product_brand","embeddable":true,"href":"https:\/\/blafor.com\/markt\/wp-json\/wp\/v2\/product_brand?post=2503"},{"taxonomy":"product_cat","embeddable":true,"href":"https:\/\/blafor.com\/markt\/wp-json\/wp\/v2\/product_cat?post=2503"},{"taxonomy":"product_tag","embeddable":true,"href":"https:\/\/blafor.com\/markt\/wp-json\/wp\/v2\/product_tag?post=2503"},{"taxonomy":"product_brands","embeddable":true,"href":"https:\/\/blafor.com\/markt\/wp-json\/wp\/v2\/product_brands?post=2503"}],"curies":[{"name":"wp","href":"https:\/\/api.w.org\/{rel}","templated":true}]}}