{"id":2497,"date":"2021-06-19T10:58:26","date_gmt":"2021-06-19T08:58:26","guid":{"rendered":"https:\/\/blafor.com\/markt\/?post_type=product&#038;p=2497"},"modified":"2024-12-31T11:51:42","modified_gmt":"2024-12-31T10:51:42","slug":"aktiv-gesund-programm-fuer-die-eigentherapie","status":"publish","type":"product","link":"https:\/\/blafor.com\/markt\/produkt\/aktiv-gesund-programm-fuer-die-eigentherapie\/","title":{"rendered":"Aktiv gesund Programm f\u00fcr die Eigentherapie"},"content":{"rendered":"\n<h2 class=\"wp-block-heading\">Aktiv gesund Programm f\u00fcr die Eigentherapie<\/h2>\n\n\n\n<p>Aktiv gesund Programm k\u00f6nnte dein Leben ver\u00e4ndern. Deine Lebensqualit\u00e4t kann sich verbessern und du kannst wieder leichter und aktiver am Leben deiner Lieben teilnehmen, mit ihnen lachen und feiern und du bekommst wieder Komplimente \u00fcber deine positive Ver\u00e4nderung.<\/p>\n\n\n\n<h4 class=\"wp-block-heading\">PDF Downloaddatei<\/h4>\n\n\n\n<ul class=\"wp-block-list\">\n<li>Ausgabe: 09.2019 \/ 22 Seiten \/ PDF \/ 320KB<\/li>\n\n\n\n<li>Mit Anleitungen und \u00dcbungen f\u00fcr die Eigentherapie<\/li>\n\n\n\n<li>Von Alice Hastenteufel (Innerlogin und Gesundheitscoach)<\/li>\n\n\n\n<li>Gegen emotionale, k\u00f6rperliche und energetische St\u00f6rungen<\/li>\n\n\n\n<li>Gesundheit durch Aktivierung der Selbstheilungskr\u00e4fte<\/li>\n\n\n\n<li><a href=\"https:\/\/alizel.com\/innerplus\/\" target=\"_blank\" rel=\"noopener noreferrer\">InnerPlus by Alice Hastenteufel<\/a><\/li>\n<\/ul>\n\n\n\n<h4 class=\"wp-block-heading\">Aktiv gesund Programm<\/h4>\n\n\n\n<p>Aktiv gesund Programm mit Anleitungen und \u00dcbungen von Alice Hastenteufel (Innerlogin und Gesundheitscoach) zur Eigentherapie, um emotionale und energetische St\u00f6rungen bzw. Blockaden zu heilen. Aktive Gesundheit durch die Selbstheilungskr\u00e4fte ins Sein bringen.<\/p>\n\n\n\n<p>Der innere Antrieb von <a href=\"https:\/\/alizel.com\/innerplus\/alice-hastenteufel-innerlogin\/\" target=\"_blank\" rel=\"noopener noreferrer\">Alice Hastenteufel<\/a> (Innerlogin und Gesundheitscoach) ist es, zusammen mit den Menschen ihre Lebensqualit\u00e4t zu erh\u00f6hen und Wege zu finden, damit sie, durch ihre ureigenen inneren Kr\u00e4fte, im Gleichgewicht auf allen Ebenen leben. Die Innerlogie\u00ae ist die Wissenschaft des Lebens. Sie schafft, sie aktiviert, sie entwickelt, sie hilft, sie vereint altes und neues Wissen der Naturwissenschaft.<\/p>\n\n\n\n<p>Bei Bedarf kannst Du auch zu diesem Thema ein individuell auf dich zugeschnittenes Coaching-Programm buchen. Mit M\u00f6glichkeiten und Erkenntnissen, die Du so sicherlich noch nicht erlebt hast. Alice Hastenteufel stellt dich in den Mittelpunkt und hilft Dir deine Bed\u00fcrfnisse zu verwirklichen.<\/p>\n\n\n\n<p>Art.-Nr.: IP190902<\/p>\n","protected":false},"excerpt":{"rendered":"<ul>\n<li>Anleitungen und \u00dcbungen f\u00fcr die Eigentherapie<\/li>\n<li>Von Alice Hastenteufel (Innerlogin und Gesundheitscoach)<\/li>\n<li>Gegen emotionale, k\u00f6rperliche und energetische St\u00f6rungen<\/li>\n<li>Gesundheit durch Aktivierung der Selbstheilungskr\u00e4fte<\/li>\n<\/ul>\n","protected":false},"featured_media":7625,"template":"","meta":{"_kad_blocks_custom_css":"","_kad_blocks_head_custom_js":"","_kad_blocks_body_custom_js":"","_kad_blocks_footer_custom_js":"","_kadence_starter_templates_imported_post":false,"_kad_post_transparent":"default","_kad_post_title":"","_kad_post_layout":"default","_kad_post_sidebar_id":"","_kad_post_content_style":"default","_kad_post_vertical_padding":"default","_kad_post_feature":"","_kad_post_feature_position":"","_kad_post_header":false,"_kad_post_footer":false,"_kad_post_classname":""},"product_brand":[],"product_cat":[409,44],"product_tag":[55,56],"product_brands":[739],"class_list":{"0":"post-2497","1":"product","2":"type-product","3":"status-publish","4":"has-post-thumbnail","6":"product_cat-anleitungen","7":"product_cat-gesund-fit","8":"product_tag-lebensqualitaet","9":"product_tag-wohlbefinden","10":"pa_marke-innerplus","11":"product_brands-innerplus","13":"first","14":"instock","15":"downloadable","16":"virtual","17":"taxable","18":"purchasable","19":"product-type-simple","20":"entry","21":"content-bg","22":"loop-entry"},"yoast_head":"<!-- This site is optimized with the Yoast SEO plugin v27.5 - https:\/\/yoast.com\/product\/yoast-seo-wordpress\/ -->\n<title>Aktiv gesund Programm : BlaFor.com Markt<\/title>\n<meta name=\"description\" content=\"Anleitungen und \u00dcbungen von Alice Hastenteufel (Gesundheitscoach) k\u00f6nnten dein Leben ver\u00e4ndern. Aktiv gesund Programm in PDF-Ausgabe...\" \/>\n<meta name=\"robots\" content=\"index, follow, max-snippet:-1, max-image-preview:large, max-video-preview:-1\" \/>\n<link rel=\"canonical\" href=\"https:\/\/blafor.com\/markt\/produkt\/aktiv-gesund-programm-fuer-die-eigentherapie\/\" \/>\n<meta property=\"og:locale\" content=\"de_DE\" \/>\n<meta property=\"og:type\" content=\"article\" \/>\n<meta property=\"og:title\" content=\"Aktiv gesund Programm : BlaFor.com Markt\" \/>\n<meta property=\"og:description\" content=\"Anleitungen und \u00dcbungen von Alice Hastenteufel (Gesundheitscoach) k\u00f6nnten dein Leben ver\u00e4ndern. Aktiv gesund Programm in PDF-Ausgabe...\" \/>\n<meta property=\"og:url\" content=\"https:\/\/blafor.com\/markt\/produkt\/aktiv-gesund-programm-fuer-die-eigentherapie\/\" \/>\n<meta property=\"og:site_name\" content=\"BlaFor.com Markt\" \/>\n<meta property=\"article:publisher\" content=\"https:\/\/www.facebook.com\/BlaForCom\/\" \/>\n<meta property=\"article:modified_time\" content=\"2024-12-31T10:51:42+00:00\" \/>\n<meta property=\"og:image\" content=\"https:\/\/blafor.com\/markt\/wp-content\/uploads\/sites\/6\/2021\/06\/aktivgesund811.jpg\" \/>\n\t<meta property=\"og:image:width\" content=\"800\" \/>\n\t<meta property=\"og:image:height\" content=\"800\" \/>\n\t<meta property=\"og:image:type\" content=\"image\/jpeg\" \/>\n<meta name=\"twitter:card\" content=\"summary_large_image\" \/>\n<meta name=\"twitter:label1\" content=\"Gesch\u00e4tzte Lesezeit\" \/>\n\t<meta name=\"twitter:data1\" content=\"2\u00a0Minuten\" \/>\n<script type=\"application\/ld+json\" class=\"yoast-schema-graph\">{\"@context\":\"https:\\\/\\\/schema.org\",\"@graph\":[{\"@type\":\"WebPage\",\"@id\":\"https:\\\/\\\/blafor.com\\\/markt\\\/produkt\\\/aktiv-gesund-programm-fuer-die-eigentherapie\\\/\",\"url\":\"https:\\\/\\\/blafor.com\\\/markt\\\/produkt\\\/aktiv-gesund-programm-fuer-die-eigentherapie\\\/\",\"name\":\"Aktiv gesund Programm : BlaFor.com Markt\",\"isPartOf\":{\"@id\":\"https:\\\/\\\/blafor.com\\\/markt\\\/#website\"},\"primaryImageOfPage\":{\"@id\":\"https:\\\/\\\/blafor.com\\\/markt\\\/produkt\\\/aktiv-gesund-programm-fuer-die-eigentherapie\\\/#primaryimage\"},\"image\":{\"@id\":\"https:\\\/\\\/blafor.com\\\/markt\\\/produkt\\\/aktiv-gesund-programm-fuer-die-eigentherapie\\\/#primaryimage\"},\"thumbnailUrl\":\"https:\\\/\\\/blafor.com\\\/markt\\\/wp-content\\\/uploads\\\/sites\\\/6\\\/2021\\\/06\\\/aktivgesund811.jpg\",\"datePublished\":\"2021-06-19T08:58:26+00:00\",\"dateModified\":\"2024-12-31T10:51:42+00:00\",\"description\":\"Anleitungen und \u00dcbungen von Alice Hastenteufel (Gesundheitscoach) k\u00f6nnten dein Leben ver\u00e4ndern. Aktiv gesund Programm in PDF-Ausgabe...\",\"breadcrumb\":{\"@id\":\"https:\\\/\\\/blafor.com\\\/markt\\\/produkt\\\/aktiv-gesund-programm-fuer-die-eigentherapie\\\/#breadcrumb\"},\"inLanguage\":\"de\",\"potentialAction\":[{\"@type\":\"ReadAction\",\"target\":[\"https:\\\/\\\/blafor.com\\\/markt\\\/produkt\\\/aktiv-gesund-programm-fuer-die-eigentherapie\\\/\"]}]},{\"@type\":\"ImageObject\",\"inLanguage\":\"de\",\"@id\":\"https:\\\/\\\/blafor.com\\\/markt\\\/produkt\\\/aktiv-gesund-programm-fuer-die-eigentherapie\\\/#primaryimage\",\"url\":\"https:\\\/\\\/blafor.com\\\/markt\\\/wp-content\\\/uploads\\\/sites\\\/6\\\/2021\\\/06\\\/aktivgesund811.jpg\",\"contentUrl\":\"https:\\\/\\\/blafor.com\\\/markt\\\/wp-content\\\/uploads\\\/sites\\\/6\\\/2021\\\/06\\\/aktivgesund811.jpg\",\"width\":800,\"height\":800,\"caption\":\"Onlinekurs Aktiv Gesund Programm\"},{\"@type\":\"BreadcrumbList\",\"@id\":\"https:\\\/\\\/blafor.com\\\/markt\\\/produkt\\\/aktiv-gesund-programm-fuer-die-eigentherapie\\\/#breadcrumb\",\"itemListElement\":[{\"@type\":\"ListItem\",\"position\":1,\"name\":\"Startseite\",\"item\":\"https:\\\/\\\/blafor.com\\\/markt\\\/\"},{\"@type\":\"ListItem\",\"position\":2,\"name\":\"Katalog\",\"item\":\"https:\\\/\\\/blafor.com\\\/markt\\\/katalog\\\/\"},{\"@type\":\"ListItem\",\"position\":3,\"name\":\"Aktiv gesund Programm f\u00fcr die Eigentherapie\"}]},{\"@type\":\"WebSite\",\"@id\":\"https:\\\/\\\/blafor.com\\\/markt\\\/#website\",\"url\":\"https:\\\/\\\/blafor.com\\\/markt\\\/\",\"name\":\"BlaFor.com Markt\",\"description\":\"Der Online-Marktplatz aus dem Schwarzwald\",\"publisher\":{\"@id\":\"https:\\\/\\\/blafor.com\\\/markt\\\/#organization\"},\"alternateName\":\"BlaFor Markt\",\"potentialAction\":[{\"@type\":\"SearchAction\",\"target\":{\"@type\":\"EntryPoint\",\"urlTemplate\":\"https:\\\/\\\/blafor.com\\\/markt\\\/?s={search_term_string}\"},\"query-input\":{\"@type\":\"PropertyValueSpecification\",\"valueRequired\":true,\"valueName\":\"search_term_string\"}}],\"inLanguage\":\"de\"},{\"@type\":\"Organization\",\"@id\":\"https:\\\/\\\/blafor.com\\\/markt\\\/#organization\",\"name\":\"BlaFor.com\",\"alternateName\":\"ALIZEL\",\"url\":\"https:\\\/\\\/blafor.com\\\/markt\\\/\",\"logo\":{\"@type\":\"ImageObject\",\"inLanguage\":\"de\",\"@id\":\"https:\\\/\\\/blafor.com\\\/markt\\\/#\\\/schema\\\/logo\\\/image\\\/\",\"url\":\"https:\\\/\\\/blafor.com\\\/markt\\\/wp-content\\\/uploads\\\/sites\\\/6\\\/2022\\\/07\\\/bfc-shop64.png\",\"contentUrl\":\"https:\\\/\\\/blafor.com\\\/markt\\\/wp-content\\\/uploads\\\/sites\\\/6\\\/2022\\\/07\\\/bfc-shop64.png\",\"width\":400,\"height\":160,\"caption\":\"BlaFor.com\"},\"image\":{\"@id\":\"https:\\\/\\\/blafor.com\\\/markt\\\/#\\\/schema\\\/logo\\\/image\\\/\"},\"sameAs\":[\"https:\\\/\\\/www.facebook.com\\\/BlaForCom\\\/\",\"https:\\\/\\\/www.linkedin.com\\\/showcase\\\/blaforcom\\\/\"]}]}<\/script>\n<!-- \/ Yoast SEO plugin. -->","yoast_head_json":{"title":"Aktiv gesund Programm : BlaFor.com Markt","description":"Anleitungen und \u00dcbungen von Alice Hastenteufel (Gesundheitscoach) k\u00f6nnten dein Leben ver\u00e4ndern. Aktiv gesund Programm in PDF-Ausgabe...","robots":{"index":"index","follow":"follow","max-snippet":"max-snippet:-1","max-image-preview":"max-image-preview:large","max-video-preview":"max-video-preview:-1"},"canonical":"https:\/\/blafor.com\/markt\/produkt\/aktiv-gesund-programm-fuer-die-eigentherapie\/","og_locale":"de_DE","og_type":"article","og_title":"Aktiv gesund Programm : BlaFor.com Markt","og_description":"Anleitungen und \u00dcbungen von Alice Hastenteufel (Gesundheitscoach) k\u00f6nnten dein Leben ver\u00e4ndern. Aktiv gesund Programm in PDF-Ausgabe...","og_url":"https:\/\/blafor.com\/markt\/produkt\/aktiv-gesund-programm-fuer-die-eigentherapie\/","og_site_name":"BlaFor.com Markt","article_publisher":"https:\/\/www.facebook.com\/BlaForCom\/","article_modified_time":"2024-12-31T10:51:42+00:00","og_image":[{"width":800,"height":800,"url":"https:\/\/blafor.com\/markt\/wp-content\/uploads\/sites\/6\/2021\/06\/aktivgesund811.jpg","type":"image\/jpeg"}],"twitter_card":"summary_large_image","twitter_misc":{"Gesch\u00e4tzte Lesezeit":"2\u00a0Minuten"},"schema":{"@context":"https:\/\/schema.org","@graph":[{"@type":"WebPage","@id":"https:\/\/blafor.com\/markt\/produkt\/aktiv-gesund-programm-fuer-die-eigentherapie\/","url":"https:\/\/blafor.com\/markt\/produkt\/aktiv-gesund-programm-fuer-die-eigentherapie\/","name":"Aktiv gesund Programm : BlaFor.com Markt","isPartOf":{"@id":"https:\/\/blafor.com\/markt\/#website"},"primaryImageOfPage":{"@id":"https:\/\/blafor.com\/markt\/produkt\/aktiv-gesund-programm-fuer-die-eigentherapie\/#primaryimage"},"image":{"@id":"https:\/\/blafor.com\/markt\/produkt\/aktiv-gesund-programm-fuer-die-eigentherapie\/#primaryimage"},"thumbnailUrl":"https:\/\/blafor.com\/markt\/wp-content\/uploads\/sites\/6\/2021\/06\/aktivgesund811.jpg","datePublished":"2021-06-19T08:58:26+00:00","dateModified":"2024-12-31T10:51:42+00:00","description":"Anleitungen und \u00dcbungen von Alice Hastenteufel (Gesundheitscoach) k\u00f6nnten dein Leben ver\u00e4ndern. Aktiv gesund Programm in PDF-Ausgabe...","breadcrumb":{"@id":"https:\/\/blafor.com\/markt\/produkt\/aktiv-gesund-programm-fuer-die-eigentherapie\/#breadcrumb"},"inLanguage":"de","potentialAction":[{"@type":"ReadAction","target":["https:\/\/blafor.com\/markt\/produkt\/aktiv-gesund-programm-fuer-die-eigentherapie\/"]}]},{"@type":"ImageObject","inLanguage":"de","@id":"https:\/\/blafor.com\/markt\/produkt\/aktiv-gesund-programm-fuer-die-eigentherapie\/#primaryimage","url":"https:\/\/blafor.com\/markt\/wp-content\/uploads\/sites\/6\/2021\/06\/aktivgesund811.jpg","contentUrl":"https:\/\/blafor.com\/markt\/wp-content\/uploads\/sites\/6\/2021\/06\/aktivgesund811.jpg","width":800,"height":800,"caption":"Onlinekurs Aktiv Gesund Programm"},{"@type":"BreadcrumbList","@id":"https:\/\/blafor.com\/markt\/produkt\/aktiv-gesund-programm-fuer-die-eigentherapie\/#breadcrumb","itemListElement":[{"@type":"ListItem","position":1,"name":"Startseite","item":"https:\/\/blafor.com\/markt\/"},{"@type":"ListItem","position":2,"name":"Katalog","item":"https:\/\/blafor.com\/markt\/katalog\/"},{"@type":"ListItem","position":3,"name":"Aktiv gesund Programm f\u00fcr die Eigentherapie"}]},{"@type":"WebSite","@id":"https:\/\/blafor.com\/markt\/#website","url":"https:\/\/blafor.com\/markt\/","name":"BlaFor.com Markt","description":"Der Online-Marktplatz aus dem Schwarzwald","publisher":{"@id":"https:\/\/blafor.com\/markt\/#organization"},"alternateName":"BlaFor Markt","potentialAction":[{"@type":"SearchAction","target":{"@type":"EntryPoint","urlTemplate":"https:\/\/blafor.com\/markt\/?s={search_term_string}"},"query-input":{"@type":"PropertyValueSpecification","valueRequired":true,"valueName":"search_term_string"}}],"inLanguage":"de"},{"@type":"Organization","@id":"https:\/\/blafor.com\/markt\/#organization","name":"BlaFor.com","alternateName":"ALIZEL","url":"https:\/\/blafor.com\/markt\/","logo":{"@type":"ImageObject","inLanguage":"de","@id":"https:\/\/blafor.com\/markt\/#\/schema\/logo\/image\/","url":"https:\/\/blafor.com\/markt\/wp-content\/uploads\/sites\/6\/2022\/07\/bfc-shop64.png","contentUrl":"https:\/\/blafor.com\/markt\/wp-content\/uploads\/sites\/6\/2022\/07\/bfc-shop64.png","width":400,"height":160,"caption":"BlaFor.com"},"image":{"@id":"https:\/\/blafor.com\/markt\/#\/schema\/logo\/image\/"},"sameAs":["https:\/\/www.facebook.com\/BlaForCom\/","https:\/\/www.linkedin.com\/showcase\/blaforcom\/"]}]}},"taxonomy_info":{"product_cat":[{"value":409,"label":"Anleitungen"},{"value":44,"label":"Gesund &amp; Fit"}],"product_tag":[{"value":55,"label":"Lebensqualit\u00e4t"},{"value":56,"label":"Wohlbefinden"}],"pa_marke":[{"value":144,"label":"InnerPlus"}],"product_brands":[{"value":739,"label":"InnerPlus"}]},"featured_image_src_large":["https:\/\/blafor.com\/markt\/wp-content\/uploads\/sites\/6\/2021\/06\/aktivgesund811.jpg",800,800,false],"author_info":[],"comment_info":"","_links":{"self":[{"href":"https:\/\/blafor.com\/markt\/wp-json\/wp\/v2\/product\/2497","targetHints":{"allow":["GET"]}}],"collection":[{"href":"https:\/\/blafor.com\/markt\/wp-json\/wp\/v2\/product"}],"about":[{"href":"https:\/\/blafor.com\/markt\/wp-json\/wp\/v2\/types\/product"}],"wp:featuredmedia":[{"embeddable":true,"href":"https:\/\/blafor.com\/markt\/wp-json\/wp\/v2\/media\/7625"}],"wp:attachment":[{"href":"https:\/\/blafor.com\/markt\/wp-json\/wp\/v2\/media?parent=2497"}],"wp:term":[{"taxonomy":"product_brand","embeddable":true,"href":"https:\/\/blafor.com\/markt\/wp-json\/wp\/v2\/product_brand?post=2497"},{"taxonomy":"product_cat","embeddable":true,"href":"https:\/\/blafor.com\/markt\/wp-json\/wp\/v2\/product_cat?post=2497"},{"taxonomy":"product_tag","embeddable":true,"href":"https:\/\/blafor.com\/markt\/wp-json\/wp\/v2\/product_tag?post=2497"},{"taxonomy":"product_brands","embeddable":true,"href":"https:\/\/blafor.com\/markt\/wp-json\/wp\/v2\/product_brands?post=2497"}],"curies":[{"name":"wp","href":"https:\/\/api.w.org\/{rel}","templated":true}]}}