{"id":2319,"date":"2020-08-05T06:41:16","date_gmt":"2020-08-05T04:41:16","guid":{"rendered":"https:\/\/blafor.com\/markt\/?post_type=product&#038;p=2319"},"modified":"2022-08-01T07:08:45","modified_gmt":"2022-08-01T05:08:45","slug":"men-pants-jules-length-33-sols","status":"publish","type":"product","link":"https:\/\/blafor.com\/markt\/produkt\/men-pants-jules-length-33-sols\/","title":{"rendered":"Men Pants Jules Length 33 SOL&#8217;S"},"content":{"rendered":"<h2>Men Pants Jules Length 33 SOL&#8217;S<\/h2>\n<p>Men Pants Jules Length 33 von SOL&#8217;S ist eine zeitlose 33 Inch lange Chino Hose f\u00fcr M\u00e4nner. Ein moderner Schnitt mit 5-Pocket-Styling und einer gro\u00dfen Auswahl an trendigen Farben und elastischem Komfort. Ideal als Arbeitshose im Hotel oder Restaurant.<\/p>\n<ul>\n<li>Chinohose: L\u00e4ssige Stoffhose mit stilvollen Schnitt und typischen Chinotaschen.<\/li>\n<li>Verf\u00fcgbare Gr\u00f6\u00dfen: 38, 40, 42, 44, 46, 48, 50, 52, 54, 56 (Bundweite)<\/li>\n<li>Verf\u00fcgbare L\u00e4ngen: 33 Inch (L\/length\/lang\/84 cm Schrittl\u00e4nge)<\/li>\n<li>Verf\u00fcgbare Farben: Black, Charcoal Grey (Solid) , Chestnut, French Navy, Kelly Green, Poppy Red, Sunset Pink, Ultramarine, White<\/li>\n<li>Material: Chino-Twill, 98% Baumwolle \/ 2% Elasthan<\/li>\n<li>Pflegehinweise: max. 40 \u00b0C waschbar, Chemische Reinigung m\u00f6glich, nicht Trockner geeignet, B\u00fcgeln max. 110 \u00b0C<\/li>\n<\/ul>\n<p>*Bitte beachte, die dargestellten Farben in der Veranschaulichung am Bildschirm k\u00f6nnen von den Originalfarben abweichen.<\/p>\n<p>Artikel-Nr.: L01424<br \/>\nStyle: 01424, Stoffhose, SOL&#8217;S, Five-Pocket-Style<\/p>\n","protected":false},"excerpt":{"rendered":"<ul>\n<li>L\u00e4ssige Stoffhose mit 5 Taschen<\/li>\n<li>Baumwolle mit Elasthan anteil<\/li>\n<li>Gro\u00dfe Auswahl an trendigen Farben<\/li>\n<li>In EU-Gr\u00f6\u00dfen 38 bis 56, 84 cm Schrittl\u00e4nge<\/li>\n<li>Weitere Farben und Gr\u00f6\u00dfen gerne auf Anfrage<\/li>\n<\/ul>\n","protected":false},"featured_media":2320,"template":"","meta":{"_kad_blocks_custom_css":"","_kad_blocks_head_custom_js":"","_kad_blocks_body_custom_js":"","_kad_blocks_footer_custom_js":"","_kadence_starter_templates_imported_post":false,"_kad_post_transparent":"default","_kad_post_title":"","_kad_post_layout":"default","_kad_post_sidebar_id":"","_kad_post_content_style":"default","_kad_post_vertical_padding":"default","_kad_post_feature":"","_kad_post_feature_position":"","_kad_post_header":false,"_kad_post_footer":false,"_kad_post_classname":""},"product_brand":[],"product_cat":[390],"product_tag":[391,392],"product_brands":[],"class_list":{"0":"post-2319","1":"product","2":"type-product","3":"status-publish","4":"has-post-thumbnail","6":"product_cat-chino-herren","7":"product_tag-5-pocket-style","8":"product_tag-zeitlos","9":"pa_farbe-black","10":"pa_hosengroesse-herren-46w-33l","11":"pa_marke-sols","12":"pa_material-98-baumwolle-2-elasthan","13":"pa_standort-106","15":"first","16":"instock","17":"taxable","18":"shipping-taxable","19":"purchasable","20":"product-type-variable","21":"entry","22":"content-bg","23":"loop-entry"},"yoast_head":"<!-- This site is optimized with the Yoast SEO plugin v27.5 - https:\/\/yoast.com\/product\/yoast-seo-wordpress\/ -->\n<title>Men Pants Jules Length 33 SOL&#039;S : BlaFor.com Markt<\/title>\n<meta name=\"robots\" content=\"index, follow, max-snippet:-1, max-image-preview:large, max-video-preview:-1\" \/>\n<link rel=\"canonical\" href=\"https:\/\/blafor.com\/markt\/produkt\/men-pants-jules-length-33-sols\/\" \/>\n<meta property=\"og:locale\" content=\"de_DE\" \/>\n<meta property=\"og:type\" content=\"article\" \/>\n<meta property=\"og:title\" content=\"Men Pants Jules Length 33 SOL&#039;S : BlaFor.com Markt\" \/>\n<meta property=\"og:description\" content=\"L\u00e4ssige Stoffhose mit 5 Taschen  Baumwolle mit Elasthan anteil  Gro\u00dfe Auswahl an trendigen Farben  In EU-Gr\u00f6\u00dfen 38 bis 56, 84 cm Schrittl\u00e4nge  Weitere Farben und Gr\u00f6\u00dfen gerne auf Anfrage\" \/>\n<meta property=\"og:url\" content=\"https:\/\/blafor.com\/markt\/produkt\/men-pants-jules-length-33-sols\/\" \/>\n<meta property=\"og:site_name\" content=\"BlaFor.com Markt\" \/>\n<meta property=\"article:publisher\" content=\"https:\/\/www.facebook.com\/BlaForCom\/\" \/>\n<meta property=\"article:modified_time\" content=\"2022-08-01T05:08:45+00:00\" \/>\n<meta property=\"og:image\" content=\"https:\/\/blafor.com\/markt\/wp-content\/uploads\/sites\/6\/2022\/08\/l01424a.jpg\" \/>\n\t<meta property=\"og:image:width\" content=\"800\" \/>\n\t<meta property=\"og:image:height\" content=\"800\" \/>\n\t<meta property=\"og:image:type\" content=\"image\/jpeg\" \/>\n<meta name=\"twitter:card\" content=\"summary_large_image\" \/>\n<meta name=\"twitter:label1\" content=\"Gesch\u00e4tzte Lesezeit\" \/>\n\t<meta name=\"twitter:data1\" content=\"1\u00a0Minute\" \/>\n<script type=\"application\/ld+json\" class=\"yoast-schema-graph\">{\"@context\":\"https:\\\/\\\/schema.org\",\"@graph\":[{\"@type\":\"WebPage\",\"@id\":\"https:\\\/\\\/blafor.com\\\/markt\\\/produkt\\\/men-pants-jules-length-33-sols\\\/\",\"url\":\"https:\\\/\\\/blafor.com\\\/markt\\\/produkt\\\/men-pants-jules-length-33-sols\\\/\",\"name\":\"Men Pants Jules Length 33 SOL'S : BlaFor.com Markt\",\"isPartOf\":{\"@id\":\"https:\\\/\\\/blafor.com\\\/markt\\\/#website\"},\"primaryImageOfPage\":{\"@id\":\"https:\\\/\\\/blafor.com\\\/markt\\\/produkt\\\/men-pants-jules-length-33-sols\\\/#primaryimage\"},\"image\":{\"@id\":\"https:\\\/\\\/blafor.com\\\/markt\\\/produkt\\\/men-pants-jules-length-33-sols\\\/#primaryimage\"},\"thumbnailUrl\":\"https:\\\/\\\/blafor.com\\\/markt\\\/wp-content\\\/uploads\\\/sites\\\/6\\\/2022\\\/08\\\/l01424a.jpg\",\"datePublished\":\"2020-08-05T04:41:16+00:00\",\"dateModified\":\"2022-08-01T05:08:45+00:00\",\"breadcrumb\":{\"@id\":\"https:\\\/\\\/blafor.com\\\/markt\\\/produkt\\\/men-pants-jules-length-33-sols\\\/#breadcrumb\"},\"inLanguage\":\"de\",\"potentialAction\":[{\"@type\":\"ReadAction\",\"target\":[\"https:\\\/\\\/blafor.com\\\/markt\\\/produkt\\\/men-pants-jules-length-33-sols\\\/\"]}]},{\"@type\":\"ImageObject\",\"inLanguage\":\"de\",\"@id\":\"https:\\\/\\\/blafor.com\\\/markt\\\/produkt\\\/men-pants-jules-length-33-sols\\\/#primaryimage\",\"url\":\"https:\\\/\\\/blafor.com\\\/markt\\\/wp-content\\\/uploads\\\/sites\\\/6\\\/2022\\\/08\\\/l01424a.jpg\",\"contentUrl\":\"https:\\\/\\\/blafor.com\\\/markt\\\/wp-content\\\/uploads\\\/sites\\\/6\\\/2022\\\/08\\\/l01424a.jpg\",\"width\":800,\"height\":800},{\"@type\":\"BreadcrumbList\",\"@id\":\"https:\\\/\\\/blafor.com\\\/markt\\\/produkt\\\/men-pants-jules-length-33-sols\\\/#breadcrumb\",\"itemListElement\":[{\"@type\":\"ListItem\",\"position\":1,\"name\":\"Startseite\",\"item\":\"https:\\\/\\\/blafor.com\\\/markt\\\/\"},{\"@type\":\"ListItem\",\"position\":2,\"name\":\"Katalog\",\"item\":\"https:\\\/\\\/blafor.com\\\/markt\\\/katalog\\\/\"},{\"@type\":\"ListItem\",\"position\":3,\"name\":\"Men Pants Jules Length 33 SOL&#8217;S\"}]},{\"@type\":\"WebSite\",\"@id\":\"https:\\\/\\\/blafor.com\\\/markt\\\/#website\",\"url\":\"https:\\\/\\\/blafor.com\\\/markt\\\/\",\"name\":\"BlaFor.com Markt\",\"description\":\"Der Online-Marktplatz aus dem Schwarzwald\",\"publisher\":{\"@id\":\"https:\\\/\\\/blafor.com\\\/markt\\\/#organization\"},\"alternateName\":\"BlaFor Markt\",\"potentialAction\":[{\"@type\":\"SearchAction\",\"target\":{\"@type\":\"EntryPoint\",\"urlTemplate\":\"https:\\\/\\\/blafor.com\\\/markt\\\/?s={search_term_string}\"},\"query-input\":{\"@type\":\"PropertyValueSpecification\",\"valueRequired\":true,\"valueName\":\"search_term_string\"}}],\"inLanguage\":\"de\"},{\"@type\":\"Organization\",\"@id\":\"https:\\\/\\\/blafor.com\\\/markt\\\/#organization\",\"name\":\"BlaFor.com\",\"alternateName\":\"ALIZEL\",\"url\":\"https:\\\/\\\/blafor.com\\\/markt\\\/\",\"logo\":{\"@type\":\"ImageObject\",\"inLanguage\":\"de\",\"@id\":\"https:\\\/\\\/blafor.com\\\/markt\\\/#\\\/schema\\\/logo\\\/image\\\/\",\"url\":\"https:\\\/\\\/blafor.com\\\/markt\\\/wp-content\\\/uploads\\\/sites\\\/6\\\/2022\\\/07\\\/bfc-shop64.png\",\"contentUrl\":\"https:\\\/\\\/blafor.com\\\/markt\\\/wp-content\\\/uploads\\\/sites\\\/6\\\/2022\\\/07\\\/bfc-shop64.png\",\"width\":400,\"height\":160,\"caption\":\"BlaFor.com\"},\"image\":{\"@id\":\"https:\\\/\\\/blafor.com\\\/markt\\\/#\\\/schema\\\/logo\\\/image\\\/\"},\"sameAs\":[\"https:\\\/\\\/www.facebook.com\\\/BlaForCom\\\/\",\"https:\\\/\\\/www.linkedin.com\\\/showcase\\\/blaforcom\\\/\"]}]}<\/script>\n<!-- \/ Yoast SEO plugin. -->","yoast_head_json":{"title":"Men Pants Jules Length 33 SOL'S : BlaFor.com Markt","robots":{"index":"index","follow":"follow","max-snippet":"max-snippet:-1","max-image-preview":"max-image-preview:large","max-video-preview":"max-video-preview:-1"},"canonical":"https:\/\/blafor.com\/markt\/produkt\/men-pants-jules-length-33-sols\/","og_locale":"de_DE","og_type":"article","og_title":"Men Pants Jules Length 33 SOL'S : BlaFor.com Markt","og_description":"L\u00e4ssige Stoffhose mit 5 Taschen  Baumwolle mit Elasthan anteil  Gro\u00dfe Auswahl an trendigen Farben  In EU-Gr\u00f6\u00dfen 38 bis 56, 84 cm Schrittl\u00e4nge  Weitere Farben und Gr\u00f6\u00dfen gerne auf Anfrage","og_url":"https:\/\/blafor.com\/markt\/produkt\/men-pants-jules-length-33-sols\/","og_site_name":"BlaFor.com Markt","article_publisher":"https:\/\/www.facebook.com\/BlaForCom\/","article_modified_time":"2022-08-01T05:08:45+00:00","og_image":[{"width":800,"height":800,"url":"https:\/\/blafor.com\/markt\/wp-content\/uploads\/sites\/6\/2022\/08\/l01424a.jpg","type":"image\/jpeg"}],"twitter_card":"summary_large_image","twitter_misc":{"Gesch\u00e4tzte Lesezeit":"1\u00a0Minute"},"schema":{"@context":"https:\/\/schema.org","@graph":[{"@type":"WebPage","@id":"https:\/\/blafor.com\/markt\/produkt\/men-pants-jules-length-33-sols\/","url":"https:\/\/blafor.com\/markt\/produkt\/men-pants-jules-length-33-sols\/","name":"Men Pants Jules Length 33 SOL'S : BlaFor.com Markt","isPartOf":{"@id":"https:\/\/blafor.com\/markt\/#website"},"primaryImageOfPage":{"@id":"https:\/\/blafor.com\/markt\/produkt\/men-pants-jules-length-33-sols\/#primaryimage"},"image":{"@id":"https:\/\/blafor.com\/markt\/produkt\/men-pants-jules-length-33-sols\/#primaryimage"},"thumbnailUrl":"https:\/\/blafor.com\/markt\/wp-content\/uploads\/sites\/6\/2022\/08\/l01424a.jpg","datePublished":"2020-08-05T04:41:16+00:00","dateModified":"2022-08-01T05:08:45+00:00","breadcrumb":{"@id":"https:\/\/blafor.com\/markt\/produkt\/men-pants-jules-length-33-sols\/#breadcrumb"},"inLanguage":"de","potentialAction":[{"@type":"ReadAction","target":["https:\/\/blafor.com\/markt\/produkt\/men-pants-jules-length-33-sols\/"]}]},{"@type":"ImageObject","inLanguage":"de","@id":"https:\/\/blafor.com\/markt\/produkt\/men-pants-jules-length-33-sols\/#primaryimage","url":"https:\/\/blafor.com\/markt\/wp-content\/uploads\/sites\/6\/2022\/08\/l01424a.jpg","contentUrl":"https:\/\/blafor.com\/markt\/wp-content\/uploads\/sites\/6\/2022\/08\/l01424a.jpg","width":800,"height":800},{"@type":"BreadcrumbList","@id":"https:\/\/blafor.com\/markt\/produkt\/men-pants-jules-length-33-sols\/#breadcrumb","itemListElement":[{"@type":"ListItem","position":1,"name":"Startseite","item":"https:\/\/blafor.com\/markt\/"},{"@type":"ListItem","position":2,"name":"Katalog","item":"https:\/\/blafor.com\/markt\/katalog\/"},{"@type":"ListItem","position":3,"name":"Men Pants Jules Length 33 SOL&#8217;S"}]},{"@type":"WebSite","@id":"https:\/\/blafor.com\/markt\/#website","url":"https:\/\/blafor.com\/markt\/","name":"BlaFor.com Markt","description":"Der Online-Marktplatz aus dem Schwarzwald","publisher":{"@id":"https:\/\/blafor.com\/markt\/#organization"},"alternateName":"BlaFor Markt","potentialAction":[{"@type":"SearchAction","target":{"@type":"EntryPoint","urlTemplate":"https:\/\/blafor.com\/markt\/?s={search_term_string}"},"query-input":{"@type":"PropertyValueSpecification","valueRequired":true,"valueName":"search_term_string"}}],"inLanguage":"de"},{"@type":"Organization","@id":"https:\/\/blafor.com\/markt\/#organization","name":"BlaFor.com","alternateName":"ALIZEL","url":"https:\/\/blafor.com\/markt\/","logo":{"@type":"ImageObject","inLanguage":"de","@id":"https:\/\/blafor.com\/markt\/#\/schema\/logo\/image\/","url":"https:\/\/blafor.com\/markt\/wp-content\/uploads\/sites\/6\/2022\/07\/bfc-shop64.png","contentUrl":"https:\/\/blafor.com\/markt\/wp-content\/uploads\/sites\/6\/2022\/07\/bfc-shop64.png","width":400,"height":160,"caption":"BlaFor.com"},"image":{"@id":"https:\/\/blafor.com\/markt\/#\/schema\/logo\/image\/"},"sameAs":["https:\/\/www.facebook.com\/BlaForCom\/","https:\/\/www.linkedin.com\/showcase\/blaforcom\/"]}]}},"taxonomy_info":{"product_cat":[{"value":390,"label":"Chino Herren"}],"product_tag":[{"value":391,"label":"5 Pocket-Style"},{"value":392,"label":"Zeitlos"}],"pa_farbe":[{"value":115,"label":"Black"}],"pa_hosengroesse-herren":[{"value":313,"label":"46W \/ 33L"}],"pa_marke":[{"value":156,"label":"SOL\u00b4S"}],"pa_material":[{"value":389,"label":"98% Baumwolle \/ 2% Elasthan"}],"pa_standort":[{"value":106,"label":"79843"}]},"featured_image_src_large":["https:\/\/blafor.com\/markt\/wp-content\/uploads\/sites\/6\/2022\/08\/l01424a.jpg",800,800,false],"author_info":[],"comment_info":"","_links":{"self":[{"href":"https:\/\/blafor.com\/markt\/wp-json\/wp\/v2\/product\/2319","targetHints":{"allow":["GET"]}}],"collection":[{"href":"https:\/\/blafor.com\/markt\/wp-json\/wp\/v2\/product"}],"about":[{"href":"https:\/\/blafor.com\/markt\/wp-json\/wp\/v2\/types\/product"}],"wp:featuredmedia":[{"embeddable":true,"href":"https:\/\/blafor.com\/markt\/wp-json\/wp\/v2\/media\/2320"}],"wp:attachment":[{"href":"https:\/\/blafor.com\/markt\/wp-json\/wp\/v2\/media?parent=2319"}],"wp:term":[{"taxonomy":"product_brand","embeddable":true,"href":"https:\/\/blafor.com\/markt\/wp-json\/wp\/v2\/product_brand?post=2319"},{"taxonomy":"product_cat","embeddable":true,"href":"https:\/\/blafor.com\/markt\/wp-json\/wp\/v2\/product_cat?post=2319"},{"taxonomy":"product_tag","embeddable":true,"href":"https:\/\/blafor.com\/markt\/wp-json\/wp\/v2\/product_tag?post=2319"},{"taxonomy":"product_brands","embeddable":true,"href":"https:\/\/blafor.com\/markt\/wp-json\/wp\/v2\/product_brands?post=2319"}],"curies":[{"name":"wp","href":"https:\/\/api.w.org\/{rel}","templated":true}]}}