{"id":2087,"date":"2022-07-29T07:45:17","date_gmt":"2022-07-29T05:45:17","guid":{"rendered":"https:\/\/blafor.com\/markt\/?post_type=product&#038;p=2087"},"modified":"2022-08-08T07:57:47","modified_gmt":"2022-08-08T05:57:47","slug":"neutral-damen-poloshirt-classic","status":"publish","type":"product","link":"https:\/\/blafor.com\/markt\/produkt\/neutral-damen-poloshirt-classic\/","title":{"rendered":"Neutral\u00ae Damen Poloshirt Classic"},"content":{"rendered":"<h2>Neutral\u00ae Damen Poloshirt Classic<\/h2>\n<p>Classic Damen Poloshirt von Neutral\u00ae in Piqu\u00e9-Qualit\u00e4t mit EU Ecolabel Zertifizierung, 100% Fairtrade-zertifizierte Baumwolle, GOTS Zertifizierung. Ripp-Strick an Kragen und \u00c4rmeln, Kn\u00f6pfe aus gepresster Baumwolle, Schlitze im Saum. Das ideale Polo f\u00fcr Frauen in Spa-, Beauty-, Gesundheits- und Pflegeberufen.<\/p>\n<ul>\n<li>Grammatur: Piqu\u00e9-Strick, 235 g\/m\u00b2<\/li>\n<li>Material: 100% Bio-Fairtrade-Baumwolle<\/li>\n<li>Verf\u00fcgbare Gr\u00f6\u00dfen: XS, S, M, L, XL, XXL<\/li>\n<li>Verf\u00fcgbare Farben*: 18, siehe auch Details<\/li>\n<li>Pflegehinweise: Waschbar bei 40\u00b0C Schonwaschgang, Trockner max. 60\u00b0C, B\u00fcgeln max. 110\u00b0C<\/li>\n<li>Zertifikation: Oeko-Tex 100, EU Ecolabel, erneuerbare Energie, GOTS und Fairtrade<\/li>\n<p>*Die dargestellten Farben in der Veranschaulichung am Bildschirm k\u00f6nnen von den Originalfarben abweichen.\n<\/ul>\n<p>Artikel-Nr.: NE22980<br \/>\nStyle: O22980, Neutral\u00ae, Poloshirt, Damen-Polo, Business-Polo, B\u00fcrokleidung<\/p>\n","protected":false},"excerpt":{"rendered":"<ul>\n<li>Poloshirt aus 100% Bio-Fairtrade-Baumwolle,\u00a0235 g\/m\u00b2<\/li>\n<li>Nachhaltig f\u00fcr Mensch und Umwelt<\/li>\n<li>Ideal f\u00fcr Textildruck und Veredelung<\/li>\n<li>Deine Gr\u00f6\u00dfe oder Farbe gerade nicht dabei? <br \/>Kontaktiere Verk\u00e4ufer!<\/li>\n<\/ul>\n","protected":false},"featured_media":2088,"template":"","meta":{"_kad_blocks_custom_css":"","_kad_blocks_head_custom_js":"","_kad_blocks_body_custom_js":"","_kad_blocks_footer_custom_js":"","_kadence_starter_templates_imported_post":false,"_kad_post_transparent":"default","_kad_post_title":"","_kad_post_layout":"default","_kad_post_sidebar_id":"","_kad_post_content_style":"default","_kad_post_vertical_padding":"default","_kad_post_feature":"","_kad_post_feature_position":"","_kad_post_header":false,"_kad_post_footer":false,"_kad_post_classname":""},"product_brand":[],"product_cat":[367,366],"product_tag":[370,369,400,401],"product_brands":[],"class_list":{"0":"post-2087","1":"product","2":"type-product","3":"status-publish","4":"has-post-thumbnail","6":"product_cat-berufskleidung","7":"product_cat-poloshirt-damen","8":"product_tag-fairtrade","9":"product_tag-nachhaltig","10":"product_tag-textildruck","11":"product_tag-veredelung","12":"pa_farbe-bordeaux","13":"pa_farbe-white","14":"pa_int-groesse-l","15":"pa_int-groesse-m","16":"pa_int-groesse-s","17":"pa_marke-neutral","18":"pa_material-100-bio-baumwolle","19":"pa_standort-106","21":"first","22":"instock","23":"taxable","24":"shipping-taxable","25":"purchasable","26":"product-type-variable","27":"entry","28":"content-bg","29":"loop-entry"},"yoast_head":"<!-- This site is optimized with the Yoast SEO plugin v27.4 - https:\/\/yoast.com\/product\/yoast-seo-wordpress\/ -->\n<title>Neutral\u00ae Damen Poloshirt Classic : BlaFor.com Markt<\/title>\n<meta name=\"robots\" content=\"index, follow, max-snippet:-1, max-image-preview:large, max-video-preview:-1\" \/>\n<link rel=\"canonical\" href=\"https:\/\/blafor.com\/markt\/produkt\/neutral-damen-poloshirt-classic\/\" \/>\n<meta property=\"og:locale\" content=\"de_DE\" \/>\n<meta property=\"og:type\" content=\"article\" \/>\n<meta property=\"og:title\" content=\"Neutral\u00ae Damen Poloshirt Classic : BlaFor.com Markt\" \/>\n<meta property=\"og:description\" content=\"Poloshirt aus 100% Bio-Fairtrade-Baumwolle,\u00a0235 g\/m\u00b2  Nachhaltig f\u00fcr Mensch und Umwelt  Ideal f\u00fcr Textildruck und Veredelung  Deine Gr\u00f6\u00dfe oder Farbe gerade nicht dabei? Kontaktiere Verk\u00e4ufer!\" \/>\n<meta property=\"og:url\" content=\"https:\/\/blafor.com\/markt\/produkt\/neutral-damen-poloshirt-classic\/\" \/>\n<meta property=\"og:site_name\" content=\"BlaFor.com Markt\" \/>\n<meta property=\"article:publisher\" content=\"https:\/\/www.facebook.com\/BlaForCom\/\" \/>\n<meta property=\"article:modified_time\" content=\"2022-08-08T05:57:47+00:00\" \/>\n<meta property=\"og:image\" content=\"https:\/\/blafor.com\/markt\/wp-content\/uploads\/sites\/6\/2022\/07\/ne22980.jpg\" \/>\n\t<meta property=\"og:image:width\" content=\"800\" \/>\n\t<meta property=\"og:image:height\" content=\"800\" \/>\n\t<meta property=\"og:image:type\" content=\"image\/jpeg\" \/>\n<meta name=\"twitter:card\" content=\"summary_large_image\" \/>\n<meta name=\"twitter:label1\" content=\"Gesch\u00e4tzte Lesezeit\" \/>\n\t<meta name=\"twitter:data1\" content=\"1\u00a0Minute\" \/>\n<script type=\"application\/ld+json\" class=\"yoast-schema-graph\">{\"@context\":\"https:\\\/\\\/schema.org\",\"@graph\":[{\"@type\":\"WebPage\",\"@id\":\"https:\\\/\\\/blafor.com\\\/markt\\\/produkt\\\/neutral-damen-poloshirt-classic\\\/\",\"url\":\"https:\\\/\\\/blafor.com\\\/markt\\\/produkt\\\/neutral-damen-poloshirt-classic\\\/\",\"name\":\"Neutral\u00ae Damen Poloshirt Classic : BlaFor.com Markt\",\"isPartOf\":{\"@id\":\"https:\\\/\\\/blafor.com\\\/markt\\\/#website\"},\"primaryImageOfPage\":{\"@id\":\"https:\\\/\\\/blafor.com\\\/markt\\\/produkt\\\/neutral-damen-poloshirt-classic\\\/#primaryimage\"},\"image\":{\"@id\":\"https:\\\/\\\/blafor.com\\\/markt\\\/produkt\\\/neutral-damen-poloshirt-classic\\\/#primaryimage\"},\"thumbnailUrl\":\"https:\\\/\\\/blafor.com\\\/markt\\\/wp-content\\\/uploads\\\/sites\\\/6\\\/2022\\\/07\\\/ne22980.jpg\",\"datePublished\":\"2022-07-29T05:45:17+00:00\",\"dateModified\":\"2022-08-08T05:57:47+00:00\",\"breadcrumb\":{\"@id\":\"https:\\\/\\\/blafor.com\\\/markt\\\/produkt\\\/neutral-damen-poloshirt-classic\\\/#breadcrumb\"},\"inLanguage\":\"de\",\"potentialAction\":[{\"@type\":\"ReadAction\",\"target\":[\"https:\\\/\\\/blafor.com\\\/markt\\\/produkt\\\/neutral-damen-poloshirt-classic\\\/\"]}]},{\"@type\":\"ImageObject\",\"inLanguage\":\"de\",\"@id\":\"https:\\\/\\\/blafor.com\\\/markt\\\/produkt\\\/neutral-damen-poloshirt-classic\\\/#primaryimage\",\"url\":\"https:\\\/\\\/blafor.com\\\/markt\\\/wp-content\\\/uploads\\\/sites\\\/6\\\/2022\\\/07\\\/ne22980.jpg\",\"contentUrl\":\"https:\\\/\\\/blafor.com\\\/markt\\\/wp-content\\\/uploads\\\/sites\\\/6\\\/2022\\\/07\\\/ne22980.jpg\",\"width\":800,\"height\":800},{\"@type\":\"BreadcrumbList\",\"@id\":\"https:\\\/\\\/blafor.com\\\/markt\\\/produkt\\\/neutral-damen-poloshirt-classic\\\/#breadcrumb\",\"itemListElement\":[{\"@type\":\"ListItem\",\"position\":1,\"name\":\"Startseite\",\"item\":\"https:\\\/\\\/blafor.com\\\/markt\\\/\"},{\"@type\":\"ListItem\",\"position\":2,\"name\":\"Katalog\",\"item\":\"https:\\\/\\\/blafor.com\\\/markt\\\/katalog\\\/\"},{\"@type\":\"ListItem\",\"position\":3,\"name\":\"Neutral\u00ae Damen Poloshirt Classic\"}]},{\"@type\":\"WebSite\",\"@id\":\"https:\\\/\\\/blafor.com\\\/markt\\\/#website\",\"url\":\"https:\\\/\\\/blafor.com\\\/markt\\\/\",\"name\":\"BlaFor.com Markt\",\"description\":\"Der Online-Marktplatz aus dem Schwarzwald\",\"publisher\":{\"@id\":\"https:\\\/\\\/blafor.com\\\/markt\\\/#organization\"},\"alternateName\":\"BlaFor Markt\",\"potentialAction\":[{\"@type\":\"SearchAction\",\"target\":{\"@type\":\"EntryPoint\",\"urlTemplate\":\"https:\\\/\\\/blafor.com\\\/markt\\\/?s={search_term_string}\"},\"query-input\":{\"@type\":\"PropertyValueSpecification\",\"valueRequired\":true,\"valueName\":\"search_term_string\"}}],\"inLanguage\":\"de\"},{\"@type\":\"Organization\",\"@id\":\"https:\\\/\\\/blafor.com\\\/markt\\\/#organization\",\"name\":\"BlaFor.com\",\"alternateName\":\"ALIZEL\",\"url\":\"https:\\\/\\\/blafor.com\\\/markt\\\/\",\"logo\":{\"@type\":\"ImageObject\",\"inLanguage\":\"de\",\"@id\":\"https:\\\/\\\/blafor.com\\\/markt\\\/#\\\/schema\\\/logo\\\/image\\\/\",\"url\":\"https:\\\/\\\/blafor.com\\\/markt\\\/wp-content\\\/uploads\\\/sites\\\/6\\\/2022\\\/07\\\/bfc-shop64.png\",\"contentUrl\":\"https:\\\/\\\/blafor.com\\\/markt\\\/wp-content\\\/uploads\\\/sites\\\/6\\\/2022\\\/07\\\/bfc-shop64.png\",\"width\":400,\"height\":160,\"caption\":\"BlaFor.com\"},\"image\":{\"@id\":\"https:\\\/\\\/blafor.com\\\/markt\\\/#\\\/schema\\\/logo\\\/image\\\/\"},\"sameAs\":[\"https:\\\/\\\/www.facebook.com\\\/BlaForCom\\\/\",\"https:\\\/\\\/www.linkedin.com\\\/showcase\\\/blaforcom\\\/\"]}]}<\/script>\n<!-- \/ Yoast SEO plugin. -->","yoast_head_json":{"title":"Neutral\u00ae Damen Poloshirt Classic : BlaFor.com Markt","robots":{"index":"index","follow":"follow","max-snippet":"max-snippet:-1","max-image-preview":"max-image-preview:large","max-video-preview":"max-video-preview:-1"},"canonical":"https:\/\/blafor.com\/markt\/produkt\/neutral-damen-poloshirt-classic\/","og_locale":"de_DE","og_type":"article","og_title":"Neutral\u00ae Damen Poloshirt Classic : BlaFor.com Markt","og_description":"Poloshirt aus 100% Bio-Fairtrade-Baumwolle,\u00a0235 g\/m\u00b2  Nachhaltig f\u00fcr Mensch und Umwelt  Ideal f\u00fcr Textildruck und Veredelung  Deine Gr\u00f6\u00dfe oder Farbe gerade nicht dabei? Kontaktiere Verk\u00e4ufer!","og_url":"https:\/\/blafor.com\/markt\/produkt\/neutral-damen-poloshirt-classic\/","og_site_name":"BlaFor.com Markt","article_publisher":"https:\/\/www.facebook.com\/BlaForCom\/","article_modified_time":"2022-08-08T05:57:47+00:00","og_image":[{"width":800,"height":800,"url":"https:\/\/blafor.com\/markt\/wp-content\/uploads\/sites\/6\/2022\/07\/ne22980.jpg","type":"image\/jpeg"}],"twitter_card":"summary_large_image","twitter_misc":{"Gesch\u00e4tzte Lesezeit":"1\u00a0Minute"},"schema":{"@context":"https:\/\/schema.org","@graph":[{"@type":"WebPage","@id":"https:\/\/blafor.com\/markt\/produkt\/neutral-damen-poloshirt-classic\/","url":"https:\/\/blafor.com\/markt\/produkt\/neutral-damen-poloshirt-classic\/","name":"Neutral\u00ae Damen Poloshirt Classic : BlaFor.com Markt","isPartOf":{"@id":"https:\/\/blafor.com\/markt\/#website"},"primaryImageOfPage":{"@id":"https:\/\/blafor.com\/markt\/produkt\/neutral-damen-poloshirt-classic\/#primaryimage"},"image":{"@id":"https:\/\/blafor.com\/markt\/produkt\/neutral-damen-poloshirt-classic\/#primaryimage"},"thumbnailUrl":"https:\/\/blafor.com\/markt\/wp-content\/uploads\/sites\/6\/2022\/07\/ne22980.jpg","datePublished":"2022-07-29T05:45:17+00:00","dateModified":"2022-08-08T05:57:47+00:00","breadcrumb":{"@id":"https:\/\/blafor.com\/markt\/produkt\/neutral-damen-poloshirt-classic\/#breadcrumb"},"inLanguage":"de","potentialAction":[{"@type":"ReadAction","target":["https:\/\/blafor.com\/markt\/produkt\/neutral-damen-poloshirt-classic\/"]}]},{"@type":"ImageObject","inLanguage":"de","@id":"https:\/\/blafor.com\/markt\/produkt\/neutral-damen-poloshirt-classic\/#primaryimage","url":"https:\/\/blafor.com\/markt\/wp-content\/uploads\/sites\/6\/2022\/07\/ne22980.jpg","contentUrl":"https:\/\/blafor.com\/markt\/wp-content\/uploads\/sites\/6\/2022\/07\/ne22980.jpg","width":800,"height":800},{"@type":"BreadcrumbList","@id":"https:\/\/blafor.com\/markt\/produkt\/neutral-damen-poloshirt-classic\/#breadcrumb","itemListElement":[{"@type":"ListItem","position":1,"name":"Startseite","item":"https:\/\/blafor.com\/markt\/"},{"@type":"ListItem","position":2,"name":"Katalog","item":"https:\/\/blafor.com\/markt\/katalog\/"},{"@type":"ListItem","position":3,"name":"Neutral\u00ae Damen Poloshirt Classic"}]},{"@type":"WebSite","@id":"https:\/\/blafor.com\/markt\/#website","url":"https:\/\/blafor.com\/markt\/","name":"BlaFor.com Markt","description":"Der Online-Marktplatz aus dem Schwarzwald","publisher":{"@id":"https:\/\/blafor.com\/markt\/#organization"},"alternateName":"BlaFor Markt","potentialAction":[{"@type":"SearchAction","target":{"@type":"EntryPoint","urlTemplate":"https:\/\/blafor.com\/markt\/?s={search_term_string}"},"query-input":{"@type":"PropertyValueSpecification","valueRequired":true,"valueName":"search_term_string"}}],"inLanguage":"de"},{"@type":"Organization","@id":"https:\/\/blafor.com\/markt\/#organization","name":"BlaFor.com","alternateName":"ALIZEL","url":"https:\/\/blafor.com\/markt\/","logo":{"@type":"ImageObject","inLanguage":"de","@id":"https:\/\/blafor.com\/markt\/#\/schema\/logo\/image\/","url":"https:\/\/blafor.com\/markt\/wp-content\/uploads\/sites\/6\/2022\/07\/bfc-shop64.png","contentUrl":"https:\/\/blafor.com\/markt\/wp-content\/uploads\/sites\/6\/2022\/07\/bfc-shop64.png","width":400,"height":160,"caption":"BlaFor.com"},"image":{"@id":"https:\/\/blafor.com\/markt\/#\/schema\/logo\/image\/"},"sameAs":["https:\/\/www.facebook.com\/BlaForCom\/","https:\/\/www.linkedin.com\/showcase\/blaforcom\/"]}]}},"taxonomy_info":{"product_cat":[{"value":367,"label":"Berufskleidung"},{"value":366,"label":"Poloshirt Damen"}],"product_tag":[{"value":370,"label":"Fairtrade"},{"value":369,"label":"Nachhaltig"},{"value":400,"label":"Textildruck"},{"value":401,"label":"Veredelung"}],"pa_farbe":[{"value":118,"label":"Bordeaux"},{"value":368,"label":"White"}],"pa_int-groesse":[{"value":238,"label":"L"},{"value":237,"label":"M"},{"value":236,"label":"S"}],"pa_marke":[{"value":152,"label":"Neutral\u00ae"}],"pa_material":[{"value":248,"label":"100% Bio-Baumwolle"}],"pa_standort":[{"value":106,"label":"79843"}]},"featured_image_src_large":["https:\/\/blafor.com\/markt\/wp-content\/uploads\/sites\/6\/2022\/07\/ne22980.jpg",800,800,false],"author_info":[],"comment_info":"","_links":{"self":[{"href":"https:\/\/blafor.com\/markt\/wp-json\/wp\/v2\/product\/2087","targetHints":{"allow":["GET"]}}],"collection":[{"href":"https:\/\/blafor.com\/markt\/wp-json\/wp\/v2\/product"}],"about":[{"href":"https:\/\/blafor.com\/markt\/wp-json\/wp\/v2\/types\/product"}],"wp:featuredmedia":[{"embeddable":true,"href":"https:\/\/blafor.com\/markt\/wp-json\/wp\/v2\/media\/2088"}],"wp:attachment":[{"href":"https:\/\/blafor.com\/markt\/wp-json\/wp\/v2\/media?parent=2087"}],"wp:term":[{"taxonomy":"product_brand","embeddable":true,"href":"https:\/\/blafor.com\/markt\/wp-json\/wp\/v2\/product_brand?post=2087"},{"taxonomy":"product_cat","embeddable":true,"href":"https:\/\/blafor.com\/markt\/wp-json\/wp\/v2\/product_cat?post=2087"},{"taxonomy":"product_tag","embeddable":true,"href":"https:\/\/blafor.com\/markt\/wp-json\/wp\/v2\/product_tag?post=2087"},{"taxonomy":"product_brands","embeddable":true,"href":"https:\/\/blafor.com\/markt\/wp-json\/wp\/v2\/product_brands?post=2087"}],"curies":[{"name":"wp","href":"https:\/\/api.w.org\/{rel}","templated":true}]}}