{"id":8,"date":"2022-05-29T07:44:29","date_gmt":"2022-05-29T05:44:29","guid":{"rendered":"https:\/\/blafor.com\/market\/mein-konto\/"},"modified":"2022-09-10T10:29:27","modified_gmt":"2022-09-10T08:29:27","slug":"impressum","status":"publish","type":"page","link":"https:\/\/blafor.com\/markt\/impressum\/","title":{"rendered":"Impressum"},"content":{"rendered":"<style>.wp-block-kadence-advancedheading.kt-adv-heading_57b891-99, .wp-block-kadence-advancedheading.kt-adv-heading_57b891-99[data-kb-block=\"kb-adv-heading_57b891-99\"]{text-align:left;font-style:normal;}.wp-block-kadence-advancedheading.kt-adv-heading_57b891-99 mark.kt-highlight, .wp-block-kadence-advancedheading.kt-adv-heading_57b891-99[data-kb-block=\"kb-adv-heading_57b891-99\"] mark.kt-highlight{font-style:normal;color:#f76a0c;-webkit-box-decoration-break:clone;box-decoration-break:clone;padding-top:0px;padding-right:0px;padding-bottom:0px;padding-left:0px;}.wp-block-kadence-advancedheading.kt-adv-heading_57b891-99 img.kb-inline-image, .wp-block-kadence-advancedheading.kt-adv-heading_57b891-99[data-kb-block=\"kb-adv-heading_57b891-99\"] img.kb-inline-image{width:150px;vertical-align:baseline;}@media all and (max-width: 767px){.wp-block-kadence-advancedheading.kt-adv-heading_57b891-99, .wp-block-kadence-advancedheading.kt-adv-heading_57b891-99[data-kb-block=\"kb-adv-heading_57b891-99\"]{line-height:36px;}}<\/style>\n<h2 class=\"kt-adv-heading_57b891-99 wp-block-kadence-advancedheading\" data-kb-block=\"kb-adv-heading_57b891-99\">Impressum f\u00fcr das Online-Angebot BlaFor.com, ein Unternehmen der ALIZEL Gruppe<\/h2>\n\n\n<style>#kt-layout-id_ceb743-32 > .kt-row-column-wrap{align-content:start;}:where(#kt-layout-id_ceb743-32 > .kt-row-column-wrap) > .wp-block-kadence-column{justify-content:start;}#kt-layout-id_ceb743-32 > .kt-row-column-wrap{column-gap:var(--global-kb-gap-lg, 4rem);row-gap:var(--global-kb-gap-md, 2rem);max-width:var( --global-content-width, 1290px );padding-left:var(--global-content-edge-padding);padding-right:var(--global-content-edge-padding);padding-top:var( --global-kb-row-default-top, 25px );padding-bottom:var( --global-kb-row-default-bottom, 25px );padding-top:20px;padding-bottom:60px;padding-left:0px;padding-right:0px;grid-template-columns:repeat(2, minmax(0, 1fr));}#kt-layout-id_ceb743-32 > .kt-row-layout-overlay{opacity:0.30;}@media all and (max-width: 1024px){#kt-layout-id_ceb743-32 > .kt-row-column-wrap{grid-template-columns:repeat(2, minmax(0, 1fr));}}@media all and (max-width: 767px){#kt-layout-id_ceb743-32 > .kt-row-column-wrap{grid-template-columns:minmax(0, 1fr);}}<\/style>\n<div class=\"wp-block-kadence-rowlayout alignnone\"><div id=\"kt-layout-id_ceb743-32\" class=\"kt-row-layout-inner kt-layout-id_ceb743-32\"><div class=\"kt-row-column-wrap kt-has-2-columns kt-gutter-wider kt-v-gutter-default kt-row-valign-top kt-row-layout-equal kt-tab-layout-inherit kt-m-colapse-left-to-right kt-mobile-layout-row kb-theme-content-width\"><style>.kadence-column_aa4888-db > .kt-inside-inner-col{border-top-width:0px;border-right-width:0px;border-bottom-width:0px;border-left-width:0px;}.kadence-column_aa4888-db > .kt-inside-inner-col,.kadence-column_aa4888-db > .kt-inside-inner-col:before{border-top-left-radius:0px;border-top-right-radius:0px;border-bottom-right-radius:0px;border-bottom-left-radius:0px;}.kadence-column_aa4888-db > .kt-inside-inner-col{column-gap:var(--global-kb-gap-sm, 1rem);}.kadence-column_aa4888-db > .kt-inside-inner-col{flex-direction:column;}.kadence-column_aa4888-db > .kt-inside-inner-col > .aligncenter{width:100%;}.kadence-column_aa4888-db > .kt-inside-inner-col:before{opacity:0.3;}.kadence-column_aa4888-db{position:relative;}@media all and (max-width: 1024px){.kadence-column_aa4888-db > .kt-inside-inner-col{flex-direction:column;justify-content:center;}}@media all and (max-width: 767px){.kadence-column_aa4888-db > .kt-inside-inner-col{flex-direction:column;justify-content:center;}}<\/style>\n<div class=\"wp-block-kadence-column inner-column-1 kadence-column_aa4888-db\"><div class=\"kt-inside-inner-col\"><style>.wp-block-kadence-advancedheading.kt-adv-heading_418d7d-6f, .wp-block-kadence-advancedheading.kt-adv-heading_418d7d-6f[data-kb-block=\"kb-adv-heading_418d7d-6f\"]{text-align:left;font-style:normal;}.wp-block-kadence-advancedheading.kt-adv-heading_418d7d-6f mark.kt-highlight, .wp-block-kadence-advancedheading.kt-adv-heading_418d7d-6f[data-kb-block=\"kb-adv-heading_418d7d-6f\"] mark.kt-highlight{font-style:normal;color:#f76a0c;-webkit-box-decoration-break:clone;box-decoration-break:clone;padding-top:0px;padding-right:0px;padding-bottom:0px;padding-left:0px;}.wp-block-kadence-advancedheading.kt-adv-heading_418d7d-6f img.kb-inline-image, .wp-block-kadence-advancedheading.kt-adv-heading_418d7d-6f[data-kb-block=\"kb-adv-heading_418d7d-6f\"] img.kb-inline-image{width:150px;vertical-align:baseline;}<\/style>\n<h3 class=\"kt-adv-heading_418d7d-6f wp-block-kadence-advancedheading\" data-kb-block=\"kb-adv-heading_418d7d-6f\">Adresse<\/h3>\n\n\n\n<p class=\"has-text-align-left\">Untere Dorfstra\u00dfe 8<br>79843 L\u00f6ffingen, Deutschland<\/p>\n\n\n<style>.wp-block-kadence-advancedheading.kt-adv-heading_1f206e-bb, .wp-block-kadence-advancedheading.kt-adv-heading_1f206e-bb[data-kb-block=\"kb-adv-heading_1f206e-bb\"]{text-align:left;font-style:normal;}.wp-block-kadence-advancedheading.kt-adv-heading_1f206e-bb mark.kt-highlight, .wp-block-kadence-advancedheading.kt-adv-heading_1f206e-bb[data-kb-block=\"kb-adv-heading_1f206e-bb\"] mark.kt-highlight{font-style:normal;color:#f76a0c;-webkit-box-decoration-break:clone;box-decoration-break:clone;padding-top:0px;padding-right:0px;padding-bottom:0px;padding-left:0px;}.wp-block-kadence-advancedheading.kt-adv-heading_1f206e-bb img.kb-inline-image, .wp-block-kadence-advancedheading.kt-adv-heading_1f206e-bb[data-kb-block=\"kb-adv-heading_1f206e-bb\"] img.kb-inline-image{width:150px;vertical-align:baseline;}<\/style>\n<h3 class=\"kt-adv-heading_1f206e-bb wp-block-kadence-advancedheading\" data-kb-block=\"kb-adv-heading_1f206e-bb\">Vertreten durch<\/h3>\n\n\n\n<p class=\"has-text-align-left\">Alice Hastenteufel (Einzelunternehmen) <br>Adresse wie oben<\/p>\n\n\n<style>.wp-block-kadence-advancedheading.kt-adv-heading_771726-01, .wp-block-kadence-advancedheading.kt-adv-heading_771726-01[data-kb-block=\"kb-adv-heading_771726-01\"]{font-style:normal;}.wp-block-kadence-advancedheading.kt-adv-heading_771726-01 mark.kt-highlight, .wp-block-kadence-advancedheading.kt-adv-heading_771726-01[data-kb-block=\"kb-adv-heading_771726-01\"] mark.kt-highlight{font-style:normal;color:#f76a0c;-webkit-box-decoration-break:clone;box-decoration-break:clone;padding-top:0px;padding-right:0px;padding-bottom:0px;padding-left:0px;}.wp-block-kadence-advancedheading.kt-adv-heading_771726-01 img.kb-inline-image, .wp-block-kadence-advancedheading.kt-adv-heading_771726-01[data-kb-block=\"kb-adv-heading_771726-01\"] img.kb-inline-image{width:150px;vertical-align:baseline;}<\/style>\n<h3 class=\"kt-adv-heading_771726-01 wp-block-kadence-advancedheading\" data-kb-block=\"kb-adv-heading_771726-01\">Inhaltlich verantwortlich<\/h3>\n\n\n\n<p>Zeljko Zdesic<br>Adresse wie oben<\/p>\n\n\n<style>.wp-block-kadence-advancedheading.kt-adv-heading_a6d535-86, .wp-block-kadence-advancedheading.kt-adv-heading_a6d535-86[data-kb-block=\"kb-adv-heading_a6d535-86\"]{text-align:left;font-style:normal;}.wp-block-kadence-advancedheading.kt-adv-heading_a6d535-86 mark.kt-highlight, .wp-block-kadence-advancedheading.kt-adv-heading_a6d535-86[data-kb-block=\"kb-adv-heading_a6d535-86\"] mark.kt-highlight{font-style:normal;color:#f76a0c;-webkit-box-decoration-break:clone;box-decoration-break:clone;padding-top:0px;padding-right:0px;padding-bottom:0px;padding-left:0px;}.wp-block-kadence-advancedheading.kt-adv-heading_a6d535-86 img.kb-inline-image, .wp-block-kadence-advancedheading.kt-adv-heading_a6d535-86[data-kb-block=\"kb-adv-heading_a6d535-86\"] img.kb-inline-image{width:150px;vertical-align:baseline;}<\/style>\n<h3 class=\"kt-adv-heading_a6d535-86 wp-block-kadence-advancedheading\" data-kb-block=\"kb-adv-heading_a6d535-86\">Telefon<\/h3>\n\n\n\n<p class=\"has-text-align-left\">07654 80 88 288<\/p>\n\n\n<style>.wp-block-kadence-advancedheading.kt-adv-heading_0a1a2d-0b, .wp-block-kadence-advancedheading.kt-adv-heading_0a1a2d-0b[data-kb-block=\"kb-adv-heading_0a1a2d-0b\"]{font-style:normal;}.wp-block-kadence-advancedheading.kt-adv-heading_0a1a2d-0b mark.kt-highlight, .wp-block-kadence-advancedheading.kt-adv-heading_0a1a2d-0b[data-kb-block=\"kb-adv-heading_0a1a2d-0b\"] mark.kt-highlight{font-style:normal;color:#f76a0c;-webkit-box-decoration-break:clone;box-decoration-break:clone;padding-top:0px;padding-right:0px;padding-bottom:0px;padding-left:0px;}.wp-block-kadence-advancedheading.kt-adv-heading_0a1a2d-0b img.kb-inline-image, .wp-block-kadence-advancedheading.kt-adv-heading_0a1a2d-0b[data-kb-block=\"kb-adv-heading_0a1a2d-0b\"] img.kb-inline-image{width:150px;vertical-align:baseline;}<\/style>\n<h3 class=\"kt-adv-heading_0a1a2d-0b wp-block-kadence-advancedheading\" data-kb-block=\"kb-adv-heading_0a1a2d-0b\">E-Mail<\/h3>\n\n\n\n<p>kontakt@blafor.com<\/p>\n\n\n<style>.wp-block-kadence-advancedheading.kt-adv-heading_e4946a-0e, .wp-block-kadence-advancedheading.kt-adv-heading_e4946a-0e[data-kb-block=\"kb-adv-heading_e4946a-0e\"]{text-align:left;font-style:normal;}.wp-block-kadence-advancedheading.kt-adv-heading_e4946a-0e mark.kt-highlight, .wp-block-kadence-advancedheading.kt-adv-heading_e4946a-0e[data-kb-block=\"kb-adv-heading_e4946a-0e\"] mark.kt-highlight{font-style:normal;color:#f76a0c;-webkit-box-decoration-break:clone;box-decoration-break:clone;padding-top:0px;padding-right:0px;padding-bottom:0px;padding-left:0px;}.wp-block-kadence-advancedheading.kt-adv-heading_e4946a-0e img.kb-inline-image, .wp-block-kadence-advancedheading.kt-adv-heading_e4946a-0e[data-kb-block=\"kb-adv-heading_e4946a-0e\"] img.kb-inline-image{width:150px;vertical-align:baseline;}<\/style>\n<h3 class=\"kt-adv-heading_e4946a-0e wp-block-kadence-advancedheading\" data-kb-block=\"kb-adv-heading_e4946a-0e\">Umsatzsteuer ID<\/h3>\n\n\n\n<p class=\"has-text-align-left\">DE265609340 (Umsatzsteuer-Identifikationsnummer nach \u00a7 27a UStG)<\/p>\n<\/div><\/div>\n\n\n<style>.kadence-column_a5e2ef-f5 > .kt-inside-inner-col{border-top-width:0px;border-right-width:0px;border-bottom-width:0px;border-left-width:0px;}.kadence-column_a5e2ef-f5 > .kt-inside-inner-col,.kadence-column_a5e2ef-f5 > .kt-inside-inner-col:before{border-top-left-radius:0px;border-top-right-radius:0px;border-bottom-right-radius:0px;border-bottom-left-radius:0px;}.kadence-column_a5e2ef-f5 > .kt-inside-inner-col{column-gap:var(--global-kb-gap-sm, 1rem);}.kadence-column_a5e2ef-f5 > .kt-inside-inner-col{flex-direction:column;}.kadence-column_a5e2ef-f5 > .kt-inside-inner-col > .aligncenter{width:100%;}.kadence-column_a5e2ef-f5 > .kt-inside-inner-col:before{opacity:0.3;}.kadence-column_a5e2ef-f5{position:relative;}@media all and (max-width: 1024px){.kadence-column_a5e2ef-f5 > .kt-inside-inner-col{flex-direction:column;justify-content:center;}}@media all and (max-width: 767px){.kadence-column_a5e2ef-f5 > .kt-inside-inner-col{flex-direction:column;justify-content:center;}}<\/style>\n<div class=\"wp-block-kadence-column inner-column-2 kadence-column_a5e2ef-f5\"><div class=\"kt-inside-inner-col\"><style>.wp-block-kadence-advancedheading.kt-adv-heading_e5b4bf-81, .wp-block-kadence-advancedheading.kt-adv-heading_e5b4bf-81[data-kb-block=\"kb-adv-heading_e5b4bf-81\"]{font-style:normal;}.wp-block-kadence-advancedheading.kt-adv-heading_e5b4bf-81 mark.kt-highlight, .wp-block-kadence-advancedheading.kt-adv-heading_e5b4bf-81[data-kb-block=\"kb-adv-heading_e5b4bf-81\"] mark.kt-highlight{font-style:normal;color:#f76a0c;-webkit-box-decoration-break:clone;box-decoration-break:clone;padding-top:0px;padding-right:0px;padding-bottom:0px;padding-left:0px;}.wp-block-kadence-advancedheading.kt-adv-heading_e5b4bf-81 img.kb-inline-image, .wp-block-kadence-advancedheading.kt-adv-heading_e5b4bf-81[data-kb-block=\"kb-adv-heading_e5b4bf-81\"] img.kb-inline-image{width:150px;vertical-align:baseline;}<\/style>\n<h3 class=\"kt-adv-heading_e5b4bf-81 wp-block-kadence-advancedheading\" data-kb-block=\"kb-adv-heading_e5b4bf-81\">Haftungsausschluss f\u00fcr Links<\/h3>\n\n\n\n<p>Trotz sorgf\u00e4ltiger inhaltlicher Kontrolle, \u00fcbernehmen wir keine Haftung f\u00fcr die Inhalte, der von uns verlinkter Websites. F\u00fcr den Inhalt und f\u00fcr den Datenschutz der extern verlinkten Seiten sind ausschlie\u00dflich deren Betreiber verantwortlich.<\/p>\n\n\n<style>.wp-block-kadence-advancedheading.kt-adv-heading_b3afdd-e0, .wp-block-kadence-advancedheading.kt-adv-heading_b3afdd-e0[data-kb-block=\"kb-adv-heading_b3afdd-e0\"]{font-style:normal;}.wp-block-kadence-advancedheading.kt-adv-heading_b3afdd-e0 mark.kt-highlight, .wp-block-kadence-advancedheading.kt-adv-heading_b3afdd-e0[data-kb-block=\"kb-adv-heading_b3afdd-e0\"] mark.kt-highlight{font-style:normal;color:#f76a0c;-webkit-box-decoration-break:clone;box-decoration-break:clone;padding-top:0px;padding-right:0px;padding-bottom:0px;padding-left:0px;}.wp-block-kadence-advancedheading.kt-adv-heading_b3afdd-e0 img.kb-inline-image, .wp-block-kadence-advancedheading.kt-adv-heading_b3afdd-e0[data-kb-block=\"kb-adv-heading_b3afdd-e0\"] img.kb-inline-image{width:150px;vertical-align:baseline;}<\/style>\n<h3 class=\"kt-adv-heading_b3afdd-e0 wp-block-kadence-advancedheading\" data-kb-block=\"kb-adv-heading_b3afdd-e0\">Urheberrechte \/ Copyright<\/h3>\n\n\n\n<p>Der Inhalt dieser Website ist urheberrechtlich gesch\u00fctzt. S\u00e4mtliche Inhalte wie z.B. Texte und Fotos, d\u00fcrfen nur f\u00fcr private Zwecke und internen Gebrauch gespeichert werden. S\u00e4mtliche Inhalte, auch auszugsweise, d\u00fcrfen nur mit schriftlicher Genehmigung der ALIZEL kommerziell kopiert, heruntergeladen, vervielf\u00e4ltigt, ge\u00e4ndert, ver\u00f6ffentlicht oder anderweitig genutzt werden.<\/p>\n\n\n<style>.wp-block-kadence-advancedheading.kt-adv-heading_a096cb-fa, .wp-block-kadence-advancedheading.kt-adv-heading_a096cb-fa[data-kb-block=\"kb-adv-heading_a096cb-fa\"]{font-style:normal;}.wp-block-kadence-advancedheading.kt-adv-heading_a096cb-fa mark.kt-highlight, .wp-block-kadence-advancedheading.kt-adv-heading_a096cb-fa[data-kb-block=\"kb-adv-heading_a096cb-fa\"] mark.kt-highlight{font-style:normal;color:#f76a0c;-webkit-box-decoration-break:clone;box-decoration-break:clone;padding-top:0px;padding-right:0px;padding-bottom:0px;padding-left:0px;}.wp-block-kadence-advancedheading.kt-adv-heading_a096cb-fa img.kb-inline-image, .wp-block-kadence-advancedheading.kt-adv-heading_a096cb-fa[data-kb-block=\"kb-adv-heading_a096cb-fa\"] img.kb-inline-image{width:150px;vertical-align:baseline;}<\/style>\n<h3 class=\"kt-adv-heading_a096cb-fa wp-block-kadence-advancedheading\" data-kb-block=\"kb-adv-heading_a096cb-fa\">Haftung f\u00fcr Inhalte<\/h3>\n\n\n\n<p>Die Inhalte dieser Website werden mit gr\u00f6\u00dfter Sorgfalt erstellt. Die Beitr\u00e4ge sind allgemeiner und informativer Art. F\u00fcr Richtigkeit, Vollst\u00e4ndigkeit und Aktualit\u00e4t dieser Inhalte wird keine Haftung \u00fcbernommen.<\/p>\n<\/div><\/div>\n<\/div><\/div><\/div>\n\n\n<div class=\"woocommerce woocommerce-gzd woocommerce-gzd-complaints-shortcode\">\n\t\t\t<h3>Alternative Streitbeilegung gem\u00e4\u00df Art. 14 Abs. 1 ODR-VO und \u00a7 36 VSBG:<\/h3>\n\t\nZur Teilnahme an einem Streitbeilegungsverfahren vor einer Verbraucherschlichtungsstelle sind wir nicht verpflichtet und nicht bereit.<\/div>\n\n\n<style>.wp-block-kadence-advancedheading.kt-adv-heading_2cd29f-61, .wp-block-kadence-advancedheading.kt-adv-heading_2cd29f-61[data-kb-block=\"kb-adv-heading_2cd29f-61\"]{text-align:center;font-style:normal;}.wp-block-kadence-advancedheading.kt-adv-heading_2cd29f-61 mark.kt-highlight, .wp-block-kadence-advancedheading.kt-adv-heading_2cd29f-61[data-kb-block=\"kb-adv-heading_2cd29f-61\"] mark.kt-highlight{font-style:normal;color:#f76a0c;-webkit-box-decoration-break:clone;box-decoration-break:clone;padding-top:0px;padding-right:0px;padding-bottom:0px;padding-left:0px;}.wp-block-kadence-advancedheading.kt-adv-heading_2cd29f-61 img.kb-inline-image, .wp-block-kadence-advancedheading.kt-adv-heading_2cd29f-61[data-kb-block=\"kb-adv-heading_2cd29f-61\"] img.kb-inline-image{width:150px;vertical-align:baseline;}<\/style>\n<h3 class=\"kt-adv-heading_2cd29f-61 wp-block-kadence-advancedheading\" data-kb-block=\"kb-adv-heading_2cd29f-61\">Vielen Dank f\u00fcr dein Interesse an BlaFor.com<\/h3>\n","protected":false},"excerpt":{"rendered":"<p>Impressum f\u00fcr das Online-Angebot BlaFor.com, ein Unternehmen der ALIZEL Gruppe Adresse Untere Dorfstra\u00dfe 879843 L\u00f6ffingen, Deutschland Vertreten durch Alice Hastenteufel (Einzelunternehmen) Adresse wie oben Inhaltlich verantwortlich Zeljko ZdesicAdresse wie oben Telefon 07654 80 88 288 E-Mail kontakt@blafor.com Umsatzsteuer ID DE265609340 (Umsatzsteuer-Identifikationsnummer nach \u00a7 27a UStG) Haftungsausschluss f\u00fcr Links Trotz sorgf\u00e4ltiger inhaltlicher Kontrolle, \u00fcbernehmen wir keine&#8230;<\/p>\n","protected":false},"author":1,"featured_media":0,"parent":0,"menu_order":0,"comment_status":"closed","ping_status":"closed","template":"","meta":{"_kad_blocks_custom_css":"","_kad_blocks_head_custom_js":"","_kad_blocks_body_custom_js":"","_kad_blocks_footer_custom_js":"","_kadence_starter_templates_imported_post":false,"_kad_post_transparent":"","_kad_post_title":"hide","_kad_post_layout":"left","_kad_post_sidebar_id":"","_kad_post_content_style":"","_kad_post_vertical_padding":"","_kad_post_feature":"","_kad_post_feature_position":"","_kad_post_header":false,"_kad_post_footer":false,"_kad_post_classname":"","footnotes":""},"class_list":["post-8","page","type-page","status-publish","hentry"],"yoast_head":"<!-- This site is optimized with the Yoast SEO plugin v27.3 - https:\/\/yoast.com\/product\/yoast-seo-wordpress\/ -->\n<title>Impressum : BlaFor.com Markt<\/title>\n<meta name=\"robots\" content=\"index, follow, max-snippet:-1, max-image-preview:large, max-video-preview:-1\" \/>\n<link rel=\"canonical\" href=\"https:\/\/blafor.com\/markt\/impressum\/\" \/>\n<meta property=\"og:locale\" content=\"de_DE\" \/>\n<meta property=\"og:type\" content=\"article\" \/>\n<meta property=\"og:title\" content=\"Impressum : BlaFor.com Markt\" \/>\n<meta property=\"og:description\" content=\"Impressum f\u00fcr das Online-Angebot BlaFor.com, ein Unternehmen der ALIZEL Gruppe Adresse Untere Dorfstra\u00dfe 879843 L\u00f6ffingen, Deutschland Vertreten durch Alice Hastenteufel (Einzelunternehmen) Adresse wie oben Inhaltlich verantwortlich Zeljko ZdesicAdresse wie oben Telefon 07654 80 88 288 E-Mail kontakt@blafor.com Umsatzsteuer ID DE265609340 (Umsatzsteuer-Identifikationsnummer nach \u00a7 27a UStG) Haftungsausschluss f\u00fcr Links Trotz sorgf\u00e4ltiger inhaltlicher Kontrolle, \u00fcbernehmen wir keine...\" \/>\n<meta property=\"og:url\" content=\"https:\/\/blafor.com\/markt\/impressum\/\" \/>\n<meta property=\"og:site_name\" content=\"BlaFor.com Markt\" \/>\n<meta property=\"article:publisher\" content=\"https:\/\/www.facebook.com\/BlaForCom\/\" \/>\n<meta property=\"article:modified_time\" content=\"2022-09-10T08:29:27+00:00\" \/>\n<meta property=\"og:image\" content=\"https:\/\/blafor.com\/markt\/wp-content\/uploads\/sites\/6\/2025\/01\/blaforcom1801.jpg\" \/>\n\t<meta property=\"og:image:width\" content=\"1800\" \/>\n\t<meta property=\"og:image:height\" content=\"900\" \/>\n\t<meta property=\"og:image:type\" content=\"image\/jpeg\" \/>\n<meta name=\"twitter:card\" content=\"summary_large_image\" \/>\n<meta name=\"twitter:label1\" content=\"Gesch\u00e4tzte Lesezeit\" \/>\n\t<meta name=\"twitter:data1\" content=\"1\u00a0Minute\" \/>\n<script type=\"application\/ld+json\" class=\"yoast-schema-graph\">{\"@context\":\"https:\\\/\\\/schema.org\",\"@graph\":[{\"@type\":\"WebPage\",\"@id\":\"https:\\\/\\\/blafor.com\\\/markt\\\/impressum\\\/\",\"url\":\"https:\\\/\\\/blafor.com\\\/markt\\\/impressum\\\/\",\"name\":\"Impressum : BlaFor.com Markt\",\"isPartOf\":{\"@id\":\"https:\\\/\\\/blafor.com\\\/markt\\\/#website\"},\"datePublished\":\"2022-05-29T05:44:29+00:00\",\"dateModified\":\"2022-09-10T08:29:27+00:00\",\"breadcrumb\":{\"@id\":\"https:\\\/\\\/blafor.com\\\/markt\\\/impressum\\\/#breadcrumb\"},\"inLanguage\":\"de\",\"potentialAction\":[{\"@type\":\"ReadAction\",\"target\":[\"https:\\\/\\\/blafor.com\\\/markt\\\/impressum\\\/\"]}]},{\"@type\":\"BreadcrumbList\",\"@id\":\"https:\\\/\\\/blafor.com\\\/markt\\\/impressum\\\/#breadcrumb\",\"itemListElement\":[{\"@type\":\"ListItem\",\"position\":1,\"name\":\"Startseite\",\"item\":\"https:\\\/\\\/blafor.com\\\/markt\\\/\"},{\"@type\":\"ListItem\",\"position\":2,\"name\":\"Impressum\"}]},{\"@type\":\"WebSite\",\"@id\":\"https:\\\/\\\/blafor.com\\\/markt\\\/#website\",\"url\":\"https:\\\/\\\/blafor.com\\\/markt\\\/\",\"name\":\"BlaFor.com Markt\",\"description\":\"Der Online-Marktplatz aus dem Schwarzwald\",\"publisher\":{\"@id\":\"https:\\\/\\\/blafor.com\\\/markt\\\/#organization\"},\"alternateName\":\"BlaFor Markt\",\"potentialAction\":[{\"@type\":\"SearchAction\",\"target\":{\"@type\":\"EntryPoint\",\"urlTemplate\":\"https:\\\/\\\/blafor.com\\\/markt\\\/?s={search_term_string}\"},\"query-input\":{\"@type\":\"PropertyValueSpecification\",\"valueRequired\":true,\"valueName\":\"search_term_string\"}}],\"inLanguage\":\"de\"},{\"@type\":\"Organization\",\"@id\":\"https:\\\/\\\/blafor.com\\\/markt\\\/#organization\",\"name\":\"BlaFor.com\",\"alternateName\":\"ALIZEL\",\"url\":\"https:\\\/\\\/blafor.com\\\/markt\\\/\",\"logo\":{\"@type\":\"ImageObject\",\"inLanguage\":\"de\",\"@id\":\"https:\\\/\\\/blafor.com\\\/markt\\\/#\\\/schema\\\/logo\\\/image\\\/\",\"url\":\"https:\\\/\\\/blafor.com\\\/markt\\\/wp-content\\\/uploads\\\/sites\\\/6\\\/2022\\\/07\\\/bfc-shop64.png\",\"contentUrl\":\"https:\\\/\\\/blafor.com\\\/markt\\\/wp-content\\\/uploads\\\/sites\\\/6\\\/2022\\\/07\\\/bfc-shop64.png\",\"width\":400,\"height\":160,\"caption\":\"BlaFor.com\"},\"image\":{\"@id\":\"https:\\\/\\\/blafor.com\\\/markt\\\/#\\\/schema\\\/logo\\\/image\\\/\"},\"sameAs\":[\"https:\\\/\\\/www.facebook.com\\\/BlaForCom\\\/\",\"https:\\\/\\\/www.linkedin.com\\\/showcase\\\/blaforcom\\\/\"]}]}<\/script>\n<!-- \/ Yoast SEO plugin. -->","yoast_head_json":{"title":"Impressum : BlaFor.com Markt","robots":{"index":"index","follow":"follow","max-snippet":"max-snippet:-1","max-image-preview":"max-image-preview:large","max-video-preview":"max-video-preview:-1"},"canonical":"https:\/\/blafor.com\/markt\/impressum\/","og_locale":"de_DE","og_type":"article","og_title":"Impressum : BlaFor.com Markt","og_description":"Impressum f\u00fcr das Online-Angebot BlaFor.com, ein Unternehmen der ALIZEL Gruppe Adresse Untere Dorfstra\u00dfe 879843 L\u00f6ffingen, Deutschland Vertreten durch Alice Hastenteufel (Einzelunternehmen) Adresse wie oben Inhaltlich verantwortlich Zeljko ZdesicAdresse wie oben Telefon 07654 80 88 288 E-Mail kontakt@blafor.com Umsatzsteuer ID DE265609340 (Umsatzsteuer-Identifikationsnummer nach \u00a7 27a UStG) Haftungsausschluss f\u00fcr Links Trotz sorgf\u00e4ltiger inhaltlicher Kontrolle, \u00fcbernehmen wir keine...","og_url":"https:\/\/blafor.com\/markt\/impressum\/","og_site_name":"BlaFor.com Markt","article_publisher":"https:\/\/www.facebook.com\/BlaForCom\/","article_modified_time":"2022-09-10T08:29:27+00:00","og_image":[{"width":1800,"height":900,"url":"https:\/\/blafor.com\/markt\/wp-content\/uploads\/sites\/6\/2025\/01\/blaforcom1801.jpg","type":"image\/jpeg"}],"twitter_card":"summary_large_image","twitter_misc":{"Gesch\u00e4tzte Lesezeit":"1\u00a0Minute"},"schema":{"@context":"https:\/\/schema.org","@graph":[{"@type":"WebPage","@id":"https:\/\/blafor.com\/markt\/impressum\/","url":"https:\/\/blafor.com\/markt\/impressum\/","name":"Impressum : BlaFor.com Markt","isPartOf":{"@id":"https:\/\/blafor.com\/markt\/#website"},"datePublished":"2022-05-29T05:44:29+00:00","dateModified":"2022-09-10T08:29:27+00:00","breadcrumb":{"@id":"https:\/\/blafor.com\/markt\/impressum\/#breadcrumb"},"inLanguage":"de","potentialAction":[{"@type":"ReadAction","target":["https:\/\/blafor.com\/markt\/impressum\/"]}]},{"@type":"BreadcrumbList","@id":"https:\/\/blafor.com\/markt\/impressum\/#breadcrumb","itemListElement":[{"@type":"ListItem","position":1,"name":"Startseite","item":"https:\/\/blafor.com\/markt\/"},{"@type":"ListItem","position":2,"name":"Impressum"}]},{"@type":"WebSite","@id":"https:\/\/blafor.com\/markt\/#website","url":"https:\/\/blafor.com\/markt\/","name":"BlaFor.com Markt","description":"Der Online-Marktplatz aus dem Schwarzwald","publisher":{"@id":"https:\/\/blafor.com\/markt\/#organization"},"alternateName":"BlaFor Markt","potentialAction":[{"@type":"SearchAction","target":{"@type":"EntryPoint","urlTemplate":"https:\/\/blafor.com\/markt\/?s={search_term_string}"},"query-input":{"@type":"PropertyValueSpecification","valueRequired":true,"valueName":"search_term_string"}}],"inLanguage":"de"},{"@type":"Organization","@id":"https:\/\/blafor.com\/markt\/#organization","name":"BlaFor.com","alternateName":"ALIZEL","url":"https:\/\/blafor.com\/markt\/","logo":{"@type":"ImageObject","inLanguage":"de","@id":"https:\/\/blafor.com\/markt\/#\/schema\/logo\/image\/","url":"https:\/\/blafor.com\/markt\/wp-content\/uploads\/sites\/6\/2022\/07\/bfc-shop64.png","contentUrl":"https:\/\/blafor.com\/markt\/wp-content\/uploads\/sites\/6\/2022\/07\/bfc-shop64.png","width":400,"height":160,"caption":"BlaFor.com"},"image":{"@id":"https:\/\/blafor.com\/markt\/#\/schema\/logo\/image\/"},"sameAs":["https:\/\/www.facebook.com\/BlaForCom\/","https:\/\/www.linkedin.com\/showcase\/blaforcom\/"]}]}},"taxonomy_info":[],"featured_image_src_large":false,"author_info":{"display_name":"ALIZEL","author_link":"https:\/\/blafor.com\/markt\/author\/zeljko\/"},"comment_info":0,"_links":{"self":[{"href":"https:\/\/blafor.com\/markt\/wp-json\/wp\/v2\/pages\/8","targetHints":{"allow":["GET"]}}],"collection":[{"href":"https:\/\/blafor.com\/markt\/wp-json\/wp\/v2\/pages"}],"about":[{"href":"https:\/\/blafor.com\/markt\/wp-json\/wp\/v2\/types\/page"}],"author":[{"embeddable":true,"href":"https:\/\/blafor.com\/markt\/wp-json\/wp\/v2\/users\/1"}],"replies":[{"embeddable":true,"href":"https:\/\/blafor.com\/markt\/wp-json\/wp\/v2\/comments?post=8"}],"version-history":[{"count":0,"href":"https:\/\/blafor.com\/markt\/wp-json\/wp\/v2\/pages\/8\/revisions"}],"wp:attachment":[{"href":"https:\/\/blafor.com\/markt\/wp-json\/wp\/v2\/media?parent=8"}],"curies":[{"name":"wp","href":"https:\/\/api.w.org\/{rel}","templated":true}]}}