{"id":7,"date":"2022-05-29T07:44:29","date_gmt":"2022-05-29T05:44:29","guid":{"rendered":"https:\/\/blafor.com\/market\/kasse\/"},"modified":"2025-01-14T07:46:45","modified_gmt":"2025-01-14T06:46:45","slug":"lieferung-versand","status":"publish","type":"page","link":"https:\/\/blafor.com\/markt\/lieferung-versand\/","title":{"rendered":"Lieferung und Versand"},"content":{"rendered":"<style>.wp-block-kadence-advancedheading.kt-adv-heading7_7660e3-33, .wp-block-kadence-advancedheading.kt-adv-heading7_7660e3-33[data-kb-block=\"kb-adv-heading7_7660e3-33\"]{font-style:normal;}.wp-block-kadence-advancedheading.kt-adv-heading7_7660e3-33 mark.kt-highlight, .wp-block-kadence-advancedheading.kt-adv-heading7_7660e3-33[data-kb-block=\"kb-adv-heading7_7660e3-33\"] mark.kt-highlight{font-style:normal;color:#f76a0c;-webkit-box-decoration-break:clone;box-decoration-break:clone;padding-top:0px;padding-right:0px;padding-bottom:0px;padding-left:0px;}.wp-block-kadence-advancedheading.kt-adv-heading7_7660e3-33 img.kb-inline-image, .wp-block-kadence-advancedheading.kt-adv-heading7_7660e3-33[data-kb-block=\"kb-adv-heading7_7660e3-33\"] img.kb-inline-image{width:150px;vertical-align:baseline;}<\/style>\n<h4 class=\"kt-adv-heading7_7660e3-33 wp-block-kadence-advancedheading\" data-kb-block=\"kb-adv-heading7_7660e3-33\">Versand<\/h4>\n\n\n\n<p>Das Angebot auf BlaFor.com richtet sich an Verbraucher, die ihren Wohnsitz in Deutschland haben. Ausnahmen bed\u00fcrfen einer gesonderten Vereinbarung mit dem Verk\u00e4ufer bzw. Anbieter.<\/p>\n\n\n\n<h4 class=\"wp-block-heading\">Standard-Lieferung Deutschland<\/h4>\n\n\n\n<p>Die Liefer- und Versandkosten k\u00f6nnen variieren. Sie werden dir im Bestellprozess angezeigt. Wenn nicht anders angegeben wird eine Versandpauschale von 5,50 \u20ac erhoben. Hierdurch werden die anfallenden Kosten f\u00fcr Porto und Verpackung nur teilweise abgedeckt, den Rest \u00fcbernehmen wir.<\/p>\n\n\n\n<h4 class=\"wp-block-heading\">Express-Lieferung Deutschland<\/h4>\n\n\n\n<p>Diese Versandmethode wird z.Z. nicht angeboten.<\/p>\n\n\n\n<h4 class=\"wp-block-heading\">Lieferung Europa<\/h4>\n\n\n\n<p>Bestellungen und Lieferungen sind z.Z. nur innerhalb Deutschlands m\u00f6glich.<\/p>\n\n\n\n<h4 class=\"wp-block-heading\">Lieferbedingungen<\/h4>\n\n\n\n<p>Bis zur vollst\u00e4ndigen Bezahlung bleibt die Ware Eigentum des Verk\u00e4ufers. F\u00fcr Widerruf, R\u00fcckgabe und Erstattung gelten die gesetzlichen Regelungen, Gesch\u00e4ftsbedingungen des Verk\u00e4ufers bzw. Anbieters und die\u00a0<a href=\"https:\/\/blafor.com\/markt\/agb\/\">Gesch\u00e4ftsbedingungen<\/a> der ALIZEL.<\/p>\n","protected":false},"excerpt":{"rendered":"<p>Versand Das Angebot auf BlaFor.com richtet sich an Verbraucher, die ihren Wohnsitz in Deutschland haben. Ausnahmen bed\u00fcrfen einer gesonderten Vereinbarung mit dem Verk\u00e4ufer bzw. Anbieter. Standard-Lieferung Deutschland Die Liefer- und Versandkosten k\u00f6nnen variieren. Sie werden dir im Bestellprozess angezeigt. Wenn nicht anders angegeben wird eine Versandpauschale von 5,50 \u20ac erhoben. Hierdurch werden die anfallenden Kosten&#8230;<\/p>\n","protected":false},"author":1,"featured_media":0,"parent":0,"menu_order":0,"comment_status":"closed","ping_status":"closed","template":"","meta":{"_kad_blocks_custom_css":"","_kad_blocks_head_custom_js":"","_kad_blocks_body_custom_js":"","_kad_blocks_footer_custom_js":"","_kadence_starter_templates_imported_post":false,"_kad_post_transparent":"","_kad_post_title":"","_kad_post_layout":"left","_kad_post_sidebar_id":"sidebar-primary","_kad_post_content_style":"","_kad_post_vertical_padding":"","_kad_post_feature":"","_kad_post_feature_position":"","_kad_post_header":false,"_kad_post_footer":false,"_kad_post_classname":"","footnotes":""},"class_list":["post-7","page","type-page","status-publish","hentry"],"yoast_head":"<!-- This site is optimized with the Yoast SEO plugin v27.4 - https:\/\/yoast.com\/product\/yoast-seo-wordpress\/ -->\n<title>Lieferung und Versand : BlaFor.com Markt<\/title>\n<meta name=\"robots\" content=\"index, follow, max-snippet:-1, max-image-preview:large, max-video-preview:-1\" \/>\n<link rel=\"canonical\" href=\"https:\/\/blafor.com\/markt\/lieferung-versand\/\" \/>\n<meta property=\"og:locale\" content=\"de_DE\" \/>\n<meta property=\"og:type\" content=\"article\" \/>\n<meta property=\"og:title\" content=\"Lieferung und Versand : BlaFor.com Markt\" \/>\n<meta property=\"og:description\" content=\"Versand Das Angebot auf BlaFor.com richtet sich an Verbraucher, die ihren Wohnsitz in Deutschland haben. Ausnahmen bed\u00fcrfen einer gesonderten Vereinbarung mit dem Verk\u00e4ufer bzw. Anbieter. Standard-Lieferung Deutschland Die Liefer- und Versandkosten k\u00f6nnen variieren. Sie werden dir im Bestellprozess angezeigt. Wenn nicht anders angegeben wird eine Versandpauschale von 5,50 \u20ac erhoben. Hierdurch werden die anfallenden Kosten...\" \/>\n<meta property=\"og:url\" content=\"https:\/\/blafor.com\/markt\/lieferung-versand\/\" \/>\n<meta property=\"og:site_name\" content=\"BlaFor.com Markt\" \/>\n<meta property=\"article:publisher\" content=\"https:\/\/www.facebook.com\/BlaForCom\/\" \/>\n<meta property=\"article:modified_time\" content=\"2025-01-14T06:46:45+00:00\" \/>\n<meta property=\"og:image\" content=\"https:\/\/blafor.com\/markt\/wp-content\/uploads\/sites\/6\/2025\/01\/blaforcom1801.jpg\" \/>\n\t<meta property=\"og:image:width\" content=\"1800\" \/>\n\t<meta property=\"og:image:height\" content=\"900\" \/>\n\t<meta property=\"og:image:type\" content=\"image\/jpeg\" \/>\n<meta name=\"twitter:card\" content=\"summary_large_image\" \/>\n<meta name=\"twitter:label1\" content=\"Gesch\u00e4tzte Lesezeit\" \/>\n\t<meta name=\"twitter:data1\" content=\"1\u00a0Minute\" \/>\n<script type=\"application\/ld+json\" class=\"yoast-schema-graph\">{\"@context\":\"https:\\\/\\\/schema.org\",\"@graph\":[{\"@type\":\"WebPage\",\"@id\":\"https:\\\/\\\/blafor.com\\\/markt\\\/lieferung-versand\\\/\",\"url\":\"https:\\\/\\\/blafor.com\\\/markt\\\/lieferung-versand\\\/\",\"name\":\"Lieferung und Versand : BlaFor.com Markt\",\"isPartOf\":{\"@id\":\"https:\\\/\\\/blafor.com\\\/markt\\\/#website\"},\"datePublished\":\"2022-05-29T05:44:29+00:00\",\"dateModified\":\"2025-01-14T06:46:45+00:00\",\"breadcrumb\":{\"@id\":\"https:\\\/\\\/blafor.com\\\/markt\\\/lieferung-versand\\\/#breadcrumb\"},\"inLanguage\":\"de\",\"potentialAction\":[{\"@type\":\"ReadAction\",\"target\":[\"https:\\\/\\\/blafor.com\\\/markt\\\/lieferung-versand\\\/\"]}]},{\"@type\":\"BreadcrumbList\",\"@id\":\"https:\\\/\\\/blafor.com\\\/markt\\\/lieferung-versand\\\/#breadcrumb\",\"itemListElement\":[{\"@type\":\"ListItem\",\"position\":1,\"name\":\"Startseite\",\"item\":\"https:\\\/\\\/blafor.com\\\/markt\\\/\"},{\"@type\":\"ListItem\",\"position\":2,\"name\":\"Lieferung und Versand\"}]},{\"@type\":\"WebSite\",\"@id\":\"https:\\\/\\\/blafor.com\\\/markt\\\/#website\",\"url\":\"https:\\\/\\\/blafor.com\\\/markt\\\/\",\"name\":\"BlaFor.com Markt\",\"description\":\"Der Online-Marktplatz aus dem Schwarzwald\",\"publisher\":{\"@id\":\"https:\\\/\\\/blafor.com\\\/markt\\\/#organization\"},\"alternateName\":\"BlaFor Markt\",\"potentialAction\":[{\"@type\":\"SearchAction\",\"target\":{\"@type\":\"EntryPoint\",\"urlTemplate\":\"https:\\\/\\\/blafor.com\\\/markt\\\/?s={search_term_string}\"},\"query-input\":{\"@type\":\"PropertyValueSpecification\",\"valueRequired\":true,\"valueName\":\"search_term_string\"}}],\"inLanguage\":\"de\"},{\"@type\":\"Organization\",\"@id\":\"https:\\\/\\\/blafor.com\\\/markt\\\/#organization\",\"name\":\"BlaFor.com\",\"alternateName\":\"ALIZEL\",\"url\":\"https:\\\/\\\/blafor.com\\\/markt\\\/\",\"logo\":{\"@type\":\"ImageObject\",\"inLanguage\":\"de\",\"@id\":\"https:\\\/\\\/blafor.com\\\/markt\\\/#\\\/schema\\\/logo\\\/image\\\/\",\"url\":\"https:\\\/\\\/blafor.com\\\/markt\\\/wp-content\\\/uploads\\\/sites\\\/6\\\/2022\\\/07\\\/bfc-shop64.png\",\"contentUrl\":\"https:\\\/\\\/blafor.com\\\/markt\\\/wp-content\\\/uploads\\\/sites\\\/6\\\/2022\\\/07\\\/bfc-shop64.png\",\"width\":400,\"height\":160,\"caption\":\"BlaFor.com\"},\"image\":{\"@id\":\"https:\\\/\\\/blafor.com\\\/markt\\\/#\\\/schema\\\/logo\\\/image\\\/\"},\"sameAs\":[\"https:\\\/\\\/www.facebook.com\\\/BlaForCom\\\/\",\"https:\\\/\\\/www.linkedin.com\\\/showcase\\\/blaforcom\\\/\"]}]}<\/script>\n<!-- \/ Yoast SEO plugin. -->","yoast_head_json":{"title":"Lieferung und Versand : BlaFor.com Markt","robots":{"index":"index","follow":"follow","max-snippet":"max-snippet:-1","max-image-preview":"max-image-preview:large","max-video-preview":"max-video-preview:-1"},"canonical":"https:\/\/blafor.com\/markt\/lieferung-versand\/","og_locale":"de_DE","og_type":"article","og_title":"Lieferung und Versand : BlaFor.com Markt","og_description":"Versand Das Angebot auf BlaFor.com richtet sich an Verbraucher, die ihren Wohnsitz in Deutschland haben. Ausnahmen bed\u00fcrfen einer gesonderten Vereinbarung mit dem Verk\u00e4ufer bzw. Anbieter. Standard-Lieferung Deutschland Die Liefer- und Versandkosten k\u00f6nnen variieren. Sie werden dir im Bestellprozess angezeigt. Wenn nicht anders angegeben wird eine Versandpauschale von 5,50 \u20ac erhoben. Hierdurch werden die anfallenden Kosten...","og_url":"https:\/\/blafor.com\/markt\/lieferung-versand\/","og_site_name":"BlaFor.com Markt","article_publisher":"https:\/\/www.facebook.com\/BlaForCom\/","article_modified_time":"2025-01-14T06:46:45+00:00","og_image":[{"width":1800,"height":900,"url":"https:\/\/blafor.com\/markt\/wp-content\/uploads\/sites\/6\/2025\/01\/blaforcom1801.jpg","type":"image\/jpeg"}],"twitter_card":"summary_large_image","twitter_misc":{"Gesch\u00e4tzte Lesezeit":"1\u00a0Minute"},"schema":{"@context":"https:\/\/schema.org","@graph":[{"@type":"WebPage","@id":"https:\/\/blafor.com\/markt\/lieferung-versand\/","url":"https:\/\/blafor.com\/markt\/lieferung-versand\/","name":"Lieferung und Versand : BlaFor.com Markt","isPartOf":{"@id":"https:\/\/blafor.com\/markt\/#website"},"datePublished":"2022-05-29T05:44:29+00:00","dateModified":"2025-01-14T06:46:45+00:00","breadcrumb":{"@id":"https:\/\/blafor.com\/markt\/lieferung-versand\/#breadcrumb"},"inLanguage":"de","potentialAction":[{"@type":"ReadAction","target":["https:\/\/blafor.com\/markt\/lieferung-versand\/"]}]},{"@type":"BreadcrumbList","@id":"https:\/\/blafor.com\/markt\/lieferung-versand\/#breadcrumb","itemListElement":[{"@type":"ListItem","position":1,"name":"Startseite","item":"https:\/\/blafor.com\/markt\/"},{"@type":"ListItem","position":2,"name":"Lieferung und Versand"}]},{"@type":"WebSite","@id":"https:\/\/blafor.com\/markt\/#website","url":"https:\/\/blafor.com\/markt\/","name":"BlaFor.com Markt","description":"Der Online-Marktplatz aus dem Schwarzwald","publisher":{"@id":"https:\/\/blafor.com\/markt\/#organization"},"alternateName":"BlaFor Markt","potentialAction":[{"@type":"SearchAction","target":{"@type":"EntryPoint","urlTemplate":"https:\/\/blafor.com\/markt\/?s={search_term_string}"},"query-input":{"@type":"PropertyValueSpecification","valueRequired":true,"valueName":"search_term_string"}}],"inLanguage":"de"},{"@type":"Organization","@id":"https:\/\/blafor.com\/markt\/#organization","name":"BlaFor.com","alternateName":"ALIZEL","url":"https:\/\/blafor.com\/markt\/","logo":{"@type":"ImageObject","inLanguage":"de","@id":"https:\/\/blafor.com\/markt\/#\/schema\/logo\/image\/","url":"https:\/\/blafor.com\/markt\/wp-content\/uploads\/sites\/6\/2022\/07\/bfc-shop64.png","contentUrl":"https:\/\/blafor.com\/markt\/wp-content\/uploads\/sites\/6\/2022\/07\/bfc-shop64.png","width":400,"height":160,"caption":"BlaFor.com"},"image":{"@id":"https:\/\/blafor.com\/markt\/#\/schema\/logo\/image\/"},"sameAs":["https:\/\/www.facebook.com\/BlaForCom\/","https:\/\/www.linkedin.com\/showcase\/blaforcom\/"]}]}},"taxonomy_info":[],"featured_image_src_large":false,"author_info":{"display_name":"ALIZEL","author_link":"https:\/\/blafor.com\/markt\/author\/zeljko\/"},"comment_info":0,"_links":{"self":[{"href":"https:\/\/blafor.com\/markt\/wp-json\/wp\/v2\/pages\/7","targetHints":{"allow":["GET"]}}],"collection":[{"href":"https:\/\/blafor.com\/markt\/wp-json\/wp\/v2\/pages"}],"about":[{"href":"https:\/\/blafor.com\/markt\/wp-json\/wp\/v2\/types\/page"}],"author":[{"embeddable":true,"href":"https:\/\/blafor.com\/markt\/wp-json\/wp\/v2\/users\/1"}],"replies":[{"embeddable":true,"href":"https:\/\/blafor.com\/markt\/wp-json\/wp\/v2\/comments?post=7"}],"version-history":[{"count":1,"href":"https:\/\/blafor.com\/markt\/wp-json\/wp\/v2\/pages\/7\/revisions"}],"predecessor-version":[{"id":7940,"href":"https:\/\/blafor.com\/markt\/wp-json\/wp\/v2\/pages\/7\/revisions\/7940"}],"wp:attachment":[{"href":"https:\/\/blafor.com\/markt\/wp-json\/wp\/v2\/media?parent=7"}],"curies":[{"name":"wp","href":"https:\/\/api.w.org\/{rel}","templated":true}]}}