{"id":3760,"date":"2022-09-01T10:37:28","date_gmt":"2022-09-01T08:37:28","guid":{"rendered":"https:\/\/blafor.com\/markt\/?page_id=3760"},"modified":"2022-09-02T07:04:39","modified_gmt":"2022-09-02T05:04:39","slug":"bezahlen-zahlungsarten","status":"publish","type":"page","link":"https:\/\/blafor.com\/markt\/bezahlen-zahlungsarten\/","title":{"rendered":"Bezahlen &#038; Zahlungsarten"},"content":{"rendered":"\n<p>Zahlungen k\u00f6nnen grunds\u00e4tzlich nur in Euro (\u20ac) per Vorkasse, \u00fcber PayPal, mit Kreditkarte \u00fcber PayPal, auf Rechnung oder per Ratenzahlung get\u00e4tigt werden. Wir behalten uns vor, die Nutzung der genannten Zahlungsarten individuell auf die Nutzung nur bestimmter Zahlungsarten zu beschr\u00e4nken.<\/p>\n\n\n<style>.wp-block-kadence-advancedheading.kt-adv-heading_e45887-86, .wp-block-kadence-advancedheading.kt-adv-heading_e45887-86[data-kb-block=\"kb-adv-heading_e45887-86\"]{font-style:normal;}.wp-block-kadence-advancedheading.kt-adv-heading_e45887-86 mark.kt-highlight, .wp-block-kadence-advancedheading.kt-adv-heading_e45887-86[data-kb-block=\"kb-adv-heading_e45887-86\"] mark.kt-highlight{font-style:normal;color:#f76a0c;-webkit-box-decoration-break:clone;box-decoration-break:clone;padding-top:0px;padding-right:0px;padding-bottom:0px;padding-left:0px;}.wp-block-kadence-advancedheading.kt-adv-heading_e45887-86 img.kb-inline-image, .wp-block-kadence-advancedheading.kt-adv-heading_e45887-86[data-kb-block=\"kb-adv-heading_e45887-86\"] img.kb-inline-image{width:150px;vertical-align:baseline;}<\/style>\n<h2 class=\"kt-adv-heading_e45887-86 wp-block-kadence-advancedheading\" data-kb-block=\"kb-adv-heading_e45887-86\">Zahlung und Rechnung<\/h2>\n\n\n\n<p>Der zu zahlende Gesamtbetrag einer Bestellung, setzt sich aus dem Warenwert, evtl. anfallenden Versandkosten und der gesetzlichen MwSt. zusammen. Alle Zahlungen sind in \u20ac (Euro) zu t\u00e4tigen.<\/p>\n\n\n\n<p>Deine Zahlungen erfolgen immer direkt an den Betreiber von BlaFor.com. Die Bankverbindung und Verwendungszweck (Bestellnummer) werden dir im Kaufprozess mitgeteilt.<\/p>\n\n\n\n<p>Ordnungsgem\u00e4\u00dfe Rechnungen, \u00fcber die jeweilige Bestellung beim Anbieter, werden grunds\u00e4tzlich durch den Anbieter ausgestellt und dem Kunden, sp\u00e4testens mit der Lieferung der Ware oder Erbringung der Dienstleistung zugestellt.<\/p>\n\n\n<style>.wp-block-kadence-advancedheading.kt-adv-heading_c026a5-75, .wp-block-kadence-advancedheading.kt-adv-heading_c026a5-75[data-kb-block=\"kb-adv-heading_c026a5-75\"]{font-style:normal;}.wp-block-kadence-advancedheading.kt-adv-heading_c026a5-75 mark.kt-highlight, .wp-block-kadence-advancedheading.kt-adv-heading_c026a5-75[data-kb-block=\"kb-adv-heading_c026a5-75\"] mark.kt-highlight{font-style:normal;color:#f76a0c;-webkit-box-decoration-break:clone;box-decoration-break:clone;padding-top:0px;padding-right:0px;padding-bottom:0px;padding-left:0px;}.wp-block-kadence-advancedheading.kt-adv-heading_c026a5-75 img.kb-inline-image, .wp-block-kadence-advancedheading.kt-adv-heading_c026a5-75[data-kb-block=\"kb-adv-heading_c026a5-75\"] img.kb-inline-image{width:150px;vertical-align:baseline;}<\/style>\n<h2 class=\"kt-adv-heading_c026a5-75 wp-block-kadence-advancedheading\" data-kb-block=\"kb-adv-heading_c026a5-75\">Bezahlung mit Vorkasse<\/h2>\n\n\n\n<p>Bei Bezahlung mit Vorkasse \u00fcberweist du den Gesamtbetrag nach der Bestellung an unser Konto. Die bestellte Ware ist f\u00fcr dich max. 5 Tage reserviert. Die Bearbeitung und der Versand deiner Bestellung erfolgt umgehend nach Zahlungseingang.<\/p>\n\n\n<style>.wp-block-kadence-advancedheading.kt-adv-heading_d8fcfb-f3, .wp-block-kadence-advancedheading.kt-adv-heading_d8fcfb-f3[data-kb-block=\"kb-adv-heading_d8fcfb-f3\"]{font-style:normal;}.wp-block-kadence-advancedheading.kt-adv-heading_d8fcfb-f3 mark.kt-highlight, .wp-block-kadence-advancedheading.kt-adv-heading_d8fcfb-f3[data-kb-block=\"kb-adv-heading_d8fcfb-f3\"] mark.kt-highlight{font-style:normal;color:#f76a0c;-webkit-box-decoration-break:clone;box-decoration-break:clone;padding-top:0px;padding-right:0px;padding-bottom:0px;padding-left:0px;}.wp-block-kadence-advancedheading.kt-adv-heading_d8fcfb-f3 img.kb-inline-image, .wp-block-kadence-advancedheading.kt-adv-heading_d8fcfb-f3[data-kb-block=\"kb-adv-heading_d8fcfb-f3\"] img.kb-inline-image{width:150px;vertical-align:baseline;}<\/style>\n<h2 class=\"kt-adv-heading_d8fcfb-f3 wp-block-kadence-advancedheading\" data-kb-block=\"kb-adv-heading_d8fcfb-f3\">Bezahlung \u00fcber PayPal<\/h2>\n\n\n\n<p>Mit PayPal zahlst du schnell, einfach und sicher &#8211; entweder mit deinem PayPal-Guthaben, Bankeinzug oder Kreditkarte. Du bezahlst an der Kasse mit deiner E-Mail-Adresse und Passwort. Deine Bestellung wird sofort bearbeitet. Bei einer R\u00fcckerstattung, wird der entsprechende Wert deinem PayPal-Konto gut geschrieben.<\/p>\n\n\n<style>.wp-block-kadence-advancedheading.kt-adv-heading_79e2e8-cb, .wp-block-kadence-advancedheading.kt-adv-heading_79e2e8-cb[data-kb-block=\"kb-adv-heading_79e2e8-cb\"]{font-style:normal;}.wp-block-kadence-advancedheading.kt-adv-heading_79e2e8-cb mark.kt-highlight, .wp-block-kadence-advancedheading.kt-adv-heading_79e2e8-cb[data-kb-block=\"kb-adv-heading_79e2e8-cb\"] mark.kt-highlight{font-style:normal;color:#f76a0c;-webkit-box-decoration-break:clone;box-decoration-break:clone;padding-top:0px;padding-right:0px;padding-bottom:0px;padding-left:0px;}.wp-block-kadence-advancedheading.kt-adv-heading_79e2e8-cb img.kb-inline-image, .wp-block-kadence-advancedheading.kt-adv-heading_79e2e8-cb[data-kb-block=\"kb-adv-heading_79e2e8-cb\"] img.kb-inline-image{width:150px;vertical-align:baseline;}<\/style>\n<h2 class=\"kt-adv-heading_79e2e8-cb wp-block-kadence-advancedheading\" data-kb-block=\"kb-adv-heading_79e2e8-cb\">Kauf auf Rechnung<\/h2>\n\n\n\n<p>Beim Kauf auf Rechnung hast du nach Erhalt der Ware 5 Tage Zeit bis zur Zahlung. Bezahle dann einfach und bequem per \u00dcberweisung. Diese Zahlungsart steht ab der zweiten Bestellung registrierten Nutzern mit einem Kunden-Konto zu Verf\u00fcgung (Bonit\u00e4t vorausgesetzt).<\/p>\n\n\n<style>.wp-block-kadence-advancedheading.kt-adv-heading_52dbc0-28, .wp-block-kadence-advancedheading.kt-adv-heading_52dbc0-28[data-kb-block=\"kb-adv-heading_52dbc0-28\"]{font-style:normal;}.wp-block-kadence-advancedheading.kt-adv-heading_52dbc0-28 mark.kt-highlight, .wp-block-kadence-advancedheading.kt-adv-heading_52dbc0-28[data-kb-block=\"kb-adv-heading_52dbc0-28\"] mark.kt-highlight{font-style:normal;color:#f76a0c;-webkit-box-decoration-break:clone;box-decoration-break:clone;padding-top:0px;padding-right:0px;padding-bottom:0px;padding-left:0px;}.wp-block-kadence-advancedheading.kt-adv-heading_52dbc0-28 img.kb-inline-image, .wp-block-kadence-advancedheading.kt-adv-heading_52dbc0-28[data-kb-block=\"kb-adv-heading_52dbc0-28\"] img.kb-inline-image{width:150px;vertical-align:baseline;}<\/style>\n<h2 class=\"kt-adv-heading_52dbc0-28 wp-block-kadence-advancedheading\" data-kb-block=\"kb-adv-heading_52dbc0-28\">Gutschein anwenden<\/h2>\n\n\n\n<p>Der Betrag deiner Bestellung wird automatisch um den Gutschein-Wert reduziert. Du kannst einen Gutschein im Warenkorb oder sp\u00e4ter an der Kasse einl\u00f6sen.<\/p>\n\n\n<style>.wp-block-kadence-advancedheading.kt-adv-heading_f4c281-db, .wp-block-kadence-advancedheading.kt-adv-heading_f4c281-db[data-kb-block=\"kb-adv-heading_f4c281-db\"]{font-style:normal;}.wp-block-kadence-advancedheading.kt-adv-heading_f4c281-db mark.kt-highlight, .wp-block-kadence-advancedheading.kt-adv-heading_f4c281-db[data-kb-block=\"kb-adv-heading_f4c281-db\"] mark.kt-highlight{font-style:normal;color:#f76a0c;-webkit-box-decoration-break:clone;box-decoration-break:clone;padding-top:0px;padding-right:0px;padding-bottom:0px;padding-left:0px;}.wp-block-kadence-advancedheading.kt-adv-heading_f4c281-db img.kb-inline-image, .wp-block-kadence-advancedheading.kt-adv-heading_f4c281-db[data-kb-block=\"kb-adv-heading_f4c281-db\"] img.kb-inline-image{width:150px;vertical-align:baseline;}<\/style>\n<h2 class=\"kt-adv-heading_f4c281-db wp-block-kadence-advancedheading\" data-kb-block=\"kb-adv-heading_f4c281-db\">Brauchst du Hilfe?<\/h2>\n\n\n\n<p>Das Team um BlaFor.com steht dir gerne zu Seite, kontaktiere uns&nbsp;<a href=\"https:\/\/blafor.com\/markt\/kontakt\/\">hier unter Kontakt<\/a>&nbsp;oder schau dir die&nbsp;<a href=\"https:\/\/blafor.com\/markt\/faq\/#bestellung\">FAQ zu diesem Thema<\/a>&nbsp;an, evtl. ist da deine Frage bereits beantwortet.<\/p>\n","protected":false},"excerpt":{"rendered":"<p>Zahlungen k\u00f6nnen grunds\u00e4tzlich nur in Euro (\u20ac) per Vorkasse, \u00fcber PayPal, mit Kreditkarte \u00fcber PayPal, auf Rechnung oder per Ratenzahlung get\u00e4tigt werden. Wir behalten uns vor, die Nutzung der genannten Zahlungsarten individuell auf die Nutzung nur bestimmter Zahlungsarten zu beschr\u00e4nken. Zahlung und Rechnung Der zu zahlende Gesamtbetrag einer Bestellung, setzt sich aus dem Warenwert, evtl&#8230;.<\/p>\n","protected":false},"author":1,"featured_media":0,"parent":0,"menu_order":0,"comment_status":"closed","ping_status":"closed","template":"","meta":{"_kad_blocks_custom_css":"","_kad_blocks_head_custom_js":"","_kad_blocks_body_custom_js":"","_kad_blocks_footer_custom_js":"","_kadence_starter_templates_imported_post":false,"_kad_post_transparent":"","_kad_post_title":"","_kad_post_layout":"left","_kad_post_sidebar_id":"sidebar-primary","_kad_post_content_style":"","_kad_post_vertical_padding":"","_kad_post_feature":"","_kad_post_feature_position":"","_kad_post_header":false,"_kad_post_footer":false,"_kad_post_classname":"","footnotes":""},"class_list":["post-3760","page","type-page","status-publish","hentry"],"yoast_head":"<!-- This site is optimized with the Yoast SEO plugin v27.4 - https:\/\/yoast.com\/product\/yoast-seo-wordpress\/ -->\n<title>Bezahlen &amp; Zahlungsarten : BlaFor.com Markt<\/title>\n<meta name=\"robots\" content=\"index, follow, max-snippet:-1, max-image-preview:large, max-video-preview:-1\" \/>\n<link rel=\"canonical\" href=\"https:\/\/blafor.com\/markt\/bezahlen-zahlungsarten\/\" \/>\n<meta property=\"og:locale\" content=\"de_DE\" \/>\n<meta property=\"og:type\" content=\"article\" \/>\n<meta property=\"og:title\" content=\"Bezahlen &amp; Zahlungsarten : BlaFor.com Markt\" \/>\n<meta property=\"og:description\" content=\"Zahlungen k\u00f6nnen grunds\u00e4tzlich nur in Euro (\u20ac) per Vorkasse, \u00fcber PayPal, mit Kreditkarte \u00fcber PayPal, auf Rechnung oder per Ratenzahlung get\u00e4tigt werden. Wir behalten uns vor, die Nutzung der genannten Zahlungsarten individuell auf die Nutzung nur bestimmter Zahlungsarten zu beschr\u00e4nken. Zahlung und Rechnung Der zu zahlende Gesamtbetrag einer Bestellung, setzt sich aus dem Warenwert, evtl....\" \/>\n<meta property=\"og:url\" content=\"https:\/\/blafor.com\/markt\/bezahlen-zahlungsarten\/\" \/>\n<meta property=\"og:site_name\" content=\"BlaFor.com Markt\" \/>\n<meta property=\"article:publisher\" content=\"https:\/\/www.facebook.com\/BlaForCom\/\" \/>\n<meta property=\"article:modified_time\" content=\"2022-09-02T05:04:39+00:00\" \/>\n<meta property=\"og:image\" content=\"https:\/\/blafor.com\/markt\/wp-content\/uploads\/sites\/6\/2025\/01\/blaforcom1801.jpg\" \/>\n\t<meta property=\"og:image:width\" content=\"1800\" \/>\n\t<meta property=\"og:image:height\" content=\"900\" \/>\n\t<meta property=\"og:image:type\" content=\"image\/jpeg\" \/>\n<meta name=\"twitter:card\" content=\"summary_large_image\" \/>\n<meta name=\"twitter:label1\" content=\"Gesch\u00e4tzte Lesezeit\" \/>\n\t<meta name=\"twitter:data1\" content=\"2\u00a0Minuten\" \/>\n<script type=\"application\/ld+json\" class=\"yoast-schema-graph\">{\"@context\":\"https:\\\/\\\/schema.org\",\"@graph\":[{\"@type\":\"WebPage\",\"@id\":\"https:\\\/\\\/blafor.com\\\/markt\\\/bezahlen-zahlungsarten\\\/\",\"url\":\"https:\\\/\\\/blafor.com\\\/markt\\\/bezahlen-zahlungsarten\\\/\",\"name\":\"Bezahlen & Zahlungsarten : BlaFor.com Markt\",\"isPartOf\":{\"@id\":\"https:\\\/\\\/blafor.com\\\/markt\\\/#website\"},\"datePublished\":\"2022-09-01T08:37:28+00:00\",\"dateModified\":\"2022-09-02T05:04:39+00:00\",\"breadcrumb\":{\"@id\":\"https:\\\/\\\/blafor.com\\\/markt\\\/bezahlen-zahlungsarten\\\/#breadcrumb\"},\"inLanguage\":\"de\",\"potentialAction\":[{\"@type\":\"ReadAction\",\"target\":[\"https:\\\/\\\/blafor.com\\\/markt\\\/bezahlen-zahlungsarten\\\/\"]}]},{\"@type\":\"BreadcrumbList\",\"@id\":\"https:\\\/\\\/blafor.com\\\/markt\\\/bezahlen-zahlungsarten\\\/#breadcrumb\",\"itemListElement\":[{\"@type\":\"ListItem\",\"position\":1,\"name\":\"Startseite\",\"item\":\"https:\\\/\\\/blafor.com\\\/markt\\\/\"},{\"@type\":\"ListItem\",\"position\":2,\"name\":\"Bezahlen &#038; Zahlungsarten\"}]},{\"@type\":\"WebSite\",\"@id\":\"https:\\\/\\\/blafor.com\\\/markt\\\/#website\",\"url\":\"https:\\\/\\\/blafor.com\\\/markt\\\/\",\"name\":\"BlaFor.com Markt\",\"description\":\"Der Online-Marktplatz aus dem Schwarzwald\",\"publisher\":{\"@id\":\"https:\\\/\\\/blafor.com\\\/markt\\\/#organization\"},\"alternateName\":\"BlaFor Markt\",\"potentialAction\":[{\"@type\":\"SearchAction\",\"target\":{\"@type\":\"EntryPoint\",\"urlTemplate\":\"https:\\\/\\\/blafor.com\\\/markt\\\/?s={search_term_string}\"},\"query-input\":{\"@type\":\"PropertyValueSpecification\",\"valueRequired\":true,\"valueName\":\"search_term_string\"}}],\"inLanguage\":\"de\"},{\"@type\":\"Organization\",\"@id\":\"https:\\\/\\\/blafor.com\\\/markt\\\/#organization\",\"name\":\"BlaFor.com\",\"alternateName\":\"ALIZEL\",\"url\":\"https:\\\/\\\/blafor.com\\\/markt\\\/\",\"logo\":{\"@type\":\"ImageObject\",\"inLanguage\":\"de\",\"@id\":\"https:\\\/\\\/blafor.com\\\/markt\\\/#\\\/schema\\\/logo\\\/image\\\/\",\"url\":\"https:\\\/\\\/blafor.com\\\/markt\\\/wp-content\\\/uploads\\\/sites\\\/6\\\/2022\\\/07\\\/bfc-shop64.png\",\"contentUrl\":\"https:\\\/\\\/blafor.com\\\/markt\\\/wp-content\\\/uploads\\\/sites\\\/6\\\/2022\\\/07\\\/bfc-shop64.png\",\"width\":400,\"height\":160,\"caption\":\"BlaFor.com\"},\"image\":{\"@id\":\"https:\\\/\\\/blafor.com\\\/markt\\\/#\\\/schema\\\/logo\\\/image\\\/\"},\"sameAs\":[\"https:\\\/\\\/www.facebook.com\\\/BlaForCom\\\/\",\"https:\\\/\\\/www.linkedin.com\\\/showcase\\\/blaforcom\\\/\"]}]}<\/script>\n<!-- \/ Yoast SEO plugin. -->","yoast_head_json":{"title":"Bezahlen & Zahlungsarten : BlaFor.com Markt","robots":{"index":"index","follow":"follow","max-snippet":"max-snippet:-1","max-image-preview":"max-image-preview:large","max-video-preview":"max-video-preview:-1"},"canonical":"https:\/\/blafor.com\/markt\/bezahlen-zahlungsarten\/","og_locale":"de_DE","og_type":"article","og_title":"Bezahlen & Zahlungsarten : BlaFor.com Markt","og_description":"Zahlungen k\u00f6nnen grunds\u00e4tzlich nur in Euro (\u20ac) per Vorkasse, \u00fcber PayPal, mit Kreditkarte \u00fcber PayPal, auf Rechnung oder per Ratenzahlung get\u00e4tigt werden. Wir behalten uns vor, die Nutzung der genannten Zahlungsarten individuell auf die Nutzung nur bestimmter Zahlungsarten zu beschr\u00e4nken. Zahlung und Rechnung Der zu zahlende Gesamtbetrag einer Bestellung, setzt sich aus dem Warenwert, evtl....","og_url":"https:\/\/blafor.com\/markt\/bezahlen-zahlungsarten\/","og_site_name":"BlaFor.com Markt","article_publisher":"https:\/\/www.facebook.com\/BlaForCom\/","article_modified_time":"2022-09-02T05:04:39+00:00","og_image":[{"width":1800,"height":900,"url":"https:\/\/blafor.com\/markt\/wp-content\/uploads\/sites\/6\/2025\/01\/blaforcom1801.jpg","type":"image\/jpeg"}],"twitter_card":"summary_large_image","twitter_misc":{"Gesch\u00e4tzte Lesezeit":"2\u00a0Minuten"},"schema":{"@context":"https:\/\/schema.org","@graph":[{"@type":"WebPage","@id":"https:\/\/blafor.com\/markt\/bezahlen-zahlungsarten\/","url":"https:\/\/blafor.com\/markt\/bezahlen-zahlungsarten\/","name":"Bezahlen & Zahlungsarten : BlaFor.com Markt","isPartOf":{"@id":"https:\/\/blafor.com\/markt\/#website"},"datePublished":"2022-09-01T08:37:28+00:00","dateModified":"2022-09-02T05:04:39+00:00","breadcrumb":{"@id":"https:\/\/blafor.com\/markt\/bezahlen-zahlungsarten\/#breadcrumb"},"inLanguage":"de","potentialAction":[{"@type":"ReadAction","target":["https:\/\/blafor.com\/markt\/bezahlen-zahlungsarten\/"]}]},{"@type":"BreadcrumbList","@id":"https:\/\/blafor.com\/markt\/bezahlen-zahlungsarten\/#breadcrumb","itemListElement":[{"@type":"ListItem","position":1,"name":"Startseite","item":"https:\/\/blafor.com\/markt\/"},{"@type":"ListItem","position":2,"name":"Bezahlen &#038; Zahlungsarten"}]},{"@type":"WebSite","@id":"https:\/\/blafor.com\/markt\/#website","url":"https:\/\/blafor.com\/markt\/","name":"BlaFor.com Markt","description":"Der Online-Marktplatz aus dem Schwarzwald","publisher":{"@id":"https:\/\/blafor.com\/markt\/#organization"},"alternateName":"BlaFor Markt","potentialAction":[{"@type":"SearchAction","target":{"@type":"EntryPoint","urlTemplate":"https:\/\/blafor.com\/markt\/?s={search_term_string}"},"query-input":{"@type":"PropertyValueSpecification","valueRequired":true,"valueName":"search_term_string"}}],"inLanguage":"de"},{"@type":"Organization","@id":"https:\/\/blafor.com\/markt\/#organization","name":"BlaFor.com","alternateName":"ALIZEL","url":"https:\/\/blafor.com\/markt\/","logo":{"@type":"ImageObject","inLanguage":"de","@id":"https:\/\/blafor.com\/markt\/#\/schema\/logo\/image\/","url":"https:\/\/blafor.com\/markt\/wp-content\/uploads\/sites\/6\/2022\/07\/bfc-shop64.png","contentUrl":"https:\/\/blafor.com\/markt\/wp-content\/uploads\/sites\/6\/2022\/07\/bfc-shop64.png","width":400,"height":160,"caption":"BlaFor.com"},"image":{"@id":"https:\/\/blafor.com\/markt\/#\/schema\/logo\/image\/"},"sameAs":["https:\/\/www.facebook.com\/BlaForCom\/","https:\/\/www.linkedin.com\/showcase\/blaforcom\/"]}]}},"taxonomy_info":[],"featured_image_src_large":false,"author_info":{"display_name":"ALIZEL","author_link":"https:\/\/blafor.com\/markt\/author\/zeljko\/"},"comment_info":0,"_links":{"self":[{"href":"https:\/\/blafor.com\/markt\/wp-json\/wp\/v2\/pages\/3760","targetHints":{"allow":["GET"]}}],"collection":[{"href":"https:\/\/blafor.com\/markt\/wp-json\/wp\/v2\/pages"}],"about":[{"href":"https:\/\/blafor.com\/markt\/wp-json\/wp\/v2\/types\/page"}],"author":[{"embeddable":true,"href":"https:\/\/blafor.com\/markt\/wp-json\/wp\/v2\/users\/1"}],"replies":[{"embeddable":true,"href":"https:\/\/blafor.com\/markt\/wp-json\/wp\/v2\/comments?post=3760"}],"version-history":[{"count":0,"href":"https:\/\/blafor.com\/markt\/wp-json\/wp\/v2\/pages\/3760\/revisions"}],"wp:attachment":[{"href":"https:\/\/blafor.com\/markt\/wp-json\/wp\/v2\/media?parent=3760"}],"curies":[{"name":"wp","href":"https:\/\/api.w.org\/{rel}","templated":true}]}}