{"id":1177,"date":"2022-05-29T12:39:48","date_gmt":"2022-05-29T10:39:48","guid":{"rendered":"https:\/\/blafor.com\/market\/verkaeufer-registrierung\/"},"modified":"2022-09-28T07:00:44","modified_gmt":"2022-09-28T05:00:44","slug":"verkaeufer-registrierung","status":"publish","type":"page","link":"https:\/\/blafor.com\/markt\/verkaeufer-registrierung\/","title":{"rendered":"Verk\u00e4ufer-Registrierung"},"content":{"rendered":"<style>.wp-block-kadence-advancedheading.kt-adv-heading_00b290-22, .wp-block-kadence-advancedheading.kt-adv-heading_00b290-22[data-kb-block=\"kb-adv-heading_00b290-22\"]{font-style:normal;}.wp-block-kadence-advancedheading.kt-adv-heading_00b290-22 mark.kt-highlight, .wp-block-kadence-advancedheading.kt-adv-heading_00b290-22[data-kb-block=\"kb-adv-heading_00b290-22\"] mark.kt-highlight{font-style:normal;color:#f76a0c;-webkit-box-decoration-break:clone;box-decoration-break:clone;padding-top:0px;padding-right:0px;padding-bottom:0px;padding-left:0px;}.wp-block-kadence-advancedheading.kt-adv-heading_00b290-22 img.kb-inline-image, .wp-block-kadence-advancedheading.kt-adv-heading_00b290-22[data-kb-block=\"kb-adv-heading_00b290-22\"] img.kb-inline-image{width:150px;vertical-align:baseline;}<\/style>\n<h2 class=\"kt-adv-heading_00b290-22 wp-block-kadence-advancedheading\" data-kb-block=\"kb-adv-heading_00b290-22\">Willkommen,wir freuen uns \u00fcber dein Interesse<\/h2>\n\n\n\n<p>Bitte das nachstehende Formular m\u00f6glichst vollst\u00e4ndig ausf\u00fcllen. Einige der Daten werden direkt in deinem Profil als Anbieter \u00fcbernommen. Nach deiner Registrierung werden wir uns schnellstm\u00f6glich mit dir in Verbindung setzen.<\/p>\n\n\n\n<p>Die mit * markierten Felder sind Pflichtfelder. Deine Daten werden durch uns vertraulich behandelt und ausschlie\u00dflich zur Bearbeitung deiner Anfrage verarbeitet und genutzt. Lese hier unsere\u00a0<a href=\"https:\/\/blafor.com\/datenschutz\/\" target=\"_blank\" rel=\"noreferrer noopener\">Datenschutzerkl\u00e4rung<\/a>. Dieses Formular wird durch reCAPTCHA gesch\u00fctzt, es gelten zus\u00e4tzlich auch die Nutzungs- und Datenschutzbestimmungen von Google.<\/p>\n\n\n<p>[vendor_registration]<\/p>\n\n\n<style>.wp-block-kadence-advancedheading.kt-adv-heading_cd87b9-be, .wp-block-kadence-advancedheading.kt-adv-heading_cd87b9-be[data-kb-block=\"kb-adv-heading_cd87b9-be\"]{font-style:normal;}.wp-block-kadence-advancedheading.kt-adv-heading_cd87b9-be mark.kt-highlight, .wp-block-kadence-advancedheading.kt-adv-heading_cd87b9-be[data-kb-block=\"kb-adv-heading_cd87b9-be\"] mark.kt-highlight{font-style:normal;color:#f76a0c;-webkit-box-decoration-break:clone;box-decoration-break:clone;padding-top:0px;padding-right:0px;padding-bottom:0px;padding-left:0px;}.wp-block-kadence-advancedheading.kt-adv-heading_cd87b9-be img.kb-inline-image, .wp-block-kadence-advancedheading.kt-adv-heading_cd87b9-be[data-kb-block=\"kb-adv-heading_cd87b9-be\"] img.kb-inline-image{width:150px;vertical-align:baseline;}<\/style>\n<h2 class=\"kt-adv-heading_cd87b9-be wp-block-kadence-advancedheading\" data-kb-block=\"kb-adv-heading_cd87b9-be\">Brauchst du Hilfe?<\/h2>\n\n\n\n<p>Falls du nicht weiter kommst, kontaktiere dein&nbsp;<a href=\"https:\/\/blafor.com\/b2b\/kontakt\/\">Support-Team<\/a>, wir sind gerne f\u00fcr dich da.<\/p>\n","protected":false},"excerpt":{"rendered":"<p>Willkommen,wir freuen uns \u00fcber dein Interesse Bitte das nachstehende Formular m\u00f6glichst vollst\u00e4ndig ausf\u00fcllen. Einige der Daten werden direkt in deinem Profil als Anbieter \u00fcbernommen. Nach deiner Registrierung werden wir uns schnellstm\u00f6glich mit dir in Verbindung setzen. Die mit * markierten Felder sind Pflichtfelder. Deine Daten werden durch uns vertraulich behandelt und ausschlie\u00dflich zur Bearbeitung deiner&#8230;<\/p>\n","protected":false},"author":1,"featured_media":0,"parent":0,"menu_order":0,"comment_status":"closed","ping_status":"closed","template":"","meta":{"_kad_blocks_custom_css":"","_kad_blocks_head_custom_js":"","_kad_blocks_body_custom_js":"","_kad_blocks_footer_custom_js":"","_kadence_starter_templates_imported_post":false,"_kad_post_transparent":"","_kad_post_title":"","_kad_post_layout":"","_kad_post_sidebar_id":"","_kad_post_content_style":"","_kad_post_vertical_padding":"","_kad_post_feature":"","_kad_post_feature_position":"","_kad_post_header":false,"_kad_post_footer":false,"_kad_post_classname":"","footnotes":""},"class_list":["post-1177","page","type-page","status-publish","hentry"],"yoast_head":"<!-- This site is optimized with the Yoast SEO plugin v27.5 - https:\/\/yoast.com\/product\/yoast-seo-wordpress\/ -->\n<title>Verk\u00e4ufer-Registrierung : BlaFor.com Markt<\/title>\n<meta name=\"robots\" content=\"index, follow, max-snippet:-1, max-image-preview:large, max-video-preview:-1\" \/>\n<link rel=\"canonical\" href=\"https:\/\/blafor.com\/markt\/verkaeufer-registrierung\/\" \/>\n<meta property=\"og:locale\" content=\"de_DE\" \/>\n<meta property=\"og:type\" content=\"article\" \/>\n<meta property=\"og:title\" content=\"Verk\u00e4ufer-Registrierung : BlaFor.com Markt\" \/>\n<meta property=\"og:description\" content=\"Willkommen,wir freuen uns \u00fcber dein Interesse Bitte das nachstehende Formular m\u00f6glichst vollst\u00e4ndig ausf\u00fcllen. Einige der Daten werden direkt in deinem Profil als Anbieter \u00fcbernommen. Nach deiner Registrierung werden wir uns schnellstm\u00f6glich mit dir in Verbindung setzen. Die mit * markierten Felder sind Pflichtfelder. Deine Daten werden durch uns vertraulich behandelt und ausschlie\u00dflich zur Bearbeitung deiner...\" \/>\n<meta property=\"og:url\" content=\"https:\/\/blafor.com\/markt\/verkaeufer-registrierung\/\" \/>\n<meta property=\"og:site_name\" content=\"BlaFor.com Markt\" \/>\n<meta property=\"article:publisher\" content=\"https:\/\/www.facebook.com\/BlaForCom\/\" \/>\n<meta property=\"article:modified_time\" content=\"2022-09-28T05:00:44+00:00\" \/>\n<meta property=\"og:image\" content=\"https:\/\/blafor.com\/markt\/wp-content\/uploads\/sites\/6\/2025\/01\/blaforcom1801.jpg\" \/>\n\t<meta property=\"og:image:width\" content=\"1800\" \/>\n\t<meta property=\"og:image:height\" content=\"900\" \/>\n\t<meta property=\"og:image:type\" content=\"image\/jpeg\" \/>\n<meta name=\"twitter:card\" content=\"summary_large_image\" \/>\n<meta name=\"twitter:label1\" content=\"Gesch\u00e4tzte Lesezeit\" \/>\n\t<meta name=\"twitter:data1\" content=\"1\u00a0Minute\" \/>\n<script type=\"application\/ld+json\" class=\"yoast-schema-graph\">{\"@context\":\"https:\\\/\\\/schema.org\",\"@graph\":[{\"@type\":\"WebPage\",\"@id\":\"https:\\\/\\\/blafor.com\\\/markt\\\/verkaeufer-registrierung\\\/\",\"url\":\"https:\\\/\\\/blafor.com\\\/markt\\\/verkaeufer-registrierung\\\/\",\"name\":\"Verk\u00e4ufer-Registrierung : BlaFor.com Markt\",\"isPartOf\":{\"@id\":\"https:\\\/\\\/blafor.com\\\/markt\\\/#website\"},\"datePublished\":\"2022-05-29T10:39:48+00:00\",\"dateModified\":\"2022-09-28T05:00:44+00:00\",\"breadcrumb\":{\"@id\":\"https:\\\/\\\/blafor.com\\\/markt\\\/verkaeufer-registrierung\\\/#breadcrumb\"},\"inLanguage\":\"de\",\"potentialAction\":[{\"@type\":\"ReadAction\",\"target\":[\"https:\\\/\\\/blafor.com\\\/markt\\\/verkaeufer-registrierung\\\/\"]}]},{\"@type\":\"BreadcrumbList\",\"@id\":\"https:\\\/\\\/blafor.com\\\/markt\\\/verkaeufer-registrierung\\\/#breadcrumb\",\"itemListElement\":[{\"@type\":\"ListItem\",\"position\":1,\"name\":\"Startseite\",\"item\":\"https:\\\/\\\/blafor.com\\\/markt\\\/\"},{\"@type\":\"ListItem\",\"position\":2,\"name\":\"Verk\u00e4ufer-Registrierung\"}]},{\"@type\":\"WebSite\",\"@id\":\"https:\\\/\\\/blafor.com\\\/markt\\\/#website\",\"url\":\"https:\\\/\\\/blafor.com\\\/markt\\\/\",\"name\":\"BlaFor.com Markt\",\"description\":\"Der Online-Marktplatz aus dem Schwarzwald\",\"publisher\":{\"@id\":\"https:\\\/\\\/blafor.com\\\/markt\\\/#organization\"},\"alternateName\":\"BlaFor Markt\",\"potentialAction\":[{\"@type\":\"SearchAction\",\"target\":{\"@type\":\"EntryPoint\",\"urlTemplate\":\"https:\\\/\\\/blafor.com\\\/markt\\\/?s={search_term_string}\"},\"query-input\":{\"@type\":\"PropertyValueSpecification\",\"valueRequired\":true,\"valueName\":\"search_term_string\"}}],\"inLanguage\":\"de\"},{\"@type\":\"Organization\",\"@id\":\"https:\\\/\\\/blafor.com\\\/markt\\\/#organization\",\"name\":\"BlaFor.com\",\"alternateName\":\"ALIZEL\",\"url\":\"https:\\\/\\\/blafor.com\\\/markt\\\/\",\"logo\":{\"@type\":\"ImageObject\",\"inLanguage\":\"de\",\"@id\":\"https:\\\/\\\/blafor.com\\\/markt\\\/#\\\/schema\\\/logo\\\/image\\\/\",\"url\":\"https:\\\/\\\/blafor.com\\\/markt\\\/wp-content\\\/uploads\\\/sites\\\/6\\\/2022\\\/07\\\/bfc-shop64.png\",\"contentUrl\":\"https:\\\/\\\/blafor.com\\\/markt\\\/wp-content\\\/uploads\\\/sites\\\/6\\\/2022\\\/07\\\/bfc-shop64.png\",\"width\":400,\"height\":160,\"caption\":\"BlaFor.com\"},\"image\":{\"@id\":\"https:\\\/\\\/blafor.com\\\/markt\\\/#\\\/schema\\\/logo\\\/image\\\/\"},\"sameAs\":[\"https:\\\/\\\/www.facebook.com\\\/BlaForCom\\\/\",\"https:\\\/\\\/www.linkedin.com\\\/showcase\\\/blaforcom\\\/\"]}]}<\/script>\n<!-- \/ Yoast SEO plugin. -->","yoast_head_json":{"title":"Verk\u00e4ufer-Registrierung : BlaFor.com Markt","robots":{"index":"index","follow":"follow","max-snippet":"max-snippet:-1","max-image-preview":"max-image-preview:large","max-video-preview":"max-video-preview:-1"},"canonical":"https:\/\/blafor.com\/markt\/verkaeufer-registrierung\/","og_locale":"de_DE","og_type":"article","og_title":"Verk\u00e4ufer-Registrierung : BlaFor.com Markt","og_description":"Willkommen,wir freuen uns \u00fcber dein Interesse Bitte das nachstehende Formular m\u00f6glichst vollst\u00e4ndig ausf\u00fcllen. Einige der Daten werden direkt in deinem Profil als Anbieter \u00fcbernommen. Nach deiner Registrierung werden wir uns schnellstm\u00f6glich mit dir in Verbindung setzen. Die mit * markierten Felder sind Pflichtfelder. Deine Daten werden durch uns vertraulich behandelt und ausschlie\u00dflich zur Bearbeitung deiner...","og_url":"https:\/\/blafor.com\/markt\/verkaeufer-registrierung\/","og_site_name":"BlaFor.com Markt","article_publisher":"https:\/\/www.facebook.com\/BlaForCom\/","article_modified_time":"2022-09-28T05:00:44+00:00","og_image":[{"width":1800,"height":900,"url":"https:\/\/blafor.com\/markt\/wp-content\/uploads\/sites\/6\/2025\/01\/blaforcom1801.jpg","type":"image\/jpeg"}],"twitter_card":"summary_large_image","twitter_misc":{"Gesch\u00e4tzte Lesezeit":"1\u00a0Minute"},"schema":{"@context":"https:\/\/schema.org","@graph":[{"@type":"WebPage","@id":"https:\/\/blafor.com\/markt\/verkaeufer-registrierung\/","url":"https:\/\/blafor.com\/markt\/verkaeufer-registrierung\/","name":"Verk\u00e4ufer-Registrierung : BlaFor.com Markt","isPartOf":{"@id":"https:\/\/blafor.com\/markt\/#website"},"datePublished":"2022-05-29T10:39:48+00:00","dateModified":"2022-09-28T05:00:44+00:00","breadcrumb":{"@id":"https:\/\/blafor.com\/markt\/verkaeufer-registrierung\/#breadcrumb"},"inLanguage":"de","potentialAction":[{"@type":"ReadAction","target":["https:\/\/blafor.com\/markt\/verkaeufer-registrierung\/"]}]},{"@type":"BreadcrumbList","@id":"https:\/\/blafor.com\/markt\/verkaeufer-registrierung\/#breadcrumb","itemListElement":[{"@type":"ListItem","position":1,"name":"Startseite","item":"https:\/\/blafor.com\/markt\/"},{"@type":"ListItem","position":2,"name":"Verk\u00e4ufer-Registrierung"}]},{"@type":"WebSite","@id":"https:\/\/blafor.com\/markt\/#website","url":"https:\/\/blafor.com\/markt\/","name":"BlaFor.com Markt","description":"Der Online-Marktplatz aus dem Schwarzwald","publisher":{"@id":"https:\/\/blafor.com\/markt\/#organization"},"alternateName":"BlaFor Markt","potentialAction":[{"@type":"SearchAction","target":{"@type":"EntryPoint","urlTemplate":"https:\/\/blafor.com\/markt\/?s={search_term_string}"},"query-input":{"@type":"PropertyValueSpecification","valueRequired":true,"valueName":"search_term_string"}}],"inLanguage":"de"},{"@type":"Organization","@id":"https:\/\/blafor.com\/markt\/#organization","name":"BlaFor.com","alternateName":"ALIZEL","url":"https:\/\/blafor.com\/markt\/","logo":{"@type":"ImageObject","inLanguage":"de","@id":"https:\/\/blafor.com\/markt\/#\/schema\/logo\/image\/","url":"https:\/\/blafor.com\/markt\/wp-content\/uploads\/sites\/6\/2022\/07\/bfc-shop64.png","contentUrl":"https:\/\/blafor.com\/markt\/wp-content\/uploads\/sites\/6\/2022\/07\/bfc-shop64.png","width":400,"height":160,"caption":"BlaFor.com"},"image":{"@id":"https:\/\/blafor.com\/markt\/#\/schema\/logo\/image\/"},"sameAs":["https:\/\/www.facebook.com\/BlaForCom\/","https:\/\/www.linkedin.com\/showcase\/blaforcom\/"]}]}},"taxonomy_info":[],"featured_image_src_large":false,"author_info":{"display_name":"ALIZEL","author_link":"https:\/\/blafor.com\/markt\/author\/zeljko\/"},"comment_info":0,"_links":{"self":[{"href":"https:\/\/blafor.com\/markt\/wp-json\/wp\/v2\/pages\/1177","targetHints":{"allow":["GET"]}}],"collection":[{"href":"https:\/\/blafor.com\/markt\/wp-json\/wp\/v2\/pages"}],"about":[{"href":"https:\/\/blafor.com\/markt\/wp-json\/wp\/v2\/types\/page"}],"author":[{"embeddable":true,"href":"https:\/\/blafor.com\/markt\/wp-json\/wp\/v2\/users\/1"}],"replies":[{"embeddable":true,"href":"https:\/\/blafor.com\/markt\/wp-json\/wp\/v2\/comments?post=1177"}],"version-history":[{"count":0,"href":"https:\/\/blafor.com\/markt\/wp-json\/wp\/v2\/pages\/1177\/revisions"}],"wp:attachment":[{"href":"https:\/\/blafor.com\/markt\/wp-json\/wp\/v2\/media?parent=1177"}],"curies":[{"name":"wp","href":"https:\/\/api.w.org\/{rel}","templated":true}]}}